{"id":17098,"date":"2026-04-10T13:26:13","date_gmt":"2026-04-10T10:26:13","guid":{"rendered":"https:\/\/akcmv.gov.lv\/?page_id=17098"},"modified":"2026-04-10T13:26:14","modified_gmt":"2026-04-10T10:26:14","slug":"notis-xii-starptautiskajam-alfreda-kalnina-jauno-pianistu-konkursam","status":"publish","type":"page","link":"http:\/\/akcmv.gov.lv\/?page_id=17098","title":{"rendered":"Notis XII Starptautiskajam Alfr\u0113da Kalni\u0146a Jauno pianistu konkursam"},"content":{"rendered":"\n<p>No\u0161u materi\u0101li lejupl\u0101dei (Score materials for download):<\/p>\n\n\n\n<p>A.Kalni\u0146a ska\u0146darbi\/ Compositions by A.Kalni\u0146\u0161<\/p>\n\n\n\n<p><a href=\"http:\/\/akcmv.gov.lv\/wp-content\/uploads\/2026\/04\/Albuma.pdf\">1. Album\u0101<\/a><br><a href=\"http:\/\/akcmv.gov.lv\/wp-content\/uploads\/2026\/04\/Balade.pdf\">2. Bal\u0101de<\/a><br><a href=\"http:\/\/akcmv.gov.lv\/wp-content\/uploads\/2026\/04\/Barkarola.pdf\">3. Barkarola<\/a><br><a href=\"http:\/\/akcmv.gov.lv\/wp-content\/uploads\/2026\/04\/Birstala.pdf\">4. Birstal\u0101<\/a><br><a href=\"http:\/\/akcmv.gov.lv\/wp-content\/uploads\/2026\/04\/Curili_zila_gaisa.pdf\">5. C\u012bru\u013ci zil\u0101 gais\u0101<\/a><br><a href=\"http:\/\/akcmv.gov.lv\/wp-content\/uploads\/2026\/04\/Darzina.pdf\">6. D\u0101rzi\u0146\u0101<\/a><br><a href=\"http:\/\/akcmv.gov.lv\/wp-content\/uploads\/2026\/04\/Himna-manai-dzimtajai-zemei.pdf\">7. Himna manai dzimtajai zemei<\/a><br><a href=\"http:\/\/akcmv.gov.lv\/wp-content\/uploads\/2026\/04\/Intermeco.pdf\">8. Intermeco<\/a><br><a href=\"http:\/\/akcmv.gov.lv\/wp-content\/uploads\/2026\/04\/Kaprise.pdf\">9. Kaprise<\/a><br><a href=\"http:\/\/akcmv.gov.lv\/wp-content\/uploads\/2026\/04\/Menuets.pdf\">10. Menuets<\/a><br><a href=\"http:\/\/akcmv.gov.lv\/wp-content\/uploads\/2026\/04\/Muzikals-mirklis.pdf\">11. IV Muzik\u0101ls mirklis<\/a><br><a href=\"http:\/\/akcmv.gov.lv\/wp-content\/uploads\/2026\/04\/Muzikals-mirklis_1.pdf\">12. Muzik\u0101ls mirklis<\/a><br><a href=\"http:\/\/akcmv.gov.lv\/wp-content\/uploads\/2026\/04\/Muzikals-moments.pdf\">13. Muzik\u0101ls moments<\/a><br><a href=\"http:\/\/akcmv.gov.lv\/wp-content\/uploads\/2026\/04\/Muzikals-moments_1.pdf\">14. Muzik\u0101ls moments 1<\/a><br><a href=\"http:\/\/akcmv.gov.lv\/wp-content\/uploads\/2026\/04\/Muzikals-moments_2.pdf\">15. Muzik\u0101ls moments 2<\/a><br><a href=\"http:\/\/akcmv.gov.lv\/wp-content\/uploads\/2026\/04\/Pantomima.pdf\">16. Pantomima<\/a><br><a href=\"http:\/\/akcmv.gov.lv\/wp-content\/uploads\/2026\/04\/Pie-strauta.pdf\">17. Pie strauta<\/a><br><a href=\"http:\/\/akcmv.gov.lv\/wp-content\/uploads\/2026\/04\/Pie_Daugavas.pdf\">18. Pie Daugavas<\/a><br><a href=\"http:\/\/akcmv.gov.lv\/wp-content\/uploads\/2026\/04\/Poema.pdf\">19. Po\u0113ma D dur<\/a><br><a href=\"http:\/\/akcmv.gov.lv\/wp-content\/uploads\/2026\/04\/Poema_2.pdf\">20. Po\u0113ma<\/a><br><a href=\"http:\/\/akcmv.gov.lv\/wp-content\/uploads\/2026\/04\/Poema-1.pdf\">21. Po\u0113ma III<\/a><br><a href=\"http:\/\/akcmv.gov.lv\/wp-content\/uploads\/2026\/04\/Prelide_2.pdf\">22. Prel\u012bde<\/a><br><a href=\"http:\/\/akcmv.gov.lv\/wp-content\/uploads\/2026\/04\/Prelide-1.pdf\">23. Prel\u012bde I<\/a><br><a href=\"http:\/\/akcmv.gov.lv\/wp-content\/uploads\/2026\/04\/Preludija.pdf\">24. Prel\u016bdija<\/a><br><a href=\"http:\/\/akcmv.gov.lv\/wp-content\/uploads\/2026\/04\/Rudenim_tuvojoties.pdf\">25. Rudenim tuvojoties<\/a><br><a href=\"http:\/\/akcmv.gov.lv\/wp-content\/uploads\/2026\/04\/Rudens.pdf\">26. Rudens<\/a><br><a href=\"http:\/\/akcmv.gov.lv\/wp-content\/uploads\/2026\/04\/Sapni.pdf\">27. Sapn\u012b<\/a><br><a href=\"http:\/\/akcmv.gov.lv\/wp-content\/uploads\/2026\/04\/Sveiciens_norietosai_saulei.pdf\">28. Sveiciens norieto\u0161ai saulei<\/a><br><a href=\"http:\/\/akcmv.gov.lv\/wp-content\/uploads\/2026\/04\/TRIS-PRELUDIJAS-KLAVIEREM.pdf\">29. Tr\u012bs prel\u016bdijas klavier\u0113m<\/a><br><a href=\"http:\/\/akcmv.gov.lv\/wp-content\/uploads\/2026\/04\/Vecais-kokletajs.pdf\">30. Vecais kokl\u0113t\u0101js<\/a><br><a href=\"http:\/\/akcmv.gov.lv\/wp-content\/uploads\/2026\/04\/Ziemas-ainava.pdf\">31. Ziemas ainava<\/a><\/p>\n","protected":false},"excerpt":{"rendered":"<p>No\u0161u materi\u0101li lejupl\u0101dei (Score materials for download): A.Kalni\u0146a ska\u0146darbi\/ Compositions by A.Kalni\u0146\u0161 1. Album\u01012. Bal\u0101de3. Barkarola4. Birstal\u01015. C\u012bru\u013ci zil\u0101 gais\u01016. D\u0101rzi\u0146\u01017. Himna manai dzimtajai zemei8. Intermeco9. Kaprise10. Menuets11. IV Muzik\u0101ls mirklis12. Muzik\u0101ls mirklis13. Muzik\u0101ls moments14. Muzik\u0101ls moments 115. Muzik\u0101ls moments 216. Pantomima17. Pie strauta18. Pie Daugavas19. Po\u0113ma D dur20. Po\u0113ma21. Po\u0113ma III22. Prel\u012bde23. Prel\u012bde I24. [&hellip;]<\/p>\n","protected":false},"author":2,"featured_media":0,"parent":0,"menu_order":0,"comment_status":"closed","ping_status":"closed","template":"","meta":{"footnotes":""},"class_list":["post-17098","page","type-page","status-publish","czr-hentry"],"_links":{"self":[{"href":"http:\/\/akcmv.gov.lv\/index.php?rest_route=\/wp\/v2\/pages\/17098","targetHints":{"allow":["GET"]}}],"collection":[{"href":"http:\/\/akcmv.gov.lv\/index.php?rest_route=\/wp\/v2\/pages"}],"about":[{"href":"http:\/\/akcmv.gov.lv\/index.php?rest_route=\/wp\/v2\/types\/page"}],"author":[{"embeddable":true,"href":"http:\/\/akcmv.gov.lv\/index.php?rest_route=\/wp\/v2\/users\/2"}],"replies":[{"embeddable":true,"href":"http:\/\/akcmv.gov.lv\/index.php?rest_route=%2Fwp%2Fv2%2Fcomments&post=17098"}],"version-history":[{"count":1,"href":"http:\/\/akcmv.gov.lv\/index.php?rest_route=\/wp\/v2\/pages\/17098\/revisions"}],"predecessor-version":[{"id":17131,"href":"http:\/\/akcmv.gov.lv\/index.php?rest_route=\/wp\/v2\/pages\/17098\/revisions\/17131"}],"wp:attachment":[{"href":"http:\/\/akcmv.gov.lv\/index.php?rest_route=%2Fwp%2Fv2%2Fmedia&parent=17098"}],"curies":[{"name":"wp","href":"https:\/\/api.w.org\/{rel}","templated":true}]}}