{"id":214,"date":"2014-11-27T17:11:18","date_gmt":"2014-11-27T15:11:18","guid":{"rendered":"http:\/\/pilsvesture.cesis.lv\/muz\/?page_id=214"},"modified":"2021-11-29T13:33:26","modified_gmt":"2021-11-29T11:33:26","slug":"iepirkumi","status":"publish","type":"page","link":"http:\/\/akcmv.gov.lv\/?page_id=214","title":{"rendered":"Iepirkumi"},"content":{"rendered":"<p>&nbsp;<\/p>\n<table border=\"1\" cellspacing=\"1\" cellpadding=\"1\">\n<tbody>\n<tr>\n<th>\n<h4><span style=\"color: #ff6600;\">Datums<\/span><\/h4>\n<\/th>\n<th>\n<h4><span style=\"color: #ff6600;\">Notikums<\/span><\/h4>\n<\/th>\n<th>\n<h4><span style=\"color: #ff6600;\">Dokuments<\/span><\/h4>\n<\/th>\n<\/tr>\n<tr>\n<th>26.11.2021.<\/th>\n<th>Iepirkuma l\u012bgums par Alfr\u0113da Kalni\u0146a C\u0113su M\u016bzikas vidusskolas nodarbin\u0101to vesel\u012bbas apdro\u0161in\u0101\u0161anu<\/th>\n<th><a href=\"http:\/\/akcmv.gov.lv\/wp-content\/uploads\/2014\/11\/ligums_101121_veselibas_apdrosinasana_compensa_adb_cesis_eis.pdf\">L\u012bgums<\/a><\/th>\n<\/tr>\n<tr>\n<th>04.11.2020.<\/th>\n<th>Pieg\u0101des l\u012bgums\u00a0Iepirkumam Nr. KM AKCMV 2020\/2<\/th>\n<th><a href=\"http:\/\/akcmv.gov.lv\/wp-content\/uploads\/2014\/11\/Ligums_Muzika.pdf\">L\u012bgums<\/a><\/th>\n<\/tr>\n<tr>\n<th>04.11.2020.<\/th>\n<th>Pieg\u0101des l\u012bgums\u00a0Iepirkumam Nr. KM AKCMV 2020\/2<\/th>\n<th><a href=\"http:\/\/akcmv.gov.lv\/wp-content\/uploads\/2014\/11\/Ligums_ES_Projekti.pdf\">L\u012bgums<\/a><\/th>\n<\/tr>\n<tr>\n<th>09.10.2018.<\/th>\n<th>Pieg\u0101des l\u012bgums\u00a0Iepirkumam Nr. KM AKCMV 2018\/1<\/th>\n<th><a href=\"http:\/\/akcmv.gov.lv\/wp-content\/uploads\/2014\/11\/ligums-1.pdf\">L\u012bgums<\/a><\/th>\n<\/tr>\n<tr>\n<th>09.10.2018.<\/th>\n<th>&#8220;M\u016bzikas instrumentu pieg\u0101de un ieg\u0101de Alfr\u0113da Kalni\u0146a C\u0113su M\u016bzikas vidusskolas vajadz\u012bb\u0101m&#8221; Iepirkuma identifik\u0101cijas Nr. KM AKCMV 2018\/01<\/th>\n<th><a href=\"http:\/\/akcmv.gov.lv\/wp-content\/uploads\/2014\/11\/2018-gada-IEPIRKUMS.docx\">Nolikums<\/a><\/th>\n<\/tr>\n<tr>\n<th>23.10.2017.<\/th>\n<th>Pieg\u0101des l\u012bgums Iepirkumam Nr. KM AKCMV 2017\/01<\/th>\n<th><a href=\"http:\/\/akcmv.gov.lv\/wp-content\/uploads\/2014\/11\/Piegades_ligums.pdf\">L\u012bgums<\/a><\/th>\n<\/tr>\n<tr>\n<th rowspan=\"2\">25.09.2017.<\/th>\n<th rowspan=\"2\">&#8220;M\u016bzikas instrumentu pieg\u0101de un ieg\u0101de Alfr\u0113da Kalni\u0146a C\u0113su M\u016bzikas vidusskolas vajadz\u012bb\u0101m&#8221; Iepirkuma identifik\u0101cijas Nr. KM AKCMV 2017\/01<\/th>\n<th><a href=\"http:\/\/akcmv.gov.lv\/wp-content\/uploads\/2014\/11\/AKCMV-2017-1-APSTIPRIN\u0100TS-1.docx\">Nolikums<\/a><\/th>\n<\/tr>\n<tr>\n<th><a href=\"http:\/\/akcmv.gov.lv\/wp-content\/uploads\/2014\/11\/Pazinojums_par-_labojumu.pdf\">Pazi\u0146ojums par k\u013c\u016bdas labojumu nolikum\u0101<\/a><\/th>\n<\/tr>\n<tr>\n<th>06.10.2016.<\/th>\n<th>L\u012bgums Nr. 09-2016 Iepirkumam KM AKCMV 2016\/01<\/th>\n<th><a href=\"http:\/\/akcmv.gov.lv\/wp-content\/uploads\/2014\/11\/Ligums-09-2016-1.pdf\">L\u012bgums<\/a><\/th>\n<\/tr>\n<tr>\n<th>06.10.2016.<\/th>\n<th>L\u012bgums Nr. 08-2016 Iepirkumam KM AKCMV 2016\/01<\/th>\n<th><a href=\"http:\/\/akcmv.gov.lv\/wp-content\/uploads\/2014\/11\/Ligums-08-2016-1.pdf\">L\u012bgums<\/a><\/th>\n<\/tr>\n<tr>\n<th>06.10.2016.<\/th>\n<th>L\u012bgums Nr. 07-2016 Iepirkumam KM AKCMV 2016\/01<\/th>\n<th><a href=\"http:\/\/akcmv.gov.lv\/wp-content\/uploads\/2014\/11\/Ligums-07-2016-1.pdf\">L\u012bgums<\/a><\/th>\n<\/tr>\n<tr>\n<th>23.09.2016.<\/th>\n<th>&#8220;Jaunu m\u016bzikas instrumentu ieg\u0101de un pieg\u0101de Alfr\u0113da Kalni\u0146a C\u0113su M\u016bzikas vidusskolai&#8221; Iepirkuma identifik\u0101cijas Nr. KM AKCMV 2016\/01<\/th>\n<th><a href=\"http:\/\/akcmv.gov.lv\/wp-content\/uploads\/2014\/11\/jaunu-muzikas-instrumentu-iegade-un-piegadeAKCMV-12.09.2016..docx\">Nolikums<\/a><\/th>\n<\/tr>\n<tr>\n<th>21.09.2015.<\/th>\n<th>L\u012bgums Nr. KM AKCMV 2015\/01<\/th>\n<th><a href=\"http:\/\/akcmv.gov.lv\/wp-content\/uploads\/2014\/11\/ligums_par_muz_instr_ieg-2015-01.pdf\">L\u012bgums<\/a><\/th>\n<\/tr>\n<tr>\n<th>21.09.2015.<\/th>\n<th>L\u0113mums par m\u016bzikas instrumentu ieg\u0101di<\/th>\n<th><a href=\"http:\/\/akcmv.gov.lv\/wp-content\/uploads\/2014\/11\/Muz_instr_iegade_LEMUMS1-21092015.pdf\">L\u0113mums<\/a><\/th>\n<\/tr>\n<tr>\n<th>16.09.2015.<\/th>\n<th>L\u012bgums Nr. KM AKCMV 2015\/01<\/th>\n<th><a href=\"http:\/\/akcmv.gov.lv\/wp-content\/uploads\/2014\/11\/AKCMV_majaslapa1-2015-01.pdf\">L\u012bgums<\/a><\/th>\n<\/tr>\n<tr>\n<th>16.09.2015.<\/th>\n<th>Iepirkuma komisijas l\u0113mums Iepirkumam Nr. KM AKCMV 2015\/01<\/th>\n<th><a href=\"http:\/\/akcmv.gov.lv\/wp-content\/uploads\/2014\/11\/AKCMV_ieprik_komis_lemums-1509201.pdf\">L\u0113mums<\/a><\/th>\n<\/tr>\n<tr>\n<th>07.09.2015.<\/th>\n<th>\u201cJaunu p\u016b\u0161aminstrumentu un klavieru ieg\u0101de un pieg\u0101de Alfr\u0113da Kalni\u0146a C\u0113su M\u016bzikas vidusskolas vajadz\u012bb\u0101m\u201d Iepirkuma identifik\u0101cijas Nr. KM AKCMV 2015\/01<\/th>\n<th><a href=\"http:\/\/akcmv.gov.lv\/wp-content\/uploads\/2014\/11\/Jaunu-p\u016b\u0161aminstrumentu-un-klavieru-iepirkums1-24072015.docx\">Nolikums<\/a><\/th>\n<\/tr>\n<\/tbody>\n<\/table>\n<p><strong>Arh\u012bvs<\/strong><\/p>\n<p><a href=\"#\">Fl\u012b\u0123e\u013cu pieg\u0101de Alfr\u0113da Kalni\u0146a C\u0113su M\u016bzikas vidusskolai<\/a><\/p>\n<p><a href=\"#\">Pasa\u017eieru mikroautobusa ieg\u0101de<\/a><\/p>\n<p><a href=\"#\">Apmekl\u0113t\u0101ju kr\u0113slu ieg\u0101de\u00a0Alfr\u0113da Kalni\u0146a C\u0113su M\u016bzikas vidusskolas vajadz\u012bb\u0101m<\/a><\/p>\n<p><a href=\"#\">Rullo \u017eal\u016bziju ieg\u0101de<\/a><\/p>\n<p><a href=\"#\">Iepirkums par transporta pakalpojumiem<\/a><\/p>\n<p><a href=\"#\">M\u016bzikas instrumentu ieg\u0101de<\/a><\/p>\n<p><a href=\"#\">Timp\u0101nu ieg\u0101de<\/a><\/p>\n<p><a href=\"#\">Iepirkums KM AKCMV 2014\/1 &#8220;Transporta pakalpojumui Alfr\u0113da Kalni\u0146a C\u0113su M\u016bzikas vidusskolai&#8221;<\/a><\/p>\n<p><a href=\"#\">Iepirkuma KM AKCMV\/2014-01 l\u012bgums<\/a><\/p>\n<p><a href=\"#\">Iepirkumaa KM AKCMV\/2014-01 l\u012bgums Nr.6<\/a><\/p>\n<p><a href=\"#\">Malkas, akme\u0146og\u013cu iepirkums <\/a><\/p>\n<p><a href=\"#\">M\u016bzikas instrumentu ieg\u0101de<\/a><\/p>\n<p><a href=\"#\">Malkas, akme\u0146og\u013cu iepirkums<\/a><\/p>\n<p><a href=\"#\">Transporta pakalpojumi Alfr\u0113da Kalni\u0146a C\u0113su M\u016bzikas vidusskolas audz\u0113k\u0146iem<\/a><\/p>\n","protected":false},"excerpt":{"rendered":"<p>&nbsp; Datums Notikums Dokuments 26.11.2021. Iepirkuma l\u012bgums par Alfr\u0113da Kalni\u0146a C\u0113su M\u016bzikas vidusskolas nodarbin\u0101to vesel\u012bbas apdro\u0161in\u0101\u0161anu L\u012bgums 04.11.2020. Pieg\u0101des l\u012bgums\u00a0Iepirkumam Nr. KM AKCMV 2020\/2 L\u012bgums 04.11.2020. Pieg\u0101des l\u012bgums\u00a0Iepirkumam Nr. KM AKCMV 2020\/2 L\u012bgums 09.10.2018. Pieg\u0101des l\u012bgums\u00a0Iepirkumam Nr. KM AKCMV 2018\/1 L\u012bgums 09.10.2018. &#8220;M\u016bzikas instrumentu pieg\u0101de un ieg\u0101de Alfr\u0113da Kalni\u0146a C\u0113su M\u016bzikas vidusskolas vajadz\u012bb\u0101m&#8221; Iepirkuma identifik\u0101cijas [&hellip;]<\/p>\n","protected":false},"author":1,"featured_media":0,"parent":50,"menu_order":0,"comment_status":"closed","ping_status":"closed","template":"","meta":{"footnotes":""},"class_list":["post-214","page","type-page","status-publish","czr-hentry"],"_links":{"self":[{"href":"http:\/\/akcmv.gov.lv\/index.php?rest_route=\/wp\/v2\/pages\/214","targetHints":{"allow":["GET"]}}],"collection":[{"href":"http:\/\/akcmv.gov.lv\/index.php?rest_route=\/wp\/v2\/pages"}],"about":[{"href":"http:\/\/akcmv.gov.lv\/index.php?rest_route=\/wp\/v2\/types\/page"}],"author":[{"embeddable":true,"href":"http:\/\/akcmv.gov.lv\/index.php?rest_route=\/wp\/v2\/users\/1"}],"replies":[{"embeddable":true,"href":"http:\/\/akcmv.gov.lv\/index.php?rest_route=%2Fwp%2Fv2%2Fcomments&post=214"}],"version-history":[{"count":53,"href":"http:\/\/akcmv.gov.lv\/index.php?rest_route=\/wp\/v2\/pages\/214\/revisions"}],"predecessor-version":[{"id":8343,"href":"http:\/\/akcmv.gov.lv\/index.php?rest_route=\/wp\/v2\/pages\/214\/revisions\/8343"}],"up":[{"embeddable":true,"href":"http:\/\/akcmv.gov.lv\/index.php?rest_route=\/wp\/v2\/pages\/50"}],"wp:attachment":[{"href":"http:\/\/akcmv.gov.lv\/index.php?rest_route=%2Fwp%2Fv2%2Fmedia&parent=214"}],"curies":[{"name":"wp","href":"https:\/\/api.w.org\/{rel}","templated":true}]}}