{"id":26,"date":"2014-10-21T11:15:41","date_gmt":"2014-10-21T08:15:41","guid":{"rendered":"http:\/\/pilsvesture.cesis.lv\/muz\/?page_id=26"},"modified":"2021-03-17T15:45:26","modified_gmt":"2021-03-17T13:45:26","slug":"kopmitnes","status":"publish","type":"page","link":"http:\/\/akcmv.gov.lv\/?page_id=26","title":{"rendered":"Bud\u017eets"},"content":{"rendered":"<p><a href=\"https:\/\/www.kase.gov.lv\/parskati-un-tames\/valsts-budzeta-tames\">Pamatbud\u017eeta programmu un apak\u0161programmu t\u0101mes<\/a><\/p>\n","protected":false},"excerpt":{"rendered":"<p>Pamatbud\u017eeta programmu un apak\u0161programmu t\u0101mes<\/p>\n","protected":false},"author":1,"featured_media":0,"parent":50,"menu_order":0,"comment_status":"closed","ping_status":"closed","template":"","meta":{"footnotes":""},"class_list":["post-26","page","type-page","status-publish","czr-hentry"],"_links":{"self":[{"href":"http:\/\/akcmv.gov.lv\/index.php?rest_route=\/wp\/v2\/pages\/26","targetHints":{"allow":["GET"]}}],"collection":[{"href":"http:\/\/akcmv.gov.lv\/index.php?rest_route=\/wp\/v2\/pages"}],"about":[{"href":"http:\/\/akcmv.gov.lv\/index.php?rest_route=\/wp\/v2\/types\/page"}],"author":[{"embeddable":true,"href":"http:\/\/akcmv.gov.lv\/index.php?rest_route=\/wp\/v2\/users\/1"}],"replies":[{"embeddable":true,"href":"http:\/\/akcmv.gov.lv\/index.php?rest_route=%2Fwp%2Fv2%2Fcomments&post=26"}],"version-history":[{"count":33,"href":"http:\/\/akcmv.gov.lv\/index.php?rest_route=\/wp\/v2\/pages\/26\/revisions"}],"predecessor-version":[{"id":7879,"href":"http:\/\/akcmv.gov.lv\/index.php?rest_route=\/wp\/v2\/pages\/26\/revisions\/7879"}],"up":[{"embeddable":true,"href":"http:\/\/akcmv.gov.lv\/index.php?rest_route=\/wp\/v2\/pages\/50"}],"wp:attachment":[{"href":"http:\/\/akcmv.gov.lv\/index.php?rest_route=%2Fwp%2Fv2%2Fmedia&parent=26"}],"curies":[{"name":"wp","href":"https:\/\/api.w.org\/{rel}","templated":true}]}}