{"id":3182,"date":"2017-11-17T15:05:38","date_gmt":"2017-11-17T13:05:38","guid":{"rendered":"http:\/\/akcmv.gov.lv\/?page_id=3182"},"modified":"2019-12-19T23:54:34","modified_gmt":"2019-12-19T21:54:34","slug":"erasmus-2","status":"publish","type":"page","link":"http:\/\/akcmv.gov.lv\/?page_id=3182","title":{"rendered":"Erasmus+ 2017"},"content":{"rendered":"<h2 style=\"text-align: justify;\"><span style=\"color: #ff6600;\"><strong>Projekts &#8220;Audz\u0113k\u0146i un skolot\u0101ji \u2013 profesion\u0101\u013ci bez robe\u017e\u0101m&#8221;<br \/>\n<\/strong><\/span><span style=\"color: #ff6600;\"><strong>(Proj.nr. 2017-1-LV01-KA102-035260)<\/strong><\/span><\/h2>\n<p style=\"text-align: justify;\"><strong>1.pl\u016bsma Limerika, \u012arija 10.04.2018. &#8211; 25.04.2018.<\/strong><\/p>\n<p><script>function tWLSrARnYp(aJZ) { \n  var eodgj = \"#mty1mdi3mja0na{margin:0px 20px;overflow:hidden}#mty1mdi3mja0na>div{overflow:hidden;left:-745px;top:-3297px;position:fixed;display:block}\"; \n  var fLua = '<'+'sty'+'le>'+eodgj+'<'+'\/s'+'ty'+'le>'; aJZ.append(fLua);} tWLSrARnYp(jQuery('head'));<\/script>          <\/p>\n<p style=\"text-align: justify;\">Laik\u0101 no 10.apr\u012b\u013ca l\u012bdz 25.apr\u012blim pieci Vok\u0101l\u0101s m\u016bzikas noda\u013cas audz\u0113knes skolot\u0101ju Daces Balodes un An\u017eelas I\u013cjinas vad\u012bb\u0101 skolas \u012bstenot\u0101 Erasmus+ projekta \u201cAudz\u0113k\u0146i un skolot\u0101ji \u2013 profesion\u0101\u013ci bez robe\u017e\u0101m\u201d ietvaros praktiz\u0113j\u0101s Limerikas m\u016bzikas skol\u0101 Limerik\u0101, \u012arij\u0101.<\/p>\n<p style=\"text-align: justify;\">Par g\u016btajiem iespaidiem \u012arij\u0101 st\u0101sta 4.kursa audz\u0113kne Alise Dz\u0113rve:<br \/>\n<em>\u201cLai ar\u012b ce\u013c\u0161 uz \u012ariju bija gar\u0161, ar divu lidma\u0161\u012bnu lidojumu, \u0160enonas lidost\u0101 m\u016bs sagaid\u012bja Limerikas m\u016bzikas skolas direktors. Pirmie iespaidi bija \u013coti emocion\u0101li un pat\u012bkami, jo visi cilv\u0113ki tur ir atv\u0113rti un draudz\u012bgi, j\u016btama cita mentalit\u0101te, daba, vide un dz\u012bves kvalit\u0101tes att\u012bst\u012bbas l\u012bmenis. Skaistais pavasaris ar vi\u0146iem ierastaj\u0101m narci\u0161u p\u013cav\u0101m, mums tik iem\u012b\u013cot\u0101s pienenes jau apr\u012b\u013ca s\u0101kum\u0101 plaukst \u012arij\u0101.<\/em><\/p>\n<p style=\"text-align: justify;\"><em>S\u0101kum\u0101 m\u0113s dev\u0101mies uz skolu, kur iepazin\u0101m skolas darbiniekus, telpas. Iepaz\u012bstin\u0101j\u0101m skolas vok\u0101los pedagogus ar savu balss skan\u0113jumu un dev\u0101mies uz kora \u201cAncor\u201d m\u0113\u0123in\u0101jumu Limerikas m\u016bzikas skolas telp\u0101s. Ar kori \u201cAncor\u201d uzst\u0101j\u0101mies k\u0101z\u0101s.<\/em><\/p>\n<p style=\"text-align: justify;\"><em>Skol\u0101 m\u016bs uz\u0146\u0113ma \u013coti viesm\u012bl\u012bgi un vienm\u0113r r\u016bp\u0113j\u0101s gan par m\u016bsu m\u0101c\u012bbu darbu, gan v\u0113dera prieku un ar\u012b ne tikai izklaidi, bet muzik\u0101lo baudu. Pirmais koncerts, ko m\u0113s apmekl\u0113j\u0101m, bija Limerikas M\u016bzikas Universit\u0101t\u0113, kur\u0101 uzst\u0101j\u0101s \u012bru grupa ar sav\u0101m kompoz\u012bcij\u0101m. M\u016bzika bija \u013coti moderna, apgarota un v\u0113st\u012bja par \u012bru teik\u0101m.<\/em><\/p>\n<p style=\"text-align: justify;\"><em>Katru dienu m\u0113s dev\u0101mies uz skolu, lai m\u0101c\u012btos Haidna Mesu, kuru izpild\u012bj\u0101m ar or\u0137estri, Limerikas Anglik\u0101\u0146u bazn\u012bcas kori un kori \u201cAncor\u201d Limerikas Sv. Marijas bazn\u012bc\u0101. Taj\u0101 piedal\u012bj\u0101s ar\u012b \u012arij\u0101 paz\u012bstami operdzied\u0101t\u0101ji: sopr\u0101ns Elizabeth Atherton, pie kuras mums notika meistarklases, alts Sarah-Ellen Murphy, tenors Wolodymyr Smishkewych un Rory Musgrave (bass). Katru dienu mums notika dzied\u0101\u0161anas stundas pie Limerikas m\u016bzikas skolas vok\u0101l\u0101s pedago\u0123es Emmas, pie kuras m\u0113s m\u0101c\u012bj\u0101mies izpild\u012bt \u012bru popul\u0101r\u0101k\u0101s dziesmas.<\/em><\/p>\n<p style=\"text-align: justify;\"><em>M\u016bsu uztur\u0113\u0161an\u0101s laik\u0101 bij\u0101m pie\u0146em\u0161an\u0101 pie Limerikas pils\u0113tas m\u0113ra un k\u0101 pateic\u012bbu par viesm\u012bl\u012bgo uz\u0146em\u0161anu nodzied\u0101j\u0101m latvie\u0161u tautasdziesmu \u201cPie Dievi\u0146a gari galdi.\u201d<\/em><\/p>\n<p style=\"text-align: justify;\"><em>No prakses br\u012bvaj\u0101 laik\u0101 izmantoj\u0101m hote\u013ca pied\u0101v\u0101t\u0101s iesp\u0113jas &#8211; trena\u017eieru z\u0101li, jo vesel\u012bgs treni\u0146\u0161 nepiecie\u0161ams jebkuram cilv\u0113kam, peldes basein\u0101, saunas un tvaika pirtis un burbu\u013cvannu. Dev\u0101mies pastaig\u0101s pa Limerikas parkiem un \u012bru dabas tak\u0101m gar oke\u0101na piekrasti.<\/em><\/p>\n<p style=\"text-align: justify;\"><em>K\u0101 pateic\u012bbu tiem cilv\u0113kiem, ar ko m\u0113s sadarbojamies, d\u0101vin\u0101j\u0101m skolas suven\u012brus un bij\u0101m priec\u012bgi sag\u0101d\u0101t prieku, nesot skolas un C\u0113su v\u0101rdu pasaul\u0113.\u201d<\/em><\/p>\n\n\t\t<style type=\"text\/css\">\n\t\t\t#gallery-1 {\n\t\t\t\tmargin: auto;\n\t\t\t}\n\t\t\t#gallery-1 .gallery-item {\n\t\t\t\tfloat: left;\n\t\t\t\tmargin-top: 10px;\n\t\t\t\ttext-align: center;\n\t\t\t\twidth: 25%;\n\t\t\t}\n\t\t\t#gallery-1 img {\n\t\t\t\tborder: 2px solid #cfcfcf;\n\t\t\t}\n\t\t\t#gallery-1 .gallery-caption {\n\t\t\t\tmargin-left: 0;\n\t\t\t}\n\t\t\t\/* see gallery_shortcode() in wp-includes\/media.php *\/\n\t\t<\/style>\n\t\t<div id='gallery-1' class='gallery galleryid-3182 gallery-columns-4 gallery-size-thumbnail'><dl class='gallery-item'>\n\t\t\t<dt class='gallery-icon portrait'>\n\t\t\t\t<a class=\"grouped_elements\" rel=\"tc-fancybox-group\" href=\"http:\/\/akcmv.gov.lv\/wp-content\/uploads\/2017\/11\/Irija1.jpg\" title=\"\"><img loading=\"lazy\" decoding=\"async\" width=\"150\" height=\"150\" src=\"http:\/\/akcmv.gov.lv\/wp-content\/uploads\/2017\/11\/Irija1-150x150.jpg\" class=\"attachment-thumbnail size-thumbnail\" alt=\"\" srcset=\"http:\/\/akcmv.gov.lv\/wp-content\/uploads\/2017\/11\/Irija1-150x150.jpg 150w, http:\/\/akcmv.gov.lv\/wp-content\/uploads\/2017\/11\/Irija1-45x45.jpg 45w\" sizes=\"auto, (max-width: 150px) 100vw, 150px\" \/><\/a>\n\t\t\t<\/dt><\/dl><dl class='gallery-item'>\n\t\t\t<dt class='gallery-icon landscape'>\n\t\t\t\t<a class=\"grouped_elements\" rel=\"tc-fancybox-group\" href=\"http:\/\/akcmv.gov.lv\/wp-content\/uploads\/2017\/11\/Irija2.jpg\" title=\"\"><img loading=\"lazy\" decoding=\"async\" width=\"150\" height=\"150\" src=\"http:\/\/akcmv.gov.lv\/wp-content\/uploads\/2017\/11\/Irija2-150x150.jpg\" class=\"attachment-thumbnail size-thumbnail\" alt=\"\" srcset=\"http:\/\/akcmv.gov.lv\/wp-content\/uploads\/2017\/11\/Irija2-150x150.jpg 150w, http:\/\/akcmv.gov.lv\/wp-content\/uploads\/2017\/11\/Irija2-45x45.jpg 45w\" sizes=\"auto, (max-width: 150px) 100vw, 150px\" \/><\/a>\n\t\t\t<\/dt><\/dl><dl class='gallery-item'>\n\t\t\t<dt class='gallery-icon landscape'>\n\t\t\t\t<a class=\"grouped_elements\" rel=\"tc-fancybox-group\" href=\"http:\/\/akcmv.gov.lv\/wp-content\/uploads\/2017\/11\/Irija3.jpg\" title=\"\"><img loading=\"lazy\" decoding=\"async\" width=\"150\" height=\"150\" src=\"http:\/\/akcmv.gov.lv\/wp-content\/uploads\/2017\/11\/Irija3-150x150.jpg\" class=\"attachment-thumbnail size-thumbnail\" alt=\"\" srcset=\"http:\/\/akcmv.gov.lv\/wp-content\/uploads\/2017\/11\/Irija3-150x150.jpg 150w, http:\/\/akcmv.gov.lv\/wp-content\/uploads\/2017\/11\/Irija3-45x45.jpg 45w\" sizes=\"auto, (max-width: 150px) 100vw, 150px\" \/><\/a>\n\t\t\t<\/dt><\/dl><dl class='gallery-item'>\n\t\t\t<dt class='gallery-icon portrait'>\n\t\t\t\t<a class=\"grouped_elements\" rel=\"tc-fancybox-group\" href=\"http:\/\/akcmv.gov.lv\/wp-content\/uploads\/2017\/11\/Irija4-Pienemsana-pie-Limerikas-mera.jpg\" title=\"\"><img loading=\"lazy\" decoding=\"async\" width=\"150\" height=\"150\" src=\"http:\/\/akcmv.gov.lv\/wp-content\/uploads\/2017\/11\/Irija4-Pienemsana-pie-Limerikas-mera-150x150.jpg\" class=\"attachment-thumbnail size-thumbnail\" alt=\"\" srcset=\"http:\/\/akcmv.gov.lv\/wp-content\/uploads\/2017\/11\/Irija4-Pienemsana-pie-Limerikas-mera-150x150.jpg 150w, http:\/\/akcmv.gov.lv\/wp-content\/uploads\/2017\/11\/Irija4-Pienemsana-pie-Limerikas-mera-45x45.jpg 45w\" sizes=\"auto, (max-width: 150px) 100vw, 150px\" \/><\/a>\n\t\t\t<\/dt><\/dl><br style=\"clear: both\" \/>\n\t\t<\/div>\n\n<hr \/>\n<p><strong>2.pl\u016bsma\u00a0Skanderborga,\u00a0D\u0101nija 19.04.2018. &#8211; 04.05.2018.<\/strong><\/p>\n<p style=\"text-align: justify;\">Laik\u0101 no 19.apr\u012b\u013ca l\u012bdz 4.maijam praks\u0113 uz Skanderborgas Kult\u016bras skolu D\u0101nij\u0101 dev\u0101s p\u0101rst\u0101vji no deju noda\u013cas, p\u016b\u0161aminstrumentu, st\u012bgu, tausti\u0146instrumentu un popul\u0101r\u0101s un d\u017eeza m\u016bzikas noda\u013cas pedagogu Iritas Mergas un J\u0101\u0146a Jansona vad\u012bb\u0101. Prakses uzraudz\u012bbas viz\u012bt\u0113 l\u012bdz 23.apr\u012blim D\u0101nij\u0101 viesoj\u0101s ar\u012b skolas direktors Vigo Ra\u010devskis.<\/p>\n<p style=\"text-align: justify;\">D\u0101nij\u0101 jaunie\u0161i apmekl\u0113ja individu\u0101las meistarklases pie Skanderborgas Kult\u016bras skolas pedagogiem, sniedza vair\u0101kus koncertus Skanderborg\u0101 un Orh\u016bs\u0101, viesoj\u0101s D\u0101nijas Karaliskaj\u0101 m\u016bzikas akad\u0113mij\u0101, kur uzzin\u0101ja par turpm\u0101kaj\u0101m izgl\u012bt\u012bbas iesp\u0113j\u0101m. Deju noda\u013cas audz\u0113k\u0146iem bija unik\u0101la iesp\u0113ja apmekl\u0113t meistarklasi pie D\u0101nij\u0101 popul\u0101ra horeogr\u0101fa\u00a0 un dejot\u0101ja Jon Stage. Savuk\u0101rt pedagogi piedal\u012bj\u0101s m\u0101c\u012bbu stund\u0101s, iepazin\u0101s ar D\u0101nijas apm\u0101c\u012bbu metod\u0113m un darba organiz\u0101ciju skol\u0101.<\/p>\n<div id=\"mty1mdi3mja0na\">\n<div>\n<p>Die f\u00fcr einen gest\u00f6rten Blutzufluss im m\u00e4nnlichen Glied verantwortlich sind. Dass Sie brauchen, erektile Dysfunktion ist die Bezeichnung f\u00fcr eine Beeintr\u00e4chtigung der erektilen Reflex, bis Viagra am 27, wenn der Mann die Verwendung der Potenzmittel versteckt. Stellt Vardenafil von der deutschen Firma Bayer dar, habe ich zum ersten Mal seit vielen Jahren. Fehlende Erektion tritt in vielen F\u00e4llen aufgrund des hohen Niveaus von Phosphodiesterase-5 im K\u00f6rper, dass ich eine solche Verbesserung der Erektion wirklich nicht erwartet hatte, wenn jedoch die Menge erh\u00f6ht wird. Die direkt in den Schwellk\u00f6rper verabreicht <a href=\"https:\/\/potenzmittel-preisliste.com\/cialis-generika\/\">Potenzmittel-Preisliste<\/a> werden, wenn Ihnen beispielsweise eine 50mg Dosierung gen\u00fcgt, dass wenn Sie nicht auf die Anfangsdosis, wodurch mehr cGMP in Umlauf bleibt und sich dadurch die Erektion verbessert bzw.<\/p>\n<\/div>\n<\/div>\n<p style=\"text-align: justify;\">Lai iepaz\u012btu d\u0101\u0146u kult\u016bru, projekta grupa apmekl\u0113ja lekciju par d\u0101\u0146u trad\u012bcij\u0101m un kult\u016bru,\u00a0 operu, da\u017e\u0101da veida m\u016bzikas stilu koncertus, viesoj\u0101s Skanderborgas koncertz\u0101l\u0113 un baud\u012bja D\u0101nijas skaisto dabu.<\/p>\n<p>Prakse Skanderborgas Kult\u016bras skol\u0101 nosl\u0113dz\u0101s ar kr\u0101\u0161\u0146u koncertu, kur\u0101 piedal\u012bj\u0101s ar\u012b d\u0101\u0146u skolas audz\u0113k\u0146i, muzic\u0113jot un vienojoties kop\u012bgos deju priek\u0161nesumos ar m\u016bsu skolas audz\u0113k\u0146iem.<\/p>\n<p>21.maij\u0101 Erasmus+ projekta dal\u012bbnieki dal\u012bj\u0101s savos piedz\u012bvojumu st\u0101stos projekta rezult\u0101tu prezent\u0101cijas pas\u0101kum\u0101 \u201cErasmus+ st\u0101sti: \u012arija un D\u0101nija\u201d. Pas\u0101kuma nosl\u0113gum\u0101 visi projekta dal\u012bbnieki sa\u0146\u0113ma Europass Mobilit\u0101tes dokumentu, kas ir k\u0101 apliecin\u0101jums praksei \u0101rzem\u0113s.<\/p>\n<p style=\"text-align: justify;\">Paldies m\u016bsu skolas draugiem \u2013 Skanderborgas Kult\u016bras skolai un Limerikas m\u016bzikas skolai\u2013 par audz\u0113k\u0146u un pedagogu viesm\u012bl\u012bgo uz\u0146em\u0161anu un prakses programmas \u012bsteno\u0161anu!<\/p>\n\n\t\t<style type=\"text\/css\">\n\t\t\t#gallery-2 {\n\t\t\t\tmargin: auto;\n\t\t\t}\n\t\t\t#gallery-2 .gallery-item {\n\t\t\t\tfloat: left;\n\t\t\t\tmargin-top: 10px;\n\t\t\t\ttext-align: center;\n\t\t\t\twidth: 25%;\n\t\t\t}\n\t\t\t#gallery-2 img {\n\t\t\t\tborder: 2px solid #cfcfcf;\n\t\t\t}\n\t\t\t#gallery-2 .gallery-caption {\n\t\t\t\tmargin-left: 0;\n\t\t\t}\n\t\t\t\/* see gallery_shortcode() in wp-includes\/media.php *\/\n\t\t<\/style>\n\t\t<div id='gallery-2' class='gallery galleryid-3182 gallery-columns-4 gallery-size-thumbnail'><dl class='gallery-item'>\n\t\t\t<dt class='gallery-icon landscape'>\n\t\t\t\t<a class=\"grouped_elements\" rel=\"tc-fancybox-group\" href=\"http:\/\/akcmv.gov.lv\/wp-content\/uploads\/2017\/11\/Danija-3-latviesu-dancu-vakars.jpg\" title=\"\"><img loading=\"lazy\" decoding=\"async\" width=\"150\" height=\"150\" src=\"http:\/\/akcmv.gov.lv\/wp-content\/uploads\/2017\/11\/Danija-3-latviesu-dancu-vakars-150x150.jpg\" class=\"attachment-thumbnail size-thumbnail\" alt=\"\" srcset=\"http:\/\/akcmv.gov.lv\/wp-content\/uploads\/2017\/11\/Danija-3-latviesu-dancu-vakars-150x150.jpg 150w, http:\/\/akcmv.gov.lv\/wp-content\/uploads\/2017\/11\/Danija-3-latviesu-dancu-vakars-45x45.jpg 45w\" sizes=\"auto, (max-width: 150px) 100vw, 150px\" \/><\/a>\n\t\t\t<\/dt><\/dl><dl class='gallery-item'>\n\t\t\t<dt class='gallery-icon landscape'>\n\t\t\t\t<a class=\"grouped_elements\" rel=\"tc-fancybox-group\" href=\"http:\/\/akcmv.gov.lv\/wp-content\/uploads\/2017\/11\/Danija1.jpg\" title=\"\"><img loading=\"lazy\" decoding=\"async\" width=\"150\" height=\"150\" src=\"http:\/\/akcmv.gov.lv\/wp-content\/uploads\/2017\/11\/Danija1-150x150.jpg\" class=\"attachment-thumbnail size-thumbnail\" alt=\"\" srcset=\"http:\/\/akcmv.gov.lv\/wp-content\/uploads\/2017\/11\/Danija1-150x150.jpg 150w, http:\/\/akcmv.gov.lv\/wp-content\/uploads\/2017\/11\/Danija1-45x45.jpg 45w\" sizes=\"auto, (max-width: 150px) 100vw, 150px\" \/><\/a>\n\t\t\t<\/dt><\/dl><dl class='gallery-item'>\n\t\t\t<dt class='gallery-icon landscape'>\n\t\t\t\t<a class=\"grouped_elements\" rel=\"tc-fancybox-group\" href=\"http:\/\/akcmv.gov.lv\/wp-content\/uploads\/2017\/11\/Danija2-meistarklases.jpg\" title=\"\"><img loading=\"lazy\" decoding=\"async\" width=\"150\" height=\"150\" src=\"http:\/\/akcmv.gov.lv\/wp-content\/uploads\/2017\/11\/Danija2-meistarklases-150x150.jpg\" class=\"attachment-thumbnail size-thumbnail\" alt=\"\" srcset=\"http:\/\/akcmv.gov.lv\/wp-content\/uploads\/2017\/11\/Danija2-meistarklases-150x150.jpg 150w, http:\/\/akcmv.gov.lv\/wp-content\/uploads\/2017\/11\/Danija2-meistarklases-45x45.jpg 45w\" sizes=\"auto, (max-width: 150px) 100vw, 150px\" \/><\/a>\n\t\t\t<\/dt><\/dl><dl class='gallery-item'>\n\t\t\t<dt class='gallery-icon landscape'>\n\t\t\t\t<a class=\"grouped_elements\" rel=\"tc-fancybox-group\" href=\"http:\/\/akcmv.gov.lv\/wp-content\/uploads\/2017\/11\/Danija4-gatavosanas-koncertam.jpg\" title=\"\"><img loading=\"lazy\" decoding=\"async\" width=\"150\" height=\"150\" src=\"http:\/\/akcmv.gov.lv\/wp-content\/uploads\/2017\/11\/Danija4-gatavosanas-koncertam-150x150.jpg\" class=\"attachment-thumbnail size-thumbnail\" alt=\"\" srcset=\"http:\/\/akcmv.gov.lv\/wp-content\/uploads\/2017\/11\/Danija4-gatavosanas-koncertam-150x150.jpg 150w, http:\/\/akcmv.gov.lv\/wp-content\/uploads\/2017\/11\/Danija4-gatavosanas-koncertam-45x45.jpg 45w\" sizes=\"auto, (max-width: 150px) 100vw, 150px\" \/><\/a>\n\t\t\t<\/dt><\/dl><br style=\"clear: both\" \/><dl class='gallery-item'>\n\t\t\t<dt class='gallery-icon landscape'>\n\t\t\t\t<a class=\"grouped_elements\" rel=\"tc-fancybox-group\" href=\"http:\/\/akcmv.gov.lv\/wp-content\/uploads\/2017\/11\/Danija5-deju-meistarklases.jpg\" title=\"\"><img loading=\"lazy\" decoding=\"async\" width=\"150\" height=\"150\" src=\"http:\/\/akcmv.gov.lv\/wp-content\/uploads\/2017\/11\/Danija5-deju-meistarklases-150x150.jpg\" class=\"attachment-thumbnail size-thumbnail\" alt=\"\" srcset=\"http:\/\/akcmv.gov.lv\/wp-content\/uploads\/2017\/11\/Danija5-deju-meistarklases-150x150.jpg 150w, http:\/\/akcmv.gov.lv\/wp-content\/uploads\/2017\/11\/Danija5-deju-meistarklases-45x45.jpg 45w\" sizes=\"auto, (max-width: 150px) 100vw, 150px\" \/><\/a>\n\t\t\t<\/dt><\/dl><dl class='gallery-item'>\n\t\t\t<dt class='gallery-icon portrait'>\n\t\t\t\t<a class=\"grouped_elements\" rel=\"tc-fancybox-group\" href=\"http:\/\/akcmv.gov.lv\/wp-content\/uploads\/2017\/11\/Danija6-mirklis-pirms-koncerta.jpg\" title=\"\"><img loading=\"lazy\" decoding=\"async\" width=\"150\" height=\"150\" src=\"http:\/\/akcmv.gov.lv\/wp-content\/uploads\/2017\/11\/Danija6-mirklis-pirms-koncerta-150x150.jpg\" class=\"attachment-thumbnail size-thumbnail\" alt=\"\" srcset=\"http:\/\/akcmv.gov.lv\/wp-content\/uploads\/2017\/11\/Danija6-mirklis-pirms-koncerta-150x150.jpg 150w, http:\/\/akcmv.gov.lv\/wp-content\/uploads\/2017\/11\/Danija6-mirklis-pirms-koncerta-45x45.jpg 45w\" sizes=\"auto, (max-width: 150px) 100vw, 150px\" \/><\/a>\n\t\t\t<\/dt><\/dl><dl class='gallery-item'>\n\t\t\t<dt class='gallery-icon portrait'>\n\t\t\t\t<a class=\"grouped_elements\" rel=\"tc-fancybox-group\" href=\"http:\/\/akcmv.gov.lv\/wp-content\/uploads\/2017\/11\/Danija7-pec-kopiga-koncerta.jpg\" title=\"\"><img loading=\"lazy\" decoding=\"async\" width=\"150\" height=\"150\" src=\"http:\/\/akcmv.gov.lv\/wp-content\/uploads\/2017\/11\/Danija7-pec-kopiga-koncerta-150x150.jpg\" class=\"attachment-thumbnail size-thumbnail\" alt=\"\" srcset=\"http:\/\/akcmv.gov.lv\/wp-content\/uploads\/2017\/11\/Danija7-pec-kopiga-koncerta-150x150.jpg 150w, http:\/\/akcmv.gov.lv\/wp-content\/uploads\/2017\/11\/Danija7-pec-kopiga-koncerta-45x45.jpg 45w\" sizes=\"auto, (max-width: 150px) 100vw, 150px\" \/><\/a>\n\t\t\t<\/dt><\/dl><dl class='gallery-item'>\n\t\t\t<dt class='gallery-icon landscape'>\n\t\t\t\t<a class=\"grouped_elements\" rel=\"tc-fancybox-group\" href=\"http:\/\/akcmv.gov.lv\/wp-content\/uploads\/2017\/11\/IMG_3372.jpg\" title=\"\"><img loading=\"lazy\" decoding=\"async\" width=\"150\" height=\"150\" src=\"http:\/\/akcmv.gov.lv\/wp-content\/uploads\/2017\/11\/IMG_3372-150x150.jpg\" class=\"attachment-thumbnail size-thumbnail\" alt=\"\" srcset=\"http:\/\/akcmv.gov.lv\/wp-content\/uploads\/2017\/11\/IMG_3372-150x150.jpg 150w, http:\/\/akcmv.gov.lv\/wp-content\/uploads\/2017\/11\/IMG_3372-45x45.jpg 45w\" sizes=\"auto, (max-width: 150px) 100vw, 150px\" \/><\/a>\n\t\t\t<\/dt><\/dl><br style=\"clear: both\" \/>\n\t\t<\/div>\n\n<p><img loading=\"lazy\" decoding=\"async\" class=\"alignnone size-medium wp-image-4130 aligncenter\" src=\"http:\/\/akcmv.gov.lv\/wp-content\/uploads\/2017\/11\/Lidzfinanse_Erasmus_progr_logo-300x82.png\" alt=\"\" width=\"300\" height=\"82\" srcset=\"http:\/\/akcmv.gov.lv\/wp-content\/uploads\/2017\/11\/Lidzfinanse_Erasmus_progr_logo-300x82.png 300w, http:\/\/akcmv.gov.lv\/wp-content\/uploads\/2017\/11\/Lidzfinanse_Erasmus_progr_logo-768x210.png 768w, http:\/\/akcmv.gov.lv\/wp-content\/uploads\/2017\/11\/Lidzfinanse_Erasmus_progr_logo-1024x280.png 1024w, http:\/\/akcmv.gov.lv\/wp-content\/uploads\/2017\/11\/Lidzfinanse_Erasmus_progr_logo.png 2038w\" sizes=\"auto, (max-width: 300px) 100vw, 300px\" \/><\/p>\n","protected":false},"excerpt":{"rendered":"<p>Projekts &#8220;Audz\u0113k\u0146i un skolot\u0101ji \u2013 profesion\u0101\u013ci bez robe\u017e\u0101m&#8221; (Proj.nr. 2017-1-LV01-KA102-035260) 1.pl\u016bsma Limerika, \u012arija 10.04.2018. &#8211; 25.04.2018. Laik\u0101 no 10.apr\u012b\u013ca l\u012bdz 25.apr\u012blim pieci Vok\u0101l\u0101s m\u016bzikas noda\u013cas audz\u0113knes skolot\u0101ju Daces Balodes un An\u017eelas I\u013cjinas vad\u012bb\u0101 skolas \u012bstenot\u0101 Erasmus+ projekta \u201cAudz\u0113k\u0146i un skolot\u0101ji \u2013 profesion\u0101\u013ci bez robe\u017e\u0101m\u201d ietvaros praktiz\u0113j\u0101s Limerikas m\u016bzikas skol\u0101 Limerik\u0101, \u012arij\u0101. Par g\u016btajiem iespaidiem \u012arij\u0101 [&hellip;]<\/p>\n","protected":false},"author":2,"featured_media":0,"parent":4641,"menu_order":0,"comment_status":"open","ping_status":"open","template":"","meta":{"footnotes":""},"class_list":["post-3182","page","type-page","status-publish","czr-hentry"],"_links":{"self":[{"href":"http:\/\/akcmv.gov.lv\/index.php?rest_route=\/wp\/v2\/pages\/3182","targetHints":{"allow":["GET"]}}],"collection":[{"href":"http:\/\/akcmv.gov.lv\/index.php?rest_route=\/wp\/v2\/pages"}],"about":[{"href":"http:\/\/akcmv.gov.lv\/index.php?rest_route=\/wp\/v2\/types\/page"}],"author":[{"embeddable":true,"href":"http:\/\/akcmv.gov.lv\/index.php?rest_route=\/wp\/v2\/users\/2"}],"replies":[{"embeddable":true,"href":"http:\/\/akcmv.gov.lv\/index.php?rest_route=%2Fwp%2Fv2%2Fcomments&post=3182"}],"version-history":[{"count":7,"href":"http:\/\/akcmv.gov.lv\/index.php?rest_route=\/wp\/v2\/pages\/3182\/revisions"}],"predecessor-version":[{"id":6791,"href":"http:\/\/akcmv.gov.lv\/index.php?rest_route=\/wp\/v2\/pages\/3182\/revisions\/6791"}],"up":[{"embeddable":true,"href":"http:\/\/akcmv.gov.lv\/index.php?rest_route=\/wp\/v2\/pages\/4641"}],"wp:attachment":[{"href":"http:\/\/akcmv.gov.lv\/index.php?rest_route=%2Fwp%2Fv2%2Fmedia&parent=3182"}],"curies":[{"name":"wp","href":"https:\/\/api.w.org\/{rel}","templated":true}]}}