{"id":3594,"date":"2018-02-17T13:43:23","date_gmt":"2018-02-17T11:43:23","guid":{"rendered":"http:\/\/akcmv.gov.lv\/?page_id=3594"},"modified":"2018-02-17T13:48:31","modified_gmt":"2018-02-17T11:48:31","slug":"pumpurs","status":"publish","type":"page","link":"http:\/\/akcmv.gov.lv\/?page_id=3594","title":{"rendered":"PuMPuRS"},"content":{"rendered":"<p><img loading=\"lazy\" decoding=\"async\" class=\"alignnone size-medium wp-image-3602 aligncenter\" src=\"http:\/\/akcmv.gov.lv\/wp-content\/uploads\/2018\/02\/Pumpurs_midi_ar_malam-300x155.png\" alt=\"\" width=\"300\" height=\"155\" srcset=\"http:\/\/akcmv.gov.lv\/wp-content\/uploads\/2018\/02\/Pumpurs_midi_ar_malam-300x155.png 300w, http:\/\/akcmv.gov.lv\/wp-content\/uploads\/2018\/02\/Pumpurs_midi_ar_malam-768x397.png 768w, http:\/\/akcmv.gov.lv\/wp-content\/uploads\/2018\/02\/Pumpurs_midi_ar_malam-1024x529.png 1024w, http:\/\/akcmv.gov.lv\/wp-content\/uploads\/2018\/02\/Pumpurs_midi_ar_malam.png 1220w\" sizes=\"auto, (max-width: 300px) 100vw, 300px\" \/><\/p>\n<p><a href=\"http:\/\/akcmv.gov.lv\/wp-content\/uploads\/2018\/02\/VPII-m\u0101jaslap\u0101m_AKCMV.pdf\">Inform\u0101cija par projektu \u201cAtbalsts priek\u0161laic\u012bgas m\u0101c\u012bbu p\u0101rtrauk\u0161anas samazin\u0101\u0161anai\u201d<\/a><\/p>\n<p>Projekta publicit\u0101tes aktivit\u0101tes skol\u0101:<\/p>\n\n\t\t<style type=\"text\/css\">\n\t\t\t#gallery-1 {\n\t\t\t\tmargin: auto;\n\t\t\t}\n\t\t\t#gallery-1 .gallery-item {\n\t\t\t\tfloat: left;\n\t\t\t\tmargin-top: 10px;\n\t\t\t\ttext-align: center;\n\t\t\t\twidth: 50%;\n\t\t\t}\n\t\t\t#gallery-1 img {\n\t\t\t\tborder: 2px solid #cfcfcf;\n\t\t\t}\n\t\t\t#gallery-1 .gallery-caption {\n\t\t\t\tmargin-left: 0;\n\t\t\t}\n\t\t\t\/* see gallery_shortcode() in wp-includes\/media.php *\/\n\t\t<\/style>\n\t\t<div id='gallery-1' class='gallery galleryid-3594 gallery-columns-2 gallery-size-medium'><dl class='gallery-item'>\n\t\t\t<dt class='gallery-icon landscape'>\n\t\t\t\t<a class=\"grouped_elements\" rel=\"tc-fancybox-group\" href=\"http:\/\/akcmv.gov.lv\/wp-content\/uploads\/2018\/02\/IMG_2789.jpg\" title=\"\"><img loading=\"lazy\" decoding=\"async\" width=\"300\" height=\"200\" src=\"http:\/\/akcmv.gov.lv\/wp-content\/uploads\/2018\/02\/IMG_2789-300x200.jpg\" class=\"attachment-medium size-medium\" alt=\"\" srcset=\"http:\/\/akcmv.gov.lv\/wp-content\/uploads\/2018\/02\/IMG_2789-300x200.jpg 300w, http:\/\/akcmv.gov.lv\/wp-content\/uploads\/2018\/02\/IMG_2789-768x512.jpg 768w, http:\/\/akcmv.gov.lv\/wp-content\/uploads\/2018\/02\/IMG_2789-1024x683.jpg 1024w\" sizes=\"auto, (max-width: 300px) 100vw, 300px\" \/><\/a>\n\t\t\t<\/dt><\/dl><dl class='gallery-item'>\n\t\t\t<dt class='gallery-icon portrait'>\n\t\t\t\t<a class=\"grouped_elements\" rel=\"tc-fancybox-group\" href=\"http:\/\/akcmv.gov.lv\/wp-content\/uploads\/2018\/02\/IMG_2791.jpg\" title=\"\"><img loading=\"lazy\" decoding=\"async\" width=\"200\" height=\"300\" src=\"http:\/\/akcmv.gov.lv\/wp-content\/uploads\/2018\/02\/IMG_2791-200x300.jpg\" class=\"attachment-medium size-medium\" alt=\"\" srcset=\"http:\/\/akcmv.gov.lv\/wp-content\/uploads\/2018\/02\/IMG_2791-200x300.jpg 200w, http:\/\/akcmv.gov.lv\/wp-content\/uploads\/2018\/02\/IMG_2791-768x1152.jpg 768w, http:\/\/akcmv.gov.lv\/wp-content\/uploads\/2018\/02\/IMG_2791-683x1024.jpg 683w\" sizes=\"auto, (max-width: 200px) 100vw, 200px\" \/><\/a>\n\t\t\t<\/dt><\/dl><br style=\"clear: both\" \/>\n\t\t<\/div>\n\n<p>&nbsp;<\/p>\n","protected":false},"excerpt":{"rendered":"<p>Inform\u0101cija par projektu \u201cAtbalsts priek\u0161laic\u012bgas m\u0101c\u012bbu p\u0101rtrauk\u0161anas samazin\u0101\u0161anai\u201d Projekta publicit\u0101tes aktivit\u0101tes skol\u0101: &nbsp;<\/p>\n","protected":false},"author":2,"featured_media":0,"parent":0,"menu_order":0,"comment_status":"closed","ping_status":"closed","template":"","meta":{"footnotes":""},"class_list":["post-3594","page","type-page","status-publish","czr-hentry"],"_links":{"self":[{"href":"http:\/\/akcmv.gov.lv\/index.php?rest_route=\/wp\/v2\/pages\/3594","targetHints":{"allow":["GET"]}}],"collection":[{"href":"http:\/\/akcmv.gov.lv\/index.php?rest_route=\/wp\/v2\/pages"}],"about":[{"href":"http:\/\/akcmv.gov.lv\/index.php?rest_route=\/wp\/v2\/types\/page"}],"author":[{"embeddable":true,"href":"http:\/\/akcmv.gov.lv\/index.php?rest_route=\/wp\/v2\/users\/2"}],"replies":[{"embeddable":true,"href":"http:\/\/akcmv.gov.lv\/index.php?rest_route=%2Fwp%2Fv2%2Fcomments&post=3594"}],"version-history":[{"count":3,"href":"http:\/\/akcmv.gov.lv\/index.php?rest_route=\/wp\/v2\/pages\/3594\/revisions"}],"predecessor-version":[{"id":3603,"href":"http:\/\/akcmv.gov.lv\/index.php?rest_route=\/wp\/v2\/pages\/3594\/revisions\/3603"}],"wp:attachment":[{"href":"http:\/\/akcmv.gov.lv\/index.php?rest_route=%2Fwp%2Fv2%2Fmedia&parent=3594"}],"curies":[{"name":"wp","href":"https:\/\/api.w.org\/{rel}","templated":true}]}}