{"id":40,"date":"2014-10-21T11:18:01","date_gmt":"2014-10-21T08:18:01","guid":{"rendered":"http:\/\/pilsvesture.cesis.lv\/muz\/?page_id=40"},"modified":"2023-10-06T10:24:18","modified_gmt":"2023-10-06T07:24:18","slug":"metodiskais-darbs","status":"publish","type":"page","link":"http:\/\/akcmv.gov.lv\/?page_id=40","title":{"rendered":"Metodiskais darbs"},"content":{"rendered":"<p>Kop\u0161 2006.gada A.Kalni\u0146a C\u0113su M\u016bzikas vidusskola ir 28 Vidzemes novada m\u016bzikas skolu metodiskais centrs. Metodisk\u0101 centra darb\u012bbas galvenie virzieni ir:<\/p>\n<ul>\n<li>sadarb\u012bba ar Vidzemes re\u0123iona m\u016bzikas skol\u0101m, skolu direktoriem;<\/li>\n<li>pedagogu t\u0101l\u0101kizgl\u012bt\u012bba, meistarklases un kvalifik\u0101cijas cel\u0161anas kursi;<\/li>\n<li>valsts konkursu k\u0101rtu organiz\u0113\u0161ana;<\/li>\n<li>A.Kalni\u0146a C\u0113su M\u016bzikas vidusskolas konkursu organiz\u0113\u0161ana;<\/li>\n<li>Vidzemes m\u016bzikas skolu noda\u013cu vec\u0101ko kla\u0161u audz\u0113k\u0146u koncertu koordin\u0113\u0161ana;<\/li>\n<li>Vidzemes m\u016bzikas skolu talant\u012bgo audz\u0113k\u0146u koncerta \u201cVidzemes talanti\u201d organiz\u0113\u0161ana<\/li>\n<\/ul>\n<p>Metodiskais materi\u0101ls M\u016bzikas teorijas m\u0101c\u012b\u0161an\u0101<\/p>\n<p><a href=\"http:\/\/akcmv.gov.lv\/wp-content\/uploads\/2014\/10\/Metodisks-materials.pdf\">M\u0101c\u012bbu metodes m\u016bzikas teorijas apguv\u0113<br \/><\/a><a href=\"http:\/\/akcmv.gov.lv\/wp-content\/uploads\/2014\/10\/1_dala.pdf\">1.da\u013ca<\/a><br \/><a href=\"http:\/\/akcmv.gov.lv\/wp-content\/uploads\/2014\/10\/2_dala.pdf\">2.da\u013ca<\/a><br \/><a href=\"http:\/\/akcmv.gov.lv\/wp-content\/uploads\/2014\/10\/3_dala.pdf\">3.da\u013ca<\/a><br \/><a href=\"http:\/\/akcmv.gov.lv\/wp-content\/uploads\/2014\/10\/4_dala.pdf\">4.da\u013ca<\/a><br \/><a href=\"http:\/\/akcmv.gov.lv\/wp-content\/uploads\/2014\/10\/5_dala.pdf\">5.da\u013ca<\/a><br \/><a href=\"http:\/\/akcmv.gov.lv\/wp-content\/uploads\/2014\/10\/6_dala.pdf\">6.da\u013ca<\/a><br \/><a href=\"http:\/\/akcmv.gov.lv\/wp-content\/uploads\/2014\/10\/7_dala.pdf\">7.da\u013ca<\/a><\/p>\n\n\n<p>Metodisks materi\u0101ls<br><strong>\u201cM\u016bzikas termini \u2013 atska\u0146o\u0161anas rakstura apz\u012bm\u0113jumi\u201d<\/strong><\/p>\n\n\n\n<p>Metodisk\u0101 materi\u0101la autore \u2013 Alfr\u0113da Kalni\u0146a C\u0113su M\u016bzikas vidusskolas it\u0101\u013cu valodas skolot\u0101ja Liene Veitnere, ilustr\u0101ciju autore- m\u0101ksliniece Dina \u0100bele<\/p>\n\n\n\n<p><a href=\"http:\/\/akcmv.gov.lv\/wp-content\/uploads\/2023\/10\/kartinasDruk2.pdf\">Karti\u0146as<\/a><\/p>\n\n\n\n<p><a href=\"http:\/\/akcmv.gov.lv\/wp-content\/uploads\/2023\/10\/Dlapa_termini.png\">Darba lapa &#8220;Termini&#8221;<\/a><\/p>\n\n\n\n<p><a href=\"http:\/\/akcmv.gov.lv\/wp-content\/uploads\/2023\/10\/Termini_musicali.pdf\">Termini<\/a><\/p>\n","protected":false},"excerpt":{"rendered":"<p>Kop\u0161 2006.gada A.Kalni\u0146a C\u0113su M\u016bzikas vidusskola ir 28 Vidzemes novada m\u016bzikas skolu metodiskais centrs. Metodisk\u0101 centra darb\u012bbas galvenie virzieni ir: sadarb\u012bba ar Vidzemes re\u0123iona m\u016bzikas skol\u0101m, skolu direktoriem; pedagogu t\u0101l\u0101kizgl\u012bt\u012bba, meistarklases un kvalifik\u0101cijas cel\u0161anas kursi; valsts konkursu k\u0101rtu organiz\u0113\u0161ana; A.Kalni\u0146a C\u0113su M\u016bzikas vidusskolas konkursu organiz\u0113\u0161ana; Vidzemes m\u016bzikas skolu noda\u013cu vec\u0101ko kla\u0161u audz\u0113k\u0146u koncertu koordin\u0113\u0161ana; Vidzemes [&hellip;]<\/p>\n","protected":false},"author":1,"featured_media":138,"parent":0,"menu_order":4,"comment_status":"closed","ping_status":"closed","template":"","meta":{"footnotes":""},"class_list":["post-40","page","type-page","status-publish","has-post-thumbnail","czr-hentry"],"_links":{"self":[{"href":"http:\/\/akcmv.gov.lv\/index.php?rest_route=\/wp\/v2\/pages\/40","targetHints":{"allow":["GET"]}}],"collection":[{"href":"http:\/\/akcmv.gov.lv\/index.php?rest_route=\/wp\/v2\/pages"}],"about":[{"href":"http:\/\/akcmv.gov.lv\/index.php?rest_route=\/wp\/v2\/types\/page"}],"author":[{"embeddable":true,"href":"http:\/\/akcmv.gov.lv\/index.php?rest_route=\/wp\/v2\/users\/1"}],"replies":[{"embeddable":true,"href":"http:\/\/akcmv.gov.lv\/index.php?rest_route=%2Fwp%2Fv2%2Fcomments&post=40"}],"version-history":[{"count":7,"href":"http:\/\/akcmv.gov.lv\/index.php?rest_route=\/wp\/v2\/pages\/40\/revisions"}],"predecessor-version":[{"id":11722,"href":"http:\/\/akcmv.gov.lv\/index.php?rest_route=\/wp\/v2\/pages\/40\/revisions\/11722"}],"wp:featuredmedia":[{"embeddable":true,"href":"http:\/\/akcmv.gov.lv\/index.php?rest_route=\/wp\/v2\/media\/138"}],"wp:attachment":[{"href":"http:\/\/akcmv.gov.lv\/index.php?rest_route=%2Fwp%2Fv2%2Fmedia&parent=40"}],"curies":[{"name":"wp","href":"https:\/\/api.w.org\/{rel}","templated":true}]}}