{"id":44,"date":"2014-10-21T11:18:48","date_gmt":"2014-10-21T08:18:48","guid":{"rendered":"http:\/\/pilsvesture.cesis.lv\/muz\/?page_id=44"},"modified":"2022-11-09T16:04:42","modified_gmt":"2022-11-09T14:04:42","slug":"kompetencu-centrs","status":"publish","type":"page","link":"http:\/\/akcmv.gov.lv\/?page_id=44","title":{"rendered":"\u0100rpus form\u0101l\u0101 izgl\u012bt\u012bba"},"content":{"rendered":"<h4><span style=\"color: #ff9900;\">Profesion\u0101l\u0101s kvalifik\u0101cijas<\/span><\/h4>\n<p>Alfr\u0113da Kalni\u0146a C\u0113su\u00a0M\u016bzikas vidusskolai ir ties\u012bbas veikt profesion\u0101l\u0101s kompetences nov\u0113rt\u0113\u0161anu \u0161\u0101d\u0101s profesion\u0101laj\u0101s kvalifik\u0101cij\u0101s:<\/p>\n<ol>\n<li>M\u016bzi\u0137is pianists, koncertmeistars<\/li>\n<li>M\u016bzi\u0137is vijolnieks<\/li>\n<li>M\u016bzi\u0137is kokl\u0113t\u0101js, ansamb\u013ca vad\u012bt\u0101js<\/li>\n<li>M\u016bzi\u0137is flautists, ansamb\u013ca vad\u012bt\u0101js<\/li>\n<li>M\u016bzi\u0137is klarnetists, ansamb\u013ca vad\u012bt\u0101js<\/li>\n<li>M\u016bzi\u0137is trompetists, ansamb\u013ca vad\u012bt\u0101js<\/li>\n<li>M\u016bzi\u0137is trombonists, ansamb\u013ca vad\u012bt\u0101js<\/li>\n<li>M\u016bzi\u0137is sitaminstrument\u0101lists, ansamb\u013ca vad\u012bt\u0101js<\/li>\n<li>Kormeistars, kora dzied\u0101t\u0101js<\/li>\n<li>M\u016bzi\u0137is pianists, ansamb\u013ca vad\u012bt\u0101js<\/li>\n<li>M\u016bzi\u0137is \u0123it\u0101rists, ansamb\u013ca vad\u012bt\u0101js<\/li>\n<li>M\u016bzi\u0137is saksofonists, ansamb\u013ca vad\u012bt\u0101js<\/li>\n<li>M\u016bzi\u0137is dzied\u0101t\u0101js, ansamb\u013ca vad\u012bt\u0101js<\/li>\n<\/ol>\n<hr \/>\n<h4><span style=\"color: #ff9900;\">Inform\u0101cija pretendentiem<\/span><\/h4>\n<p><a href=\"http:\/\/akcmv.gov.lv\/wp-content\/uploads\/2014\/10\/iesniegums-\u0100rpus-form\u0101l\u0101-izgl.docx\">Iesniegums profesion\u0101l\u0101s kompetences nov\u0113rt\u0113\u0161anai<\/a><\/p>\n<p>Profesion\u0101l\u0101s izgl\u012bt\u012bbas iest\u0101\u017eu un eksamin\u0101cijas centru maksas pakalpojumu cenr\u0101dis<br \/>\n<a href=\"https:\/\/likumi.lv\/doc.php?id=259780\">https:\/\/likumi.lv\/doc.php?id=259780<\/a><\/p>\n<hr \/>\n<h4><span style=\"color: #ff9900;\">Atbild\u012bg\u0101 persona<\/span><\/h4>\n<p>Ija Groza, metodi\u0137e<br \/>\n<a href=\"mailto:metodikis@akcmv.gov.lv\">metodikis@akcmv.gov.lv<\/a><\/p>\n","protected":false},"excerpt":{"rendered":"<p>Profesion\u0101l\u0101s kvalifik\u0101cijas Alfr\u0113da Kalni\u0146a C\u0113su\u00a0M\u016bzikas vidusskolai ir ties\u012bbas veikt profesion\u0101l\u0101s kompetences nov\u0113rt\u0113\u0161anu \u0161\u0101d\u0101s profesion\u0101laj\u0101s kvalifik\u0101cij\u0101s: M\u016bzi\u0137is pianists, koncertmeistars M\u016bzi\u0137is vijolnieks M\u016bzi\u0137is kokl\u0113t\u0101js, ansamb\u013ca vad\u012bt\u0101js M\u016bzi\u0137is flautists, ansamb\u013ca vad\u012bt\u0101js M\u016bzi\u0137is klarnetists, ansamb\u013ca vad\u012bt\u0101js M\u016bzi\u0137is trompetists, ansamb\u013ca vad\u012bt\u0101js M\u016bzi\u0137is trombonists, ansamb\u013ca vad\u012bt\u0101js M\u016bzi\u0137is sitaminstrument\u0101lists, ansamb\u013ca vad\u012bt\u0101js Kormeistars, kora dzied\u0101t\u0101js M\u016bzi\u0137is pianists, ansamb\u013ca vad\u012bt\u0101js M\u016bzi\u0137is \u0123it\u0101rists, ansamb\u013ca vad\u012bt\u0101js [&hellip;]<\/p>\n","protected":false},"author":1,"featured_media":0,"parent":40,"menu_order":0,"comment_status":"closed","ping_status":"closed","template":"","meta":{"footnotes":""},"class_list":["post-44","page","type-page","status-publish","czr-hentry"],"_links":{"self":[{"href":"http:\/\/akcmv.gov.lv\/index.php?rest_route=\/wp\/v2\/pages\/44","targetHints":{"allow":["GET"]}}],"collection":[{"href":"http:\/\/akcmv.gov.lv\/index.php?rest_route=\/wp\/v2\/pages"}],"about":[{"href":"http:\/\/akcmv.gov.lv\/index.php?rest_route=\/wp\/v2\/types\/page"}],"author":[{"embeddable":true,"href":"http:\/\/akcmv.gov.lv\/index.php?rest_route=\/wp\/v2\/users\/1"}],"replies":[{"embeddable":true,"href":"http:\/\/akcmv.gov.lv\/index.php?rest_route=%2Fwp%2Fv2%2Fcomments&post=44"}],"version-history":[{"count":13,"href":"http:\/\/akcmv.gov.lv\/index.php?rest_route=\/wp\/v2\/pages\/44\/revisions"}],"predecessor-version":[{"id":9599,"href":"http:\/\/akcmv.gov.lv\/index.php?rest_route=\/wp\/v2\/pages\/44\/revisions\/9599"}],"up":[{"embeddable":true,"href":"http:\/\/akcmv.gov.lv\/index.php?rest_route=\/wp\/v2\/pages\/40"}],"wp:attachment":[{"href":"http:\/\/akcmv.gov.lv\/index.php?rest_route=%2Fwp%2Fv2%2Fmedia&parent=44"}],"curies":[{"name":"wp","href":"https:\/\/api.w.org\/{rel}","templated":true}]}}