{"id":4481,"date":"2018-06-27T13:07:53","date_gmt":"2018-06-27T10:07:53","guid":{"rendered":"http:\/\/akcmv.gov.lv\/?page_id=4481"},"modified":"2018-09-17T10:16:05","modified_gmt":"2018-09-17T07:16:05","slug":"liene-veitnere","status":"publish","type":"page","link":"http:\/\/akcmv.gov.lv\/?page_id=4481","title":{"rendered":"Liene Veitnere"},"content":{"rendered":"\n\t\t<style type=\"text\/css\">\n\t\t\t#gallery-1 {\n\t\t\t\tmargin: auto;\n\t\t\t}\n\t\t\t#gallery-1 .gallery-item {\n\t\t\t\tfloat: left;\n\t\t\t\tmargin-top: 10px;\n\t\t\t\ttext-align: center;\n\t\t\t\twidth: 100%;\n\t\t\t}\n\t\t\t#gallery-1 img {\n\t\t\t\tborder: 2px solid #cfcfcf;\n\t\t\t}\n\t\t\t#gallery-1 .gallery-caption {\n\t\t\t\tmargin-left: 0;\n\t\t\t}\n\t\t\t\/* see gallery_shortcode() in wp-includes\/media.php *\/\n\t\t<\/style>\n\t\t<div id='gallery-1' class='gallery galleryid-4481 gallery-columns-1 gallery-size-medium'><dl class='gallery-item'>\n\t\t\t<dt class='gallery-icon landscape'>\n\t\t\t\t<a class=\"grouped_elements\" rel=\"tc-fancybox-group\" href=\"http:\/\/akcmv.gov.lv\/wp-content\/uploads\/2018\/06\/Veitnere_Liene-1.png\" title=\"Veitnere_Liene\"><img loading=\"lazy\" decoding=\"async\" width=\"300\" height=\"268\" src=\"http:\/\/akcmv.gov.lv\/wp-content\/uploads\/2018\/06\/Veitnere_Liene-1-300x268.png\" class=\"attachment-medium size-medium\" alt=\"\" srcset=\"http:\/\/akcmv.gov.lv\/wp-content\/uploads\/2018\/06\/Veitnere_Liene-1-300x268.png 300w, http:\/\/akcmv.gov.lv\/wp-content\/uploads\/2018\/06\/Veitnere_Liene-1.png 307w\" sizes=\"auto, (max-width: 300px) 100vw, 300px\" \/><\/a>\n\t\t\t<\/dt><\/dl><br style=\"clear: both\" \/>\n\t\t<\/div>\n\n<h1 style=\"text-align: center;\"><span style=\"color: #ff6600;\"><strong>Liene Veitnere<\/strong><\/span><\/h1>\n<p style=\"text-align: center;\"><strong>It\u0101\u013cu valodas\u00a0skolot\u0101ja, AKCMV absolvente<\/strong><\/p>\n<hr \/>\n<p style=\"text-align: justify;\"><strong><span style=\"color: #ff6600;\">Par skolot\u0101ju:<\/span><\/strong><br \/>\n<strong>L.Veitnere:<\/strong> <em>&#8220;Man nudien ir laim\u0113jies: daru to, kas \u013coti pat\u012bk! Pat\u012bk m\u016bzika, it\u0101\u013cu valoda un cilv\u0113ki. Pat\u012bk\u00a0 pal\u012bdz\u0113t saprasties: tulkot gr\u0101matas,\u00a0 dal\u012bties ar zin\u0101\u0161an\u0101m,\u00a0 prieka, aizraut\u012bbas un saules vitam\u012bniem, ko sniedz pasaul\u0113 visskan\u012bg\u0101k\u0101 valoda. Par ros\u012bgo darbo\u0161anos \u0161aj\u0101 lauk\u0101 esmu sa\u0146\u0113musi It\u0101lijas \u0100rlietu Ministrijas augsto \u201cAlbo ex alunni\u201d pagodin\u0101jumu.<\/em><br \/>\n<em> Es j\u016btos aplaimota, v\u0113rojot k\u0101 mani audz\u0113k\u0146i, p\u0101rvarot valodas \u0161\u0137\u0113r\u0161\u013cus, no dimantiem p\u0101rtop briljantos.&#8221;<\/em><\/p>\n<p><strong><span style=\"color: #ff6600;\">Skolot\u0101jas v\u0113l\u0113jums audz\u0113k\u0146iem:<br \/>\n<\/span><\/strong><em>&#8220;Ar katru apg\u016btu valodu m\u0113s sev atkl\u0101jam jaunu pasauli, k\u013c\u016bstam dzi\u013c\u0101ki, pla\u0161\u0101ki un bag\u0101t\u0101ki. N\u0101c, m\u0101cies m\u016bziku un it\u0101\u013cu valodu, jo m\u016bzika ta\u010du run\u0101 it\u0101liski&#8230;&#8221;<\/em><\/p>\n<p><strong><span style=\"color: #ff6600;\">Sazi\u0146ai:\u00a0<\/span><\/strong><\/p>\n<p><a href=\"mailto:liene.veitnere@gmail.com\">liene.veitnere@gmail.com<\/a><\/p>\n","protected":false},"excerpt":{"rendered":"<p>Liene Veitnere It\u0101\u013cu valodas\u00a0skolot\u0101ja, AKCMV absolvente Par skolot\u0101ju: L.Veitnere: &#8220;Man nudien ir laim\u0113jies: daru to, kas \u013coti pat\u012bk! Pat\u012bk m\u016bzika, it\u0101\u013cu valoda un cilv\u0113ki. Pat\u012bk\u00a0 pal\u012bdz\u0113t saprasties: tulkot gr\u0101matas,\u00a0 dal\u012bties ar zin\u0101\u0161an\u0101m,\u00a0 prieka, aizraut\u012bbas un saules vitam\u012bniem, ko sniedz pasaul\u0113 visskan\u012bg\u0101k\u0101 valoda. Par ros\u012bgo darbo\u0161anos \u0161aj\u0101 lauk\u0101 esmu sa\u0146\u0113musi It\u0101lijas \u0100rlietu Ministrijas augsto \u201cAlbo ex [&hellip;]<\/p>\n","protected":false},"author":2,"featured_media":0,"parent":0,"menu_order":0,"comment_status":"closed","ping_status":"closed","template":"","meta":{"footnotes":""},"class_list":["post-4481","page","type-page","status-publish","czr-hentry"],"_links":{"self":[{"href":"http:\/\/akcmv.gov.lv\/index.php?rest_route=\/wp\/v2\/pages\/4481","targetHints":{"allow":["GET"]}}],"collection":[{"href":"http:\/\/akcmv.gov.lv\/index.php?rest_route=\/wp\/v2\/pages"}],"about":[{"href":"http:\/\/akcmv.gov.lv\/index.php?rest_route=\/wp\/v2\/types\/page"}],"author":[{"embeddable":true,"href":"http:\/\/akcmv.gov.lv\/index.php?rest_route=\/wp\/v2\/users\/2"}],"replies":[{"embeddable":true,"href":"http:\/\/akcmv.gov.lv\/index.php?rest_route=%2Fwp%2Fv2%2Fcomments&post=4481"}],"version-history":[{"count":5,"href":"http:\/\/akcmv.gov.lv\/index.php?rest_route=\/wp\/v2\/pages\/4481\/revisions"}],"predecessor-version":[{"id":4764,"href":"http:\/\/akcmv.gov.lv\/index.php?rest_route=\/wp\/v2\/pages\/4481\/revisions\/4764"}],"wp:attachment":[{"href":"http:\/\/akcmv.gov.lv\/index.php?rest_route=%2Fwp%2Fv2%2Fmedia&parent=4481"}],"curies":[{"name":"wp","href":"https:\/\/api.w.org\/{rel}","templated":true}]}}