{"id":4499,"date":"2018-06-27T13:40:33","date_gmt":"2018-06-27T10:40:33","guid":{"rendered":"http:\/\/akcmv.gov.lv\/?page_id=4499"},"modified":"2018-09-06T14:14:39","modified_gmt":"2018-09-06T11:14:39","slug":"inara-rubina","status":"publish","type":"page","link":"http:\/\/akcmv.gov.lv\/?page_id=4499","title":{"rendered":"In\u0101ra Rub\u012bna"},"content":{"rendered":"\n\t\t<style type=\"text\/css\">\n\t\t\t#gallery-1 {\n\t\t\t\tmargin: auto;\n\t\t\t}\n\t\t\t#gallery-1 .gallery-item {\n\t\t\t\tfloat: left;\n\t\t\t\tmargin-top: 10px;\n\t\t\t\ttext-align: center;\n\t\t\t\twidth: 100%;\n\t\t\t}\n\t\t\t#gallery-1 img {\n\t\t\t\tborder: 2px solid #cfcfcf;\n\t\t\t}\n\t\t\t#gallery-1 .gallery-caption {\n\t\t\t\tmargin-left: 0;\n\t\t\t}\n\t\t\t\/* see gallery_shortcode() in wp-includes\/media.php *\/\n\t\t<\/style>\n\t\t<div id='gallery-1' class='gallery galleryid-4499 gallery-columns-1 gallery-size-medium'><dl class='gallery-item'>\n\t\t\t<dt class='gallery-icon landscape'>\n\t\t\t\t<a class=\"grouped_elements\" rel=\"tc-fancybox-group\" href=\"http:\/\/akcmv.gov.lv\/wp-content\/uploads\/2018\/06\/Rubina_Inara-1.jpg\" title=\"\"><img loading=\"lazy\" decoding=\"async\" width=\"300\" height=\"200\" src=\"http:\/\/akcmv.gov.lv\/wp-content\/uploads\/2018\/06\/Rubina_Inara-1-300x200.jpg\" class=\"attachment-medium size-medium\" alt=\"\" srcset=\"http:\/\/akcmv.gov.lv\/wp-content\/uploads\/2018\/06\/Rubina_Inara-1-300x200.jpg 300w, http:\/\/akcmv.gov.lv\/wp-content\/uploads\/2018\/06\/Rubina_Inara-1-768x512.jpg 768w, http:\/\/akcmv.gov.lv\/wp-content\/uploads\/2018\/06\/Rubina_Inara-1-1024x683.jpg 1024w\" sizes=\"auto, (max-width: 300px) 100vw, 300px\" \/><\/a>\n\t\t\t<\/dt><\/dl><br style=\"clear: both\" \/>\n\t\t<\/div>\n\n<h1 style=\"text-align: center;\"><span style=\"color: #ff6600;\"><strong>In\u0101ra Rub\u012bna<\/strong><\/span><\/h1>\n<p style=\"text-align: center;\"><strong>Popul\u0101r\u0101s un d\u017eeza m\u016bzikas vok\u0101l\u0101 skolot\u0101ja, flautas sp\u0113les skolot\u0101ja, AKCMV absolvente<\/strong><\/p>\n<hr \/>\n<p style=\"text-align: justify;\"><strong><span style=\"color: #ff6600;\">Par skolot\u0101ju:<\/span><\/strong><\/p>\n<p style=\"text-align: justify;\"><strong>I.Rub\u012bna:<\/strong><\/p>\n<p style=\"text-align: justify;\"><em>&#8220;1. Par rado\u0161o darb\u012bbu var klaus\u012bties Latvijas Radio 2 raid\u012bjum\u0101 \u201cZelta graudi\u201d (2018.gada janv\u0101ra ieraksts).<\/em><br \/>\n<em> 2. Ar grupu \u201cSaime\u201d (80.-90.gados popul\u0101rs ansamblis), ierakst\u012bta plate.<\/em><br \/>\n<em> 3. Solo CD \u201cRaib\u0101 dz\u012bve\u201d. Ar grupu \u201cVidzemnieki\u201d, dal\u012bba kantri m\u016bzikas festiv\u0101los.<\/em><br \/>\n<em> 4. 1.vieta un lab\u0101kas dzied\u0101t\u0101jas nomin\u0101cija \u201cLiep\u0101jas dzintar\u0101\u201d (agr\u0101k notika Vislatvijas skates grup\u0101m un citam muzik\u0101lam vien\u012bb\u0101m).<\/em><br \/>\n<em> 5. Starptautisk\u0101 Popul\u0101r\u0101s un d\u017eeza m\u016bzikas dzied\u0101t\u0101ju konkursa veido\u0161ana un noda\u013cas vad\u012b\u0161ana AKCMV.&#8221;<\/em><\/p>\n<p style=\"text-align: justify;\"><strong><span style=\"color: #ff6600;\">Skolot\u0101jas v\u0113l\u0113jums audz\u0113k\u0146iem:<br \/>\n<\/span><\/strong><em>&#8220;Ja Tevi interes\u0113 da\u017e\u0101di m\u016bsdienu ritmi, stili un pats esi sajutis, ka vari kaut ko dzied\u0101t vai sp\u0113l\u0113t, un esi gatavs da\u017e\u0101diem izaicin\u0101jumiem un rado\u0161iem piedz\u012bvojumiem, tad m\u016bsu Popul\u0101r\u0101s un d\u017eeza m\u016bzikas noda\u013ca dom\u0101ta ir tie\u0161i Tev. Pal\u012bdz\u0113sim Tev sevi atkl\u0101t! Pievienojies!&#8221;<\/em><\/p>\n<p><strong><span style=\"color: #ff6600;\">Sazi\u0146ai:<br \/>\n<\/span><\/strong><a href=\"mailto:inara_rubina@inbox.lv\">inara_rubina@inbox.lv<\/a><br \/>\nmob.t\u0101lrunis 26485354<br \/>\nPla\u0161\u0101ka inform\u0101cija Latvijas Radio 2 arh\u012bvos, CD, Draugiem.lv ir ieraksti man\u0101 profil\u0101.<\/p>\n","protected":false},"excerpt":{"rendered":"<p>In\u0101ra Rub\u012bna Popul\u0101r\u0101s un d\u017eeza m\u016bzikas vok\u0101l\u0101 skolot\u0101ja, flautas sp\u0113les skolot\u0101ja, AKCMV absolvente Par skolot\u0101ju: I.Rub\u012bna: &#8220;1. Par rado\u0161o darb\u012bbu var klaus\u012bties Latvijas Radio 2 raid\u012bjum\u0101 \u201cZelta graudi\u201d (2018.gada janv\u0101ra ieraksts). 2. Ar grupu \u201cSaime\u201d (80.-90.gados popul\u0101rs ansamblis), ierakst\u012bta plate. 3. Solo CD \u201cRaib\u0101 dz\u012bve\u201d. Ar grupu \u201cVidzemnieki\u201d, dal\u012bba kantri m\u016bzikas festiv\u0101los. 4. 1.vieta un [&hellip;]<\/p>\n","protected":false},"author":2,"featured_media":0,"parent":0,"menu_order":0,"comment_status":"closed","ping_status":"closed","template":"","meta":{"footnotes":""},"class_list":["post-4499","page","type-page","status-publish","czr-hentry"],"_links":{"self":[{"href":"http:\/\/akcmv.gov.lv\/index.php?rest_route=\/wp\/v2\/pages\/4499","targetHints":{"allow":["GET"]}}],"collection":[{"href":"http:\/\/akcmv.gov.lv\/index.php?rest_route=\/wp\/v2\/pages"}],"about":[{"href":"http:\/\/akcmv.gov.lv\/index.php?rest_route=\/wp\/v2\/types\/page"}],"author":[{"embeddable":true,"href":"http:\/\/akcmv.gov.lv\/index.php?rest_route=\/wp\/v2\/users\/2"}],"replies":[{"embeddable":true,"href":"http:\/\/akcmv.gov.lv\/index.php?rest_route=%2Fwp%2Fv2%2Fcomments&post=4499"}],"version-history":[{"count":4,"href":"http:\/\/akcmv.gov.lv\/index.php?rest_route=\/wp\/v2\/pages\/4499\/revisions"}],"predecessor-version":[{"id":13343,"href":"http:\/\/akcmv.gov.lv\/index.php?rest_route=\/wp\/v2\/pages\/4499\/revisions\/13343"}],"wp:attachment":[{"href":"http:\/\/akcmv.gov.lv\/index.php?rest_route=%2Fwp%2Fv2%2Fmedia&parent=4499"}],"curies":[{"name":"wp","href":"https:\/\/api.w.org\/{rel}","templated":true}]}}