{"id":4507,"date":"2018-09-25T15:18:03","date_gmt":"2018-09-25T12:18:03","guid":{"rendered":"http:\/\/akcmv.gov.lv\/?page_id=4507"},"modified":"2026-03-20T14:11:19","modified_gmt":"2026-03-20T12:11:19","slug":"taustininstrumentu-nodala","status":"publish","type":"page","link":"http:\/\/akcmv.gov.lv\/?page_id=4507","title":{"rendered":"Izgl\u012bt\u012bbas programma &#8220;Tausti\u0146instrumentu sp\u0113le&#8221;"},"content":{"rendered":"<p style=\"text-align: justify;\">Alfr\u0113da Kalni\u0146a C\u0113su M\u016bzikas vidusskolas lepnums un sp\u0113ks ir t\u0101s trad\u012bcijas. Liela da\u013ca Tausti\u0146instrumentu noda\u013cas pedagogu ir ar\u012b m\u016bsu skolas absolventi, turkl\u0101t gandr\u012bz katr\u0101 Vidzemes re\u0123iona m\u016bzikas skol\u0101 str\u0101d\u0101 k\u0101ds no Tausti\u0146instrumentu noda\u013cas absolventiem. M\u016bzikas pedago\u0123ija, veiksm\u012bga producenta karjera, komponista iedvesmojo\u0161ais darbs, d\u017eeza pianista rado\u0161\u0101 ikdiena &#8211; tie visi ir m\u016bsu absolventu izv\u0113l\u0113tie profesion\u0101lie virzieni, kuros vi\u0146i darbojas ar pan\u0101kumiem.<\/p>\n<p style=\"text-align: justify;\">Alfr\u0113da Kalni\u0146a C\u0113su M\u016bzikas vidusskolas Tausti\u0146instrumentu noda\u013cas darb\u012bbas \u0123eogr\u0101fija sniedzas t\u0101lu p\u0101ri Latvijas robe\u017e\u0101m. Vair\u0101ki no skolas audz\u0113k\u0146iem sekm\u012bgi stud\u0113ju\u0161i pasaules un Eiropas konservatorij\u0101s un izv\u0113l\u0113ju\u0161ies savu dz\u012bvi saist\u012bt ar starptautisku vidi. Jau vair\u0101kus gadus starptautiski konkursi ir ar\u012b skolas dz\u012bves sast\u0101vda\u013ca. Sp\u0113j\u012bg\u0101kie Tausti\u0146instrumentu noda\u013cas audz\u0113k\u0146i piedal\u012bju\u0161ies konkursos Francij\u0101, It\u0101lij\u0101, Grie\u0137ij\u0101, Lielbrit\u0101nij\u0101, Polij\u0101, Lietuv\u0101 un Igaunij\u0101, kuros guvu\u0161i v\u0113r\u0101 \u0146emamus pan\u0101kumus.<\/p>\n<p style=\"text-align: justify;\">Akordeona sp\u0113les klase ir viena no jaun\u0101kaj\u0101m skol\u0101. To izveidoja akordeona sp\u0113les pasniedz\u0113js Viktors \u0145ikandrovs, no 2000. gada akordeona sp\u0113li pasniedza Vineta Golubkova, savuk\u0101rt no 2019. gada jaunos akordeonistus m\u0101ca M\u0101ris Rozenfelds. Skol\u0101 tiek organiz\u0113ti akordeona sp\u0113les koncerti, re\u0123ion\u0101lie un valsts konkursi, kuros skolas audz\u0113k\u0146i akt\u012bvi piedal\u0101s un ie\u0146em godalgotas vietas. Audz\u0113k\u0146i ar pan\u0101kumiem start\u0113 ar\u012b starptautiska m\u0113roga notikumos, apmekl\u0113 meistarklases un koncert\u0113 Baltijas valst\u012bs, Skolas absolventi turpina m\u0101c\u012bbas augst\u0101kaj\u0101s m\u0101c\u012bbu iest\u0101d\u0113s, vair\u0101ki no vi\u0146iem pa\u0161i jau k\u013cuvu\u0161i par akordeona sp\u0113les skolot\u0101jiem.<\/p>\n<h3><span style=\"color: #ff6600;\"><strong>Pedagogi:<\/strong><\/span><\/h3>\n<table>\n<tbody>\n<tr>\n<td>\n<h1><img decoding=\"async\" class=\"alignleft\" src=\"http:\/\/akcmv.gov.lv\/wp-content\/uploads\/2018\/06\/blank-profile-picture-973460_1280-150x150.png\" \/><\/h1>\n<h1 style=\"text-align: center;\"><span class=\"alignnone\" style=\"color: #ff6600;\">\u00a0<strong>Guna R\u0101cene<\/strong><\/span><\/h1>\n<h4 style=\"text-align: center;\"><strong>IZGL\u012aT\u012aBAS PROGRAMMAS VAD\u012aT\u0100JA, KLAVIERSP\u0112LES SKOLOT\u0100JA<br \/>\n<\/strong><\/h4>\n<p style=\"text-align: center;\">\n<\/td>\n<\/tr>\n<tr>\n<td><img decoding=\"async\" class=\"alignleft\" src=\"http:\/\/akcmv.gov.lv\/wp-content\/uploads\/2018\/06\/blank-profile-picture-973460_1280-150x150.png\" \/><\/p>\n<h1 style=\"text-align: center;\"><strong><span class=\"alignnone\" style=\"color: #ff6600;\">El\u012bna Asne<\/span><\/strong><\/h1>\n<h4 style=\"text-align: center;\">KLAVIERSP\u0112LES\u00a0SKOLOT\u0100JA<\/h4>\n<p style=\"text-align: center;\">\n<\/td>\n<\/tr>\n<tr>\n<td><img decoding=\"async\" class=\"alignleft\" src=\"http:\/\/akcmv.gov.lv\/wp-content\/uploads\/2018\/06\/blank-profile-picture-973460_1280-150x150.png\" \/><\/p>\n<h1 style=\"text-align: center;\"><strong><span class=\"alignnone\" style=\"color: #ff6600;\">Aija B\u0101rdi\u0146a<\/span><\/strong><\/h1>\n<h4 style=\"text-align: center;\">KLAVIERSP\u0112LES\u00a0SKOLOT\u0100JA<\/h4>\n<p style=\"text-align: center;\">\n<\/td>\n<\/tr>\n<tr>\n<td>\n<h1 style=\"text-align: center;\"><strong><img loading=\"lazy\" decoding=\"async\" class=\" wp-image-5184 alignleft\" src=\"http:\/\/akcmv.gov.lv\/wp-content\/uploads\/2018\/06\/cef93179-7100-4afe-86e3-8ba1d6aeb77d-1-188x300.jpg\" alt=\"\" width=\"207\" height=\"330\" srcset=\"http:\/\/akcmv.gov.lv\/wp-content\/uploads\/2018\/06\/cef93179-7100-4afe-86e3-8ba1d6aeb77d-1-188x300.jpg 188w, http:\/\/akcmv.gov.lv\/wp-content\/uploads\/2018\/06\/cef93179-7100-4afe-86e3-8ba1d6aeb77d-1-768x1223.jpg 768w, http:\/\/akcmv.gov.lv\/wp-content\/uploads\/2018\/06\/cef93179-7100-4afe-86e3-8ba1d6aeb77d-1-643x1024.jpg 643w, http:\/\/akcmv.gov.lv\/wp-content\/uploads\/2018\/06\/cef93179-7100-4afe-86e3-8ba1d6aeb77d-1.jpg 1004w\" sizes=\"auto, (max-width: 207px) 100vw, 207px\" \/><\/strong><\/h1>\n<h1 style=\"text-align: center;\"><strong><span class=\"alignnone\" style=\"color: #ff6600;\">Lauma Gaile<\/span><\/strong><\/h1>\n<h4 style=\"text-align: center;\">KLAVIERSP\u0112LES SKOLOT\u0100JA<\/h4>\n<p style=\"text-align: center;\"><strong><a href=\"http:\/\/akcmv.gov.lv\/?page_id=4513\">las\u012bt vair\u0101k\u00a0par skolot\u0101ju<\/a><\/strong><\/p>\n<\/td>\n<\/tr>\n<tr>\n<td><img decoding=\"async\" class=\"alignleft\" src=\"http:\/\/akcmv.gov.lv\/wp-content\/uploads\/2018\/06\/blank-profile-picture-973460_1280-150x150.png\" \/><\/p>\n<h1 style=\"text-align: center;\"><strong><span class=\"alignnone\" style=\"color: #ff6600;\"><strong>An\u017eela I\u013cjina<\/strong><\/span><\/strong><\/h1>\n<h4 style=\"text-align: center;\">KLAVIERSP\u0112LES\u00a0SKOLOT\u0100JA<\/h4>\n<p style=\"text-align: center;\">\n<\/td>\n<\/tr>\n<tr>\n<td><img loading=\"lazy\" decoding=\"async\" class=\"size-medium wp-image-16706 alignleft\" src=\"http:\/\/akcmv.gov.lv\/wp-content\/uploads\/2026\/02\/Ina_Iljuconoka-225x300.jpg\" alt=\"\" width=\"225\" height=\"300\" srcset=\"http:\/\/akcmv.gov.lv\/wp-content\/uploads\/2026\/02\/Ina_Iljuconoka-225x300.jpg 225w, http:\/\/akcmv.gov.lv\/wp-content\/uploads\/2026\/02\/Ina_Iljuconoka-768x1024.jpg 768w, http:\/\/akcmv.gov.lv\/wp-content\/uploads\/2026\/02\/Ina_Iljuconoka.jpg 782w\" sizes=\"auto, (max-width: 225px) 100vw, 225px\" \/><\/p>\n<h1 style=\"text-align: center;\"><strong><span style=\"color: #ff6600;\">Ina I\u013cju\u010donoka<\/span><\/strong><\/h1>\n<h4 style=\"text-align: center;\">KLAVIERSP\u0112LES\u00a0SKOLOT\u0100JA<\/h4>\n<p style=\"text-align: center;\"><strong><a href=\"https:\/\/akcmv.gov.lv\/?page_id=16710\">las\u012bt vair\u0101k\u00a0par skolot\u0101ju<\/a><\/strong><\/p>\n<\/td>\n<\/tr>\n<tr>\n<td><img decoding=\"async\" class=\"alignleft\" src=\"http:\/\/akcmv.gov.lv\/wp-content\/uploads\/2018\/06\/blank-profile-picture-973460_1280-150x150.png\" \/><\/p>\n<h1 style=\"text-align: center;\"><strong><span style=\"color: #ff6600;\">Dana Java<\/span><\/strong><\/h1>\n<h4 style=\"text-align: center;\">KLAVIERSP\u0112LES\u00a0SKOLOT\u0100JA<\/h4>\n<p style=\"text-align: center;\"><strong><a href=\"https:\/\/akcmv.gov.lv\/?page_id=4732\">las\u012bt vair\u0101k\u00a0par skolot\u0101ju<\/a><\/strong><\/p>\n<\/td>\n<\/tr>\n<tr>\n<td>\n<h1 style=\"text-align: center;\"><strong><span class=\"alignnone\" style=\"color: #ff6600;\"><img loading=\"lazy\" decoding=\"async\" class=\"alignnone size-medium wp-image-4744 alignleft\" src=\"http:\/\/akcmv.gov.lv\/wp-content\/uploads\/2018\/09\/Karklina_Inta-200x300.jpg\" alt=\"\" width=\"200\" height=\"300\" srcset=\"http:\/\/akcmv.gov.lv\/wp-content\/uploads\/2018\/09\/Karklina_Inta-200x300.jpg 200w, http:\/\/akcmv.gov.lv\/wp-content\/uploads\/2018\/09\/Karklina_Inta-768x1152.jpg 768w, http:\/\/akcmv.gov.lv\/wp-content\/uploads\/2018\/09\/Karklina_Inta-683x1024.jpg 683w\" sizes=\"auto, (max-width: 200px) 100vw, 200px\" \/>Inta K\u0101rkli\u0146a<br \/>\n<\/span><\/strong><\/h1>\n<h4 style=\"text-align: center;\">KLAVIERSP\u0112LES\u00a0SKOLOT\u0100JA<\/h4>\n<p style=\"text-align: center;\"><strong><a href=\"http:\/\/akcmv.gov.lv\/?page_id=4743&amp;preview=true\">las\u012bt vair\u0101k\u00a0par skolot\u0101ju<\/a><\/strong><\/p>\n<\/td>\n<\/tr>\n<tr>\n<td>\n<h1><img decoding=\"async\" class=\"alignleft\" src=\"http:\/\/akcmv.gov.lv\/wp-content\/uploads\/2018\/06\/blank-profile-picture-973460_1280-150x150.png\" \/><\/h1>\n<h1 style=\"text-align: center;\"><span class=\"alignnone\" style=\"color: #ff6600;\">\u00a0<strong>Signe Kl\u0101va<\/strong><\/span><\/h1>\n<h4 style=\"text-align: center;\"><strong>KLAVIERSP\u0112LES SKOLOT\u0100JA<br \/>\n<\/strong><\/h4>\n<p style=\"text-align: center;\">\n<\/td>\n<\/tr>\n<tr>\n<td><img decoding=\"async\" class=\"alignleft\" src=\"http:\/\/akcmv.gov.lv\/wp-content\/uploads\/2018\/06\/blank-profile-picture-973460_1280-150x150.png\" \/><\/p>\n<h1 style=\"text-align: center;\"><strong><span class=\"alignnone\" style=\"color: #ff6600;\">Lelde Krasti\u0146a<\/span><\/strong><\/h1>\n<h4 style=\"text-align: center;\">KLAVIERSP\u0112LES UN \u0112R\u0122E\u013bSP\u0112LES SKOLOT\u0100JA<\/h4>\n<p style=\"text-align: center;\">\n<\/td>\n<\/tr>\n<tr>\n<td><img decoding=\"async\" class=\"alignleft\" src=\"http:\/\/akcmv.gov.lv\/wp-content\/uploads\/2018\/06\/blank-profile-picture-973460_1280-150x150.png\" \/><\/p>\n<h1 style=\"text-align: center;\"><strong><span class=\"alignnone\" style=\"color: #ff6600;\">U\u0123is Kri\u0161j\u0101nis<\/span><\/strong><\/h1>\n<h4 style=\"text-align: center;\">KLAVIERSP\u0112LES SKOLOT\u0100JS<\/h4>\n<p style=\"text-align: center;\">\n<\/td>\n<\/tr>\n<tr>\n<td>\n<h1 style=\"text-align: center;\"><img loading=\"lazy\" decoding=\"async\" class=\"size-medium wp-image-7888 alignleft\" src=\"http:\/\/akcmv.gov.lv\/wp-content\/uploads\/2018\/06\/KKZ_4648-200x300.jpg\" alt=\"\" width=\"200\" height=\"300\" srcset=\"http:\/\/akcmv.gov.lv\/wp-content\/uploads\/2018\/06\/KKZ_4648-200x300.jpg 200w, http:\/\/akcmv.gov.lv\/wp-content\/uploads\/2018\/06\/KKZ_4648-768x1152.jpg 768w, http:\/\/akcmv.gov.lv\/wp-content\/uploads\/2018\/06\/KKZ_4648-682x1024.jpg 682w, http:\/\/akcmv.gov.lv\/wp-content\/uploads\/2018\/06\/KKZ_4648.jpg 1333w\" sizes=\"auto, (max-width: 200px) 100vw, 200px\" \/><\/h1>\n<h4 style=\"text-align: center;\"><\/h4>\n<h1 style=\"text-align: center;\"><\/h1>\n<h1 style=\"text-align: center;\"><strong><span class=\"alignnone\" style=\"color: #ff6600;\">Gaida Kurcena<\/span><\/strong><\/h1>\n<h4 style=\"text-align: center;\"><strong>KLAVIERSP\u0112LES SKOLOT\u0100JA<br \/>\n<\/strong><\/h4>\n<p style=\"text-align: center;\"><a href=\"http:\/\/akcmv.gov.lv\/?page_id=4523\"><strong>las\u012bt vair\u0101k\u00a0par skolot\u0101ju<\/strong><\/a><\/p>\n<\/td>\n<\/tr>\n<tr>\n<td><img decoding=\"async\" class=\"alignleft\" src=\"http:\/\/akcmv.gov.lv\/wp-content\/uploads\/2018\/06\/blank-profile-picture-973460_1280-150x150.png\" \/><\/p>\n<h1 style=\"text-align: center;\"><strong><span class=\"alignnone\" style=\"color: #ff6600;\">L\u012bga Lauri\u0146a<\/span><\/strong><\/h1>\n<h4 style=\"text-align: center;\">KLAVIERSP\u0112LES SKOLOT\u0100JA<\/h4>\n<p style=\"text-align: center;\">\n<\/td>\n<\/tr>\n<tr>\n<td>\n<h1 style=\"text-align: center;\"><strong><span class=\"alignnone\" style=\"color: #ff6600;\"><img loading=\"lazy\" decoding=\"async\" class=\"wp-image-13317 size-medium alignleft\" src=\"http:\/\/akcmv.gov.lv\/wp-content\/uploads\/2024\/05\/jana_Martinsone-1-248x300.jpg\" alt=\"\" width=\"248\" height=\"300\" srcset=\"http:\/\/akcmv.gov.lv\/wp-content\/uploads\/2024\/05\/jana_Martinsone-1-248x300.jpg 248w, http:\/\/akcmv.gov.lv\/wp-content\/uploads\/2024\/05\/jana_Martinsone-1-848x1024.jpg 848w, http:\/\/akcmv.gov.lv\/wp-content\/uploads\/2024\/05\/jana_Martinsone-1-768x927.jpg 768w, http:\/\/akcmv.gov.lv\/wp-content\/uploads\/2024\/05\/jana_Martinsone-1-1272x1536.jpg 1272w, http:\/\/akcmv.gov.lv\/wp-content\/uploads\/2024\/05\/jana_Martinsone-1-1696x2048.jpg 1696w\" sizes=\"auto, (max-width: 248px) 100vw, 248px\" \/>Jana Martinsone<\/span><\/strong><\/h1>\n<h4 style=\"text-align: center;\">KLAVIERSP\u0112LES\u00a0SKOLOT\u0100JA<\/h4>\n<p style=\"text-align: center;\"><strong><a href=\"http:\/\/akcmv.gov.lv\/?page_id=4728&amp;preview=true\">las\u012bt vair\u0101k\u00a0par skolot\u0101ju<\/a><\/strong><\/p>\n<p style=\"text-align: center;\">\n<\/td>\n<\/tr>\n<tr>\n<td>\n<h1><img decoding=\"async\" class=\"alignleft\" src=\"http:\/\/akcmv.gov.lv\/wp-content\/uploads\/2018\/06\/blank-profile-picture-973460_1280-150x150.png\" \/><\/h1>\n<h1 style=\"text-align: center;\"><span class=\"alignnone\" style=\"color: #ff6600;\">\u00a0<strong>Guntars Mazkalns<\/strong><\/span><\/h1>\n<h4 style=\"text-align: center;\"><strong>KLAVIERSP\u0112LES SKOLOT\u0100JS<br \/>\n<\/strong><\/h4>\n<p style=\"text-align: center;\">\n<\/td>\n<\/tr>\n<tr>\n<td>\n<h1 style=\"text-align: center;\"><span class=\"alignnone\" style=\"color: #ff6600;\"><img loading=\"lazy\" decoding=\"async\" class=\"size-medium wp-image-4740 alignleft\" src=\"http:\/\/akcmv.gov.lv\/wp-content\/uploads\/2018\/09\/Merga_Irita-157x300.jpg\" alt=\"\" width=\"157\" height=\"300\" srcset=\"http:\/\/akcmv.gov.lv\/wp-content\/uploads\/2018\/09\/Merga_Irita-157x300.jpg 157w, http:\/\/akcmv.gov.lv\/wp-content\/uploads\/2018\/09\/Merga_Irita-768x1469.jpg 768w, http:\/\/akcmv.gov.lv\/wp-content\/uploads\/2018\/09\/Merga_Irita-535x1024.jpg 535w, http:\/\/akcmv.gov.lv\/wp-content\/uploads\/2018\/09\/Merga_Irita.jpg 1765w\" sizes=\"auto, (max-width: 157px) 100vw, 157px\" \/>\u00a0<strong>Irita Merga<\/strong><\/span><\/h1>\n<h4 style=\"text-align: center;\"><strong>KLAVIERSP\u0112LES SKOLOT\u0100JA<br \/>\n<\/strong><\/h4>\n<p style=\"text-align: center;\">\u00a0<a href=\"http:\/\/akcmv.gov.lv\/?page_id=4739&amp;preview=true\"><strong>las\u012bt vair\u0101k\u00a0par skolot\u0101ju<\/strong><\/a><\/p>\n<\/td>\n<\/tr>\n<tr>\n<td>\n<h1><img decoding=\"async\" class=\"alignleft\" src=\"http:\/\/akcmv.gov.lv\/wp-content\/uploads\/2018\/06\/blank-profile-picture-973460_1280-150x150.png\" \/><\/h1>\n<h1 style=\"text-align: center;\"><span class=\"alignnone\" style=\"color: #ff6600;\">\u00a0<strong>M\u0101ris Rozenfelds<\/strong><\/span><\/h1>\n<h4 style=\"text-align: center;\"><strong>AKORDEONA SP\u0112LES SKOLOT\u0100JS<br \/>\n<\/strong><\/h4>\n<p style=\"text-align: center;\">\n<\/td>\n<\/tr>\n<tr>\n<td>\n<h1 style=\"text-align: center;\">\u00a0<span class=\"alignnone\" style=\"color: #ff6600;\"><img loading=\"lazy\" decoding=\"async\" class=\"wp-image-13299 size-medium alignleft\" src=\"http:\/\/akcmv.gov.lv\/wp-content\/uploads\/2024\/05\/Sandra_Tamane-226x300.jpeg\" alt=\"Sandra Tamene\" width=\"226\" height=\"300\" srcset=\"http:\/\/akcmv.gov.lv\/wp-content\/uploads\/2024\/05\/Sandra_Tamane-226x300.jpeg 226w, http:\/\/akcmv.gov.lv\/wp-content\/uploads\/2024\/05\/Sandra_Tamane-772x1024.jpeg 772w, http:\/\/akcmv.gov.lv\/wp-content\/uploads\/2024\/05\/Sandra_Tamane-768x1019.jpeg 768w, http:\/\/akcmv.gov.lv\/wp-content\/uploads\/2024\/05\/Sandra_Tamane.jpeg 1125w\" sizes=\"auto, (max-width: 226px) 100vw, 226px\" \/>\u00a0<strong>Sandra Tamane<\/strong><\/span><\/h1>\n<h4 style=\"text-align: center;\">KLAVIERSP\u0112LES UN \u0112R\u0122E\u013bSP\u0112LES SKOLOT\u0100JA<\/h4>\n<h4 style=\"text-align: center;\"><strong><a href=\"http:\/\/akcmv.gov.lv\/?page_id=4531\">las\u012bt vair\u0101k\u00a0par skolot\u0101ju<\/a><\/strong><\/h4>\n<\/td>\n<\/tr>\n<tr>\n<td>\n<h1 style=\"text-align: center;\"><strong><span class=\"alignnone\" style=\"color: #ff6600;\"><img loading=\"lazy\" decoding=\"async\" class=\"size-medium wp-image-14958 alignleft\" src=\"http:\/\/akcmv.gov.lv\/wp-content\/uploads\/2025\/04\/Muzikas-skola-434-300x200.jpg\" alt=\"\" width=\"300\" height=\"200\" srcset=\"http:\/\/akcmv.gov.lv\/wp-content\/uploads\/2025\/04\/Muzikas-skola-434-300x200.jpg 300w, http:\/\/akcmv.gov.lv\/wp-content\/uploads\/2025\/04\/Muzikas-skola-434-1024x683.jpg 1024w, http:\/\/akcmv.gov.lv\/wp-content\/uploads\/2025\/04\/Muzikas-skola-434-768x512.jpg 768w, http:\/\/akcmv.gov.lv\/wp-content\/uploads\/2025\/04\/Muzikas-skola-434-1536x1024.jpg 1536w, http:\/\/akcmv.gov.lv\/wp-content\/uploads\/2025\/04\/Muzikas-skola-434-2048x1365.jpg 2048w\" sizes=\"auto, (max-width: 300px) 100vw, 300px\" \/>Benita Zv\u012bgule<\/span><\/strong><\/h1>\n<h4 style=\"text-align: center;\">KLAVIERSP\u0112LES SKOLOT\u0100JA<\/h4>\n<p style=\"text-align: center;\"><strong><a href=\"https:\/\/akcmv.gov.lv\/?page_id=15082\">las\u012bt vair\u0101k\u00a0par skolot\u0101ju<\/a><\/strong><\/p>\n<\/td>\n<\/tr>\n<\/tbody>\n<\/table>\n","protected":false},"excerpt":{"rendered":"<p>Alfr\u0113da Kalni\u0146a C\u0113su M\u016bzikas vidusskolas lepnums un sp\u0113ks ir t\u0101s trad\u012bcijas. Liela da\u013ca Tausti\u0146instrumentu noda\u013cas pedagogu ir ar\u012b m\u016bsu skolas absolventi, turkl\u0101t gandr\u012bz katr\u0101 Vidzemes re\u0123iona m\u016bzikas skol\u0101 str\u0101d\u0101 k\u0101ds no Tausti\u0146instrumentu noda\u013cas absolventiem. M\u016bzikas pedago\u0123ija, veiksm\u012bga producenta karjera, komponista iedvesmojo\u0161ais darbs, d\u017eeza pianista rado\u0161\u0101 ikdiena &#8211; tie visi ir m\u016bsu absolventu izv\u0113l\u0113tie profesion\u0101lie virzieni, [&hellip;]<\/p>\n","protected":false},"author":2,"featured_media":0,"parent":0,"menu_order":0,"comment_status":"closed","ping_status":"closed","template":"","meta":{"footnotes":""},"class_list":["post-4507","page","type-page","status-publish","czr-hentry"],"_links":{"self":[{"href":"http:\/\/akcmv.gov.lv\/index.php?rest_route=\/wp\/v2\/pages\/4507","targetHints":{"allow":["GET"]}}],"collection":[{"href":"http:\/\/akcmv.gov.lv\/index.php?rest_route=\/wp\/v2\/pages"}],"about":[{"href":"http:\/\/akcmv.gov.lv\/index.php?rest_route=\/wp\/v2\/types\/page"}],"author":[{"embeddable":true,"href":"http:\/\/akcmv.gov.lv\/index.php?rest_route=\/wp\/v2\/users\/2"}],"replies":[{"embeddable":true,"href":"http:\/\/akcmv.gov.lv\/index.php?rest_route=%2Fwp%2Fv2%2Fcomments&post=4507"}],"version-history":[{"count":49,"href":"http:\/\/akcmv.gov.lv\/index.php?rest_route=\/wp\/v2\/pages\/4507\/revisions"}],"predecessor-version":[{"id":16991,"href":"http:\/\/akcmv.gov.lv\/index.php?rest_route=\/wp\/v2\/pages\/4507\/revisions\/16991"}],"wp:attachment":[{"href":"http:\/\/akcmv.gov.lv\/index.php?rest_route=%2Fwp%2Fv2%2Fmedia&parent=4507"}],"curies":[{"name":"wp","href":"https:\/\/api.w.org\/{rel}","templated":true}]}}