{"id":4513,"date":"2018-06-27T14:08:24","date_gmt":"2018-06-27T11:08:24","guid":{"rendered":"http:\/\/akcmv.gov.lv\/?page_id=4513"},"modified":"2018-12-09T17:57:22","modified_gmt":"2018-12-09T15:57:22","slug":"lauma-gaile","status":"publish","type":"page","link":"http:\/\/akcmv.gov.lv\/?page_id=4513","title":{"rendered":"Lauma Gaile"},"content":{"rendered":"\n\t\t<style type=\"text\/css\">\n\t\t\t#gallery-1 {\n\t\t\t\tmargin: auto;\n\t\t\t}\n\t\t\t#gallery-1 .gallery-item {\n\t\t\t\tfloat: left;\n\t\t\t\tmargin-top: 10px;\n\t\t\t\ttext-align: center;\n\t\t\t\twidth: 100%;\n\t\t\t}\n\t\t\t#gallery-1 img {\n\t\t\t\tborder: 2px solid #cfcfcf;\n\t\t\t}\n\t\t\t#gallery-1 .gallery-caption {\n\t\t\t\tmargin-left: 0;\n\t\t\t}\n\t\t\t\/* see gallery_shortcode() in wp-includes\/media.php *\/\n\t\t<\/style>\n\t\t<div id='gallery-1' class='gallery galleryid-4513 gallery-columns-1 gallery-size-medium'><dl class='gallery-item'>\n\t\t\t<dt class='gallery-icon portrait'>\n\t\t\t\t<a class=\"grouped_elements\" rel=\"tc-fancybox-group\" href=\"http:\/\/akcmv.gov.lv\/wp-content\/uploads\/2018\/06\/cef93179-7100-4afe-86e3-8ba1d6aeb77d-1.jpg\" title=\"\"><img loading=\"lazy\" decoding=\"async\" width=\"188\" height=\"300\" src=\"http:\/\/akcmv.gov.lv\/wp-content\/uploads\/2018\/06\/cef93179-7100-4afe-86e3-8ba1d6aeb77d-1-188x300.jpg\" class=\"attachment-medium size-medium\" alt=\"\" srcset=\"http:\/\/akcmv.gov.lv\/wp-content\/uploads\/2018\/06\/cef93179-7100-4afe-86e3-8ba1d6aeb77d-1-188x300.jpg 188w, http:\/\/akcmv.gov.lv\/wp-content\/uploads\/2018\/06\/cef93179-7100-4afe-86e3-8ba1d6aeb77d-1-768x1223.jpg 768w, http:\/\/akcmv.gov.lv\/wp-content\/uploads\/2018\/06\/cef93179-7100-4afe-86e3-8ba1d6aeb77d-1-643x1024.jpg 643w, http:\/\/akcmv.gov.lv\/wp-content\/uploads\/2018\/06\/cef93179-7100-4afe-86e3-8ba1d6aeb77d-1.jpg 1004w\" sizes=\"auto, (max-width: 188px) 100vw, 188px\" \/><\/a>\n\t\t\t<\/dt><\/dl><br style=\"clear: both\" \/>\n\t\t<\/div>\n\n<h1 style=\"text-align: center;\"><span style=\"color: #ff6600;\"><strong>Lauma Gaile<\/strong><\/span><\/h1>\n<p style=\"text-align: center;\"><strong>Klaviersp\u0113les skolot\u0101ja, koncertmeistare, AKCMV absolvente<\/strong><\/p>\n<hr \/>\n<p style=\"text-align: justify;\"><strong><span style=\"color: #ff6600;\">Skolot\u0101jas v\u0113l\u0113jums audz\u0113k\u0146iem:<br \/>\n<\/span><\/strong><em>&#8220;L\u016bdzu sp\u0113l\u0113t klavieres katru dienu!&#8221;<\/em><\/p>\n<p><strong><span style=\"color: #ff6600;\">Sazi\u0146ai:<br \/>\n<\/span><\/strong><a href=\"mailto:laumagaile@tvnet.lv\">laumagaile@tvnet.lv<\/a><\/p>\n","protected":false},"excerpt":{"rendered":"<p>Lauma Gaile Klaviersp\u0113les skolot\u0101ja, koncertmeistare, AKCMV absolvente Skolot\u0101jas v\u0113l\u0113jums audz\u0113k\u0146iem: &#8220;L\u016bdzu sp\u0113l\u0113t klavieres katru dienu!&#8221; Sazi\u0146ai: laumagaile@tvnet.lv<\/p>\n","protected":false},"author":2,"featured_media":0,"parent":0,"menu_order":0,"comment_status":"closed","ping_status":"closed","template":"","meta":{"footnotes":""},"class_list":["post-4513","page","type-page","status-publish","czr-hentry"],"_links":{"self":[{"href":"http:\/\/akcmv.gov.lv\/index.php?rest_route=\/wp\/v2\/pages\/4513","targetHints":{"allow":["GET"]}}],"collection":[{"href":"http:\/\/akcmv.gov.lv\/index.php?rest_route=\/wp\/v2\/pages"}],"about":[{"href":"http:\/\/akcmv.gov.lv\/index.php?rest_route=\/wp\/v2\/types\/page"}],"author":[{"embeddable":true,"href":"http:\/\/akcmv.gov.lv\/index.php?rest_route=\/wp\/v2\/users\/2"}],"replies":[{"embeddable":true,"href":"http:\/\/akcmv.gov.lv\/index.php?rest_route=%2Fwp%2Fv2%2Fcomments&post=4513"}],"version-history":[{"count":3,"href":"http:\/\/akcmv.gov.lv\/index.php?rest_route=\/wp\/v2\/pages\/4513\/revisions"}],"predecessor-version":[{"id":15083,"href":"http:\/\/akcmv.gov.lv\/index.php?rest_route=\/wp\/v2\/pages\/4513\/revisions\/15083"}],"wp:attachment":[{"href":"http:\/\/akcmv.gov.lv\/index.php?rest_route=%2Fwp%2Fv2%2Fmedia&parent=4513"}],"curies":[{"name":"wp","href":"https:\/\/api.w.org\/{rel}","templated":true}]}}