{"id":4531,"date":"2018-06-27T15:27:26","date_gmt":"2018-06-27T12:27:26","guid":{"rendered":"http:\/\/akcmv.gov.lv\/?page_id=4531"},"modified":"2024-05-24T09:00:13","modified_gmt":"2024-05-24T06:00:13","slug":"sandra-tamane","status":"publish","type":"page","link":"http:\/\/akcmv.gov.lv\/?page_id=4531","title":{"rendered":"Sandra Tamane"},"content":{"rendered":"\n\t\t<style type=\"text\/css\">\n\t\t\t#gallery-1 {\n\t\t\t\tmargin: auto;\n\t\t\t}\n\t\t\t#gallery-1 .gallery-item {\n\t\t\t\tfloat: left;\n\t\t\t\tmargin-top: 10px;\n\t\t\t\ttext-align: center;\n\t\t\t\twidth: 100%;\n\t\t\t}\n\t\t\t#gallery-1 img {\n\t\t\t\tborder: 2px solid #cfcfcf;\n\t\t\t}\n\t\t\t#gallery-1 .gallery-caption {\n\t\t\t\tmargin-left: 0;\n\t\t\t}\n\t\t\t\/* see gallery_shortcode() in wp-includes\/media.php *\/\n\t\t<\/style>\n\t\t<div id='gallery-1' class='gallery galleryid-4531 gallery-columns-1 gallery-size-medium'><dl class='gallery-item'>\n\t\t\t<dt class='gallery-icon portrait'>\n\t\t\t\t<a class=\"grouped_elements\" rel=\"tc-fancybox-group\" href=\"http:\/\/akcmv.gov.lv\/wp-content\/uploads\/2024\/05\/Sandra_Tamane.jpeg\" title=\"\"><img loading=\"lazy\" decoding=\"async\" width=\"226\" height=\"300\" src=\"http:\/\/akcmv.gov.lv\/wp-content\/uploads\/2024\/05\/Sandra_Tamane-226x300.jpeg\" class=\"attachment-medium size-medium\" alt=\"Sandra Tamene\" srcset=\"http:\/\/akcmv.gov.lv\/wp-content\/uploads\/2024\/05\/Sandra_Tamane-226x300.jpeg 226w, http:\/\/akcmv.gov.lv\/wp-content\/uploads\/2024\/05\/Sandra_Tamane-772x1024.jpeg 772w, http:\/\/akcmv.gov.lv\/wp-content\/uploads\/2024\/05\/Sandra_Tamane-768x1019.jpeg 768w, http:\/\/akcmv.gov.lv\/wp-content\/uploads\/2024\/05\/Sandra_Tamane.jpeg 1125w\" sizes=\"auto, (max-width: 226px) 100vw, 226px\" \/><\/a>\n\t\t\t<\/dt><\/dl><br style=\"clear: both\" \/>\n\t\t<\/div>\n\n<h1 style=\"text-align: center;\"><span style=\"color: #ff6600;\"><strong>Sandra Tamane<\/strong><\/span><\/h1>\n<p style=\"text-align: center;\"><strong>klaviersp\u0113les un \u0113r\u0123e\u013csp\u0113les\u00a0skolot\u0101ja, AKCMV absolvente<\/strong><\/p>\n<hr \/>\n<p><strong><span style=\"color: #ff6600;\">Par sevi:<\/span><\/strong><br \/>\n&#8220;Esmu saj\u016bsmas pilna \u0113r\u0123elniece. Ar sirdi un dv\u0113seli m\u012blu \u0161o br\u012bni\u0161\u0137\u012bgo instrumentu &#8211; \u0113r\u0123eles! \u0112r\u0123e\u013cu sp\u0113l\u0113\u0161ana ir neizsak\u0101mi interesanta un aizraujo\u0161a! T\u0101 sniedz daudz pozit\u012bvu emociju!<br \/>\nLabpr\u0101t nododu savu saj\u016bsmu un prasmes saviem audz\u0113k\u0146iem.&#8221;<\/p>\n","protected":false},"excerpt":{"rendered":"<p>Sandra Tamane klaviersp\u0113les un \u0113r\u0123e\u013csp\u0113les\u00a0skolot\u0101ja, AKCMV absolvente Par sevi: &#8220;Esmu saj\u016bsmas pilna \u0113r\u0123elniece. Ar sirdi un dv\u0113seli m\u012blu \u0161o br\u012bni\u0161\u0137\u012bgo instrumentu &#8211; \u0113r\u0123eles! \u0112r\u0123e\u013cu sp\u0113l\u0113\u0161ana ir neizsak\u0101mi interesanta un aizraujo\u0161a! T\u0101 sniedz daudz pozit\u012bvu emociju! Labpr\u0101t nododu savu saj\u016bsmu un prasmes saviem audz\u0113k\u0146iem.&#8221;<\/p>\n","protected":false},"author":2,"featured_media":0,"parent":0,"menu_order":0,"comment_status":"closed","ping_status":"closed","template":"","meta":{"footnotes":""},"class_list":["post-4531","page","type-page","status-publish","czr-hentry"],"_links":{"self":[{"href":"http:\/\/akcmv.gov.lv\/index.php?rest_route=\/wp\/v2\/pages\/4531","targetHints":{"allow":["GET"]}}],"collection":[{"href":"http:\/\/akcmv.gov.lv\/index.php?rest_route=\/wp\/v2\/pages"}],"about":[{"href":"http:\/\/akcmv.gov.lv\/index.php?rest_route=\/wp\/v2\/types\/page"}],"author":[{"embeddable":true,"href":"http:\/\/akcmv.gov.lv\/index.php?rest_route=\/wp\/v2\/users\/2"}],"replies":[{"embeddable":true,"href":"http:\/\/akcmv.gov.lv\/index.php?rest_route=%2Fwp%2Fv2%2Fcomments&post=4531"}],"version-history":[{"count":2,"href":"http:\/\/akcmv.gov.lv\/index.php?rest_route=\/wp\/v2\/pages\/4531\/revisions"}],"predecessor-version":[{"id":13301,"href":"http:\/\/akcmv.gov.lv\/index.php?rest_route=\/wp\/v2\/pages\/4531\/revisions\/13301"}],"wp:attachment":[{"href":"http:\/\/akcmv.gov.lv\/index.php?rest_route=%2Fwp%2Fv2%2Fmedia&parent=4531"}],"curies":[{"name":"wp","href":"https:\/\/api.w.org\/{rel}","templated":true}]}}