{"id":4564,"date":"2018-09-25T15:15:38","date_gmt":"2018-09-25T12:15:38","guid":{"rendered":"http:\/\/akcmv.gov.lv\/?page_id=4564"},"modified":"2024-09-03T10:42:41","modified_gmt":"2024-09-03T07:42:41","slug":"muzikas-teorijas-nodala","status":"publish","type":"page","link":"http:\/\/akcmv.gov.lv\/?page_id=4564","title":{"rendered":"M\u016bzikas teor\u0113tisko m\u0101c\u012bbu priek\u0161metu metodisk\u0101 komisija"},"content":{"rendered":"<p style=\"text-align: justify;\">\u0160\u0137ietami neman\u0101mu, tom\u0113r \u013coti noz\u012bm\u012bgu darbu ar visiem skolas audz\u0113k\u0146iem veic M\u016bzikas teor\u0113tisko m\u0101c\u012bbu priek\u0161metu metodisk\u0101s komisijas pedagogi. Vi\u0146u vad\u012bb\u0101 visi jaunie m\u016bzi\u0137i apg\u016bst m\u016bzikas teorijas pamatus, saprot, k\u0101 veidojas m\u016bzika, un izzina m\u016bzikas likumsakar\u012bbas. M\u016bzikas literat\u016bras stundas bag\u0101tina audz\u0113k\u0146u garu un padara vi\u0146us dz\u012bves gudrus un dz\u012bves j\u016bt\u012bgus.<\/p>\n<h3><span style=\"color: #ff6600;\"><strong>Pedagogi:<\/strong><\/span><\/h3>\n<table>\n<tbody>\n<tr>\n<td>\n<h1 style=\"text-align: center;\"><span class=\"alignnone\" style=\"color: #ff6600;\"><img decoding=\"async\" class=\"alignleft\" src=\"http:\/\/akcmv.gov.lv\/wp-content\/uploads\/2018\/06\/blank-profile-picture-973460_1280-150x150.png\" \/><\/span><\/h1>\n<h1 style=\"text-align: center;\"><strong><span class=\"alignnone\" style=\"color: #ff6600;\">Sandra Dzelzkal\u0113ja<\/span><\/strong><\/h1>\n<h4 style=\"text-align: center;\"><strong>METODISK\u0100S KOMISIJAS VAD\u012aT\u0100JA, M\u016aZIKAS TEORIJAS PRIEK\u0160METU\u00a0SKOLOT\u0100JA<\/strong><\/h4>\n<\/td>\n<\/tr>\n<tr>\n<td><img loading=\"lazy\" decoding=\"async\" class=\" wp-image-5574 alignleft\" src=\"http:\/\/akcmv.gov.lv\/wp-content\/uploads\/2018\/09\/Ilona-Pakalne-200x300.jpg\" alt=\"\" width=\"221\" height=\"332\" srcset=\"http:\/\/akcmv.gov.lv\/wp-content\/uploads\/2018\/09\/Ilona-Pakalne-200x300.jpg 200w, http:\/\/akcmv.gov.lv\/wp-content\/uploads\/2018\/09\/Ilona-Pakalne.jpg 240w\" sizes=\"auto, (max-width: 221px) 100vw, 221px\" \/><\/p>\n<h1 style=\"text-align: center;\"><strong><span class=\"alignnone\" style=\"color: #ff6600;\">Ilona\u00a0A\u013c\u013cena<\/span><\/strong><\/h1>\n<h4 style=\"text-align: center;\"><strong>M\u016aZIKAS TEORIJAS PRIEK\u0160METU\u00a0SKOLOT\u0100JA<\/strong><\/h4>\n<p style=\"text-align: center;\">\n<\/td>\n<\/tr>\n<tr>\n<td>\n<h1 style=\"text-align: center;\"><strong><span class=\"alignnone\" style=\"color: #ff6600;\"><img loading=\"lazy\" decoding=\"async\" class=\"size-medium wp-image-11541 alignleft\" src=\"http:\/\/akcmv.gov.lv\/wp-content\/uploads\/2023\/09\/Laura_Freimane_web-2-300x202.jpg\" alt=\"Laura Freimane\" width=\"300\" height=\"202\" srcset=\"http:\/\/akcmv.gov.lv\/wp-content\/uploads\/2023\/09\/Laura_Freimane_web-2-300x202.jpg 300w, http:\/\/akcmv.gov.lv\/wp-content\/uploads\/2023\/09\/Laura_Freimane_web-2-1024x691.jpg 1024w, http:\/\/akcmv.gov.lv\/wp-content\/uploads\/2023\/09\/Laura_Freimane_web-2-768x518.jpg 768w, http:\/\/akcmv.gov.lv\/wp-content\/uploads\/2023\/09\/Laura_Freimane_web-2-1536x1036.jpg 1536w, http:\/\/akcmv.gov.lv\/wp-content\/uploads\/2023\/09\/Laura_Freimane_web-2-2048x1382.jpg 2048w\" sizes=\"auto, (max-width: 300px) 100vw, 300px\" \/><\/span><\/strong><\/h1>\n<h1 style=\"text-align: center;\"><strong><span class=\"alignnone\" style=\"color: #ff6600;\">Laura Freimane<\/span><\/strong><\/h1>\n<h4 style=\"text-align: center;\"><strong>RITMIKAS SKOLOT\u0100JA<\/strong><\/h4>\n<p style=\"text-align: center;\"><a href=\"https:\/\/akcmv.gov.lv\/?page_id=11535\"><strong>las\u012bt vair\u0101k\u00a0par skolot\u0101ju<\/strong><\/a><\/p>\n<\/td>\n<\/tr>\n<tr>\n<td><img loading=\"lazy\" decoding=\"async\" class=\"size-medium wp-image-4650 alignleft\" src=\"http:\/\/akcmv.gov.lv\/wp-content\/uploads\/2018\/09\/Lapina_Iveta-1-300x200.jpg\" alt=\"\" width=\"300\" height=\"200\" srcset=\"http:\/\/akcmv.gov.lv\/wp-content\/uploads\/2018\/09\/Lapina_Iveta-1-300x200.jpg 300w, http:\/\/akcmv.gov.lv\/wp-content\/uploads\/2018\/09\/Lapina_Iveta-1-768x512.jpg 768w, http:\/\/akcmv.gov.lv\/wp-content\/uploads\/2018\/09\/Lapina_Iveta-1-1024x683.jpg 1024w\" sizes=\"auto, (max-width: 300px) 100vw, 300px\" \/><\/p>\n<h1 style=\"text-align: center;\"><strong><span class=\"alignnone\" style=\"color: #ff6600;\">Iveta Lapi\u0146a<\/span><\/strong><\/h1>\n<h4 style=\"text-align: center;\"><strong>M\u016aZIKAS TEORIJAS PRIEK\u0160METU\u00a0SKOLOT\u0100JA<\/strong><\/h4>\n<p style=\"text-align: center;\"><a href=\"http:\/\/akcmv.gov.lv\/?page_id=4647&amp;preview=true\"><strong>las\u012bt vair\u0101k\u00a0par skolot\u0101ju<\/strong><\/a><\/p>\n<\/td>\n<\/tr>\n<tr>\n<td>\n<h1 style=\"text-align: center;\"><strong><span class=\"alignnone\" style=\"color: #ff6600;\"><img loading=\"lazy\" decoding=\"async\" class=\"size-medium wp-image-13375 alignleft\" src=\"http:\/\/akcmv.gov.lv\/wp-content\/uploads\/2024\/05\/ZKL_4952-1-203x300.jpg\" alt=\"\" width=\"203\" height=\"300\" srcset=\"http:\/\/akcmv.gov.lv\/wp-content\/uploads\/2024\/05\/ZKL_4952-1-203x300.jpg 203w, http:\/\/akcmv.gov.lv\/wp-content\/uploads\/2024\/05\/ZKL_4952-1-692x1024.jpg 692w, http:\/\/akcmv.gov.lv\/wp-content\/uploads\/2024\/05\/ZKL_4952-1-768x1137.jpg 768w, http:\/\/akcmv.gov.lv\/wp-content\/uploads\/2024\/05\/ZKL_4952-1-1038x1536.jpg 1038w, http:\/\/akcmv.gov.lv\/wp-content\/uploads\/2024\/05\/ZKL_4952-1.jpg 1229w\" sizes=\"auto, (max-width: 203px) 100vw, 203px\" \/>M\u0101r\u012bte Lodzi\u0146a<\/span><\/strong><\/h1>\n<h4 style=\"text-align: center;\"><strong>M\u016aZIKAS TEORIJAS PRIEK\u0160METU\u00a0SKOLOT\u0100JA<\/strong><\/h4>\n<p style=\"text-align: center;\"><a href=\"https:\/\/akcmv.gov.lv\/?page_id=13369\"><strong>las\u012bt vair\u0101k\u00a0par skolot\u0101ju<\/strong><\/a><\/p>\n<\/td>\n<\/tr>\n<tr>\n<td>\n<h1 style=\"text-align: center;\"><img loading=\"lazy\" decoding=\"async\" class=\"size-medium wp-image-4632 alignleft\" src=\"http:\/\/akcmv.gov.lv\/wp-content\/uploads\/2018\/09\/Zviedrane_Elita-1-e1536229150828-200x300.jpg\" alt=\"\" width=\"200\" height=\"300\" srcset=\"http:\/\/akcmv.gov.lv\/wp-content\/uploads\/2018\/09\/Zviedrane_Elita-1-e1536229150828-200x300.jpg 200w, http:\/\/akcmv.gov.lv\/wp-content\/uploads\/2018\/09\/Zviedrane_Elita-1-e1536229150828-768x1152.jpg 768w, http:\/\/akcmv.gov.lv\/wp-content\/uploads\/2018\/09\/Zviedrane_Elita-1-e1536229150828-683x1024.jpg 683w\" sizes=\"auto, (max-width: 200px) 100vw, 200px\" \/><\/h1>\n<h1 style=\"text-align: center;\">\u00a0<span class=\"alignnone\" style=\"color: #ff6600;\"><strong>Elita Zviedr\u0101ne<\/strong><\/span><\/h1>\n<h4 style=\"text-align: center;\"><strong>M\u016aZIKAS TEORIJAS PRIEK\u0160METU\u00a0SKOLOT\u0100JA<\/strong><\/h4>\n<h4 style=\"text-align: center;\"><a href=\"http:\/\/akcmv.gov.lv\/?page_id=4629&amp;preview=true\"><strong>las\u012bt vair\u0101k\u00a0par skolot\u0101ju<\/strong><\/a><\/h4>\n<\/td>\n<\/tr>\n<\/tbody>\n<\/table>\n","protected":false},"excerpt":{"rendered":"<p>\u0160\u0137ietami neman\u0101mu, tom\u0113r \u013coti noz\u012bm\u012bgu darbu ar visiem skolas audz\u0113k\u0146iem veic M\u016bzikas teor\u0113tisko m\u0101c\u012bbu priek\u0161metu metodisk\u0101s komisijas pedagogi. Vi\u0146u vad\u012bb\u0101 visi jaunie m\u016bzi\u0137i apg\u016bst m\u016bzikas teorijas pamatus, saprot, k\u0101 veidojas m\u016bzika, un izzina m\u016bzikas likumsakar\u012bbas. M\u016bzikas literat\u016bras stundas bag\u0101tina audz\u0113k\u0146u garu un padara vi\u0146us dz\u012bves gudrus un dz\u012bves j\u016bt\u012bgus. Pedagogi: Sandra Dzelzkal\u0113ja METODISK\u0100S KOMISIJAS VAD\u012aT\u0100JA, [&hellip;]<\/p>\n","protected":false},"author":2,"featured_media":0,"parent":0,"menu_order":0,"comment_status":"closed","ping_status":"closed","template":"","meta":{"footnotes":""},"class_list":["post-4564","page","type-page","status-publish","czr-hentry"],"_links":{"self":[{"href":"http:\/\/akcmv.gov.lv\/index.php?rest_route=\/wp\/v2\/pages\/4564","targetHints":{"allow":["GET"]}}],"collection":[{"href":"http:\/\/akcmv.gov.lv\/index.php?rest_route=\/wp\/v2\/pages"}],"about":[{"href":"http:\/\/akcmv.gov.lv\/index.php?rest_route=\/wp\/v2\/types\/page"}],"author":[{"embeddable":true,"href":"http:\/\/akcmv.gov.lv\/index.php?rest_route=\/wp\/v2\/users\/2"}],"replies":[{"embeddable":true,"href":"http:\/\/akcmv.gov.lv\/index.php?rest_route=%2Fwp%2Fv2%2Fcomments&post=4564"}],"version-history":[{"count":17,"href":"http:\/\/akcmv.gov.lv\/index.php?rest_route=\/wp\/v2\/pages\/4564\/revisions"}],"predecessor-version":[{"id":13583,"href":"http:\/\/akcmv.gov.lv\/index.php?rest_route=\/wp\/v2\/pages\/4564\/revisions\/13583"}],"wp:attachment":[{"href":"http:\/\/akcmv.gov.lv\/index.php?rest_route=%2Fwp%2Fv2%2Fmedia&parent=4564"}],"curies":[{"name":"wp","href":"https:\/\/api.w.org\/{rel}","templated":true}]}}