{"id":4629,"date":"2018-09-26T11:30:31","date_gmt":"2018-09-26T08:30:31","guid":{"rendered":"http:\/\/akcmv.gov.lv\/?page_id=4629"},"modified":"2023-09-25T12:39:08","modified_gmt":"2023-09-25T09:39:08","slug":"elita-zviedrane","status":"publish","type":"page","link":"http:\/\/akcmv.gov.lv\/?page_id=4629","title":{"rendered":"Elita Zviedr\u0101ne"},"content":{"rendered":"\n\t\t<style type=\"text\/css\">\n\t\t\t#gallery-1 {\n\t\t\t\tmargin: auto;\n\t\t\t}\n\t\t\t#gallery-1 .gallery-item {\n\t\t\t\tfloat: left;\n\t\t\t\tmargin-top: 10px;\n\t\t\t\ttext-align: center;\n\t\t\t\twidth: 100%;\n\t\t\t}\n\t\t\t#gallery-1 img {\n\t\t\t\tborder: 2px solid #cfcfcf;\n\t\t\t}\n\t\t\t#gallery-1 .gallery-caption {\n\t\t\t\tmargin-left: 0;\n\t\t\t}\n\t\t\t\/* see gallery_shortcode() in wp-includes\/media.php *\/\n\t\t<\/style>\n\t\t<div id='gallery-1' class='gallery galleryid-4629 gallery-columns-1 gallery-size-medium'><dl class='gallery-item'>\n\t\t\t<dt class='gallery-icon portrait'>\n\t\t\t\t<a class=\"grouped_elements\" rel=\"tc-fancybox-group\" href=\"http:\/\/akcmv.gov.lv\/wp-content\/uploads\/2018\/09\/Zviedrane_Elita-e1536228154873.jpg\" title=\"\"><img loading=\"lazy\" decoding=\"async\" width=\"200\" height=\"300\" src=\"http:\/\/akcmv.gov.lv\/wp-content\/uploads\/2018\/09\/Zviedrane_Elita-e1536228154873-200x300.jpg\" class=\"attachment-medium size-medium\" alt=\"\" srcset=\"http:\/\/akcmv.gov.lv\/wp-content\/uploads\/2018\/09\/Zviedrane_Elita-e1536228154873-200x300.jpg 200w, http:\/\/akcmv.gov.lv\/wp-content\/uploads\/2018\/09\/Zviedrane_Elita-e1536228154873-768x1152.jpg 768w, http:\/\/akcmv.gov.lv\/wp-content\/uploads\/2018\/09\/Zviedrane_Elita-e1536228154873-683x1024.jpg 683w\" sizes=\"auto, (max-width: 200px) 100vw, 200px\" \/><\/a>\n\t\t\t<\/dt><\/dl><br style=\"clear: both\" \/>\n\t\t<\/div>\n\n<h1 style=\"text-align: center;\"><span style=\"color: #ff6600;\"><strong>Elita Zviedr\u0101ne<\/strong><\/span><\/h1>\n<p style=\"text-align: center;\"><strong>M\u016bzikas teorijas un \u0123it\u0101rsp\u0113les skolot\u0101ja, AKCMV absolvente<\/strong><\/p>\n<hr \/>\n<p style=\"text-align: justify;\"><strong><span style=\"color: #ff6600;\">Par skolot\u0101ju:<\/span><\/strong><\/p>\n<p style=\"text-align: justify;\">Ma\u0123istra gr\u0101ds pedago\u0123ij\u0101. 35 gadu pedago\u0123isk\u0101 pieredze, no tiem 20 gadi profesion\u0101l\u0101 izgl\u012bt\u012bb\u0101. Regul\u0101ri apmekl\u0113 profesion\u0101l\u0101s pilnveides kursus, semin\u0101rus, meistarklases, konferences. Apmekl\u0113jusi meistarklases pie profesoriem: Juliuss Kurausks (Lietuva), Heiki Metliks (Igaunija), Katalin Koltai (Ung\u0101rija), Aleksandrs Vi\u0146ickis (Krievija), Igors \u0160o\u0161ins (Baltkrievija), Vladislavs Blaha (\u010cehija), Andrea Monarda (It\u0101lija), Rodijs van Gemerts (Somija), Kapars Zem\u012btis, Vladimirs Kudrins, M\u0101ris Kup\u010ds, (Latvija) u.c. Flamenko virzienu m\u0101c\u012bjusies pie flamenko \u0123it\u0101rista Andra K\u0101rkli\u0146a. Darb\u0101 ar audz\u0113k\u0146iem izmanto pa\u0161as jaun\u0101k\u0101s metodes pedago\u0123ij\u0101, psiholo\u0123ij\u0101 un metodik\u0101. Skolot\u0101ja atzin\u012bgi nov\u0113rt\u0113ta par ilggad\u0113ju ieguld\u012bjumu C\u0113su novada b\u0113rnu un jaunie\u0161u kult\u016brizgl\u012bt\u012bb\u0101 un audz\u0113k\u0146u sasniegumiem konkursos. Ar AKCMV audz\u0113k\u0146iem piedal\u012bjusies Eiropas d\u017eeza un popul\u0101r\u0101s m\u016bzikas nometn\u0113 Austrij\u0101, g\u016bstot pieredzi meistarklas\u0113s pie izciliem m\u016bzi\u0137iem no da\u017e\u0101d\u0101m valst\u012bm, k\u0101 piem\u0113ram V\u0101cijas, Francijas, Sp\u0101nijas, Austrijas u.c. Individu\u0101la pieeja katram audz\u0113knim ar\u012b m\u016bzikas teorijas stund\u0101s. Akt\u012bvi iesaist\u0101s \u0123it\u0101ras sp\u0113les un m\u016bzikas teorijas metodisk\u0101 darba populariz\u0113\u0161an\u0101, vadot meistarklases, atkl\u0101t\u0101s stundas un metodiskos semin\u0101rus re\u0123ion\u0101 un valst\u012b. Darbojas Latvijas m\u016bzikas skolu akredit\u0101cijas un atest\u0101cijas ekspertu darba komisij\u0101s.<\/p>\n<p style=\"text-align: justify;\">E.Zviedr\u0101ne:<\/p>\n<p style=\"text-align: justify;\"><em>\u201cJebkura m\u016bzikas instrumenta apguvei ir nepiecie\u0161ama <strong>m\u016bzikas teorija jeb solfed\u017eo.<\/strong> Lai sp\u0113l\u0113tu instrumentu, ir svar\u012bgi, lai b\u016btu att\u012bst\u012bta iek\u0161\u0113j\u0101 muzik\u0101l\u0101 dzirde un muzik\u0101l\u0101 dom\u0101\u0161ana. To var att\u012bst\u012bt tie\u0161i solfed\u017eo stund\u0101s, dziedot p\u0113c not\u012bm da\u017e\u0101das melodijas, sp\u0113l\u0113jot da\u017e\u0101das kust\u012bbu un ritma sp\u0113les un ieklausoties da\u017e\u0101d\u0101s m\u016bzikas rakstura un noska\u0146u mai\u0146\u0101s. Tie\u0161i solfed\u017eo stundas visvair\u0101k veicina koncentr\u0113\u0161an\u0101s sp\u0113jas, tren\u0113 atmi\u0146u, att\u012bsta abas smadze\u0146u puslodes, jo dzied\u0101t vienu un sp\u0113l\u0113t kaut ko citu \u2013 tas nemaz nav tik vienk\u0101r\u0161i, bet tik noder\u012bgi m\u016bsu dom\u0101\u0161anas procesiem.<\/em><br \/>\n<em>M\u016bzikas teorijas stundas sniedz iesp\u0113ju rado\u0161i izpaust savas emocijas, k\u0101 ar\u012b att\u012bsta pirm\u0101s kolekt\u012bv\u0101s muzic\u0113\u0161anas iema\u0146as.<\/em><br \/>\n<em>T\u0101tad \u0161aj\u0101s stund\u0101s tu att\u012bsti ne tikai dzirdi, bet ar\u012b rado\u0161umu un dom\u0101\u0161anu. Tas ir ce\u013c\u0161, lai muzic\u0113tu uz sava izv\u0113l\u0113t\u0101 instrumenta!<\/em><br \/>\n<strong><em>L\u016bk, tik dom\u0101jo\u0161s, tai pat laik\u0101 rado\u0161s un priekpilns ir solfed\u017eo!<\/em><\/strong><\/p>\n<p style=\"text-align: justify;\"><em><strong>K\u0101p\u0113c izv\u0113l\u0113ties sp\u0113l\u0113t tie\u0161i \u0123it\u0101ru?<\/strong> <\/em><br \/>\n<em>\u00a0\u2013 Popul\u0101rs instruments visos laikos<\/em><br \/>\n<em>\u2013 Vienm\u0113r var pa\u0146emt l\u012bdzi uz pas\u0101kumiem<\/em><br \/>\n<em>\u2013 Var sp\u0113l\u0113t k\u0101 solo instrumentu, izpildot skaistas melodijas gan ar\u012b k\u0101 pavado\u0161o instrumentu, dziedot popul\u0101ras dziesmas<\/em><br \/>\n<em>\u2013 Instruments ar pat\u012bkamu, maigu pieklusin\u0101tu ska\u0146u, bet var piesl\u0113gt ar\u012b pie ska\u0146as pastiprin\u0101t\u0101ja un ieg\u016bt \u013coti v\u0113rien\u012bgu un ska\u013cu ska\u0146u.<\/em><br \/>\n<em>Ja izv\u0113l\u0113sies pievienoties m\u016bsu pulkam, var\u0113si iepriecin\u0101t gan sevi, gan citus muzic\u0113jot da\u017e\u0101dos \u0123imenes un draugu saietos, t\u0101pat ar\u012b koncert\u0113t da\u017e\u0101da m\u0113roga pas\u0101kumos. M\u016bzikas skolas \u0123it\u0101risti ir koncert\u0113ju\u0161i novada, re\u0123iona, un valsts m\u0113roga pas\u0101kumos, konkursos, festiv\u0101los, kuros ir g\u016btas godalgotas vietas un profesion\u0101\u013cu atzin\u012bba.\u201d<\/em><\/p>\n<p style=\"text-align: justify;\"><strong><span style=\"color: #ff6600;\">Skolot\u0101jas v\u0113l\u0113jums audz\u0113k\u0146iem:<br \/>\n<\/span><\/strong><em>&#8220;Protams, ikkatra jauna m\u0101c\u012b\u0161an\u0101s prasa savu ieguld\u012bjumu, t\u0101p\u0113c pirms pie\u0146em l\u0113mumu, izv\u0113rt\u0113, k\u0101 m\u016bzikas skola iek\u013causies Tav\u0101 dienas pl\u0101n\u0101. T\u0101pat atceries, ka jebkura jauna m\u0101c\u012b\u0161an\u0101s ir aizraujo\u0161a un ar pilnu degsmi v\u0113l\u0113sies \u201cmesties izaicin\u0101jum\u0101\u201d, ta\u010du neizpaliks ar\u012b \u201ctuk\u0161ie periodi\u201d, kad da\u017ek\u0101rt b\u016bs gr\u016bt\u012bbas vai ar\u012b m\u0101c\u012b\u0161an\u0101s vairs nesag\u0101d\u0101s tik lielu prieku k\u0101 s\u0101kum\u0101. Tad atceries, ka \u0161\u012bs f\u0101zes ir norm\u0101la par\u0101d\u012bba un neapst\u0101jies pie sasniegt\u0101. Jaut\u0101jums Tev \u2013 vai turpin\u0101si ies\u0101kto ar\u012b gr\u016btajos br\u012b\u017eos? L\u012bdz\u012bgi k\u0101 sport\u0101 \u2013 lai sasniegtu pan\u0101kumus, ir nepiecie\u0161ami regul\u0101ri treni\u0146i un piep\u016ble, t\u0101p\u0113c bez regul\u0101ras vingrin\u0101\u0161an\u0101s neiztikt.<\/em><br \/>\n<em>Ja gribi piepild\u012bt savu sapni, tad n\u0101c, neatkar\u012bgi no t\u0101, vai v\u0113l\u0101k att\u012bst\u012bsies muzik\u0101l\u0101s dot\u012bbas vai n\u0113, jo tu neko nevari zaud\u0113t, bet tikai ieg\u016bt neaizmirstamu pieredzi, jaunas prasmes, zin\u0101\u0161anas un, protams, jaunus draugus!&#8221;<\/em><\/p>\n<p style=\"text-align: justify;\"><strong><span style=\"color: #ff6600;\">Sazi\u0146ai:\u00a0<\/span><\/strong><\/p>\n<p><a href=\"https:\/\/www.facebook.com\/elita.zviedrane\"><span style=\"color: #ff6600;\">https:\/\/www.facebook.com\/elita.zviedrane<\/span><\/a><br \/>\ne-pasts:\u00a0<a href=\"mailto:elita.zviedrane@gmail.com\">elita.zviedrane@gmail.com<br \/>\n<\/a>mob. t\u0101lr. 29186374<\/p>\n<p><a href=\"mailto:elita.zviedrane@gmail.com\">\u00a0<\/a><\/p>\n","protected":false},"excerpt":{"rendered":"<p>Elita Zviedr\u0101ne M\u016bzikas teorijas un \u0123it\u0101rsp\u0113les skolot\u0101ja, AKCMV absolvente Par skolot\u0101ju: Ma\u0123istra gr\u0101ds pedago\u0123ij\u0101. 35 gadu pedago\u0123isk\u0101 pieredze, no tiem 20 gadi profesion\u0101l\u0101 izgl\u012bt\u012bb\u0101. Regul\u0101ri apmekl\u0113 profesion\u0101l\u0101s pilnveides kursus, semin\u0101rus, meistarklases, konferences. Apmekl\u0113jusi meistarklases pie profesoriem: Juliuss Kurausks (Lietuva), Heiki Metliks (Igaunija), Katalin Koltai (Ung\u0101rija), Aleksandrs Vi\u0146ickis (Krievija), Igors \u0160o\u0161ins (Baltkrievija), Vladislavs Blaha (\u010cehija), Andrea [&hellip;]<\/p>\n","protected":false},"author":2,"featured_media":0,"parent":0,"menu_order":0,"comment_status":"closed","ping_status":"closed","template":"","meta":{"footnotes":""},"class_list":["post-4629","page","type-page","status-publish","czr-hentry"],"_links":{"self":[{"href":"http:\/\/akcmv.gov.lv\/index.php?rest_route=\/wp\/v2\/pages\/4629","targetHints":{"allow":["GET"]}}],"collection":[{"href":"http:\/\/akcmv.gov.lv\/index.php?rest_route=\/wp\/v2\/pages"}],"about":[{"href":"http:\/\/akcmv.gov.lv\/index.php?rest_route=\/wp\/v2\/types\/page"}],"author":[{"embeddable":true,"href":"http:\/\/akcmv.gov.lv\/index.php?rest_route=\/wp\/v2\/users\/2"}],"replies":[{"embeddable":true,"href":"http:\/\/akcmv.gov.lv\/index.php?rest_route=%2Fwp%2Fv2%2Fcomments&post=4629"}],"version-history":[{"count":5,"href":"http:\/\/akcmv.gov.lv\/index.php?rest_route=\/wp\/v2\/pages\/4629\/revisions"}],"predecessor-version":[{"id":11724,"href":"http:\/\/akcmv.gov.lv\/index.php?rest_route=\/wp\/v2\/pages\/4629\/revisions\/11724"}],"wp:attachment":[{"href":"http:\/\/akcmv.gov.lv\/index.php?rest_route=%2Fwp%2Fv2%2Fmedia&parent=4629"}],"curies":[{"name":"wp","href":"https:\/\/api.w.org\/{rel}","templated":true}]}}