{"id":4641,"date":"2018-09-26T11:29:56","date_gmt":"2018-09-26T08:29:56","guid":{"rendered":"http:\/\/akcmv.gov.lv\/?page_id=4641"},"modified":"2018-10-08T09:15:03","modified_gmt":"2018-10-08T06:15:03","slug":"anitra-rause","status":"publish","type":"page","link":"http:\/\/akcmv.gov.lv\/?page_id=4641","title":{"rendered":"Anitra Rause"},"content":{"rendered":"\n\t\t<style type=\"text\/css\">\n\t\t\t#gallery-1 {\n\t\t\t\tmargin: auto;\n\t\t\t}\n\t\t\t#gallery-1 .gallery-item {\n\t\t\t\tfloat: left;\n\t\t\t\tmargin-top: 10px;\n\t\t\t\ttext-align: center;\n\t\t\t\twidth: 100%;\n\t\t\t}\n\t\t\t#gallery-1 img {\n\t\t\t\tborder: 2px solid #cfcfcf;\n\t\t\t}\n\t\t\t#gallery-1 .gallery-caption {\n\t\t\t\tmargin-left: 0;\n\t\t\t}\n\t\t\t\/* see gallery_shortcode() in wp-includes\/media.php *\/\n\t\t<\/style>\n\t\t<div id='gallery-1' class='gallery galleryid-4641 gallery-columns-1 gallery-size-medium'><dl class='gallery-item'>\n\t\t\t<dt class='gallery-icon portrait'>\n\t\t\t\t<a class=\"grouped_elements\" rel=\"tc-fancybox-group\" href=\"http:\/\/akcmv.gov.lv\/wp-content\/uploads\/2018\/09\/Rause_Anitra-1.jpg\" title=\"\"><img loading=\"lazy\" decoding=\"async\" width=\"240\" height=\"300\" src=\"http:\/\/akcmv.gov.lv\/wp-content\/uploads\/2018\/09\/Rause_Anitra-1-240x300.jpg\" class=\"attachment-medium size-medium\" alt=\"\" srcset=\"http:\/\/akcmv.gov.lv\/wp-content\/uploads\/2018\/09\/Rause_Anitra-1-240x300.jpg 240w, http:\/\/akcmv.gov.lv\/wp-content\/uploads\/2018\/09\/Rause_Anitra-1-768x959.jpg 768w, http:\/\/akcmv.gov.lv\/wp-content\/uploads\/2018\/09\/Rause_Anitra-1-820x1024.jpg 820w, http:\/\/akcmv.gov.lv\/wp-content\/uploads\/2018\/09\/Rause_Anitra-1.jpg 990w\" sizes=\"auto, (max-width: 240px) 100vw, 240px\" \/><\/a>\n\t\t\t<\/dt><\/dl><br style=\"clear: both\" \/>\n\t\t<\/div>\n\n<h1 style=\"text-align: center;\"><span style=\"color: #ff6600;\"><strong>Anitra Rause<\/strong><\/span><\/h1>\n<p style=\"text-align: center;\"><strong>Kora klases, solfed\u017eo un m\u016bzikas literat\u016bras skolot\u0101ja<\/strong><\/p>\n<hr \/>\n<p style=\"text-align: justify;\"><strong><span style=\"color: #ff6600;\">Par skolot\u0101ju:<\/span><\/strong><br \/>\n<strong>A.Rause:<\/strong><em> &#8220;Esmu uzaugusi skolot\u0101ju un m\u016bzi\u0137u \u0123imen\u0113 un m\u0101c\u012bta jau no maz\u0101m dien\u0101m m\u012bl\u0113t latvie\u0161u tautas un klasisko m\u016bziku un to ar\u012b cen\u0161os dot t\u0101l\u0101k saviem audz\u0113k\u0146iem. Bie\u017ei ar skol\u0113niem dodamies uz da\u017e\u0101diem koncertiem, operu, ekskursij\u0101m. Audz\u0113k\u0146i p\u0113c tam raksta savas domas jeb recenzijas par piedz\u012bvoto.<\/em><\/p>\n<p><em>N\u0101kotn\u0113 v\u0113l\u0113tos aizvest savus skol\u0113nus uz Helsinkiem un Bergenu &#8211; Sibeliusa un Edvarda Gr\u012bga br\u012bni\u0161\u0137\u012bgajiem muzejiem. Uzskatu, ka mans liel\u0101kais sasniegums ir tad, ja b\u0113rni un es &#8211; m\u0113s kop\u0101 g\u016bstam prieku no t\u0101, ko stund\u0101 vai \u0101rpus t\u0101s dar\u0101m.&#8221;<\/em><\/p>\n<p style=\"text-align: justify;\"><strong><span style=\"color: #ff6600;\">Skolot\u0101jas v\u0113l\u0113jums audz\u0113k\u0146iem:<br \/>\n<\/span><\/strong><em>&#8220;M\u016bzika noteikti bag\u0101tin\u0101s j\u016bsu dz\u012bvi! <\/em><br \/>\n<em>M\u0101c\u012bbas m\u016bzikas skol\u0101 ikvienu disciplin\u0113s un iem\u0101c\u012bs p\u0101rvar\u0113t pa\u0161am sevi.<\/em><\/p>\n<p><em>Ticu, ka var\u0113sim sadarboties!<\/em><br \/>\n<em>Gaid\u012b\u0161u tie\u0161i Tevi!\u00a0:)&#8221;\u00a0<\/em><\/p>\n<p><strong><span style=\"color: #ff6600;\">Sazi\u0146ai:<br \/>\n<\/span><\/strong>e-pasts:\u00a0<a href=\"mailto:anitrarause@inbox.lv\">anitrarause@inbox.lv<br \/>\n<\/a>Mob.t\u0101lr. 26424495<\/p>\n","protected":false},"excerpt":{"rendered":"<p>Anitra Rause Kora klases, solfed\u017eo un m\u016bzikas literat\u016bras skolot\u0101ja Par skolot\u0101ju: A.Rause: &#8220;Esmu uzaugusi skolot\u0101ju un m\u016bzi\u0137u \u0123imen\u0113 un m\u0101c\u012bta jau no maz\u0101m dien\u0101m m\u012bl\u0113t latvie\u0161u tautas un klasisko m\u016bziku un to ar\u012b cen\u0161os dot t\u0101l\u0101k saviem audz\u0113k\u0146iem. Bie\u017ei ar skol\u0113niem dodamies uz da\u017e\u0101diem koncertiem, operu, ekskursij\u0101m. Audz\u0113k\u0146i p\u0113c tam raksta savas domas jeb recenzijas [&hellip;]<\/p>\n","protected":false},"author":2,"featured_media":0,"parent":0,"menu_order":0,"comment_status":"closed","ping_status":"closed","template":"","meta":{"footnotes":""},"class_list":["post-4641","page","type-page","status-publish","czr-hentry"],"_links":{"self":[{"href":"http:\/\/akcmv.gov.lv\/index.php?rest_route=\/wp\/v2\/pages\/4641","targetHints":{"allow":["GET"]}}],"collection":[{"href":"http:\/\/akcmv.gov.lv\/index.php?rest_route=\/wp\/v2\/pages"}],"about":[{"href":"http:\/\/akcmv.gov.lv\/index.php?rest_route=\/wp\/v2\/types\/page"}],"author":[{"embeddable":true,"href":"http:\/\/akcmv.gov.lv\/index.php?rest_route=\/wp\/v2\/users\/2"}],"replies":[{"embeddable":true,"href":"http:\/\/akcmv.gov.lv\/index.php?rest_route=%2Fwp%2Fv2%2Fcomments&post=4641"}],"version-history":[{"count":4,"href":"http:\/\/akcmv.gov.lv\/index.php?rest_route=\/wp\/v2\/pages\/4641\/revisions"}],"predecessor-version":[{"id":4864,"href":"http:\/\/akcmv.gov.lv\/index.php?rest_route=\/wp\/v2\/pages\/4641\/revisions\/4864"}],"wp:attachment":[{"href":"http:\/\/akcmv.gov.lv\/index.php?rest_route=%2Fwp%2Fv2%2Fmedia&parent=4641"}],"curies":[{"name":"wp","href":"https:\/\/api.w.org\/{rel}","templated":true}]}}