{"id":4673,"date":"2018-09-26T11:30:50","date_gmt":"2018-09-26T08:30:50","guid":{"rendered":"http:\/\/akcmv.gov.lv\/?page_id=4673"},"modified":"2024-11-11T09:54:54","modified_gmt":"2024-11-11T07:54:54","slug":"ieva-lapsane","status":"publish","type":"page","link":"http:\/\/akcmv.gov.lv\/?page_id=4673","title":{"rendered":"Ieva Kal\u0113ja"},"content":{"rendered":"\n\t\t<style type=\"text\/css\">\n\t\t\t#gallery-1 {\n\t\t\t\tmargin: auto;\n\t\t\t}\n\t\t\t#gallery-1 .gallery-item {\n\t\t\t\tfloat: left;\n\t\t\t\tmargin-top: 10px;\n\t\t\t\ttext-align: center;\n\t\t\t\twidth: 100%;\n\t\t\t}\n\t\t\t#gallery-1 img {\n\t\t\t\tborder: 2px solid #cfcfcf;\n\t\t\t}\n\t\t\t#gallery-1 .gallery-caption {\n\t\t\t\tmargin-left: 0;\n\t\t\t}\n\t\t\t\/* see gallery_shortcode() in wp-includes\/media.php *\/\n\t\t<\/style>\n\t\t<div id='gallery-1' class='gallery galleryid-4673 gallery-columns-1 gallery-size-medium'><dl class='gallery-item'>\n\t\t\t<dt class='gallery-icon portrait'>\n\t\t\t\t<a class=\"grouped_elements\" rel=\"tc-fancybox-group\" href=\"http:\/\/akcmv.gov.lv\/wp-content\/uploads\/2023\/09\/Ieva_Lapsane_web-scaled.jpg\" title=\"\"><img loading=\"lazy\" decoding=\"async\" width=\"200\" height=\"300\" src=\"http:\/\/akcmv.gov.lv\/wp-content\/uploads\/2023\/09\/Ieva_Lapsane_web-200x300.jpg\" class=\"attachment-medium size-medium\" alt=\"Ieva Lap\u0161\u0101ne\" srcset=\"http:\/\/akcmv.gov.lv\/wp-content\/uploads\/2023\/09\/Ieva_Lapsane_web-200x300.jpg 200w, http:\/\/akcmv.gov.lv\/wp-content\/uploads\/2023\/09\/Ieva_Lapsane_web-683x1024.jpg 683w, http:\/\/akcmv.gov.lv\/wp-content\/uploads\/2023\/09\/Ieva_Lapsane_web-768x1152.jpg 768w, http:\/\/akcmv.gov.lv\/wp-content\/uploads\/2023\/09\/Ieva_Lapsane_web-1024x1536.jpg 1024w, http:\/\/akcmv.gov.lv\/wp-content\/uploads\/2023\/09\/Ieva_Lapsane_web-1365x2048.jpg 1365w, http:\/\/akcmv.gov.lv\/wp-content\/uploads\/2023\/09\/Ieva_Lapsane_web-scaled.jpg 1707w\" sizes=\"auto, (max-width: 200px) 100vw, 200px\" \/><\/a>\n\t\t\t<\/dt><\/dl><br style=\"clear: both\" \/>\n\t\t<\/div>\n\n<h1 style=\"text-align: center;\"><span style=\"color: #ff6600;\"><strong>Ieva Kal\u0113ja<\/strong><\/span><\/h1>\n<p style=\"text-align: center;\"><strong>Kokles sp\u0113les\u00a0skolot\u0101ja, AKCMV absolvente<\/strong><\/p>\n<hr \/>\n<p style=\"text-align: justify;\"><strong><span style=\"color: #ff6600;\">Par skolot\u0101ju:<\/span><\/strong><\/p>\n<p style=\"text-align: justify;\"><strong>I.Kal\u0113ja:<\/strong> <em>&#8220;Kokles sp\u0113le t\u0101pat k\u0101 pedago\u0123ija ir gan mana aizrau\u0161an\u0101s, gan profesija. \u0160\u012bs nodarbes manu m\u016b\u017eu saista jau 20 gadus un arvien biju\u0161i jaut\u0101jumi, izaicin\u0101jumi un gandar\u012bjuma br\u012b\u017ei. J.V\u012btola Latvijas M\u016bzikas akad\u0113mij\u0101 esmu ieguvusi m\u016bzikas ma\u0123istra gr\u0101du, ir kokles sp\u0113les un m\u016bzikas teor\u0113tisko priek\u0161metu skolot\u0101ja kvalifik\u0101cijas. Joproj\u0101m akt\u012bvi koncert\u0113ju da\u017e\u0101dos sast\u0101vos, atska\u0146ojot da\u017e\u0101du laikmetu, gadsimtu un stilu m\u016bziku. Manu interesi saista nemit\u012bga pa\u0161izgl\u012bto\u0161an\u0101s un nerimsto\u0161a v\u0113lme izzin\u0101t pasauli sev apk\u0101rt. Ir apg\u016bti da\u017e\u0101di kursi, tostarp Orff, Montessori, B\u0113rnu nomet\u0146u vad\u012bt\u0101ju, studentu apmai\u0146as programma Sibeliusa akad\u0113mij\u0101 u.c. Savas zin\u0101\u0161anas esmu papildin\u0101jusi Latvijas Universit\u0101t\u0113, ieg\u016bstot vad\u012bbzin\u012bbas ma\u0123istra un R\u012bgas Stradi\u0146a universit\u0101t\u0113, ieg\u016bstot supervizora magistra izgl\u012bt\u012bbu.&#8221;<\/em><\/p>\n<p style=\"text-align: justify;\"><strong><span style=\"color: #ff6600;\">Skolot\u0101jas v\u0113l\u0113jums audz\u0113k\u0146iem:<br \/>\n<\/span><\/strong><em>&#8220;Saklaus\u012bt un iem\u012bl\u0113t m\u016bziku, ko pa\u0161i rad\u0101t!&#8221;<\/em><\/p>\n<p><strong><span style=\"color: #ff6600;\">Sazi\u0146ai:\u00a0<\/span><\/strong><\/p>\n<p>e-pasts: <a href=\"mailto:ieva.lapsane@inbox.lv\">ieva.lapsane@inbox.lv<\/a><\/p>\n","protected":false},"excerpt":{"rendered":"<p>Ieva Kal\u0113ja Kokles sp\u0113les\u00a0skolot\u0101ja, AKCMV absolvente Par skolot\u0101ju: I.Kal\u0113ja: &#8220;Kokles sp\u0113le t\u0101pat k\u0101 pedago\u0123ija ir gan mana aizrau\u0161an\u0101s, gan profesija. \u0160\u012bs nodarbes manu m\u016b\u017eu saista jau 20 gadus un arvien biju\u0161i jaut\u0101jumi, izaicin\u0101jumi un gandar\u012bjuma br\u012b\u017ei. J.V\u012btola Latvijas M\u016bzikas akad\u0113mij\u0101 esmu ieguvusi m\u016bzikas ma\u0123istra gr\u0101du, ir kokles sp\u0113les un m\u016bzikas teor\u0113tisko priek\u0161metu skolot\u0101ja kvalifik\u0101cijas. Joproj\u0101m [&hellip;]<\/p>\n","protected":false},"author":2,"featured_media":0,"parent":0,"menu_order":0,"comment_status":"closed","ping_status":"closed","template":"","meta":{"footnotes":""},"class_list":["post-4673","page","type-page","status-publish","czr-hentry"],"_links":{"self":[{"href":"http:\/\/akcmv.gov.lv\/index.php?rest_route=\/wp\/v2\/pages\/4673","targetHints":{"allow":["GET"]}}],"collection":[{"href":"http:\/\/akcmv.gov.lv\/index.php?rest_route=\/wp\/v2\/pages"}],"about":[{"href":"http:\/\/akcmv.gov.lv\/index.php?rest_route=\/wp\/v2\/types\/page"}],"author":[{"embeddable":true,"href":"http:\/\/akcmv.gov.lv\/index.php?rest_route=\/wp\/v2\/users\/2"}],"replies":[{"embeddable":true,"href":"http:\/\/akcmv.gov.lv\/index.php?rest_route=%2Fwp%2Fv2%2Fcomments&post=4673"}],"version-history":[{"count":5,"href":"http:\/\/akcmv.gov.lv\/index.php?rest_route=\/wp\/v2\/pages\/4673\/revisions"}],"predecessor-version":[{"id":13967,"href":"http:\/\/akcmv.gov.lv\/index.php?rest_route=\/wp\/v2\/pages\/4673\/revisions\/13967"}],"wp:attachment":[{"href":"http:\/\/akcmv.gov.lv\/index.php?rest_route=%2Fwp%2Fv2%2Fmedia&parent=4673"}],"curies":[{"name":"wp","href":"https:\/\/api.w.org\/{rel}","templated":true}]}}