{"id":4685,"date":"2018-09-26T11:30:40","date_gmt":"2018-09-26T08:30:40","guid":{"rendered":"http:\/\/akcmv.gov.lv\/?page_id=4685"},"modified":"2025-05-23T13:27:29","modified_gmt":"2025-05-23T10:27:29","slug":"fiona-mary-vilnite","status":"publish","type":"page","link":"http:\/\/akcmv.gov.lv\/?page_id=4685","title":{"rendered":"Fiona Mary Vilnite"},"content":{"rendered":"\n\t\t<style type=\"text\/css\">\n\t\t\t#gallery-1 {\n\t\t\t\tmargin: auto;\n\t\t\t}\n\t\t\t#gallery-1 .gallery-item {\n\t\t\t\tfloat: left;\n\t\t\t\tmargin-top: 10px;\n\t\t\t\ttext-align: center;\n\t\t\t\twidth: 100%;\n\t\t\t}\n\t\t\t#gallery-1 img {\n\t\t\t\tborder: 2px solid #cfcfcf;\n\t\t\t}\n\t\t\t#gallery-1 .gallery-caption {\n\t\t\t\tmargin-left: 0;\n\t\t\t}\n\t\t\t\/* see gallery_shortcode() in wp-includes\/media.php *\/\n\t\t<\/style>\n\t\t<div id='gallery-1' class='gallery galleryid-4685 gallery-columns-1 gallery-size-medium'><dl class='gallery-item'>\n\t\t\t<dt class='gallery-icon landscape'>\n\t\t\t\t<a class=\"grouped_elements\" rel=\"tc-fancybox-group\" href=\"http:\/\/akcmv.gov.lv\/wp-content\/uploads\/2025\/05\/Fiona-Mary-Vilnite_web-1-scaled.jpg\" title=\"Fiona Mary Vilnite_web\"><img loading=\"lazy\" decoding=\"async\" width=\"300\" height=\"169\" src=\"http:\/\/akcmv.gov.lv\/wp-content\/uploads\/2025\/05\/Fiona-Mary-Vilnite_web-1-300x169.jpg\" class=\"attachment-medium size-medium\" alt=\"\" srcset=\"http:\/\/akcmv.gov.lv\/wp-content\/uploads\/2025\/05\/Fiona-Mary-Vilnite_web-1-300x169.jpg 300w, http:\/\/akcmv.gov.lv\/wp-content\/uploads\/2025\/05\/Fiona-Mary-Vilnite_web-1-1024x576.jpg 1024w, http:\/\/akcmv.gov.lv\/wp-content\/uploads\/2025\/05\/Fiona-Mary-Vilnite_web-1-768x432.jpg 768w, http:\/\/akcmv.gov.lv\/wp-content\/uploads\/2025\/05\/Fiona-Mary-Vilnite_web-1-1536x864.jpg 1536w, http:\/\/akcmv.gov.lv\/wp-content\/uploads\/2025\/05\/Fiona-Mary-Vilnite_web-1-2048x1152.jpg 2048w\" sizes=\"auto, (max-width: 300px) 100vw, 300px\" \/><\/a>\n\t\t\t<\/dt><\/dl><br style=\"clear: both\" \/>\n\t\t<\/div>\n\n<h1 style=\"text-align: center;\"><span style=\"color: #ff6600;\"><strong>Fiona Mary Vilnite<\/strong><\/span><\/h1>\n<p style=\"text-align: center;\"><strong>Vijoles\u00a0sp\u0113les\u00a0skolot\u0101ja<\/strong><\/p>\n<hr \/>\n<p style=\"text-align: justify;\"><strong><span style=\"color: #ff6600;\">Par skolot\u0101ju:<\/span><\/strong><\/p>\n<p style=\"text-align: justify;\"><strong>F.M.Vilnite:<\/strong> <em>&#8220;Vijole mani aizr\u0101va jau b\u0113rn\u012bb\u0101 \u2013 ne tikai ar savu skan\u0113jumu, bet ar\u012b ar visu, kas sl\u0113pjas aiz t\u0101: instrumenta uzb\u016bvi, smalkaj\u0101m sp\u0113les nians\u0113m un izteiksmes iesp\u0113j\u0101m, k\u0101 ar\u012b psiholo\u0123iju, kas saist\u012bta ar sp\u0113les apguvi augst\u0101 l\u012bmen\u012b. \u0160\u012b aizraut\u012bba k\u013cuva par ce\u013cu, kur\u0101 esmu gan m\u0101c\u012bjusies, gan uzst\u0101jusies, gan m\u0101c\u012bjusi ar prieku un r\u016bp\u012bbu.<br \/>\nEsmu ieguvusi doktora gr\u0101du izgl\u012bt\u012bbas zin\u0101tn\u0113s Latvijas Universit\u0101t\u0113, kur p\u0113t\u012bju iek\u0161\u0113jo un \u0101r\u0113jo procesu mijiedarb\u012bbu vijoles sp\u0113l\u0113 un t\u0101s apguv\u0113. Bakalaura gr\u0101du vijoles sp\u0113l\u0113 ieguvu Trinity College of Music \/ Londonas Universit\u0101t\u0113.<br \/>\nMani iedvesmoju\u0161i skolot\u0101ji k\u0101 D\u017eons Krofords un v\u0113l\u0101k Emanuels Hurvics. \u0160odien ar prieku pal\u012bdzu audz\u0113k\u0146iem atkl\u0101t savu muzik\u0101lo balsi.<br \/>\nBlakus pedago\u0123ijai kompon\u0113ju un aran\u017e\u0113ju m\u016bziku st\u012bgu instrumentiem \u2013 viens no darbiem tika atska\u0146ots \u0145ujorkas Filharmonijas kamerm\u016bzikas koncert\u0101. Pa\u0161laik veidoju m\u0101jaslapu strummi.com ar materi\u0101liem un video jaunajiem vijolniekiem.<br \/>\nMan\u0101 pieredz\u0113 vissvar\u012bg\u0101kais ir saglab\u0101t prieku, iedvesmu un zin\u0101tk\u0101ri l\u012bdz\u0101s tehnikas att\u012bst\u012bbai.&#8221;<\/em><\/p>\n","protected":false},"excerpt":{"rendered":"<p>Fiona Mary Vilnite Vijoles\u00a0sp\u0113les\u00a0skolot\u0101ja Par skolot\u0101ju: F.M.Vilnite: &#8220;Vijole mani aizr\u0101va jau b\u0113rn\u012bb\u0101 \u2013 ne tikai ar savu skan\u0113jumu, bet ar\u012b ar visu, kas sl\u0113pjas aiz t\u0101: instrumenta uzb\u016bvi, smalkaj\u0101m sp\u0113les nians\u0113m un izteiksmes iesp\u0113j\u0101m, k\u0101 ar\u012b psiholo\u0123iju, kas saist\u012bta ar sp\u0113les apguvi augst\u0101 l\u012bmen\u012b. \u0160\u012b aizraut\u012bba k\u013cuva par ce\u013cu, kur\u0101 esmu gan m\u0101c\u012bjusies, gan uzst\u0101jusies, [&hellip;]<\/p>\n","protected":false},"author":2,"featured_media":0,"parent":0,"menu_order":0,"comment_status":"closed","ping_status":"closed","template":"","meta":{"footnotes":""},"class_list":["post-4685","page","type-page","status-publish","czr-hentry"],"_links":{"self":[{"href":"http:\/\/akcmv.gov.lv\/index.php?rest_route=\/wp\/v2\/pages\/4685","targetHints":{"allow":["GET"]}}],"collection":[{"href":"http:\/\/akcmv.gov.lv\/index.php?rest_route=\/wp\/v2\/pages"}],"about":[{"href":"http:\/\/akcmv.gov.lv\/index.php?rest_route=\/wp\/v2\/types\/page"}],"author":[{"embeddable":true,"href":"http:\/\/akcmv.gov.lv\/index.php?rest_route=\/wp\/v2\/users\/2"}],"replies":[{"embeddable":true,"href":"http:\/\/akcmv.gov.lv\/index.php?rest_route=%2Fwp%2Fv2%2Fcomments&post=4685"}],"version-history":[{"count":2,"href":"http:\/\/akcmv.gov.lv\/index.php?rest_route=\/wp\/v2\/pages\/4685\/revisions"}],"predecessor-version":[{"id":15254,"href":"http:\/\/akcmv.gov.lv\/index.php?rest_route=\/wp\/v2\/pages\/4685\/revisions\/15254"}],"wp:attachment":[{"href":"http:\/\/akcmv.gov.lv\/index.php?rest_route=%2Fwp%2Fv2%2Fmedia&parent=4685"}],"curies":[{"name":"wp","href":"https:\/\/api.w.org\/{rel}","templated":true}]}}