{"id":4716,"date":"2018-09-25T15:20:18","date_gmt":"2018-09-25T12:20:18","guid":{"rendered":"http:\/\/akcmv.gov.lv\/?page_id=4716"},"modified":"2025-09-08T10:41:30","modified_gmt":"2025-09-08T07:41:30","slug":"vokalas-muzikas-nodala","status":"publish","type":"page","link":"http:\/\/akcmv.gov.lv\/?page_id=4716","title":{"rendered":"Izgl\u012bt\u012bbas programma &#8220;Vok\u0101l\u0101 m\u016bzika&#8221;"},"content":{"rendered":"<p style=\"text-align: justify;\">Vok\u0101l\u0101 noda\u013ca past\u0101v\u0113jusi kop\u0161 Alfr\u0113da Kalni\u0146a C\u0113su M\u016bzikas vidusskolas pirms\u0101kumiem. P\u0113d\u0113jo 30 gadu laik\u0101 noda\u013c\u0101 str\u0101d\u0101ju\u0161i t\u0101di pieredzes bag\u0101ti skolot\u0101ji k\u0101 Gaida Ungure, Anita K\u0101rkli\u0146a, Aija Putni\u0146a, Andis P\u0113tersons un Elga Tilti\u0146a. \u0160obr\u012bd jauno dzied\u0101t\u0101ju paaudzi skolo Dace Balode, Melisa Smilga un Ilona Tauni\u0146a.<\/p>\n<p style=\"text-align: justify;\">Izgl\u012bt\u012bbas programmas &#8220;Vok\u0101l\u0101s m\u016bzika&#8221; pedagogi alla\u017e biju\u0161i iniciat\u012bvas bag\u0101ti &#8211; katru otro gadu C\u0113s\u012bs notiek skolot\u0101ja Anda P\u0113tersona iedibin\u0101tais Alfr\u0113da Kalni\u0146a jauno vok\u0101listu konkurss, kur\u0101 piedal\u0101s Latvijas lab\u0101kie dzied\u0101t\u0101ji no vis\u0101m m\u016bzikas vidusskol\u0101m, godinot iev\u0113rojam\u0101 c\u0113snieka &#8211; komponista piemi\u0146u un dai\u013cradi. Konkurss p\u0101rbauda jauno vok\u0101listu sp\u0113jas, rosina jaunus iespaidus un skolot\u0101jiem sniedz pedago\u0123iskas atzi\u0146as. Kop\u0161 2011.gada pedagogi veido ar\u012b Vidzemes re\u0123iona m\u016bzikas skolu Kora klases dzied\u0101t\u0101ju konkursu &#8220;Vidzemes c\u012brul\u012b\u0161i&#8221;. Pedagogi veicina savu audz\u0113k\u0146u izaugsmi, regul\u0101ri organiz\u0113jot da\u017e\u0101das meistarklases un mekl\u0113jot arvien jaunas iesp\u0113jas koncert\u0113t, sniedzot iesp\u0113ju att\u012bst\u012bt jauno dzied\u0101t\u0101ju skatuvisk\u0101s un vok\u0101l\u0101s prasmes.<\/p>\n<p style=\"text-align: justify;\">Solo dzied\u0101\u0161anas stund\u0101s vok\u0101lo meistar\u012bbu var apg\u016bt ar\u012b Kordiri\u0123\u0113\u0161anas un citu noda\u013cu audz\u0113k\u0146i, t\u0101d\u0113\u013c vair\u0101kas Kordirig\u0113\u0161anas noda\u013cas absolventes vok\u0101lo m\u0101kslu ir izv\u0113l\u0113ju\u0161\u0101s par savu n\u0101kamo profesiju, piem\u0113ram, Inga \u0160\u013cubovska &#8211; Kanc\u0113vi\u010da, Gunta David\u010duka &#8211; Gelgote un Silga T\u012bruma.<\/p>\n<p style=\"text-align: justify;\"><span style=\"color: #ff6600;\"><strong>Pedagogi:<\/strong><\/span><\/p>\n<table>\n<tbody>\n<tr>\n<td>\n<h1 style=\"text-align: center;\"><span class=\"alignnone\" style=\"color: #ff6600;\"><strong><img loading=\"lazy\" decoding=\"async\" class=\"size-medium wp-image-4717 alignleft\" src=\"http:\/\/akcmv.gov.lv\/wp-content\/uploads\/2018\/09\/IMG_3471-300x200.jpg\" alt=\"\" width=\"300\" height=\"200\" srcset=\"http:\/\/akcmv.gov.lv\/wp-content\/uploads\/2018\/09\/IMG_3471-300x200.jpg 300w, http:\/\/akcmv.gov.lv\/wp-content\/uploads\/2018\/09\/IMG_3471-768x512.jpg 768w, http:\/\/akcmv.gov.lv\/wp-content\/uploads\/2018\/09\/IMG_3471-1024x683.jpg 1024w\" sizes=\"auto, (max-width: 300px) 100vw, 300px\" \/>Dace Balode<\/strong><\/span><\/h1>\n<h4 style=\"text-align: center;\"><strong>IZGL\u012aT\u012aBAS PROGRAMMAS VAD\u012aT\u0100JA, VOK\u0100L\u0100S M\u016aZIKAS\u00a0SKOLOT\u0100JA<\/strong><\/h4>\n<p style=\"text-align: center;\"><a href=\"http:\/\/akcmv.gov.lv\/?page_id=4719&amp;preview=true\"><strong>las\u012bt vair\u0101k\u00a0par skolot\u0101ju<\/strong><\/a><\/p>\n<\/td>\n<\/tr>\n<tr>\n<td>\n<h1 style=\"text-align: center;\"><img decoding=\"async\" class=\"alignleft\" src=\"http:\/\/akcmv.gov.lv\/wp-content\/uploads\/2018\/06\/blank-profile-picture-973460_1280-150x150.png\" \/><\/h1>\n<h1 style=\"text-align: center;\"><span class=\"alignnone\" style=\"color: #ff6600;\"><strong>Melisa Smilga<\/strong><\/span><\/h1>\n<h4 style=\"text-align: center;\"><strong>DZIED\u0100\u0160ANAS SKOLOT\u0100JA<\/strong><\/h4>\n<\/td>\n<\/tr>\n<tr>\n<td>\n<h1 style=\"text-align: center;\"><img loading=\"lazy\" decoding=\"async\" class=\"size-medium wp-image-7832 alignleft\" src=\"http:\/\/akcmv.gov.lv\/wp-content\/uploads\/2018\/09\/Ilona_Taunina-218x300.jpg\" alt=\"\" width=\"218\" height=\"300\" srcset=\"http:\/\/akcmv.gov.lv\/wp-content\/uploads\/2018\/09\/Ilona_Taunina-218x300.jpg 218w, http:\/\/akcmv.gov.lv\/wp-content\/uploads\/2018\/09\/Ilona_Taunina-768x1059.jpg 768w, http:\/\/akcmv.gov.lv\/wp-content\/uploads\/2018\/09\/Ilona_Taunina-743x1024.jpg 743w, http:\/\/akcmv.gov.lv\/wp-content\/uploads\/2018\/09\/Ilona_Taunina.jpg 1944w\" sizes=\"auto, (max-width: 218px) 100vw, 218px\" \/><\/h1>\n<h1 style=\"text-align: center;\"><\/h1>\n<h1 style=\"text-align: center;\"><strong><span class=\"alignnone\" style=\"color: #ff6600;\">Ilona Tauni\u0146a<\/span><\/strong><\/h1>\n<h4 style=\"text-align: center;\"><strong>RUNAS KULT\u016aRAS SKOLOT\u0100JA<\/strong><\/h4>\n<p style=\"text-align: center;\">\n<\/td>\n<\/tr>\n<tr>\n<td>\n<h1 style=\"text-align: center;\"><span class=\"alignnone\" style=\"color: #ff6600;\"><img loading=\"lazy\" decoding=\"async\" class=\"alignnone wp-image-6500 alignleft\" src=\"http:\/\/akcmv.gov.lv\/wp-content\/uploads\/2018\/09\/Veitnere_Liene-300x268.png\" alt=\"\" width=\"194\" height=\"173\" srcset=\"http:\/\/akcmv.gov.lv\/wp-content\/uploads\/2018\/09\/Veitnere_Liene-300x268.png 300w, http:\/\/akcmv.gov.lv\/wp-content\/uploads\/2018\/09\/Veitnere_Liene.png 307w\" sizes=\"auto, (max-width: 194px) 100vw, 194px\" \/><\/span><\/h1>\n<h1 style=\"text-align: center;\"><strong><span style=\"color: #ff6600;\">\u00a0Liene Veitnere<\/span><\/strong><\/h1>\n<h4 style=\"text-align: center;\"><strong>IT\u0100\u013bU VALODAS\u00a0SKOLOT\u0100JA<\/strong><\/h4>\n<p style=\"text-align: center;\"><a href=\"http:\/\/akcmv.gov.lv\/?page_id=4481\"><strong>las\u012bt vair\u0101k\u00a0par skolot\u0101ju<\/strong><\/a><\/p>\n<\/td>\n<\/tr>\n<\/tbody>\n<\/table>\n","protected":false},"excerpt":{"rendered":"<p>Vok\u0101l\u0101 noda\u013ca past\u0101v\u0113jusi kop\u0161 Alfr\u0113da Kalni\u0146a C\u0113su M\u016bzikas vidusskolas pirms\u0101kumiem. P\u0113d\u0113jo 30 gadu laik\u0101 noda\u013c\u0101 str\u0101d\u0101ju\u0161i t\u0101di pieredzes bag\u0101ti skolot\u0101ji k\u0101 Gaida Ungure, Anita K\u0101rkli\u0146a, Aija Putni\u0146a, Andis P\u0113tersons un Elga Tilti\u0146a. \u0160obr\u012bd jauno dzied\u0101t\u0101ju paaudzi skolo Dace Balode, Melisa Smilga un Ilona Tauni\u0146a. Izgl\u012bt\u012bbas programmas &#8220;Vok\u0101l\u0101s m\u016bzika&#8221; pedagogi alla\u017e biju\u0161i iniciat\u012bvas bag\u0101ti &#8211; katru [&hellip;]<\/p>\n","protected":false},"author":2,"featured_media":0,"parent":0,"menu_order":0,"comment_status":"closed","ping_status":"closed","template":"","meta":{"footnotes":""},"class_list":["post-4716","page","type-page","status-publish","czr-hentry"],"_links":{"self":[{"href":"http:\/\/akcmv.gov.lv\/index.php?rest_route=\/wp\/v2\/pages\/4716","targetHints":{"allow":["GET"]}}],"collection":[{"href":"http:\/\/akcmv.gov.lv\/index.php?rest_route=\/wp\/v2\/pages"}],"about":[{"href":"http:\/\/akcmv.gov.lv\/index.php?rest_route=\/wp\/v2\/types\/page"}],"author":[{"embeddable":true,"href":"http:\/\/akcmv.gov.lv\/index.php?rest_route=\/wp\/v2\/users\/2"}],"replies":[{"embeddable":true,"href":"http:\/\/akcmv.gov.lv\/index.php?rest_route=%2Fwp%2Fv2%2Fcomments&post=4716"}],"version-history":[{"count":12,"href":"http:\/\/akcmv.gov.lv\/index.php?rest_route=\/wp\/v2\/pages\/4716\/revisions"}],"predecessor-version":[{"id":15783,"href":"http:\/\/akcmv.gov.lv\/index.php?rest_route=\/wp\/v2\/pages\/4716\/revisions\/15783"}],"wp:attachment":[{"href":"http:\/\/akcmv.gov.lv\/index.php?rest_route=%2Fwp%2Fv2%2Fmedia&parent=4716"}],"curies":[{"name":"wp","href":"https:\/\/api.w.org\/{rel}","templated":true}]}}