{"id":4728,"date":"2018-09-26T11:31:25","date_gmt":"2018-09-26T08:31:25","guid":{"rendered":"http:\/\/akcmv.gov.lv\/?page_id=4728"},"modified":"2024-05-27T10:41:08","modified_gmt":"2024-05-27T07:41:08","slug":"jana-karabelnikova","status":"publish","type":"page","link":"http:\/\/akcmv.gov.lv\/?page_id=4728","title":{"rendered":"Jana Martinsone"},"content":{"rendered":"\n\t\t<style type=\"text\/css\">\n\t\t\t#gallery-1 {\n\t\t\t\tmargin: auto;\n\t\t\t}\n\t\t\t#gallery-1 .gallery-item {\n\t\t\t\tfloat: left;\n\t\t\t\tmargin-top: 10px;\n\t\t\t\ttext-align: center;\n\t\t\t\twidth: 100%;\n\t\t\t}\n\t\t\t#gallery-1 img {\n\t\t\t\tborder: 2px solid #cfcfcf;\n\t\t\t}\n\t\t\t#gallery-1 .gallery-caption {\n\t\t\t\tmargin-left: 0;\n\t\t\t}\n\t\t\t\/* see gallery_shortcode() in wp-includes\/media.php *\/\n\t\t<\/style>\n\t\t<div id='gallery-1' class='gallery galleryid-4728 gallery-columns-1 gallery-size-medium'><dl class='gallery-item'>\n\t\t\t<dt class='gallery-icon portrait'>\n\t\t\t\t<a class=\"grouped_elements\" rel=\"tc-fancybox-group\" href=\"http:\/\/akcmv.gov.lv\/wp-content\/uploads\/2024\/05\/jana_Martinsone-scaled.jpg\" title=\"\"><img loading=\"lazy\" decoding=\"async\" width=\"248\" height=\"300\" src=\"http:\/\/akcmv.gov.lv\/wp-content\/uploads\/2024\/05\/jana_Martinsone-248x300.jpg\" class=\"attachment-medium size-medium\" alt=\"\" srcset=\"http:\/\/akcmv.gov.lv\/wp-content\/uploads\/2024\/05\/jana_Martinsone-248x300.jpg 248w, http:\/\/akcmv.gov.lv\/wp-content\/uploads\/2024\/05\/jana_Martinsone-848x1024.jpg 848w, http:\/\/akcmv.gov.lv\/wp-content\/uploads\/2024\/05\/jana_Martinsone-768x927.jpg 768w, http:\/\/akcmv.gov.lv\/wp-content\/uploads\/2024\/05\/jana_Martinsone-1272x1536.jpg 1272w, http:\/\/akcmv.gov.lv\/wp-content\/uploads\/2024\/05\/jana_Martinsone-1696x2048.jpg 1696w\" sizes=\"auto, (max-width: 248px) 100vw, 248px\" \/><\/a>\n\t\t\t<\/dt><\/dl><br style=\"clear: both\" \/>\n\t\t<\/div>\n\n<h1 style=\"text-align: center;\"><span style=\"color: #ff6600;\"><strong>Jana Martinsone<\/strong><\/span><\/h1>\n<p style=\"text-align: center;\"><strong>Klaviersp\u0113les skolot\u0101ja, koncertmeistare<\/strong><\/p>\n<hr \/>\n<p style=\"text-align: justify;\"><strong><span style=\"color: #ff6600;\">Par skolot\u0101ju:<\/span><\/strong><\/p>\n<p style=\"text-align: justify;\"><strong>J.Martinsone:<\/strong> <em>&#8220;Pabeidzu m\u016bzikas vidusskolu k\u0101 muzikologs un Maskavas Valsts pedago\u0123isk\u0101s universit\u0101tes m\u016bzikas fakult\u0101ti k\u0101 koncertmeistare un klaviersp\u0113les skolot\u0101ja, k\u0101 ar\u012b m\u0101c\u012bjos dzied\u0101t.<br \/>\nNo studiju laikiem str\u0101d\u0101ju par koncertmeistari ar vok\u0101listiem un instrument\u0101listiem, klaviersp\u0113les un solfed\u017eo skolot\u0101ju. Regul\u0101ri piedalos koncertos un konkursos Latvij\u0101 un Eirop\u0101 k\u0101 koncertmeistare vai soliste.<br \/>\nIntereses: sen\u0101, baroka m\u016bzika; klavihorda un vijoles sp\u0113le, ska\u0146u terapija, ciguns, joga, psiholo\u0123ija, daba.<br \/>\nNep\u0101rtraukti turpinu m\u0101c\u012bties da\u017e\u0101d\u0101s jom\u0101s, nesen pilnveidoju savu pedago\u0123isko meistar\u012bbu Erasmus projekt\u0101 Somij\u0101.<br \/>\nMana m\u016bzikas pedagoga profesijas v\u012bzija: ne tikai att\u012bst\u012bt audz\u0113k\u0146u klaviersp\u0113les prasmes, bet, pirmk\u0101rt, iem\u0101c\u012bt m\u0101c\u012bties, saprast sevi, padzi\u013cin\u0101t un papla\u0161in\u0101t dom\u0101\u0161anu un emocionalit\u0101ti. Dom\u0101ju, ka m\u016bzikas izgl\u012bt\u012bb\u0101 ir vislab\u0101k\u0101 pal\u012bdz\u012bba m\u016bsdien\u012bgiem b\u0113rniem, kuri bie\u017ei boj\u0101 savu psihisko un fizisko vesel\u012bbu ar nesam\u0113r\u012bgo gad\u017eetu lieto\u0161anu.<\/em><em>&#8220;<\/em><\/p>\n<p style=\"text-align: justify;\"><strong><span style=\"color: #ff6600;\">Skolot\u0101jas v\u0113l\u0113jums audz\u0113k\u0146iem:<br \/>\n<\/span><\/strong><em>&#8220;M\u016bzika ir bezgal\u012bga iesp\u0113ja izzin\u0101t sevi un pasauli. Izmantojiet to no b\u0113rn\u012bbas, klaus\u012btos, dziedot, sp\u0113l\u0113jot!&#8230;&#8221;<\/em><\/p>\n<p><strong><span style=\"color: #ff6600;\">Sazi\u0146ai:\u00a0<\/span><\/strong><\/p>\n<p>y.martinsone@gmail.com<\/p>\n","protected":false},"excerpt":{"rendered":"<p>Jana Martinsone Klaviersp\u0113les skolot\u0101ja, koncertmeistare Par skolot\u0101ju: J.Martinsone: &#8220;Pabeidzu m\u016bzikas vidusskolu k\u0101 muzikologs un Maskavas Valsts pedago\u0123isk\u0101s universit\u0101tes m\u016bzikas fakult\u0101ti k\u0101 koncertmeistare un klaviersp\u0113les skolot\u0101ja, k\u0101 ar\u012b m\u0101c\u012bjos dzied\u0101t. No studiju laikiem str\u0101d\u0101ju par koncertmeistari ar vok\u0101listiem un instrument\u0101listiem, klaviersp\u0113les un solfed\u017eo skolot\u0101ju. Regul\u0101ri piedalos koncertos un konkursos Latvij\u0101 un Eirop\u0101 k\u0101 koncertmeistare vai soliste. [&hellip;]<\/p>\n","protected":false},"author":2,"featured_media":0,"parent":0,"menu_order":0,"comment_status":"closed","ping_status":"closed","template":"","meta":{"footnotes":""},"class_list":["post-4728","page","type-page","status-publish","czr-hentry"],"_links":{"self":[{"href":"http:\/\/akcmv.gov.lv\/index.php?rest_route=\/wp\/v2\/pages\/4728","targetHints":{"allow":["GET"]}}],"collection":[{"href":"http:\/\/akcmv.gov.lv\/index.php?rest_route=\/wp\/v2\/pages"}],"about":[{"href":"http:\/\/akcmv.gov.lv\/index.php?rest_route=\/wp\/v2\/types\/page"}],"author":[{"embeddable":true,"href":"http:\/\/akcmv.gov.lv\/index.php?rest_route=\/wp\/v2\/users\/2"}],"replies":[{"embeddable":true,"href":"http:\/\/akcmv.gov.lv\/index.php?rest_route=%2Fwp%2Fv2%2Fcomments&post=4728"}],"version-history":[{"count":3,"href":"http:\/\/akcmv.gov.lv\/index.php?rest_route=\/wp\/v2\/pages\/4728\/revisions"}],"predecessor-version":[{"id":13316,"href":"http:\/\/akcmv.gov.lv\/index.php?rest_route=\/wp\/v2\/pages\/4728\/revisions\/13316"}],"wp:attachment":[{"href":"http:\/\/akcmv.gov.lv\/index.php?rest_route=%2Fwp%2Fv2%2Fmedia&parent=4728"}],"curies":[{"name":"wp","href":"https:\/\/api.w.org\/{rel}","templated":true}]}}