{"id":4739,"date":"2018-09-26T11:31:06","date_gmt":"2018-09-26T08:31:06","guid":{"rendered":"http:\/\/akcmv.gov.lv\/?page_id=4739"},"modified":"2018-09-26T11:31:06","modified_gmt":"2018-09-26T08:31:06","slug":"irita-merga","status":"publish","type":"page","link":"http:\/\/akcmv.gov.lv\/?page_id=4739","title":{"rendered":"Irita Merga"},"content":{"rendered":"\n\t\t<style type=\"text\/css\">\n\t\t\t#gallery-1 {\n\t\t\t\tmargin: auto;\n\t\t\t}\n\t\t\t#gallery-1 .gallery-item {\n\t\t\t\tfloat: left;\n\t\t\t\tmargin-top: 10px;\n\t\t\t\ttext-align: center;\n\t\t\t\twidth: 100%;\n\t\t\t}\n\t\t\t#gallery-1 img {\n\t\t\t\tborder: 2px solid #cfcfcf;\n\t\t\t}\n\t\t\t#gallery-1 .gallery-caption {\n\t\t\t\tmargin-left: 0;\n\t\t\t}\n\t\t\t\/* see gallery_shortcode() in wp-includes\/media.php *\/\n\t\t<\/style>\n\t\t<div id='gallery-1' class='gallery galleryid-4739 gallery-columns-1 gallery-size-medium'><dl class='gallery-item'>\n\t\t\t<dt class='gallery-icon portrait'>\n\t\t\t\t<a class=\"grouped_elements\" rel=\"tc-fancybox-group\" href=\"http:\/\/akcmv.gov.lv\/wp-content\/uploads\/2018\/09\/Merga_Irita.jpg\" title=\"\"><img loading=\"lazy\" decoding=\"async\" width=\"157\" height=\"300\" src=\"http:\/\/akcmv.gov.lv\/wp-content\/uploads\/2018\/09\/Merga_Irita-157x300.jpg\" class=\"attachment-medium size-medium\" alt=\"\" srcset=\"http:\/\/akcmv.gov.lv\/wp-content\/uploads\/2018\/09\/Merga_Irita-157x300.jpg 157w, http:\/\/akcmv.gov.lv\/wp-content\/uploads\/2018\/09\/Merga_Irita-768x1469.jpg 768w, http:\/\/akcmv.gov.lv\/wp-content\/uploads\/2018\/09\/Merga_Irita-535x1024.jpg 535w, http:\/\/akcmv.gov.lv\/wp-content\/uploads\/2018\/09\/Merga_Irita.jpg 1765w\" sizes=\"auto, (max-width: 157px) 100vw, 157px\" \/><\/a>\n\t\t\t<\/dt><\/dl><br style=\"clear: both\" \/>\n\t\t<\/div>\n\n<h1 style=\"text-align: center;\"><span style=\"color: #ff6600;\"><strong>Irita Merga<\/strong><\/span><\/h1>\n<p style=\"text-align: center;\"><strong>Klaviersp\u0113les skolot\u0101ja, koncertmeistare, AKCMV absolvente<\/strong><\/p>\n<hr \/>\n<p style=\"text-align: justify;\"><strong><span style=\"color: #ff6600;\">Par skolot\u0101ju:<\/span><\/strong><\/p>\n<p style=\"text-align: justify;\"><strong>I.Merga:<\/strong> <em>&#8220;Varu dro\u0161i apgalvot, ka man pat\u012bk mans darbs \u2013 visliel\u0101ko gandar\u012bjumu sag\u0101d\u0101 audz\u0113k\u0146u, kuriem m\u0101c\u012bbu process neiet gludi, mazie, bet vi\u0146iem tik v\u0113rt\u012bgie sasniegumi. Uzskatu, ka mans uzdevums ir pal\u012bdz\u0113t katram b\u0113rnam atkl\u0101t un att\u012bst\u012bt tie\u0161i vi\u0146a individu\u0101lo talantu.<br \/>\n<\/em><em>Man \u013coti pat\u012bk ar\u012b koncertmeistara darbs \u2013 vair\u0101k nek\u0101 20 darba gadu laik\u0101 esmu sadarbojusies k\u0101 ar p\u016b\u0161aminstrumentu, t\u0101 st\u012bgu instrumentu sp\u0113l\u0113t\u0101jiem, ta\u010du mana sirds pieder korim. Kop\u0101 ar audz\u0113k\u0146iem koncertmeistara status\u0101 g\u016bti pan\u0101kumi gan re\u0123ion\u0101la, gan valsts un starptautiska l\u012bme\u0146a konkursos, esmu sa\u0146\u0113musi ar\u012b balvu k\u0101 lab\u0101k\u0101 koncertmeistare.<\/em><em>&#8220;<\/em><\/p>\n<p style=\"text-align: justify;\">\n","protected":false},"excerpt":{"rendered":"<p>Irita Merga Klaviersp\u0113les skolot\u0101ja, koncertmeistare, AKCMV absolvente Par skolot\u0101ju: I.Merga: &#8220;Varu dro\u0161i apgalvot, ka man pat\u012bk mans darbs \u2013 visliel\u0101ko gandar\u012bjumu sag\u0101d\u0101 audz\u0113k\u0146u, kuriem m\u0101c\u012bbu process neiet gludi, mazie, bet vi\u0146iem tik v\u0113rt\u012bgie sasniegumi. Uzskatu, ka mans uzdevums ir pal\u012bdz\u0113t katram b\u0113rnam atkl\u0101t un att\u012bst\u012bt tie\u0161i vi\u0146a individu\u0101lo talantu. Man \u013coti pat\u012bk ar\u012b koncertmeistara darbs [&hellip;]<\/p>\n","protected":false},"author":2,"featured_media":0,"parent":0,"menu_order":0,"comment_status":"closed","ping_status":"closed","template":"","meta":{"footnotes":""},"class_list":["post-4739","page","type-page","status-publish","czr-hentry"],"_links":{"self":[{"href":"http:\/\/akcmv.gov.lv\/index.php?rest_route=\/wp\/v2\/pages\/4739","targetHints":{"allow":["GET"]}}],"collection":[{"href":"http:\/\/akcmv.gov.lv\/index.php?rest_route=\/wp\/v2\/pages"}],"about":[{"href":"http:\/\/akcmv.gov.lv\/index.php?rest_route=\/wp\/v2\/types\/page"}],"author":[{"embeddable":true,"href":"http:\/\/akcmv.gov.lv\/index.php?rest_route=\/wp\/v2\/users\/2"}],"replies":[{"embeddable":true,"href":"http:\/\/akcmv.gov.lv\/index.php?rest_route=%2Fwp%2Fv2%2Fcomments&post=4739"}],"version-history":[{"count":1,"href":"http:\/\/akcmv.gov.lv\/index.php?rest_route=\/wp\/v2\/pages\/4739\/revisions"}],"predecessor-version":[{"id":4741,"href":"http:\/\/akcmv.gov.lv\/index.php?rest_route=\/wp\/v2\/pages\/4739\/revisions\/4741"}],"wp:attachment":[{"href":"http:\/\/akcmv.gov.lv\/index.php?rest_route=%2Fwp%2Fv2%2Fmedia&parent=4739"}],"curies":[{"name":"wp","href":"https:\/\/api.w.org\/{rel}","templated":true}]}}