{"id":4743,"date":"2018-09-26T11:29:19","date_gmt":"2018-09-26T08:29:19","guid":{"rendered":"http:\/\/akcmv.gov.lv\/?page_id=4743"},"modified":"2018-09-26T11:29:19","modified_gmt":"2018-09-26T08:29:19","slug":"inta-karklina","status":"publish","type":"page","link":"http:\/\/akcmv.gov.lv\/?page_id=4743","title":{"rendered":"Inta K\u0101rkli\u0146a"},"content":{"rendered":"\n\t\t<style type=\"text\/css\">\n\t\t\t#gallery-1 {\n\t\t\t\tmargin: auto;\n\t\t\t}\n\t\t\t#gallery-1 .gallery-item {\n\t\t\t\tfloat: left;\n\t\t\t\tmargin-top: 10px;\n\t\t\t\ttext-align: center;\n\t\t\t\twidth: 100%;\n\t\t\t}\n\t\t\t#gallery-1 img {\n\t\t\t\tborder: 2px solid #cfcfcf;\n\t\t\t}\n\t\t\t#gallery-1 .gallery-caption {\n\t\t\t\tmargin-left: 0;\n\t\t\t}\n\t\t\t\/* see gallery_shortcode() in wp-includes\/media.php *\/\n\t\t<\/style>\n\t\t<div id='gallery-1' class='gallery galleryid-4743 gallery-columns-1 gallery-size-medium'><dl class='gallery-item'>\n\t\t\t<dt class='gallery-icon portrait'>\n\t\t\t\t<a class=\"grouped_elements\" rel=\"tc-fancybox-group\" href=\"http:\/\/akcmv.gov.lv\/wp-content\/uploads\/2018\/09\/Karklina_Inta.jpg\" title=\"\"><img loading=\"lazy\" decoding=\"async\" width=\"200\" height=\"300\" src=\"http:\/\/akcmv.gov.lv\/wp-content\/uploads\/2018\/09\/Karklina_Inta-200x300.jpg\" class=\"attachment-medium size-medium\" alt=\"\" srcset=\"http:\/\/akcmv.gov.lv\/wp-content\/uploads\/2018\/09\/Karklina_Inta-200x300.jpg 200w, http:\/\/akcmv.gov.lv\/wp-content\/uploads\/2018\/09\/Karklina_Inta-768x1152.jpg 768w, http:\/\/akcmv.gov.lv\/wp-content\/uploads\/2018\/09\/Karklina_Inta-683x1024.jpg 683w\" sizes=\"auto, (max-width: 200px) 100vw, 200px\" \/><\/a>\n\t\t\t<\/dt><\/dl><br style=\"clear: both\" \/>\n\t\t<\/div>\n\n<h1 style=\"text-align: center;\"><span style=\"color: #ff6600;\"><strong>Inta K\u0101rkli\u0146a<\/strong><\/span><\/h1>\n<p style=\"text-align: center;\"><strong>Klaviersp\u0113les\u00a0skolot\u0101ja, koncertmeistare<\/strong><\/p>\n<hr \/>\n<p style=\"text-align: justify;\"><strong><span style=\"color: #ff6600;\">Par skolot\u0101ju:<\/span><\/strong><\/p>\n<p style=\"text-align: justify;\"><strong>I.K\u0101rkli\u0146a:<\/strong> <em>&#8220;J\u0101zepa V\u012btola Latvijas M\u016bzikas akad\u0113mij\u0101 esmu beigusi profesora Konstant\u012bna Bl\u016bment\u0101la klavieru klasi. Ieg\u016bts ma\u0123istra gr\u0101ds m\u016bzik\u0101. AKCMV str\u0101d\u0101ju speci\u0101lo un visp\u0101r\u0113jo klavieru noda\u013c\u0101s, esmu ar\u012b koncertmeistare. K\u0101 koncertmeistare esmu piedal\u012bjusies \u013coti daudzos viet\u0113jas noz\u012bmes, k\u0101 ar\u012b starptautiskos jauno izpild\u012bt\u0101ju konkursos.&#8221;<\/em><\/p>\n<p style=\"text-align: justify;\"><strong><span style=\"color: #ff6600;\">Skolot\u0101jas v\u0113l\u0113jums audz\u0113k\u0146iem:<br \/>\n<\/span><\/strong><em>&#8220;No sirds m\u012bl\u0113t m\u016bziku, tic\u0113t savam izv\u0113l\u0113tajam m\u0113r\u0137im, censties un str\u0101d\u0101t lai to sasniegtu.&#8221;<\/em><\/p>\n<p><strong><span style=\"color: #ff6600;\">Sazi\u0146ai:\u00a0<\/span><\/strong><\/p>\n<p>e-pasts:\u00a0ik31@inbox.lv<\/p>\n<p>&nbsp;<\/p>\n","protected":false},"excerpt":{"rendered":"<p>Inta K\u0101rkli\u0146a Klaviersp\u0113les\u00a0skolot\u0101ja, koncertmeistare Par skolot\u0101ju: I.K\u0101rkli\u0146a: &#8220;J\u0101zepa V\u012btola Latvijas M\u016bzikas akad\u0113mij\u0101 esmu beigusi profesora Konstant\u012bna Bl\u016bment\u0101la klavieru klasi. Ieg\u016bts ma\u0123istra gr\u0101ds m\u016bzik\u0101. AKCMV str\u0101d\u0101ju speci\u0101lo un visp\u0101r\u0113jo klavieru noda\u013c\u0101s, esmu ar\u012b koncertmeistare. K\u0101 koncertmeistare esmu piedal\u012bjusies \u013coti daudzos viet\u0113jas noz\u012bmes, k\u0101 ar\u012b starptautiskos jauno izpild\u012bt\u0101ju konkursos.&#8221; Skolot\u0101jas v\u0113l\u0113jums audz\u0113k\u0146iem: &#8220;No sirds m\u012bl\u0113t m\u016bziku, tic\u0113t [&hellip;]<\/p>\n","protected":false},"author":2,"featured_media":0,"parent":0,"menu_order":0,"comment_status":"closed","ping_status":"closed","template":"","meta":{"footnotes":""},"class_list":["post-4743","page","type-page","status-publish","czr-hentry"],"_links":{"self":[{"href":"http:\/\/akcmv.gov.lv\/index.php?rest_route=\/wp\/v2\/pages\/4743","targetHints":{"allow":["GET"]}}],"collection":[{"href":"http:\/\/akcmv.gov.lv\/index.php?rest_route=\/wp\/v2\/pages"}],"about":[{"href":"http:\/\/akcmv.gov.lv\/index.php?rest_route=\/wp\/v2\/types\/page"}],"author":[{"embeddable":true,"href":"http:\/\/akcmv.gov.lv\/index.php?rest_route=\/wp\/v2\/users\/2"}],"replies":[{"embeddable":true,"href":"http:\/\/akcmv.gov.lv\/index.php?rest_route=%2Fwp%2Fv2%2Fcomments&post=4743"}],"version-history":[{"count":1,"href":"http:\/\/akcmv.gov.lv\/index.php?rest_route=\/wp\/v2\/pages\/4743\/revisions"}],"predecessor-version":[{"id":4745,"href":"http:\/\/akcmv.gov.lv\/index.php?rest_route=\/wp\/v2\/pages\/4743\/revisions\/4745"}],"wp:attachment":[{"href":"http:\/\/akcmv.gov.lv\/index.php?rest_route=%2Fwp%2Fv2%2Fmedia&parent=4743"}],"curies":[{"name":"wp","href":"https:\/\/api.w.org\/{rel}","templated":true}]}}