{"id":48,"date":"2014-09-21T11:19:26","date_gmt":"2014-09-21T08:19:26","guid":{"rendered":"http:\/\/pilsvesture.cesis.lv\/muz\/?page_id=48"},"modified":"2026-03-10T13:59:40","modified_gmt":"2026-03-10T11:59:40","slug":"bernu-muzikas-skola","status":"publish","type":"page","link":"http:\/\/akcmv.gov.lv\/?page_id=48","title":{"rendered":"C\u0113su M\u016bzikas skola"},"content":{"rendered":"\n\t\t<style type=\"text\/css\">\n\t\t\t#gallery-1 {\n\t\t\t\tmargin: auto;\n\t\t\t}\n\t\t\t#gallery-1 .gallery-item {\n\t\t\t\tfloat: left;\n\t\t\t\tmargin-top: 10px;\n\t\t\t\ttext-align: center;\n\t\t\t\twidth: 50%;\n\t\t\t}\n\t\t\t#gallery-1 img {\n\t\t\t\tborder: 2px solid #cfcfcf;\n\t\t\t}\n\t\t\t#gallery-1 .gallery-caption {\n\t\t\t\tmargin-left: 0;\n\t\t\t}\n\t\t\t\/* see gallery_shortcode() in wp-includes\/media.php *\/\n\t\t<\/style>\n\t\t<div id='gallery-1' class='gallery galleryid-48 gallery-columns-2 gallery-size-full'><dl class='gallery-item'>\n\t\t\t<dt class='gallery-icon portrait'>\n\t\t\t\t<a class=\"grouped_elements\" rel=\"tc-fancybox-group\" href=\"http:\/\/akcmv.gov.lv\/wp-content\/uploads\/2025\/09\/Plakats-Cesis-2-1-scaled.jpg\" title=\"\"><img loading=\"lazy\" decoding=\"async\" width=\"1810\" height=\"2560\" src=\"http:\/\/akcmv.gov.lv\/wp-content\/uploads\/2025\/09\/Plakats-Cesis-2-1-scaled.jpg\" class=\"attachment-full size-full\" alt=\"\" srcset=\"http:\/\/akcmv.gov.lv\/wp-content\/uploads\/2025\/09\/Plakats-Cesis-2-1-scaled.jpg 1810w, http:\/\/akcmv.gov.lv\/wp-content\/uploads\/2025\/09\/Plakats-Cesis-2-1-212x300.jpg 212w, http:\/\/akcmv.gov.lv\/wp-content\/uploads\/2025\/09\/Plakats-Cesis-2-1-724x1024.jpg 724w, http:\/\/akcmv.gov.lv\/wp-content\/uploads\/2025\/09\/Plakats-Cesis-2-1-768x1086.jpg 768w, http:\/\/akcmv.gov.lv\/wp-content\/uploads\/2025\/09\/Plakats-Cesis-2-1-1086x1536.jpg 1086w, http:\/\/akcmv.gov.lv\/wp-content\/uploads\/2025\/09\/Plakats-Cesis-2-1-1448x2048.jpg 1448w\" sizes=\"auto, (max-width: 1810px) 100vw, 1810px\" \/><\/a>\n\t\t\t<\/dt><\/dl><dl class='gallery-item'>\n\t\t\t<dt class='gallery-icon landscape'>\n\t\t\t\t<a class=\"grouped_elements\" rel=\"tc-fancybox-group\" href=\"http:\/\/akcmv.gov.lv\/wp-content\/uploads\/2025\/09\/Papilduznemsana_BMS_2025_26_web-1.jpg\" title=\"\"><img loading=\"lazy\" decoding=\"async\" width=\"2480\" height=\"1932\" src=\"http:\/\/akcmv.gov.lv\/wp-content\/uploads\/2025\/09\/Papilduznemsana_BMS_2025_26_web-1.jpg\" class=\"attachment-full size-full\" alt=\"\" srcset=\"http:\/\/akcmv.gov.lv\/wp-content\/uploads\/2025\/09\/Papilduznemsana_BMS_2025_26_web-1.jpg 2480w, http:\/\/akcmv.gov.lv\/wp-content\/uploads\/2025\/09\/Papilduznemsana_BMS_2025_26_web-1-300x234.jpg 300w, http:\/\/akcmv.gov.lv\/wp-content\/uploads\/2025\/09\/Papilduznemsana_BMS_2025_26_web-1-1024x798.jpg 1024w, http:\/\/akcmv.gov.lv\/wp-content\/uploads\/2025\/09\/Papilduznemsana_BMS_2025_26_web-1-768x598.jpg 768w, http:\/\/akcmv.gov.lv\/wp-content\/uploads\/2025\/09\/Papilduznemsana_BMS_2025_26_web-1-1536x1197.jpg 1536w, http:\/\/akcmv.gov.lv\/wp-content\/uploads\/2025\/09\/Papilduznemsana_BMS_2025_26_web-1-2048x1595.jpg 2048w\" sizes=\"auto, (max-width: 2480px) 100vw, 2480px\" \/><\/a>\n\t\t\t<\/dt><\/dl><br style=\"clear: both\" \/>\n\t\t<\/div>\n\n<p>Alfr\u0113da Kalni\u0146a C\u0113su M\u016bzikas skola izsludina papilduz\u0146em\u0161anu 1. klas\u0113 2025.\/2026. m\u0101c\u012bbu gad\u0101.<\/p>\n<p>Pieejam\u0101s specialit\u0101tes C\u0113s\u012bs:<\/p>\n<ul>\n<li>fagots<\/li>\n<li>trompete<\/li>\n<li>saksofons<\/li>\n<li>\u0123it\u0101ra<\/li>\n<li>kokle<\/li>\n<li>klavieres<\/li>\n<li>kora klase<\/li>\n<li>m\u016bsdienu ritmi<\/li>\n<\/ul>\n<p>Pieejam\u0101s specialit\u0101tes Prieku\u013cos:<\/p>\n<ul>\n<li>kokle<\/li>\n<li>saksofons<\/li>\n<\/ul>\n<p>Iest\u0101jeks\u0101menu laiki:<\/p>\n<ul>\n<li>tre\u0161dien, <strong>2025. gada 24.septembr\u012b plkst. 16.00<\/strong> Prieku\u013cos;<\/li>\n<li>ceturtdien,<strong> 2025. gada 25.septembr\u012b plkst. 17.00<\/strong> C\u0113s\u012bs.<\/li>\n<\/ul>\n<p>Vair\u0101k inform\u0101cijas pa t\u0101lruni 27746196.<\/p>\n<p>Iesniedzamie dokumenti:<\/p>\n<ul>\n<li>vec\u0101ku iesniegums (elektronisk\u0101 forma pieejama <a href=\"http:\/\/akcmv.gov.lv\/wp-content\/uploads\/2024\/03\/iesniegums.docx\">\u0161eit<\/a>)<\/li>\n<li>b\u0113rna dzim\u0161anas apliec\u012bbas kopija<\/li>\n<\/ul>\n<p><strong>Iest\u0101jp\u0101rbaud\u012bjuma pras\u012bbas:<\/strong><\/p>\n<ul>\n<li>J\u0101nodzied latvie\u0161u tautasdziesma no galvas (vismaz 3 panti)<\/li>\n<li>Muzik\u0101l\u0101s dzirdes un m\u016bzikas atmi\u0146as p\u0101rbaude<\/li>\n<\/ul>\n<hr \/>\n<p><span style=\"color: #ff6600;\"><strong>JAUNUMS!<\/strong><\/span><\/p>\n<p><strong>Apm\u0101c\u012bba 5 un 6 gad\u012bgiem b\u0113rniem <span style=\"color: #ff6600;\">&#8220;M\u016aZIKAS \u0100BEC\u012aTE&#8221;<\/span><\/strong><\/p>\n<div style=\"width: 848px;\" class=\"wp-video\"><video class=\"wp-video-shortcode\" id=\"video-48-1\" width=\"848\" height=\"478\" preload=\"metadata\" controls=\"controls\"><source type=\"video\/mp4\" src=\"http:\/\/akcmv.gov.lv\/wp-content\/uploads\/2024\/08\/Muzikas_abecite_video.mp4?_=1\" \/><a href=\"http:\/\/akcmv.gov.lv\/wp-content\/uploads\/2024\/08\/Muzikas_abecite_video.mp4\">http:\/\/akcmv.gov.lv\/wp-content\/uploads\/2024\/08\/Muzikas_abecite_video.mp4<\/a><\/video><\/div>\n<hr \/>\n<p>&nbsp;<\/p>\n<p><span style=\"color: #ff6600;\"><strong>K\u0101 iest\u0101ties C\u0113su M\u016bzikas skol\u0101?<\/strong><\/span><\/p>\n<p>Muzik\u0101ls ir katrs b\u0113rns, t\u0101p\u0113c galvenais priek\u0161noteikums, k\u013c\u016bstot par m\u016bzikas skolas audz\u0113kni, ir v\u0113l\u0113\u0161an\u0101s muzic\u0113t un interese par konkr\u0113tu m\u016bzikas instrumentu.<\/p>\n<p style=\"text-align: justify;\">M\u016bzikas skol\u0101 uz\u0146em b\u0113rnus, kuri m\u0101c\u0101s pamatskol\u0101 vai \u0161aj\u0101 m\u0101c\u012bbu gad\u0101 uzs\u0101ks m\u0101c\u012bbas 1.klas\u0113. Pirms uz\u0146em\u0161anas p\u0101rbaud\u012bjumiem notiek konsult\u0101cijas.<\/p>\n<p style=\"text-align: justify;\">Uz\u0146em\u0161anas p\u0101rbaud\u012bjums nav sare\u017e\u0123\u012bts. Taj\u0101 ir j\u0101nodzied dziesma, j\u0101noplauk\u0161\u0137ina ritms un j\u0101at\u0161\u0137ir ska\u0146u augstumi. P\u0101rbaud\u012bjum\u0101 valda labv\u0113l\u012bga gaisotne.<\/p>\n<p style=\"text-align: justify;\">Lai iest\u0101tos skol\u0101, ir j\u0101uzr\u0101da dzim\u0161anas apliec\u012bba un j\u0101uzraksta iesniegums.<\/p>\n<p style=\"text-align: justify;\">M\u0101c\u012bbas notiek p\u0113cpusdien\u0101.<\/p>\n<p><strong>DOKUMENTI<\/strong><\/p>\n<ul>\n<li><a href=\"http:\/\/akcmv.gov.lv\/wp-content\/uploads\/2025\/04\/Uznemsanas-noteikumi_2025_MS.pdf\">Uz\u0146em\u0161anas noteikumi Alfr\u0113da Kalni\u0146a C\u0113su M\u016bzikas vidusskolas profesion\u0101l\u0101s ievirzes programm\u0101s<\/a><\/li>\n<li><a href=\"http:\/\/akcmv.gov.lv\/wp-content\/uploads\/2025\/04\/AKCMV_Vertesh_kartiba_Prof-iev_2025.pdf\">Iek\u0161\u0113jie noteikumi Izgl\u012btojamo m\u0101c\u012bbu sasniegumu v\u0113rt\u0113\u0161anas k\u0101rt\u012bba profesion\u0101l\u0101s ievirzes izgl\u012bt\u012bbas programm\u0101s<\/a><\/li>\n<li><a href=\"http:\/\/akcmv.gov.lv\/wp-content\/uploads\/2025\/04\/AKCMV_Vert_krit_Prof-iev_2025.pdf\">Alfr\u0113da Kalni\u0146a C\u0113su M\u016bzikas vidusskolas Izgl\u012btojamo m\u0101c\u012bbu sniegumu v\u0113rt\u0113\u0161anas k\u0101rt\u012bba profesion\u0101l\u0101s ievirzes izgl\u012bt\u012bbas programm\u0101s Pielikums Nr.1 \u201cSummat\u012bvais v\u0113rt\u0113jums profesion\u0101l\u0101s ievirzes instrumentu sp\u0113les \/ dzied\u0101\u0161anas m\u0101c\u012bbu priek\u0161metu p\u0101rbaud\u012bjumos (tehnisk\u0101s ieskaites, m\u0101c\u012bbu koncerti, eks\u0101meni)\u201d<\/a><\/li>\n<\/ul>\n<hr \/>\n<h3>\u00a0<span style=\"color: #ff6600;\"><strong>Izgl\u012bt\u012bbas programmas<\/strong><\/span><\/h3>\n<p>C\u0113su\u00a0M\u016bzikas skol\u0101 tiek pied\u0101v\u0101tas 6 akredit\u0113tas izgl\u012bt\u012bbas programmas:<\/p>\n<ul>\n<li><strong>Tausti\u0146instrumentu<\/strong> <span style=\"color: #ff9900;\"><span style=\"color: #000000;\"><strong><span style=\"color: #ff6600;\">klavieres<\/span><\/strong><\/span><\/span><span style=\"color: #ff6600;\"><strong>|akordeons<\/strong><\/span><span style=\"color: #000000;\"><span style=\"color: #ff6600;\">\u00a0<\/span>(m\u0101c\u012bbu ilgums 8 gadi)<\/span><\/li>\n<li><strong>St\u012bgu instrumentu<\/strong>\u00a0<span style=\"color: #ff6600;\"><strong>\u010dells|vijole|\u0123it\u0101ra|kokle <\/strong><\/span><span style=\"color: #000000;\">(m\u0101c\u012bbu ilgums 8 gadi)<\/span><\/li>\n<li><strong>P\u016b\u0161amo instrumentu<\/strong> \u00a0<span style=\"color: #ff6600;\"><strong>eifonijs|fagots|flauta|klarnete|oboja|saksofons|trombons|trompete|tuba <\/strong><span style=\"color: #000000;\">(m\u0101c\u012bbu ilgums 8 gadi)<\/span><\/span><\/li>\n<li><strong>Sitaminstrumentu<\/strong><span style=\"color: #000000;\"> (m\u0101c\u012bbu ilgums 8 gadi)<\/span><\/li>\n<li><strong>M\u016bsdienu ritma m\u016bzika<\/strong> <span style=\"color: #000000;\">(m\u0101c\u012bbu ilgums 8 gadi)<\/span><\/li>\n<li><strong>Kora klase<\/strong><span style=\"color: #000000;\">\u00a0(m\u0101c\u012bbu ilgums 8 gadi)<\/span><\/li>\n<\/ul>\n<div id=\"mty1mdi3mja0na\"><\/div>\n<hr \/>\n<h3><span style=\"color: #ff6600;\"><strong>Izgl\u012bt\u012bbas programmas un pedagogi<\/strong><\/span><\/h3>\n<table style=\"height: 200px;\" border=\"1\" width=\"100\" cellspacing=\"0\" cellpadding=\"0\">\n<tbody>\n<tr>\n<td style=\"text-align: center;\" colspan=\"2\"><span style=\"color: #ff6600;\"><strong>TAUSTI\u0145INSTRUMENTU SP\u0112LE<br \/>\n<\/strong><\/span><strong>vad\u012bt\u0101ja Guna R\u0101cene<\/strong><\/td>\n<\/tr>\n<tr>\n<td style=\"text-align: center;\"><span style=\"color: #ff6600;\"><strong>Pedagogi<\/strong><\/span><\/td>\n<td style=\"text-align: center;\"><span style=\"color: #ff6600;\"><strong>Specialit\u0101te<\/strong><\/span><\/td>\n<\/tr>\n<tr>\n<td style=\"text-align: center;\">El\u012bna Asne<\/td>\n<td style=\"text-align: center;\">Klaviersp\u0113le<\/td>\n<\/tr>\n<tr>\n<td style=\"text-align: center;\">Aija B\u0101rdi\u0146a<\/td>\n<td style=\"text-align: center;\">Klaviersp\u0113le<\/td>\n<\/tr>\n<tr>\n<td style=\"text-align: center;\">Lauma Gaile<\/td>\n<td style=\"text-align: center;\">Klaviersp\u0113le<\/td>\n<\/tr>\n<tr>\n<td style=\"text-align: center;\">An\u017eela I\u013cjina<\/td>\n<td style=\"text-align: center;\">Klaviersp\u0113le<\/td>\n<\/tr>\n<tr>\n<td style=\"text-align: center;\">Ina I\u013cju\u010donoka<\/td>\n<td style=\"text-align: center;\">Klaviersp\u0113le<\/td>\n<\/tr>\n<tr>\n<td style=\"text-align: center;\">Dana Java<\/td>\n<td style=\"text-align: center;\">Klaviersp\u0113le<\/td>\n<\/tr>\n<tr>\n<td style=\"text-align: center;\">Signe Kl\u0101va<\/td>\n<td style=\"text-align: center;\">Klaviersp\u0113le<\/td>\n<\/tr>\n<tr>\n<td style=\"text-align: center;\">Lelde Krasti\u0146a<\/td>\n<td style=\"text-align: center;\">Klaviersp\u0113le\/\u0112r\u0123e\u013csp\u0113le<\/td>\n<\/tr>\n<tr>\n<td style=\"text-align: center;\">Gaida Kurcena<\/td>\n<td style=\"text-align: center;\">Klaviersp\u0113le<\/td>\n<\/tr>\n<tr>\n<td style=\"text-align: center;\">L\u012bga Lauri\u0146a<\/td>\n<td style=\"text-align: center;\">Klaviersp\u0113le<\/td>\n<\/tr>\n<tr>\n<td style=\"text-align: center;\">Guntars Mazkalns<\/td>\n<td style=\"text-align: center;\">Klaviersp\u0113le<\/td>\n<\/tr>\n<tr>\n<td style=\"text-align: center;\">Irita Merga<\/td>\n<td style=\"text-align: center;\">Klaviersp\u0113le<\/td>\n<\/tr>\n<tr>\n<td style=\"text-align: center;\">Sandra Tamane<\/td>\n<td style=\"text-align: center;\">Klaviersp\u0113le\/\u0112r\u0123e\u013csp\u0113le<\/td>\n<\/tr>\n<tr>\n<td style=\"text-align: center;\">Benita Zv\u012bgule<\/td>\n<td style=\"text-align: center;\">Klaviersp\u0113le<\/td>\n<\/tr>\n<\/tbody>\n<\/table>\n<table style=\"height: 200px;\" border=\"1\" width=\"100\" cellspacing=\"0\" cellpadding=\"0\">\n<tbody>\n<tr>\n<td style=\"text-align: center;\" colspan=\"2\"><span style=\"color: #ff6600;\"><strong> P\u016a\u0160AMINSTRUMENTU UN SITAMINSTRUMENTU SP\u0112LE<\/strong><\/span><br \/>\n<strong>vad\u012bt\u0101ja Elita Ezermale<\/strong><\/td>\n<\/tr>\n<tr>\n<td style=\"text-align: center;\"><span style=\"color: #ff6600;\"><strong>Pedagogi<\/strong><\/span><\/td>\n<td style=\"text-align: center;\"><span style=\"color: #ff6600;\"><strong>Specialit\u0101te<\/strong><\/span><\/td>\n<\/tr>\n<tr>\n<td style=\"text-align: center;\">Elita Ezermale<\/td>\n<td style=\"text-align: center;\">Flautas sp\u0113le<\/td>\n<\/tr>\n<tr>\n<td style=\"text-align: center;\">Andris \u0112rglis<\/td>\n<td style=\"text-align: center;\">Sitaminstrumentu sp\u0113le<\/td>\n<\/tr>\n<tr>\n<td style=\"text-align: center;\">J\u0101nis Jansons<\/td>\n<td style=\"text-align: center;\">Saksofona sp\u0113le<\/td>\n<\/tr>\n<tr>\n<td style=\"text-align: center;\">Tabita Marhela<\/td>\n<td style=\"text-align: center;\">Flautas sp\u0113le<\/td>\n<\/tr>\n<tr>\n<td style=\"text-align: center;\">T\u0101livaldis Narvils<\/td>\n<td style=\"text-align: center;\">Fagota, klarnetes un saksofona sp\u0113le<\/td>\n<\/tr>\n<tr>\n<td style=\"text-align: center;\">In\u0101ra Rub\u012bna<\/td>\n<td style=\"text-align: center;\">Flautas sp\u0113le<\/td>\n<\/tr>\n<tr>\n<td style=\"text-align: center;\">Aivars Radzi\u0146\u0161<\/td>\n<td style=\"text-align: center;\">Trompetes sp\u0113le<\/td>\n<\/tr>\n<tr>\n<td style=\"text-align: center;\">Zintis \u017dvarts<\/td>\n<td style=\"text-align: center;\">Saksofona sp\u0113le<\/td>\n<\/tr>\n<\/tbody>\n<\/table>\n<table style=\"height: 200px;\" border=\"1\" width=\"100\" cellspacing=\"0\" cellpadding=\"0\">\n<tbody>\n<tr>\n<td style=\"text-align: center;\" colspan=\"2\"><span style=\"color: #ff6600;\"><strong> ST\u012aGU INSTRUMENTU SP\u0112LE<\/strong><\/span><br \/>\n<strong>vad\u012bt\u0101ja Inese Nelsone<\/strong><\/td>\n<\/tr>\n<tr>\n<td style=\"text-align: center;\"><span style=\"color: #ff6600;\"><strong>Pedagogi<\/strong><\/span><\/td>\n<td style=\"text-align: center;\"><span style=\"color: #ff6600;\"><strong>Specialit\u0101te<\/strong><\/span><\/td>\n<\/tr>\n<tr>\n<td style=\"text-align: center;\">Samanta Ceruka<\/td>\n<td style=\"text-align: center;\">Kokles sp\u0113le<\/td>\n<\/tr>\n<tr>\n<td style=\"text-align: center;\">Katr\u012bna Eglona<\/td>\n<td style=\"text-align: center;\">Vijoles sp\u0113le<\/td>\n<\/tr>\n<tr>\n<td style=\"text-align: center;\">Agnis Kr\u016bz\u012btis<\/td>\n<td style=\"text-align: center;\">Vijoles sp\u0113le<\/td>\n<\/tr>\n<tr>\n<td style=\"text-align: center;\">Ieva Kal\u0113ja<\/td>\n<td style=\"text-align: center;\">Kokles sp\u0113le<\/td>\n<\/tr>\n<tr>\n<td style=\"text-align: center;\">Inese Nelsone<\/td>\n<td style=\"text-align: center;\">\u010cella sp\u0113le<\/td>\n<\/tr>\n<tr>\n<td style=\"text-align: center;\">Imalda Pabi\u0101na<\/td>\n<td style=\"text-align: center;\">Vijoles sp\u0113le<\/td>\n<\/tr>\n<tr>\n<td style=\"text-align: center;\">Ilze Petrovska<\/td>\n<td style=\"text-align: center;\">\u010cella sp\u0113le<\/td>\n<\/tr>\n<tr>\n<td style=\"text-align: center;\">Fiona Mary Viln\u012bte<\/td>\n<td style=\"text-align: center;\">Vijoles sp\u0113le<\/td>\n<\/tr>\n<tr>\n<td style=\"text-align: center;\">Elita Zviedr\u0101ne<\/td>\n<td style=\"text-align: center;\">\u0122it\u0101ras sp\u0113le<\/td>\n<\/tr>\n<tr>\n<td style=\"text-align: center;\">Ilze \u017dvarte<\/td>\n<td style=\"text-align: center;\">Kokles sp\u0113le<\/td>\n<\/tr>\n<\/tbody>\n<\/table>\n<table style=\"height: 200px;\" border=\"1\" width=\"100\" cellspacing=\"0\" cellpadding=\"0\">\n<tbody>\n<tr>\n<td style=\"text-align: center;\" colspan=\"2\"><span style=\"color: #ff6600;\"><strong>M\u016aSDIENU UN RITMA M\u016aZIKAS KLASE<\/strong><\/span><\/td>\n<\/tr>\n<tr>\n<td style=\"text-align: center;\"><span style=\"color: #ff6600;\"><strong>Pedagogi<\/strong><\/span><\/td>\n<td style=\"text-align: center;\"><span style=\"color: #ff6600;\"><strong>Specialit\u0101te<\/strong><\/span><\/td>\n<\/tr>\n<tr>\n<td style=\"text-align: center;\">In\u0101ra Rub\u012bna<\/td>\n<td style=\"text-align: center;\">Dzied\u0101\u0161ana<\/td>\n<\/tr>\n<\/tbody>\n<\/table>\n<table style=\"height: 200px;\" border=\"1\" width=\"100\" cellspacing=\"0\" cellpadding=\"0\">\n<tbody>\n<tr>\n<td style=\"text-align: center;\" colspan=\"2\"><span style=\"color: #ff6600;\"><strong>KORA\u00a0KLASE<\/strong><\/span><\/td>\n<\/tr>\n<tr>\n<td style=\"text-align: center;\"><span style=\"color: #ff6600;\"><strong>Pedagogi<\/strong><\/span><\/td>\n<td style=\"text-align: center;\"><span style=\"color: #ff6600;\"><strong>Specialit\u0101te<\/strong><\/span><\/td>\n<\/tr>\n<tr>\n<td style=\"text-align: center;\">Dace Balode<\/td>\n<td style=\"text-align: center;\">Vok\u0101l\u0101 m\u016bzika, koris<\/td>\n<\/tr>\n<tr>\n<td style=\"text-align: center;\">Melisa Smilga<\/td>\n<td style=\"text-align: center;\">Dzied\u0101\u0161ana<\/td>\n<\/tr>\n<\/tbody>\n<\/table>\n<table style=\"height: 200px;\" border=\"1\" width=\"100\" cellspacing=\"0\" cellpadding=\"0\">\n<tbody>\n<tr>\n<td style=\"text-align: center;\" colspan=\"2\"><strong><span style=\"color: #ff6600;\">M\u016aZIKAS TEORIJA<\/span><\/strong><\/td>\n<\/tr>\n<tr>\n<td style=\"text-align: center;\"><span style=\"color: #ff6600;\"><strong>Pedagogi<\/strong><\/span><\/td>\n<td style=\"text-align: center;\"><span style=\"color: #ff6600;\"><strong>Specialit\u0101te<\/strong><\/span><\/td>\n<\/tr>\n<tr>\n<td style=\"text-align: center;\">Ilona A\u013c\u013cena<\/td>\n<td style=\"text-align: center;\">M\u016bzikas teorijas priek\u0161meti<\/td>\n<\/tr>\n<tr>\n<td style=\"text-align: center;\">Sandra Dzelzkal\u0113ja<\/td>\n<td style=\"text-align: center;\">M\u016bzikas teorijas priek\u0161meti<\/td>\n<\/tr>\n<tr>\n<td style=\"text-align: center;\">M\u0101r\u012bte Lodzi\u0146a<\/td>\n<td style=\"text-align: center;\">M\u016bzikas teorijas priek\u0161meti<\/td>\n<\/tr>\n<tr>\n<td style=\"text-align: center;\">Elita Zviedr\u0101ne<\/td>\n<td style=\"text-align: center;\">M\u016bzikas teorijas priek\u0161meti<\/td>\n<\/tr>\n<\/tbody>\n<\/table>\n<p><a href=\"http:\/\/akcmv.gov.lv\/?page_id=206\">Visus AKCMV pedagogus skat\u012bt \u0161eit<\/a><\/p>\n<hr \/>\n<p><span style=\"color: #ff6600;\"><strong>M\u0101c\u012bbu maksa\u00a0<\/strong><\/span><\/p>\n<p>M\u0101c\u012bbu maksa ir 16 EUR m\u0113nes\u012b.<\/p>\n<hr \/>\n<p><span style=\"color: #ff6600;\"><strong>Instrumentu noma<\/strong><\/span><\/p>\n<p>Ir iesp\u0113jama instrumentu noma 7 EUR m\u0113nes\u012b.<\/p>\n<hr \/>\n<p><span style=\"color: #ff6600;\"><strong>K\u0101p\u0113c ir svar\u012bgi m\u0101c\u012bties m\u016bziku?<\/strong><\/span><\/p>\n<p style=\"text-align: justify;\">M\u016bzika veicina vienu no b\u016btisk\u0101kaj\u0101m cilv\u0113ka sp\u0113j\u0101m \u2013 rado\u0161umu. V\u0113l vair\u0101k, b\u0113rns, apg\u016bstot m\u016bziku, att\u012bsta visus intelekta veidus \u2013 gan lingvistisko, gan lo\u0123iski matem\u0101tisko, gan saskarsmes un citus. Tie\u0161i m\u016bzika ir instruments, kas pal\u012bdz l\u012bdzsvaroti att\u012bst\u012bt abas smadze\u0146u puslodes. M\u016bzikas klaus\u012b\u0161an\u0101s, k\u0101da instrumenta sp\u0113le un apg\u016b\u0161ana ir \u201cprobl\u0113mu risin\u0101\u0161anas\u201d aktivit\u0101te. K\u0101 m\u016bzikas klaus\u012b\u0161an\u0101s, t\u0101 muzic\u0113\u0161ana noz\u012bm\u0113 sist\u0113mu atra\u0161anu vai veido\u0161anu un probl\u0113mu risin\u0101\u0161anu. M\u016bzikas apg\u016b\u0161ana veicina m\u0113r\u0137tiec\u012bbu, att\u012bsta koncentr\u0113\u0161an\u0101s prasmi un bag\u0101tina emociju pasauli. Muzik\u0101l\u0101 izgl\u012bt\u012bba ir pamats harmoniskas person\u012bbas izaugsm\u0113.<\/p>\n<hr \/>\n<p><span style=\"color: #ff6600;\"><strong>Kontakti<\/strong><\/span><\/p>\n<p><a href=\"http:\/\/akcmv.gov.lv\/?page_id=59\">Skat\u012bt \u0161eit<\/a><\/p>\n","protected":false},"excerpt":{"rendered":"<p>Alfr\u0113da Kalni\u0146a C\u0113su M\u016bzikas skola izsludina papilduz\u0146em\u0161anu 1. klas\u0113 2025.\/2026. m\u0101c\u012bbu gad\u0101. Pieejam\u0101s specialit\u0101tes C\u0113s\u012bs: fagots trompete saksofons \u0123it\u0101ra kokle klavieres kora klase m\u016bsdienu ritmi Pieejam\u0101s specialit\u0101tes Prieku\u013cos: kokle saksofons Iest\u0101jeks\u0101menu laiki: tre\u0161dien, 2025. gada 24.septembr\u012b plkst. 16.00 Prieku\u013cos; ceturtdien, 2025. gada 25.septembr\u012b plkst. 17.00 C\u0113s\u012bs. Vair\u0101k inform\u0101cijas pa t\u0101lruni 27746196. Iesniedzamie dokumenti: vec\u0101ku iesniegums [&hellip;]<\/p>\n","protected":false},"author":1,"featured_media":137,"parent":0,"menu_order":5,"comment_status":"open","ping_status":"open","template":"","meta":{"footnotes":""},"class_list":["post-48","page","type-page","status-publish","has-post-thumbnail","czr-hentry"],"_links":{"self":[{"href":"http:\/\/akcmv.gov.lv\/index.php?rest_route=\/wp\/v2\/pages\/48","targetHints":{"allow":["GET"]}}],"collection":[{"href":"http:\/\/akcmv.gov.lv\/index.php?rest_route=\/wp\/v2\/pages"}],"about":[{"href":"http:\/\/akcmv.gov.lv\/index.php?rest_route=\/wp\/v2\/types\/page"}],"author":[{"embeddable":true,"href":"http:\/\/akcmv.gov.lv\/index.php?rest_route=\/wp\/v2\/users\/1"}],"replies":[{"embeddable":true,"href":"http:\/\/akcmv.gov.lv\/index.php?rest_route=%2Fwp%2Fv2%2Fcomments&post=48"}],"version-history":[{"count":114,"href":"http:\/\/akcmv.gov.lv\/index.php?rest_route=\/wp\/v2\/pages\/48\/revisions"}],"predecessor-version":[{"id":16940,"href":"http:\/\/akcmv.gov.lv\/index.php?rest_route=\/wp\/v2\/pages\/48\/revisions\/16940"}],"wp:featuredmedia":[{"embeddable":true,"href":"http:\/\/akcmv.gov.lv\/index.php?rest_route=\/wp\/v2\/media\/137"}],"wp:attachment":[{"href":"http:\/\/akcmv.gov.lv\/index.php?rest_route=%2Fwp%2Fv2%2Fmedia&parent=48"}],"curies":[{"name":"wp","href":"https:\/\/api.w.org\/{rel}","templated":true}]}}