{"id":4934,"date":"2018-10-19T15:13:45","date_gmt":"2018-10-19T12:13:45","guid":{"rendered":"http:\/\/akcmv.gov.lv\/?page_id=4934"},"modified":"2018-10-19T15:13:45","modified_gmt":"2018-10-19T12:13:45","slug":"liga-priedite","status":"publish","type":"page","link":"http:\/\/akcmv.gov.lv\/?page_id=4934","title":{"rendered":"L\u012bga Pried\u012bte"},"content":{"rendered":"\n\t\t<style type=\"text\/css\">\n\t\t\t#gallery-1 {\n\t\t\t\tmargin: auto;\n\t\t\t}\n\t\t\t#gallery-1 .gallery-item {\n\t\t\t\tfloat: left;\n\t\t\t\tmargin-top: 10px;\n\t\t\t\ttext-align: center;\n\t\t\t\twidth: 100%;\n\t\t\t}\n\t\t\t#gallery-1 img {\n\t\t\t\tborder: 2px solid #cfcfcf;\n\t\t\t}\n\t\t\t#gallery-1 .gallery-caption {\n\t\t\t\tmargin-left: 0;\n\t\t\t}\n\t\t\t\/* see gallery_shortcode() in wp-includes\/media.php *\/\n\t\t<\/style>\n\t\t<div id='gallery-1' class='gallery galleryid-4934 gallery-columns-1 gallery-size-medium'><dl class='gallery-item'>\n\t\t\t<dt class='gallery-icon landscape'>\n\t\t\t\t<a class=\"grouped_elements\" rel=\"tc-fancybox-group\" href=\"http:\/\/akcmv.gov.lv\/wp-content\/uploads\/2018\/10\/QE4A8918.jpg\" title=\"\"><img loading=\"lazy\" decoding=\"async\" width=\"300\" height=\"210\" src=\"http:\/\/akcmv.gov.lv\/wp-content\/uploads\/2018\/10\/QE4A8918-300x210.jpg\" class=\"attachment-medium size-medium\" alt=\"\" srcset=\"http:\/\/akcmv.gov.lv\/wp-content\/uploads\/2018\/10\/QE4A8918-300x210.jpg 300w, http:\/\/akcmv.gov.lv\/wp-content\/uploads\/2018\/10\/QE4A8918-768x538.jpg 768w, http:\/\/akcmv.gov.lv\/wp-content\/uploads\/2018\/10\/QE4A8918-1024x717.jpg 1024w\" sizes=\"auto, (max-width: 300px) 100vw, 300px\" \/><\/a>\n\t\t\t<\/dt><\/dl><br style=\"clear: both\" \/>\n\t\t<\/div>\n\n<h1 style=\"text-align: center;\"><span style=\"color: #ff6600;\"><strong>L\u012bga Pried\u012bte<\/strong><\/span><\/h1>\n<p style=\"text-align: center;\"><strong>kordiri\u0123ente,\u00a0kora diri\u0123\u0113\u0161anas\u00a0skolot\u0101ja, AKCMV absolvente<\/strong><\/p>\n<hr \/>\n<p style=\"text-align: justify;\"><strong><span style=\"color: #ff6600;\">Par skolot\u0101ju:<\/span><\/strong><br \/>\n<strong>L.Pried\u012bte:<\/strong><em>\u00a0&#8220;Sav\u0101 vien\u012bgaj\u0101 darbaviet\u0101 &#8211; Alfr\u0113da Kalni\u0146a C\u0113su M\u016bzikas vidusskol\u0101 &#8211; par sav\u0113jiem varu saukt ap 100 jauno diri\u0123entu. Rado\u0161s un interesants bija ar\u012b darbs ar skolas jaunie\u0161u kori &#8211; piedal\u012bj\u0101mies visos republikas Dziesmu sv\u0113tkos, koru skat\u0113s starp vidusskol\u0101m (R\u0113zekn\u0113, R\u012bg\u0101, u.c.), ieg\u016bstot pirm\u0101s vietas. Organiz\u0113ti ar\u012b koncertbraucieni Latvij\u0101 un \u0101rpus t\u0101s &#8211; spilgt\u0101kie &#8211; uz Tad\u017eikist\u0101nu un Rum\u0101niju.<\/em><em style=\"font-weight: inherit;\">&#8220;<\/em><\/p>\n<p style=\"text-align: justify;\"><strong><span style=\"color: #ff6600;\">Skolot\u0101jas v\u0113l\u0113jums audz\u0113k\u0146iem:<br \/>\n<\/span><\/strong><em>&#8220;\u012astenojiet savus sap\u0146us bag\u0101taj\u0101 un skaistaj\u0101 m\u016bzikas pasaul\u0113!<\/em><em style=\"font-weight: inherit;\">&#8220;<\/em><\/p>\n<p>&nbsp;<\/p>\n","protected":false},"excerpt":{"rendered":"<p>L\u012bga Pried\u012bte kordiri\u0123ente,\u00a0kora diri\u0123\u0113\u0161anas\u00a0skolot\u0101ja, AKCMV absolvente Par skolot\u0101ju: L.Pried\u012bte:\u00a0&#8220;Sav\u0101 vien\u012bgaj\u0101 darbaviet\u0101 &#8211; Alfr\u0113da Kalni\u0146a C\u0113su M\u016bzikas vidusskol\u0101 &#8211; par sav\u0113jiem varu saukt ap 100 jauno diri\u0123entu. Rado\u0161s un interesants bija ar\u012b darbs ar skolas jaunie\u0161u kori &#8211; piedal\u012bj\u0101mies visos republikas Dziesmu sv\u0113tkos, koru skat\u0113s starp vidusskol\u0101m (R\u0113zekn\u0113, R\u012bg\u0101, u.c.), ieg\u016bstot pirm\u0101s vietas. Organiz\u0113ti ar\u012b koncertbraucieni [&hellip;]<\/p>\n","protected":false},"author":2,"featured_media":0,"parent":0,"menu_order":0,"comment_status":"closed","ping_status":"closed","template":"","meta":{"footnotes":""},"class_list":["post-4934","page","type-page","status-publish","czr-hentry"],"_links":{"self":[{"href":"http:\/\/akcmv.gov.lv\/index.php?rest_route=\/wp\/v2\/pages\/4934","targetHints":{"allow":["GET"]}}],"collection":[{"href":"http:\/\/akcmv.gov.lv\/index.php?rest_route=\/wp\/v2\/pages"}],"about":[{"href":"http:\/\/akcmv.gov.lv\/index.php?rest_route=\/wp\/v2\/types\/page"}],"author":[{"embeddable":true,"href":"http:\/\/akcmv.gov.lv\/index.php?rest_route=\/wp\/v2\/users\/2"}],"replies":[{"embeddable":true,"href":"http:\/\/akcmv.gov.lv\/index.php?rest_route=%2Fwp%2Fv2%2Fcomments&post=4934"}],"version-history":[{"count":2,"href":"http:\/\/akcmv.gov.lv\/index.php?rest_route=\/wp\/v2\/pages\/4934\/revisions"}],"predecessor-version":[{"id":4937,"href":"http:\/\/akcmv.gov.lv\/index.php?rest_route=\/wp\/v2\/pages\/4934\/revisions\/4937"}],"wp:attachment":[{"href":"http:\/\/akcmv.gov.lv\/index.php?rest_route=%2Fwp%2Fv2%2Fmedia&parent=4934"}],"curies":[{"name":"wp","href":"https:\/\/api.w.org\/{rel}","templated":true}]}}