{"id":5488,"date":"2019-03-04T10:06:43","date_gmt":"2019-03-04T08:06:43","guid":{"rendered":"http:\/\/akcmv.gov.lv\/?page_id=5488"},"modified":"2019-03-04T10:12:30","modified_gmt":"2019-03-04T08:12:30","slug":"talivaldis-narvils","status":"publish","type":"page","link":"http:\/\/akcmv.gov.lv\/?page_id=5488","title":{"rendered":"T\u0101livaldis Narvils"},"content":{"rendered":"\n\t\t<style type=\"text\/css\">\n\t\t\t#gallery-1 {\n\t\t\t\tmargin: auto;\n\t\t\t}\n\t\t\t#gallery-1 .gallery-item {\n\t\t\t\tfloat: left;\n\t\t\t\tmargin-top: 10px;\n\t\t\t\ttext-align: center;\n\t\t\t\twidth: 100%;\n\t\t\t}\n\t\t\t#gallery-1 img {\n\t\t\t\tborder: 2px solid #cfcfcf;\n\t\t\t}\n\t\t\t#gallery-1 .gallery-caption {\n\t\t\t\tmargin-left: 0;\n\t\t\t}\n\t\t\t\/* see gallery_shortcode() in wp-includes\/media.php *\/\n\t\t<\/style>\n\t\t<div id='gallery-1' class='gallery galleryid-5488 gallery-columns-1 gallery-size-medium'><dl class='gallery-item'>\n\t\t\t<dt class='gallery-icon landscape'>\n\t\t\t\t<a class=\"grouped_elements\" rel=\"tc-fancybox-group\" href=\"http:\/\/akcmv.gov.lv\/wp-content\/uploads\/2019\/03\/Narvils_Talivaldis.jpg\" title=\"\"><img loading=\"lazy\" decoding=\"async\" width=\"300\" height=\"200\" src=\"http:\/\/akcmv.gov.lv\/wp-content\/uploads\/2019\/03\/Narvils_Talivaldis-300x200.jpg\" class=\"attachment-medium size-medium\" alt=\"\" srcset=\"http:\/\/akcmv.gov.lv\/wp-content\/uploads\/2019\/03\/Narvils_Talivaldis-300x200.jpg 300w, http:\/\/akcmv.gov.lv\/wp-content\/uploads\/2019\/03\/Narvils_Talivaldis-768x512.jpg 768w, http:\/\/akcmv.gov.lv\/wp-content\/uploads\/2019\/03\/Narvils_Talivaldis-1024x683.jpg 1024w, http:\/\/akcmv.gov.lv\/wp-content\/uploads\/2019\/03\/Narvils_Talivaldis.jpg 1200w\" sizes=\"auto, (max-width: 300px) 100vw, 300px\" \/><\/a>\n\t\t\t<\/dt><\/dl><br style=\"clear: both\" \/>\n\t\t<\/div>\n\n<h1 style=\"text-align: center;\">T\u0101livaldis Narvils<\/h1>\n<p style=\"text-align: center;\"><strong>Fagota, saksofona un klarnetes sp\u0113les skolot\u0101js<\/strong><\/p>\n<hr \/>\n<p><strong><span style=\"color: #ff6600;\">Par skolot\u0101ju:<\/span><\/strong><br \/>\n<strong>T.Narvils:<\/strong> <em>&#8220;No 1986. gada str\u0101d\u0101ju Jaunpiebalgas\u00a0m\u016bzikas un m\u0101kslas skol\u0101. Alfr\u0113da Kalni\u0146a C\u0113su M\u016bzikas vidusskol\u0101 str\u0101d\u0101ju 4. gadu.&#8221;<\/em><\/p>\n<p><strong><span style=\"color: #ff6600;\">Skolot\u0101ja v\u0113l\u0113jums audz\u0113k\u0146iem:<br \/>\n<\/span><\/strong><em>&#8220;M\u0101cieties savam priekam, un lai ir prieks par sasniegumiem un savu var\u0113\u0161anu!&#8221;<\/em><\/p>\n","protected":false},"excerpt":{"rendered":"<p>T\u0101livaldis Narvils Fagota, saksofona un klarnetes sp\u0113les skolot\u0101js Par skolot\u0101ju: T.Narvils: &#8220;No 1986. gada str\u0101d\u0101ju Jaunpiebalgas\u00a0m\u016bzikas un m\u0101kslas skol\u0101. Alfr\u0113da Kalni\u0146a C\u0113su M\u016bzikas vidusskol\u0101 str\u0101d\u0101ju 4. gadu.&#8221; Skolot\u0101ja v\u0113l\u0113jums audz\u0113k\u0146iem: &#8220;M\u0101cieties savam priekam, un lai ir prieks par sasniegumiem un savu var\u0113\u0161anu!&#8221;<\/p>\n","protected":false},"author":2,"featured_media":0,"parent":0,"menu_order":0,"comment_status":"closed","ping_status":"closed","template":"","meta":{"footnotes":""},"class_list":["post-5488","page","type-page","status-publish","czr-hentry"],"_links":{"self":[{"href":"http:\/\/akcmv.gov.lv\/index.php?rest_route=\/wp\/v2\/pages\/5488","targetHints":{"allow":["GET"]}}],"collection":[{"href":"http:\/\/akcmv.gov.lv\/index.php?rest_route=\/wp\/v2\/pages"}],"about":[{"href":"http:\/\/akcmv.gov.lv\/index.php?rest_route=\/wp\/v2\/types\/page"}],"author":[{"embeddable":true,"href":"http:\/\/akcmv.gov.lv\/index.php?rest_route=\/wp\/v2\/users\/2"}],"replies":[{"embeddable":true,"href":"http:\/\/akcmv.gov.lv\/index.php?rest_route=%2Fwp%2Fv2%2Fcomments&post=5488"}],"version-history":[{"count":1,"href":"http:\/\/akcmv.gov.lv\/index.php?rest_route=\/wp\/v2\/pages\/5488\/revisions"}],"predecessor-version":[{"id":5490,"href":"http:\/\/akcmv.gov.lv\/index.php?rest_route=\/wp\/v2\/pages\/5488\/revisions\/5490"}],"wp:attachment":[{"href":"http:\/\/akcmv.gov.lv\/index.php?rest_route=%2Fwp%2Fv2%2Fmedia&parent=5488"}],"curies":[{"name":"wp","href":"https:\/\/api.w.org\/{rel}","templated":true}]}}