{"id":56,"date":"2014-10-21T11:20:20","date_gmt":"2014-10-21T08:20:20","guid":{"rendered":"http:\/\/pilsvesture.cesis.lv\/muz\/?page_id=56"},"modified":"2025-10-10T13:28:09","modified_gmt":"2025-10-10T10:28:09","slug":"projekti","status":"publish","type":"page","link":"http:\/\/akcmv.gov.lv\/?page_id=56","title":{"rendered":"Projekti"},"content":{"rendered":"\n<h3 class=\"wp-block-heading\"><strong>Erasmus akredit\u0101cija<\/strong><\/h3>\n\n\n\n<p>2022. gada febru\u0101r\u012b Valsts izgl\u012bt\u012bbas att\u012bst\u012bbas a\u0123ent\u016bra pie\u0146\u0113ma l\u0113mumu apstiprin\u0101t AKCMV sagatavoto Erasmus akredit\u0101cijas pieteikumu un pie\u0161\u0137\u012bra skolai Erasmus akredit\u0101ciju periodam no 2022.gada 1. febru\u0101ra l\u012bdz 2027. gada 31. decembrim. Erasmus akredit\u0101cija apliecina organiz\u0101cijas pl\u0101nu \u012bstenot augstas kvalit\u0101tes mobilit\u0101tes un sniedz iesp\u0113ju vienk\u0101r\u0161ot\u0101 k\u0101rt\u012bb\u0101 pieteikties atbalstam mobilit\u0101tes projektiem.<\/p>\n\n\n\n<figure class=\"wp-block-gallery has-nested-images columns-default is-cropped wp-block-gallery-1 is-layout-flex wp-block-gallery-is-layout-flex\">\n<figure class=\"wp-block-image size-full\"><a href=\"https:\/\/akcmv.gov.lv\/wp-content\/uploads\/2023\/09\/Erasmus_akreditacijas_sert-1.jpg\"><img loading=\"lazy\" decoding=\"async\" width=\"2340\" height=\"1654\" data-id=\"11490\" src=\"https:\/\/akcmv.gov.lv\/wp-content\/uploads\/2023\/09\/Erasmus_akreditacijas_sert-1.jpg\" alt=\"Erasmus akredit\u0101cijas sertifik\u0101ts\" class=\"wp-image-11490\" srcset=\"http:\/\/akcmv.gov.lv\/wp-content\/uploads\/2023\/09\/Erasmus_akreditacijas_sert-1.jpg 2340w, http:\/\/akcmv.gov.lv\/wp-content\/uploads\/2023\/09\/Erasmus_akreditacijas_sert-1-300x212.jpg 300w, http:\/\/akcmv.gov.lv\/wp-content\/uploads\/2023\/09\/Erasmus_akreditacijas_sert-1-1024x724.jpg 1024w, http:\/\/akcmv.gov.lv\/wp-content\/uploads\/2023\/09\/Erasmus_akreditacijas_sert-1-768x543.jpg 768w, http:\/\/akcmv.gov.lv\/wp-content\/uploads\/2023\/09\/Erasmus_akreditacijas_sert-1-1536x1086.jpg 1536w, http:\/\/akcmv.gov.lv\/wp-content\/uploads\/2023\/09\/Erasmus_akreditacijas_sert-1-2048x1448.jpg 2048w\" sizes=\"auto, (max-width: 2340px) 100vw, 2340px\" \/><\/a><\/figure>\n<\/figure>\n\n\n\n<p><strong>Izcil\u012bbas apliecin\u0101jums Erasmus akredit\u0101cij\u0101<\/strong><\/p>\n\n\n\n<p>2025. gada 25.mart\u0101 Alfr\u0113da Kalni\u0146a C\u0113su m\u016bzikas vidusskola no Valsts izgl\u012bt\u012bbas att\u012bst\u012bbas a\u0123ent\u016bras sa\u0146\u0113ma izcil\u012bbas apliecin\u0101jumu, kas apliecina \u2013 AKCMV Erasmus akredit\u0101cij\u0101 ir atz\u012bta par izcilu profesion\u0101las izgl\u012bt\u012bbas mobilit\u0101\u0161u \u012bstenot\u0101ju.<br><br>AKCMV projektu vad\u012bt\u0101ja El\u012bna Egl\u012bte: <em>\u201c2022. gad\u0101 skolai tika pie\u0161\u0137irta Erasmus akredit\u0101cija, kas apliecina AKCMV sp\u0113ju \u012bstenot augstas kvalit\u0101tes mobilit\u0101tes, ikgad\u0113ji pied\u0101v\u0101jot gan audz\u0113k\u0146iem, gan pedagogiem pieredzes apmai\u0146as iesp\u0113jas da\u017e\u0101d\u0101s Eiropas valst\u012bs. Sa\u0146emot Izcil\u012bbas apliecin\u0101jumu, esam \u012bpa\u0161i gandar\u012bti, jo tas apstiprina m\u016bsu k\u0101 organiz\u0101cijas ce\u013cu uz v\u012bziju &#8211; Vidzemes \u201cGaismas pils\u201d, atpaz\u012bstama vis\u0101 Latvij\u0101 un Eirop\u0101, kas sniedz daudzpus\u012bgu, konkur\u0113tsp\u0113j\u012bgu un uz izcil\u012bbu orient\u0113tu kult\u016brizgl\u012bt\u012bbu.\u201d<\/em><\/p>\n\n\n\n<figure class=\"wp-block-gallery has-nested-images columns-default is-cropped wp-block-gallery-2 is-layout-flex wp-block-gallery-is-layout-flex\">\n<figure class=\"wp-block-image size-full\"><a href=\"https:\/\/akcmv.gov.lv\/wp-content\/uploads\/2025\/06\/Izcilibas_apliecinajums_web-scaled-1.jpg\"><img loading=\"lazy\" decoding=\"async\" width=\"2560\" height=\"1810\" data-id=\"15506\" src=\"https:\/\/akcmv.gov.lv\/wp-content\/uploads\/2025\/06\/Izcilibas_apliecinajums_web-scaled-1.jpg\" alt=\"Izcil\u012bbas apliecin\u0101jums Erasmus akredit\u0101cij\u0101\" class=\"wp-image-15506\" srcset=\"http:\/\/akcmv.gov.lv\/wp-content\/uploads\/2025\/06\/Izcilibas_apliecinajums_web-scaled-1.jpg 2560w, http:\/\/akcmv.gov.lv\/wp-content\/uploads\/2025\/06\/Izcilibas_apliecinajums_web-scaled-1-300x212.jpg 300w, http:\/\/akcmv.gov.lv\/wp-content\/uploads\/2025\/06\/Izcilibas_apliecinajums_web-scaled-1-1024x724.jpg 1024w, http:\/\/akcmv.gov.lv\/wp-content\/uploads\/2025\/06\/Izcilibas_apliecinajums_web-scaled-1-768x543.jpg 768w, http:\/\/akcmv.gov.lv\/wp-content\/uploads\/2025\/06\/Izcilibas_apliecinajums_web-scaled-1-1536x1086.jpg 1536w, http:\/\/akcmv.gov.lv\/wp-content\/uploads\/2025\/06\/Izcilibas_apliecinajums_web-scaled-1-2048x1448.jpg 2048w\" sizes=\"auto, (max-width: 2560px) 100vw, 2560px\" \/><\/a><\/figure>\n<\/figure>\n\n\n\n<p><a href=\"https:\/\/akcmv.gov.lv\/?page_id=15903\">Erasmus+ 2025<\/a><\/p>\n\n\n\n<p><a href=\"https:\/\/akcmv.gov.lv\/?page_id=15448\">Erasmus+ 2024<\/a><\/p>\n\n\n\n<p><a href=\"https:\/\/akcmv.gov.lv\/?page_id=11482\">Erasmus+ 2023<\/a><\/p>\n\n\n\n<p><a href=\"https:\/\/akcmv.gov.lv\/?page_id=11450\">Erasmus+ 2022<\/a><\/p>\n\n\n\n<p><a href=\"http:\/\/akcmv.gov.lv\/?page_id=9325\">Erasmus+ 2021<\/a><\/p>\n\n\n\n<p><a href=\"http:\/\/akcmv.gov.lv\/?page_id=7219\">Erasmus+ 2019 &#8211; 2022<\/a><\/p>\n\n\n\n<p><a href=\"http:\/\/akcmv.gov.lv\/?page_id=3182\">Erasmus+ 2017<\/a><\/p>\n\n\n\n<p><a href=\"http:\/\/akcmv.gov.lv\/?page_id=2435\">Erasmus+ 2016<\/a><\/p>\n\n\n\n<p><a href=\"http:\/\/akcmv.gov.lv\/?page_id=2439\">RaPaPro<\/a><\/p>\n\n\n\n<p><a href=\"http:\/\/akcmv.gov.lv\/?page_id=2992\">Valsts kult\u016brkapit\u0101la fonda atbalst\u012btie projekti<\/a><\/p>\n\n\n\n<p><a href=\"http:\/\/akcmv.gov.lv\/?page_id=2437\">Nordplus<\/a><\/p>\n","protected":false},"excerpt":{"rendered":"<p>Erasmus akredit\u0101cija 2022. gada febru\u0101r\u012b Valsts izgl\u012bt\u012bbas att\u012bst\u012bbas a\u0123ent\u016bra pie\u0146\u0113ma l\u0113mumu apstiprin\u0101t AKCMV sagatavoto Erasmus akredit\u0101cijas pieteikumu un pie\u0161\u0137\u012bra skolai Erasmus akredit\u0101ciju periodam no 2022.gada 1. febru\u0101ra l\u012bdz 2027. gada 31. decembrim. Erasmus akredit\u0101cija apliecina organiz\u0101cijas pl\u0101nu \u012bstenot augstas kvalit\u0101tes mobilit\u0101tes un sniedz iesp\u0113ju vienk\u0101r\u0161ot\u0101 k\u0101rt\u012bb\u0101 pieteikties atbalstam mobilit\u0101tes projektiem. Izcil\u012bbas apliecin\u0101jums Erasmus akredit\u0101cij\u0101 2025. [&hellip;]<\/p>\n","protected":false},"author":1,"featured_media":0,"parent":50,"menu_order":0,"comment_status":"closed","ping_status":"closed","template":"","meta":{"footnotes":""},"class_list":["post-56","page","type-page","status-publish","czr-hentry"],"_links":{"self":[{"href":"http:\/\/akcmv.gov.lv\/index.php?rest_route=\/wp\/v2\/pages\/56","targetHints":{"allow":["GET"]}}],"collection":[{"href":"http:\/\/akcmv.gov.lv\/index.php?rest_route=\/wp\/v2\/pages"}],"about":[{"href":"http:\/\/akcmv.gov.lv\/index.php?rest_route=\/wp\/v2\/types\/page"}],"author":[{"embeddable":true,"href":"http:\/\/akcmv.gov.lv\/index.php?rest_route=\/wp\/v2\/users\/1"}],"replies":[{"embeddable":true,"href":"http:\/\/akcmv.gov.lv\/index.php?rest_route=%2Fwp%2Fv2%2Fcomments&post=56"}],"version-history":[{"count":28,"href":"http:\/\/akcmv.gov.lv\/index.php?rest_route=\/wp\/v2\/pages\/56\/revisions"}],"predecessor-version":[{"id":15906,"href":"http:\/\/akcmv.gov.lv\/index.php?rest_route=\/wp\/v2\/pages\/56\/revisions\/15906"}],"up":[{"embeddable":true,"href":"http:\/\/akcmv.gov.lv\/index.php?rest_route=\/wp\/v2\/pages\/50"}],"wp:attachment":[{"href":"http:\/\/akcmv.gov.lv\/index.php?rest_route=%2Fwp%2Fv2%2Fmedia&parent=56"}],"curies":[{"name":"wp","href":"https:\/\/api.w.org\/{rel}","templated":true}]}}