{"id":9,"date":"2014-10-21T11:12:08","date_gmt":"2014-10-21T08:12:08","guid":{"rendered":"http:\/\/pilsvesture.cesis.lv\/muz\/?page_id=9"},"modified":"2025-01-27T12:25:44","modified_gmt":"2025-01-27T10:25:44","slug":"izglitibas-programmas","status":"publish","type":"page","link":"http:\/\/akcmv.gov.lv\/?page_id=9","title":{"rendered":"Izgl\u012bt\u012bbas programmas"},"content":{"rendered":"<p><b>Profesion\u0101l\u0101s ievirzes programmas:<\/b><\/p>\n<table style=\"height: 351px;\" width=\"755\">\n<tbody>\n<tr>\n<td>\n<h6><span style=\"color: #666666;\"><b>Izgl\u012bt\u012bbas programmas kods<\/b><\/span><\/h6>\n<\/td>\n<td>\n<h6><span style=\"color: #666666;\"><b>Izgl\u012bt\u012bbas programmas nosaukums<\/b><\/span><\/h6>\n<\/td>\n<td>\n<h6><span style=\"color: #666666;\"><b>Specialit\u0101tes nosaukums<\/b><\/span><\/h6>\n<\/td>\n<\/tr>\n<tr>\n<td>20V 212 01 1<\/td>\n<td>Tausti\u0146instrumentu sp\u0113le<\/td>\n<td>Klavieres, Akordeons<\/td>\n<\/tr>\n<tr>\n<td>20V 212 02 1<\/td>\n<td>St\u012bgu instrumentu sp\u0113le<\/td>\n<td>Vijole, \u010cells, Kontrabass, Kokle, \u0122it\u0101ra<\/td>\n<\/tr>\n<tr>\n<td>20V 212 03 1<\/td>\n<td>P\u016b\u0161aminstrumentu sp\u0113le<\/td>\n<td>Flauta, Fagots, Klarnete, Saksofons, Trompete, Eifonijs, Trombons, Tuba<\/td>\n<\/tr>\n<tr>\n<td>20V 212 04 1<\/td>\n<td>Sitaminstrumentu sp\u0113le<\/td>\n<td>Sitaminstrumenti<\/td>\n<\/tr>\n<tr>\n<td>20V 212 06 1<\/td>\n<td>Vok\u0101l\u0101 m\u016bzika<\/td>\n<td>Kora klase<\/td>\n<\/tr>\n<tr>\n<td>20V 212 09 1<\/td>\n<td>M\u016bzika<\/td>\n<td>Popul\u0101r\u0101 un d\u017eeza m\u016bzika<\/td>\n<\/tr>\n<\/tbody>\n<\/table>\n<p><b>3.2. Programmas p\u0113c visp\u0101r\u0113j\u0101s pamata izgl\u012bt\u012bbas ieg\u016b\u0161anas:<\/b><\/p>\n<p><strong><strong>\u00a0<\/strong><\/strong><\/p>\n<table style=\"height: 617px;\" width=\"1378\">\n<tbody>\n<tr>\n<td>\n<h6><b>Izgl\u012bt\u012bbas programmas kods<br \/>\n<\/b><\/h6>\n<\/td>\n<td>\n<h6><b>Izgl\u012bt\u012bbas programmas nosaukums<\/b><\/h6>\n<\/td>\n<td>\n<h6><b>Profesion\u0101l\u0101s kvalifik\u0101cijas nosaukums<\/b><\/h6>\n<\/td>\n<\/tr>\n<tr>\n<td>33\u00a0212 01 1<\/td>\n<td><a href=\"http:\/\/akcmv.gov.lv\/wp-content\/uploads\/2014\/10\/IP-tausti\u0146instr._red-1.pdf\">Tausti\u0146instrumentu sp\u0113le<\/a><\/td>\n<td>M\u016bzi\u0137is pianists, koncertmeistars<br \/>\nM\u016bzi\u0137is akordeonists, ansamb\u013ca vad\u012bt\u0101js<\/td>\n<\/tr>\n<tr>\n<td>33\u00a0212 02 1<\/td>\n<td><a href=\"http:\/\/akcmv.gov.lv\/wp-content\/uploads\/2014\/10\/IP-st\u012bgas_red.pdf\">St\u012bgu instrumentu sp\u0113le<\/a><\/td>\n<td>M\u016bzi\u0137is vijolnieks<br \/>\nM\u016bzi\u0137is altists<br \/>\nM\u016bzi\u0137is \u010dellists<br \/>\nM\u016bzi\u0137is kokl\u0113t\u0101js, ansamb\u013ca vad\u012bt\u0101js<br \/>\nM\u016bzi\u0137is \u0123it\u0101rists, ansamb\u013ca vad\u012bt\u0101js<\/td>\n<\/tr>\n<tr>\n<td>33\u00a0212 03 1<\/td>\n<td><a href=\"http:\/\/akcmv.gov.lv\/wp-content\/uploads\/2014\/10\/IP-p\u016b\u0161aminstr._red.pdf\">P\u016b\u0161aminstrumentu sp\u0113le<\/a><\/td>\n<td>M\u016bzi\u0137is flautists, ansamb\u013ca vad\u012bt\u0101js<br \/>\nM\u016bzi\u0137is klarnetists, ansamb\u013ca vad\u012bt\u0101js<br \/>\nM\u016bzi\u0137is obojists, ansamb\u013ca vad\u012bt\u0101js<br \/>\nM\u016bzi\u0137is saksofonists, ansamb\u013ca vad\u012bt\u0101js<br \/>\nM\u016bzi\u0137is fagotists, ansamb\u013ca vad\u012bt\u0101js<br \/>\nM\u016bzi\u0137is trompetists, ansamb\u013ca vad\u012bt\u0101js<br \/>\nM\u016bzi\u0137is eifonists, ansamb\u013ca vad\u012bt\u0101js<br \/>\nM\u016bzi\u0137is trombonists, ansamb\u013ca vad\u012bt\u0101js<br \/>\nM\u016bzi\u0137is tubists, ansamb\u013ca vad\u012bt\u0101js<br \/>\nM\u016bzi\u0137is me\u017eradznieks, ansamb\u013ca vad\u012bt\u0101js<\/td>\n<\/tr>\n<tr>\n<td>33\u00a0212 04 1<\/td>\n<td><a href=\"http:\/\/akcmv.gov.lv\/wp-content\/uploads\/2014\/10\/IP-sitaminstr._red.pdf\">Sitaminstrumentu sp\u0113le<\/a><\/td>\n<td>M\u016bzi\u0137is sitaminstrument\u0101lists, ansamb\u013ca vad\u012bt\u0101js<\/td>\n<\/tr>\n<tr>\n<td>33\u00a0212 05 1<\/td>\n<td><a href=\"http:\/\/akcmv.gov.lv\/wp-content\/uploads\/2014\/10\/IP-diri\u0123\u0113\u0161ana_red.pdf\">Diri\u0123\u0113\u0161ana<\/a><\/td>\n<td>Kormeistars, kora dzied\u0101t\u0101js<\/td>\n<\/tr>\n<tr>\n<td>33\u00a0212 06 1<\/td>\n<td><a href=\"http:\/\/akcmv.gov.lv\/wp-content\/uploads\/2014\/10\/IP-dzied\u0101\u0161ana_red.pdf\">Vok\u0101l\u0101 m\u016bzika<\/a><\/td>\n<td>Vok\u0101lists, kora dzied\u0101t\u0101js<\/td>\n<\/tr>\n<tr>\n<td>33 212 09 1<\/td>\n<td><a href=\"http:\/\/akcmv.gov.lv\/wp-content\/uploads\/2014\/10\/IP-m\u016bzika.pdf\">M\u016bzika (Popul\u0101r\u0101 un d\u017eeza m\u016bzika)<\/a><\/td>\n<td>\n<div>M\u016bzi\u0137is dzied\u0101t\u0101js, ansamb\u013ca vad\u012bt\u0101js<\/div>\n<div>M\u016bzi\u0137is \u0123it\u0101rists, ansamb\u013ca vad\u012bt\u0101js<\/div>\n<div>M\u016bzi\u0137is klarnetists, ansamb\u013ca vad\u012bt\u0101js<br \/>\nM\u016bzi\u0137is saksofonists, ansamb\u013ca vad\u012bt\u0101js<br \/>\nM\u016bzi\u0137is sitaminstrument\u0101lists, ansamb\u013ca vad\u012bt\u0101js<br \/>\nM\u016bzi\u0137is pianists, ansamb\u013ca vad\u012bt\u0101js<\/div>\n<\/td>\n<\/tr>\n<\/tbody>\n<\/table>\n<p><b>3.3. Profesion\u0101l\u0101s vid\u0113j\u0101s izgl\u012bt\u012bbas programmas:<\/b><\/p>\n<table style=\"height: 171px;\" width=\"1378\">\n<tbody>\n<tr>\n<td>\n<h6><span style=\"color: #666666;\"><b>Izgl\u012bt\u012bbas programmas kods<\/b><\/span><\/h6>\n<\/td>\n<td>\n<h6><span style=\"color: #666666;\"><b>Izgl\u012bt\u012bbas programmas nosaukums<\/b><\/span><\/h6>\n<\/td>\n<td>\n<h6><span style=\"color: #666666;\"><b>Specialit\u0101tes nosaukums<\/b><\/span><\/h6>\n<\/td>\n<\/tr>\n<tr>\n<td>35b 212 01 1<\/td>\n<td>Tausti\u0146instrumentu sp\u0113le<\/td>\n<td>M\u016bzi\u0137is pianists,\u00a0koncertmeistars<br \/>\nM\u016bzi\u0137is \u0113r\u0123elnieks<\/td>\n<\/tr>\n<tr>\n<td>35b 212 02 1<\/td>\n<td>St\u012bgu instrumentu sp\u0113le<\/td>\n<td>M\u016bzi\u0137is \u0123it\u0101rists, ansamb\u013ca vad\u012bt\u0101js<\/td>\n<\/tr>\n<tr>\n<td>35b 212 03 1<\/td>\n<td>P\u016b\u0161aminstrumentu sp\u0113le<\/td>\n<td>M\u016bzi\u0137is trombonists, ansamb\u013ca vad\u012bt\u0101js<br \/>\nM\u016bzi\u0137is tubists, ansamb\u013ca vad\u012bt\u0101js<br \/>\nM\u016bzi\u0137is obojists, ansamb\u013ca vad\u012bt\u0101js<br \/>\nM\u016bzi\u0137is flautists, ansamb\u013ca vad\u012bt\u0101js<br \/>\nM\u016bzi\u0137is saksofonists, ansamb\u013ca vad\u012bt\u0101js<\/td>\n<\/tr>\n<tr>\n<td>35b 212 04 1<\/td>\n<td>Sitaminstrumentu sp\u0113le<\/td>\n<td>M\u016bzi\u0137is sitaminstrument\u0101lists, ansamb\u013ca vad\u012bt\u0101js<\/td>\n<\/tr>\n<tr>\n<td>35b 212 06 1<\/td>\n<td>Vok\u0101l\u0101 m\u016bzika<\/td>\n<td>Kora dzied\u0101t\u0101js<\/td>\n<\/tr>\n<\/tbody>\n<\/table>\n","protected":false},"excerpt":{"rendered":"<p>Profesion\u0101l\u0101s ievirzes programmas: Izgl\u012bt\u012bbas programmas kods Izgl\u012bt\u012bbas programmas nosaukums Specialit\u0101tes nosaukums 20V 212 01 1 Tausti\u0146instrumentu sp\u0113le Klavieres, Akordeons 20V 212 02 1 St\u012bgu instrumentu sp\u0113le Vijole, \u010cells, Kontrabass, Kokle, \u0122it\u0101ra 20V 212 03 1 P\u016b\u0161aminstrumentu sp\u0113le Flauta, Fagots, Klarnete, Saksofons, Trompete, Eifonijs, Trombons, Tuba 20V 212 04 1 Sitaminstrumentu sp\u0113le Sitaminstrumenti 20V 212 06 [&hellip;]<\/p>\n","protected":false},"author":1,"featured_media":0,"parent":4,"menu_order":0,"comment_status":"closed","ping_status":"closed","template":"","meta":{"footnotes":""},"class_list":["post-9","page","type-page","status-publish","czr-hentry"],"_links":{"self":[{"href":"http:\/\/akcmv.gov.lv\/index.php?rest_route=\/wp\/v2\/pages\/9","targetHints":{"allow":["GET"]}}],"collection":[{"href":"http:\/\/akcmv.gov.lv\/index.php?rest_route=\/wp\/v2\/pages"}],"about":[{"href":"http:\/\/akcmv.gov.lv\/index.php?rest_route=\/wp\/v2\/types\/page"}],"author":[{"embeddable":true,"href":"http:\/\/akcmv.gov.lv\/index.php?rest_route=\/wp\/v2\/users\/1"}],"replies":[{"embeddable":true,"href":"http:\/\/akcmv.gov.lv\/index.php?rest_route=%2Fwp%2Fv2%2Fcomments&post=9"}],"version-history":[{"count":27,"href":"http:\/\/akcmv.gov.lv\/index.php?rest_route=\/wp\/v2\/pages\/9\/revisions"}],"predecessor-version":[{"id":14320,"href":"http:\/\/akcmv.gov.lv\/index.php?rest_route=\/wp\/v2\/pages\/9\/revisions\/14320"}],"up":[{"embeddable":true,"href":"http:\/\/akcmv.gov.lv\/index.php?rest_route=\/wp\/v2\/pages\/4"}],"wp:attachment":[{"href":"http:\/\/akcmv.gov.lv\/index.php?rest_route=%2Fwp%2Fv2%2Fmedia&parent=9"}],"curies":[{"name":"wp","href":"https:\/\/api.w.org\/{rel}","templated":true}]}}