{"id":9325,"date":"2022-09-29T11:48:15","date_gmt":"2022-09-29T08:48:15","guid":{"rendered":"http:\/\/akcmv.gov.lv\/?page_id=9325"},"modified":"2022-10-24T16:12:16","modified_gmt":"2022-10-24T13:12:16","slug":"erasmus-2021","status":"publish","type":"page","link":"http:\/\/akcmv.gov.lv\/?page_id=9325","title":{"rendered":"Erasmus+ 2021"},"content":{"rendered":"<h3><strong><span style=\"color: #ff6600;\">Projekts \u201cJaunie m\u016bzi\u0137i \u2013 n\u0101kotnes Eiropas kult\u016bras dz\u012bves veidot\u0101ji&#8221;<\/span><\/strong><\/h3>\n<p>Projekta numurs: 2021-1-LV01-KA122-VET-000016483<br \/>\nProjekta s\u0101kuma datums:\u00a02021. gada 1. oktobris<br \/>\nProjekta beigu datums:\u00a02022. gada 30. septembris<br \/>\nProjekta kop\u0113jais finans\u0113jums: 19578,00 EUR<\/p>\n<p style=\"text-align: justify;\">Laik\u0101 no 17. marta l\u012bdz 30. martam 8 AKCMV audz\u0113k\u0146i skolot\u0101ju Toma Mik\u0101la un In\u0101ras Rub\u012bnas vad\u012bb\u0101 dev\u0101s uz Groningenas pils\u0113tu N\u012bderland\u0113, kur divas ned\u0113\u013cas praktiz\u0113j\u0101s m\u016bzikas izdevniec\u012bb\u0101 Cantina Records, lai g\u016btu iema\u0146as m\u016bzikas ierakstu veik\u0161an\u0101. Projekta grupa apmekl\u0113ja ar\u012b vair\u0101kas augst\u0101k\u0101s izgl\u012bt\u012bbas iest\u0101des \u2013 Prince Claus konservatoriju Groningen\u0101, Codarts M\u0101kslas universit\u0101ti Roterdam\u0101 un Amsterdamas konservatoriju. Projekta ietvaros jaunie\u0161iem un pedagogiem konservatorij\u0101s bija iesp\u0113ja apmekl\u0113t meistarklases pie popul\u0101r\u0101s un d\u017eeza m\u016bzikas jomas profesion\u0101\u013ciem, k\u0101 ar\u012b iepaz\u012bties ar n\u0101kotnes t\u0101l\u0101k\u0101s izgl\u012bt\u012bbas iesp\u0113j\u0101m. No prakses br\u012bvaj\u0101 laik\u0101 projekta grupa apmekl\u0113ja da\u017e\u0101dus d\u017eeza m\u016bzikas koncertus Groningen\u0101, baud\u012bja pavasar\u012bgo laiku N\u012bderland\u0113, dodoties ekskursij\u0101 pa Groningenu, k\u0101 ar\u012b apmekl\u0113ja M\u0101kslas muzeju.<\/p>\n<p style=\"text-align: justify;\">Prakses nosl\u0113gum\u0101 m\u016bzikas izdevniec\u012bb\u0101 tika ierakst\u012bts projekta grupas divu ned\u0113\u013cu prakses ansamb\u013ca kopdarbs.<\/p>\n<p style=\"text-align: justify;\"><strong>L.Lodi\u0146a:<\/strong> <em>&#8220;Gr\u016bti pateikt kas patika vislab\u0101k, kad patika piln\u012bgi viss. Visvair\u0101k gan jau ka koncerti. Lai cik pieredz\u0113ju\u0161i bija m\u0101kslinieki, katrs koncerts, kur\u0101 m\u0113s bij\u0101m, bija \u013coti kvalitat\u012bvs, labs, ar labu atmosf\u0113ru, interesantu m\u016bziku, da\u017e\u0101diem stiliem un \u017eanriem. Tie deva lielu iedvesmu un ar\u012b prieci\u0146u, \u013coti palielin\u0101ja v\u0113lmi dz\u012bvot un stud\u0113t N\u012bderland\u0113, it \u012bpa\u0161i Groningen\u0101, jo taj\u0101 ir \u013coti daudz jaunie\u0161u, pils\u0113ta ir \u013coti skaista, taj\u0101 t\u012bri praktiski ir viss nepiecie\u0161amais un viss cits, ko var v\u0113l\u0113ties. Pat\u012bk, ka vis\u0101 valst\u012b ir \u0113rti izmantot velosip\u0113dus k\u0101 transportu, to noteikti vajadz\u0113tu uzlabot Latvij\u0101.<\/em><br \/>\n<em>Skol\u0101s ieguvu vair\u0101k zin\u0101\u0161anas par d\u017eeza teoriju, bet cit\u0101di Groningenas Prin\u010da Klausa konservatorija ir stil\u0101 l\u012bdz\u012bga m\u016bsu skolai &#8211; uz\u0146em maz\u0101k audz\u0113k\u0146us, kas \u013cauj vi\u0146iem katram pieiet individu\u0101li. Man grib\u0113tos, ka mums ir t\u0101pat k\u0101 vi\u0146iem gandr\u012bz katru dienu mini koncerti\u0146\u0161 da\u017e\u0101diem sast\u0101viem, manupr\u0101t, tas \u013coti pal\u012bdz atv\u0113rties skat\u012bt\u0101jiem, dod uzst\u0101\u0161an\u0101s pieredzi. P\u0113c pieredzes ar ierakst\u012b\u0161anu brauciena beig\u0101s, saj\u016bta, ka vajadz\u0113tu to m\u0101c\u012bt gan klasiskaj\u0101, gan d\u017eeza noda\u013c\u0101, jo m\u016bzi\u0137iem visiem tas noder un varb\u016bt pat pal\u012bdz muzik\u0101li att\u012bst\u012bties.&#8221;<\/em><\/p>\n<p style=\"text-align: justify;\"><strong>S.Egl\u012bte:<\/strong> <em>&#8220;\u0160\u012bs divas ned\u0113\u013cas bija intens\u012bvi saist\u012btas ar un ap m\u016bziku. Mana m\u012blest\u012bba pret m\u016bziku pastiprin\u0101j\u0101s. Apmekl\u0113j\u0101m daudz da\u017e\u0101du d\u017eeza koncertu un jam session vakarus. Projekts man \u013coti pal\u012bdz\u0113ja izprast k\u0101 ir dz\u012bvot un m\u0101c\u012bties \u0101rzem\u0113s. Es ieguvu daudz noder\u012bgu inform\u0101ciju par to k\u0101ds ir m\u0101c\u012bbu process Amsterdamas, Roterdamas un Groningenas m\u016bzikas universit\u0101t\u0113s, k\u0101 ar\u012b skolot\u0101ja person\u012bg\u0101 pieredzes dal\u012b\u0161an\u0101s un izveidotie kontakti man var \u013coti labi noder\u0113t, m\u0101coties \u0101rzem\u0113s, N\u012bderland\u0113.<\/em><br \/>\n<em>Man patika, ka gandr\u012bz katru dienu notiek atv\u0113rt\u0101 noklaus\u012b\u0161an\u0101s, kur students vai studentu grupa atsp\u0113l\u0113 savu programmu mentoram un jebkur\u0161 interesents var iet un klaus\u012bties. Tas, manupr\u0101t, \u013coti labi pieradina studentus pie skatuves un klaus\u012bt\u0101jiem. K\u0101 ar\u012b \u0161\u0137ita laikietilp\u012bgi, ka uz klas\u012bti var pieteikties skolas m\u0101jaslap\u0101, kur dr\u012bkst pieteikties uz noteiktu ilgumu, t\u0101dej\u0101di skol\u0113ns var sapl\u0101not savu laiku daudz lab\u0101k. Protams, ar\u012b \u0161aha galdi\u0146i skolas gaite\u0146os, mani uzrun\u0101ja.&#8221;<\/em><\/p>\n<p style=\"text-align: justify;\"><strong>E.Hme\u013cinska:<\/strong> <em>&#8220;Man visvair\u0101k patika muzic\u0113t kop\u0101 ar da\u017e\u0101diem talant\u012bgiem, muzik\u0101liem, profesion\u0101liem d\u017eeza m\u016bzi\u0137iem, kas m\u012bl \u0161o m\u016bziku tikpat \u013coti k\u0101 es. Man patika iet uz visiem koncertiem un meistarklas\u0113m, uz kuriem tiku, k\u0101 ar\u012b piedal\u012bties jam sessions, man patika b\u016bt starp tik daudz d\u017eeza m\u016bzi\u0137iem jeb starp l\u012bdz\u012bgi dom\u0101jo\u0161iem cilv\u0113kiem, kas mani saprot. Man patika redz\u0113t un dzird\u0113t d\u017eezu \u2018\u2019dz\u012bvaj\u0101\u2019\u2019 no da\u017e\u0101diem aspektiem un pa\u0146\u0113mieniem, izpausmes veidiem. Tas bija iespaid\u012bgi un iedvesmojo\u0161i.<\/em><br \/>\n<em>Es ieguvu jaunu pieredzi un zin\u0101\u0161anas par to, k\u0101 dab\u016bt p\u0101rliec\u012bbu uz skatuves, k\u0101 to tren\u0113t. Es iem\u0101c\u012bjos jaunus balss treni\u0146a vingrin\u0101jumus, kas att\u012bsta diapazonu utt. Es ieguvu daudz noder\u012bgu kontaktu &#8211; skolot\u0101ju un m\u0101kslinieku, k\u0101 ar\u012b studentu.&#8221;<\/em><\/p>\n<p style=\"text-align: justify;\">Vair\u0101k par Erasmus+ programmas pied\u0101v\u0101taj\u0101m aktivit\u0101t\u0113m var uzzin\u0101t\u00a0<a href=\"https:\/\/www.erasmusplus.lv\/\" target=\"_blank\">\u0161eit.<\/a><\/p>\n\n\t\t<style type=\"text\/css\">\n\t\t\t#gallery-1 {\n\t\t\t\tmargin: auto;\n\t\t\t}\n\t\t\t#gallery-1 .gallery-item {\n\t\t\t\tfloat: left;\n\t\t\t\tmargin-top: 10px;\n\t\t\t\ttext-align: center;\n\t\t\t\twidth: 14%;\n\t\t\t}\n\t\t\t#gallery-1 img {\n\t\t\t\tborder: 2px solid #cfcfcf;\n\t\t\t}\n\t\t\t#gallery-1 .gallery-caption {\n\t\t\t\tmargin-left: 0;\n\t\t\t}\n\t\t\t\/* see gallery_shortcode() in wp-includes\/media.php *\/\n\t\t<\/style>\n\t\t<div id='gallery-1' class='gallery galleryid-9325 gallery-columns-7 gallery-size-thumbnail'><dl class='gallery-item'>\n\t\t\t<dt class='gallery-icon landscape'>\n\t\t\t\t<a class=\"grouped_elements\" rel=\"tc-fancybox-group\" href=\"http:\/\/akcmv.gov.lv\/wp-content\/uploads\/2022\/04\/21.jpg\" title=\"\"><img loading=\"lazy\" decoding=\"async\" width=\"150\" height=\"150\" src=\"http:\/\/akcmv.gov.lv\/wp-content\/uploads\/2022\/04\/21-150x150.jpg\" class=\"attachment-thumbnail size-thumbnail\" alt=\"\" srcset=\"http:\/\/akcmv.gov.lv\/wp-content\/uploads\/2022\/04\/21-150x150.jpg 150w, http:\/\/akcmv.gov.lv\/wp-content\/uploads\/2022\/04\/21-45x45.jpg 45w\" sizes=\"auto, (max-width: 150px) 100vw, 150px\" \/><\/a>\n\t\t\t<\/dt><\/dl><dl class='gallery-item'>\n\t\t\t<dt class='gallery-icon landscape'>\n\t\t\t\t<a class=\"grouped_elements\" rel=\"tc-fancybox-group\" href=\"http:\/\/akcmv.gov.lv\/wp-content\/uploads\/2022\/04\/20-1.jpeg\" title=\"\"><img loading=\"lazy\" decoding=\"async\" width=\"150\" height=\"150\" src=\"http:\/\/akcmv.gov.lv\/wp-content\/uploads\/2022\/04\/20-1-150x150.jpeg\" class=\"attachment-thumbnail size-thumbnail\" alt=\"\" srcset=\"http:\/\/akcmv.gov.lv\/wp-content\/uploads\/2022\/04\/20-1-150x150.jpeg 150w, http:\/\/akcmv.gov.lv\/wp-content\/uploads\/2022\/04\/20-1-45x45.jpeg 45w\" sizes=\"auto, (max-width: 150px) 100vw, 150px\" \/><\/a>\n\t\t\t<\/dt><\/dl><dl class='gallery-item'>\n\t\t\t<dt class='gallery-icon portrait'>\n\t\t\t\t<a class=\"grouped_elements\" rel=\"tc-fancybox-group\" href=\"http:\/\/akcmv.gov.lv\/wp-content\/uploads\/2022\/04\/19-1.jpeg\" title=\"\"><img loading=\"lazy\" decoding=\"async\" width=\"150\" height=\"150\" src=\"http:\/\/akcmv.gov.lv\/wp-content\/uploads\/2022\/04\/19-1-150x150.jpeg\" class=\"attachment-thumbnail size-thumbnail\" alt=\"\" srcset=\"http:\/\/akcmv.gov.lv\/wp-content\/uploads\/2022\/04\/19-1-150x150.jpeg 150w, http:\/\/akcmv.gov.lv\/wp-content\/uploads\/2022\/04\/19-1-45x45.jpeg 45w\" sizes=\"auto, (max-width: 150px) 100vw, 150px\" \/><\/a>\n\t\t\t<\/dt><\/dl><dl class='gallery-item'>\n\t\t\t<dt class='gallery-icon landscape'>\n\t\t\t\t<a class=\"grouped_elements\" rel=\"tc-fancybox-group\" href=\"http:\/\/akcmv.gov.lv\/wp-content\/uploads\/2022\/04\/18-1.jpeg\" title=\"\"><img loading=\"lazy\" decoding=\"async\" width=\"150\" height=\"150\" src=\"http:\/\/akcmv.gov.lv\/wp-content\/uploads\/2022\/04\/18-1-150x150.jpeg\" class=\"attachment-thumbnail size-thumbnail\" alt=\"\" srcset=\"http:\/\/akcmv.gov.lv\/wp-content\/uploads\/2022\/04\/18-1-150x150.jpeg 150w, http:\/\/akcmv.gov.lv\/wp-content\/uploads\/2022\/04\/18-1-45x45.jpeg 45w\" sizes=\"auto, (max-width: 150px) 100vw, 150px\" \/><\/a>\n\t\t\t<\/dt><\/dl><dl class='gallery-item'>\n\t\t\t<dt class='gallery-icon landscape'>\n\t\t\t\t<a class=\"grouped_elements\" rel=\"tc-fancybox-group\" href=\"http:\/\/akcmv.gov.lv\/wp-content\/uploads\/2022\/04\/17-1.jpeg\" title=\"\"><img loading=\"lazy\" decoding=\"async\" width=\"150\" height=\"150\" src=\"http:\/\/akcmv.gov.lv\/wp-content\/uploads\/2022\/04\/17-1-150x150.jpeg\" class=\"attachment-thumbnail size-thumbnail\" alt=\"\" srcset=\"http:\/\/akcmv.gov.lv\/wp-content\/uploads\/2022\/04\/17-1-150x150.jpeg 150w, http:\/\/akcmv.gov.lv\/wp-content\/uploads\/2022\/04\/17-1-45x45.jpeg 45w\" sizes=\"auto, (max-width: 150px) 100vw, 150px\" \/><\/a>\n\t\t\t<\/dt><\/dl><dl class='gallery-item'>\n\t\t\t<dt class='gallery-icon portrait'>\n\t\t\t\t<a class=\"grouped_elements\" rel=\"tc-fancybox-group\" href=\"http:\/\/akcmv.gov.lv\/wp-content\/uploads\/2022\/04\/16-1.jpeg\" title=\"\"><img loading=\"lazy\" decoding=\"async\" width=\"150\" height=\"150\" src=\"http:\/\/akcmv.gov.lv\/wp-content\/uploads\/2022\/04\/16-1-150x150.jpeg\" class=\"attachment-thumbnail size-thumbnail\" alt=\"\" srcset=\"http:\/\/akcmv.gov.lv\/wp-content\/uploads\/2022\/04\/16-1-150x150.jpeg 150w, http:\/\/akcmv.gov.lv\/wp-content\/uploads\/2022\/04\/16-1-45x45.jpeg 45w\" sizes=\"auto, (max-width: 150px) 100vw, 150px\" \/><\/a>\n\t\t\t<\/dt><\/dl><dl class='gallery-item'>\n\t\t\t<dt class='gallery-icon landscape'>\n\t\t\t\t<a class=\"grouped_elements\" rel=\"tc-fancybox-group\" href=\"http:\/\/akcmv.gov.lv\/wp-content\/uploads\/2022\/04\/15-1.jpeg\" title=\"\"><img loading=\"lazy\" decoding=\"async\" width=\"150\" height=\"150\" src=\"http:\/\/akcmv.gov.lv\/wp-content\/uploads\/2022\/04\/15-1-150x150.jpeg\" class=\"attachment-thumbnail size-thumbnail\" alt=\"\" srcset=\"http:\/\/akcmv.gov.lv\/wp-content\/uploads\/2022\/04\/15-1-150x150.jpeg 150w, http:\/\/akcmv.gov.lv\/wp-content\/uploads\/2022\/04\/15-1-45x45.jpeg 45w\" sizes=\"auto, (max-width: 150px) 100vw, 150px\" \/><\/a>\n\t\t\t<\/dt><\/dl><br style=\"clear: both\" \/><dl class='gallery-item'>\n\t\t\t<dt class='gallery-icon landscape'>\n\t\t\t\t<a class=\"grouped_elements\" rel=\"tc-fancybox-group\" href=\"http:\/\/akcmv.gov.lv\/wp-content\/uploads\/2022\/04\/14-1.jpeg\" title=\"\"><img loading=\"lazy\" decoding=\"async\" width=\"150\" height=\"150\" src=\"http:\/\/akcmv.gov.lv\/wp-content\/uploads\/2022\/04\/14-1-150x150.jpeg\" class=\"attachment-thumbnail size-thumbnail\" alt=\"\" srcset=\"http:\/\/akcmv.gov.lv\/wp-content\/uploads\/2022\/04\/14-1-150x150.jpeg 150w, http:\/\/akcmv.gov.lv\/wp-content\/uploads\/2022\/04\/14-1-45x45.jpeg 45w\" sizes=\"auto, (max-width: 150px) 100vw, 150px\" \/><\/a>\n\t\t\t<\/dt><\/dl><dl class='gallery-item'>\n\t\t\t<dt class='gallery-icon landscape'>\n\t\t\t\t<a class=\"grouped_elements\" rel=\"tc-fancybox-group\" href=\"http:\/\/akcmv.gov.lv\/wp-content\/uploads\/2022\/04\/13-1.jpeg\" title=\"\"><img loading=\"lazy\" decoding=\"async\" width=\"150\" height=\"150\" src=\"http:\/\/akcmv.gov.lv\/wp-content\/uploads\/2022\/04\/13-1-150x150.jpeg\" class=\"attachment-thumbnail size-thumbnail\" alt=\"\" srcset=\"http:\/\/akcmv.gov.lv\/wp-content\/uploads\/2022\/04\/13-1-150x150.jpeg 150w, http:\/\/akcmv.gov.lv\/wp-content\/uploads\/2022\/04\/13-1-45x45.jpeg 45w\" sizes=\"auto, (max-width: 150px) 100vw, 150px\" \/><\/a>\n\t\t\t<\/dt><\/dl><dl class='gallery-item'>\n\t\t\t<dt class='gallery-icon landscape'>\n\t\t\t\t<a class=\"grouped_elements\" rel=\"tc-fancybox-group\" href=\"http:\/\/akcmv.gov.lv\/wp-content\/uploads\/2022\/04\/12-1.jpeg\" title=\"\"><img loading=\"lazy\" decoding=\"async\" width=\"150\" height=\"150\" src=\"http:\/\/akcmv.gov.lv\/wp-content\/uploads\/2022\/04\/12-1-150x150.jpeg\" class=\"attachment-thumbnail size-thumbnail\" alt=\"\" srcset=\"http:\/\/akcmv.gov.lv\/wp-content\/uploads\/2022\/04\/12-1-150x150.jpeg 150w, http:\/\/akcmv.gov.lv\/wp-content\/uploads\/2022\/04\/12-1-45x45.jpeg 45w\" sizes=\"auto, (max-width: 150px) 100vw, 150px\" \/><\/a>\n\t\t\t<\/dt><\/dl><dl class='gallery-item'>\n\t\t\t<dt class='gallery-icon landscape'>\n\t\t\t\t<a class=\"grouped_elements\" rel=\"tc-fancybox-group\" href=\"http:\/\/akcmv.gov.lv\/wp-content\/uploads\/2022\/04\/11-1.jpeg\" title=\"\"><img loading=\"lazy\" decoding=\"async\" width=\"150\" height=\"150\" src=\"http:\/\/akcmv.gov.lv\/wp-content\/uploads\/2022\/04\/11-1-150x150.jpeg\" class=\"attachment-thumbnail size-thumbnail\" alt=\"\" srcset=\"http:\/\/akcmv.gov.lv\/wp-content\/uploads\/2022\/04\/11-1-150x150.jpeg 150w, http:\/\/akcmv.gov.lv\/wp-content\/uploads\/2022\/04\/11-1-45x45.jpeg 45w\" sizes=\"auto, (max-width: 150px) 100vw, 150px\" \/><\/a>\n\t\t\t<\/dt><\/dl><dl class='gallery-item'>\n\t\t\t<dt class='gallery-icon portrait'>\n\t\t\t\t<a class=\"grouped_elements\" rel=\"tc-fancybox-group\" href=\"http:\/\/akcmv.gov.lv\/wp-content\/uploads\/2022\/04\/10-1.jpeg\" title=\"\"><img loading=\"lazy\" decoding=\"async\" width=\"150\" height=\"150\" src=\"http:\/\/akcmv.gov.lv\/wp-content\/uploads\/2022\/04\/10-1-150x150.jpeg\" class=\"attachment-thumbnail size-thumbnail\" alt=\"\" srcset=\"http:\/\/akcmv.gov.lv\/wp-content\/uploads\/2022\/04\/10-1-150x150.jpeg 150w, http:\/\/akcmv.gov.lv\/wp-content\/uploads\/2022\/04\/10-1-45x45.jpeg 45w\" sizes=\"auto, (max-width: 150px) 100vw, 150px\" \/><\/a>\n\t\t\t<\/dt><\/dl><dl class='gallery-item'>\n\t\t\t<dt class='gallery-icon landscape'>\n\t\t\t\t<a class=\"grouped_elements\" rel=\"tc-fancybox-group\" href=\"http:\/\/akcmv.gov.lv\/wp-content\/uploads\/2022\/04\/9-1.jpeg\" title=\"\"><img loading=\"lazy\" decoding=\"async\" width=\"150\" height=\"150\" src=\"http:\/\/akcmv.gov.lv\/wp-content\/uploads\/2022\/04\/9-1-150x150.jpeg\" class=\"attachment-thumbnail size-thumbnail\" alt=\"\" srcset=\"http:\/\/akcmv.gov.lv\/wp-content\/uploads\/2022\/04\/9-1-150x150.jpeg 150w, http:\/\/akcmv.gov.lv\/wp-content\/uploads\/2022\/04\/9-1-45x45.jpeg 45w\" sizes=\"auto, (max-width: 150px) 100vw, 150px\" \/><\/a>\n\t\t\t<\/dt><\/dl><dl class='gallery-item'>\n\t\t\t<dt class='gallery-icon portrait'>\n\t\t\t\t<a class=\"grouped_elements\" rel=\"tc-fancybox-group\" href=\"http:\/\/akcmv.gov.lv\/wp-content\/uploads\/2022\/04\/8-1.jpeg\" title=\"\"><img loading=\"lazy\" decoding=\"async\" width=\"150\" height=\"150\" src=\"http:\/\/akcmv.gov.lv\/wp-content\/uploads\/2022\/04\/8-1-150x150.jpeg\" class=\"attachment-thumbnail size-thumbnail\" alt=\"\" srcset=\"http:\/\/akcmv.gov.lv\/wp-content\/uploads\/2022\/04\/8-1-150x150.jpeg 150w, http:\/\/akcmv.gov.lv\/wp-content\/uploads\/2022\/04\/8-1-45x45.jpeg 45w\" sizes=\"auto, (max-width: 150px) 100vw, 150px\" \/><\/a>\n\t\t\t<\/dt><\/dl><br style=\"clear: both\" \/><dl class='gallery-item'>\n\t\t\t<dt class='gallery-icon landscape'>\n\t\t\t\t<a class=\"grouped_elements\" rel=\"tc-fancybox-group\" href=\"http:\/\/akcmv.gov.lv\/wp-content\/uploads\/2022\/04\/7-1.jpeg\" title=\"\"><img loading=\"lazy\" decoding=\"async\" width=\"150\" height=\"150\" src=\"http:\/\/akcmv.gov.lv\/wp-content\/uploads\/2022\/04\/7-1-150x150.jpeg\" class=\"attachment-thumbnail size-thumbnail\" alt=\"\" srcset=\"http:\/\/akcmv.gov.lv\/wp-content\/uploads\/2022\/04\/7-1-150x150.jpeg 150w, http:\/\/akcmv.gov.lv\/wp-content\/uploads\/2022\/04\/7-1-45x45.jpeg 45w\" sizes=\"auto, (max-width: 150px) 100vw, 150px\" \/><\/a>\n\t\t\t<\/dt><\/dl><dl class='gallery-item'>\n\t\t\t<dt class='gallery-icon portrait'>\n\t\t\t\t<a class=\"grouped_elements\" rel=\"tc-fancybox-group\" href=\"http:\/\/akcmv.gov.lv\/wp-content\/uploads\/2022\/04\/6-1.jpeg\" title=\"\"><img loading=\"lazy\" decoding=\"async\" width=\"150\" height=\"150\" src=\"http:\/\/akcmv.gov.lv\/wp-content\/uploads\/2022\/04\/6-1-150x150.jpeg\" class=\"attachment-thumbnail size-thumbnail\" alt=\"\" srcset=\"http:\/\/akcmv.gov.lv\/wp-content\/uploads\/2022\/04\/6-1-150x150.jpeg 150w, http:\/\/akcmv.gov.lv\/wp-content\/uploads\/2022\/04\/6-1-45x45.jpeg 45w\" sizes=\"auto, (max-width: 150px) 100vw, 150px\" \/><\/a>\n\t\t\t<\/dt><\/dl><dl class='gallery-item'>\n\t\t\t<dt class='gallery-icon portrait'>\n\t\t\t\t<a class=\"grouped_elements\" rel=\"tc-fancybox-group\" href=\"http:\/\/akcmv.gov.lv\/wp-content\/uploads\/2022\/04\/5-1.jpeg\" title=\"\"><img loading=\"lazy\" decoding=\"async\" width=\"150\" height=\"150\" src=\"http:\/\/akcmv.gov.lv\/wp-content\/uploads\/2022\/04\/5-1-150x150.jpeg\" class=\"attachment-thumbnail size-thumbnail\" alt=\"\" srcset=\"http:\/\/akcmv.gov.lv\/wp-content\/uploads\/2022\/04\/5-1-150x150.jpeg 150w, http:\/\/akcmv.gov.lv\/wp-content\/uploads\/2022\/04\/5-1-45x45.jpeg 45w\" sizes=\"auto, (max-width: 150px) 100vw, 150px\" \/><\/a>\n\t\t\t<\/dt><\/dl><dl class='gallery-item'>\n\t\t\t<dt class='gallery-icon portrait'>\n\t\t\t\t<a class=\"grouped_elements\" rel=\"tc-fancybox-group\" href=\"http:\/\/akcmv.gov.lv\/wp-content\/uploads\/2022\/04\/4-1.jpeg\" title=\"\"><img loading=\"lazy\" decoding=\"async\" width=\"150\" height=\"150\" src=\"http:\/\/akcmv.gov.lv\/wp-content\/uploads\/2022\/04\/4-1-150x150.jpeg\" class=\"attachment-thumbnail size-thumbnail\" alt=\"\" srcset=\"http:\/\/akcmv.gov.lv\/wp-content\/uploads\/2022\/04\/4-1-150x150.jpeg 150w, http:\/\/akcmv.gov.lv\/wp-content\/uploads\/2022\/04\/4-1-45x45.jpeg 45w\" sizes=\"auto, (max-width: 150px) 100vw, 150px\" \/><\/a>\n\t\t\t<\/dt><\/dl><dl class='gallery-item'>\n\t\t\t<dt class='gallery-icon portrait'>\n\t\t\t\t<a class=\"grouped_elements\" rel=\"tc-fancybox-group\" href=\"http:\/\/akcmv.gov.lv\/wp-content\/uploads\/2022\/04\/3-1.jpeg\" title=\"\"><img loading=\"lazy\" decoding=\"async\" width=\"150\" height=\"150\" src=\"http:\/\/akcmv.gov.lv\/wp-content\/uploads\/2022\/04\/3-1-150x150.jpeg\" class=\"attachment-thumbnail size-thumbnail\" alt=\"\" srcset=\"http:\/\/akcmv.gov.lv\/wp-content\/uploads\/2022\/04\/3-1-150x150.jpeg 150w, http:\/\/akcmv.gov.lv\/wp-content\/uploads\/2022\/04\/3-1-45x45.jpeg 45w\" sizes=\"auto, (max-width: 150px) 100vw, 150px\" \/><\/a>\n\t\t\t<\/dt><\/dl><dl class='gallery-item'>\n\t\t\t<dt class='gallery-icon landscape'>\n\t\t\t\t<a class=\"grouped_elements\" rel=\"tc-fancybox-group\" href=\"http:\/\/akcmv.gov.lv\/wp-content\/uploads\/2022\/04\/2-1.jpeg\" title=\"\"><img loading=\"lazy\" decoding=\"async\" width=\"150\" height=\"150\" src=\"http:\/\/akcmv.gov.lv\/wp-content\/uploads\/2022\/04\/2-1-150x150.jpeg\" class=\"attachment-thumbnail size-thumbnail\" alt=\"\" srcset=\"http:\/\/akcmv.gov.lv\/wp-content\/uploads\/2022\/04\/2-1-150x150.jpeg 150w, http:\/\/akcmv.gov.lv\/wp-content\/uploads\/2022\/04\/2-1-45x45.jpeg 45w\" sizes=\"auto, (max-width: 150px) 100vw, 150px\" \/><\/a>\n\t\t\t<\/dt><\/dl><dl class='gallery-item'>\n\t\t\t<dt class='gallery-icon landscape'>\n\t\t\t\t<a class=\"grouped_elements\" rel=\"tc-fancybox-group\" href=\"http:\/\/akcmv.gov.lv\/wp-content\/uploads\/2022\/04\/1-1.jpeg\" title=\"\"><img loading=\"lazy\" decoding=\"async\" width=\"150\" height=\"150\" src=\"http:\/\/akcmv.gov.lv\/wp-content\/uploads\/2022\/04\/1-1-150x150.jpeg\" class=\"attachment-thumbnail size-thumbnail\" alt=\"\" srcset=\"http:\/\/akcmv.gov.lv\/wp-content\/uploads\/2022\/04\/1-1-150x150.jpeg 150w, http:\/\/akcmv.gov.lv\/wp-content\/uploads\/2022\/04\/1-1-45x45.jpeg 45w\" sizes=\"auto, (max-width: 150px) 100vw, 150px\" \/><\/a>\n\t\t\t<\/dt><\/dl><br style=\"clear: both\" \/>\n\t\t<\/div>\n\n","protected":false},"excerpt":{"rendered":"<p>Projekts \u201cJaunie m\u016bzi\u0137i \u2013 n\u0101kotnes Eiropas kult\u016bras dz\u012bves veidot\u0101ji&#8221; Projekta numurs: 2021-1-LV01-KA122-VET-000016483 Projekta s\u0101kuma datums:\u00a02021. gada 1. oktobris Projekta beigu datums:\u00a02022. gada 30. septembris Projekta kop\u0113jais finans\u0113jums: 19578,00 EUR Laik\u0101 no 17. marta l\u012bdz 30. martam 8 AKCMV audz\u0113k\u0146i skolot\u0101ju Toma Mik\u0101la un In\u0101ras Rub\u012bnas vad\u012bb\u0101 dev\u0101s uz Groningenas pils\u0113tu N\u012bderland\u0113, kur divas ned\u0113\u013cas praktiz\u0113j\u0101s [&hellip;]<\/p>\n","protected":false},"author":2,"featured_media":0,"parent":0,"menu_order":0,"comment_status":"closed","ping_status":"closed","template":"","meta":{"footnotes":""},"class_list":["post-9325","page","type-page","status-publish","czr-hentry"],"_links":{"self":[{"href":"http:\/\/akcmv.gov.lv\/index.php?rest_route=\/wp\/v2\/pages\/9325","targetHints":{"allow":["GET"]}}],"collection":[{"href":"http:\/\/akcmv.gov.lv\/index.php?rest_route=\/wp\/v2\/pages"}],"about":[{"href":"http:\/\/akcmv.gov.lv\/index.php?rest_route=\/wp\/v2\/types\/page"}],"author":[{"embeddable":true,"href":"http:\/\/akcmv.gov.lv\/index.php?rest_route=\/wp\/v2\/users\/2"}],"replies":[{"embeddable":true,"href":"http:\/\/akcmv.gov.lv\/index.php?rest_route=%2Fwp%2Fv2%2Fcomments&post=9325"}],"version-history":[{"count":5,"href":"http:\/\/akcmv.gov.lv\/index.php?rest_route=\/wp\/v2\/pages\/9325\/revisions"}],"predecessor-version":[{"id":11451,"href":"http:\/\/akcmv.gov.lv\/index.php?rest_route=\/wp\/v2\/pages\/9325\/revisions\/11451"}],"wp:attachment":[{"href":"http:\/\/akcmv.gov.lv\/index.php?rest_route=%2Fwp%2Fv2%2Fmedia&parent=9325"}],"curies":[{"name":"wp","href":"https:\/\/api.w.org\/{rel}","templated":true}]}}