{"id":9875,"date":"2022-12-30T15:05:18","date_gmt":"2022-12-30T13:05:18","guid":{"rendered":"http:\/\/akcmv.gov.lv\/?page_id=9875"},"modified":"2022-12-30T15:05:18","modified_gmt":"2022-12-30T13:05:18","slug":"inese-nelsone","status":"publish","type":"page","link":"http:\/\/akcmv.gov.lv\/?page_id=9875","title":{"rendered":"Inese Nelsone"},"content":{"rendered":"<div class=\"wp-block-image\">\n<figure class=\"aligncenter size-large is-resized\"><img loading=\"lazy\" decoding=\"async\" src=\"http:\/\/akcmv.gov.lv\/wp-content\/uploads\/2022\/12\/20220206_120504-125x300-2.jpg\" alt=\"\" class=\"wp-image-9878\" width=\"172\" height=\"413\"\/><\/figure>\n<\/div>\n\n\n<h1 class=\"has-text-align-center has-luminous-vivid-orange-color has-text-color wp-block-heading\"><strong>Inese Nelsone<\/strong><\/h1>\n\n\n\n<p class=\"has-text-align-center\"><strong>\u010cella sp\u0113les\u00a0skolot\u0101ja, izgl\u012bt\u012bbas programmas &#8220;St\u012bgu instrumentu sp\u0113le&#8221; vad\u012bt\u0101ja<\/strong><\/p>\n\n\n\n<hr class=\"wp-block-separator has-alpha-channel-opacity is-style-default\"\/>\n\n\n\n<p><strong>Par skolot\u0101ju:<\/strong><\/p>\n\n\n\n<p><strong>I.Nelsone:<\/strong> <em>&#8220;Esmu beigusi R\u012bgas 1.b\u0113rnu m\u016bzikas skolu, J\u0101zepa Medi\u0146a m\u016bzikas vidusskolu,<br>J\u0101zepa V\u012btola M\u016bzikas Akad\u0113mij\u0101 profesora M\u0101ra Villeru\u0161a \u010della klasi.<br>Ieguvusi Bakalaura un Ma\u0123istra gr\u0101du \u010della sp\u0113les atska\u0146o\u0161an\u0101, \u010della sp\u0113les pedagoga kvalifik\u0101ciju.<br>Godalga Republikas Jauno izpild\u012bt\u0101ju konkurs\u0101.<br>Profesion\u0101l\u0101 pilnveide Meistarklas\u0113s Kan\u0101d\u0101 &#8211; Monre\u0101l\u0101 pie Lindas A\u013c\u013ces, V\u0101cij\u0101 pie Erki Rautio.<br>Latvijas Nacion\u0101l\u0101s Operas un Baleta or\u0137estr\u012b sp\u0113l\u0113ju 26 gadus un piedal\u012bjos ap 200 jauniestud\u0113jumu<br>tap\u0161an\u0101. Vair\u0101kus gadus sp\u0113l\u0113ju ar\u012b Latvijas Filharmonijas kameror\u0137estr\u012b. Viesizr\u0101\u017eu un koncertu sast\u0101v\u0101<br>uzst\u0101jos Baltij\u0101, Somij\u0101, Zviedrij\u0101, Norv\u0113\u0123ij\u0101, D\u0101nij\u0101, Krievij\u0101, Ung\u0101rij\u0101, Anglij\u0101, Francij\u0101, It\u0101lij\u0101, Sp\u0101nij\u0101,<br>Luksemburg\u0101, N\u012bderland\u0113, Be\u013c\u0123ij\u0101, Taiv\u0101n\u0101, \u0136\u012bn\u0101, ASV, Kan\u0101d\u0101.<br>Pedago\u0123isko darbu str\u0101d\u0101ju 18 gadus.<br>AKCMV vadu IP St\u012bgu instrumentu noda\u013cu, esmu \u010della skolot\u0101ja. M\u0101cu metodiku un st\u012bgu instrumentu v\u0113sturi.&#8221;<\/em><\/p>\n\n\n\n<p><strong>Skolot\u0101jas v\u0113l\u0113jums audz\u0113k\u0146iem:<br><\/strong><em>&#8220;<\/em>Audz\u0113k\u0146iem nov\u0113lu &#8211; nevis \u0161aub\u012bties un vilcin\u0101ties, bet r\u012bkoties un uzdr\u012bkst\u0113ties. Talant\u012bgam cilv\u0113kam,<br>kur\u0161 m\u012bl darbu, neeksist\u0113 \u0161\u0137\u0113r\u0161\u013ci!<em>&#8220;<\/em><\/p>\n","protected":false},"excerpt":{"rendered":"<p>Inese Nelsone \u010cella sp\u0113les\u00a0skolot\u0101ja, izgl\u012bt\u012bbas programmas &#8220;St\u012bgu instrumentu sp\u0113le&#8221; vad\u012bt\u0101ja Par skolot\u0101ju: I.Nelsone: &#8220;Esmu beigusi R\u012bgas 1.b\u0113rnu m\u016bzikas skolu, J\u0101zepa Medi\u0146a m\u016bzikas vidusskolu,J\u0101zepa V\u012btola M\u016bzikas Akad\u0113mij\u0101 profesora M\u0101ra Villeru\u0161a \u010della klasi.Ieguvusi Bakalaura un Ma\u0123istra gr\u0101du \u010della sp\u0113les atska\u0146o\u0161an\u0101, \u010della sp\u0113les pedagoga kvalifik\u0101ciju.Godalga Republikas Jauno izpild\u012bt\u0101ju konkurs\u0101.Profesion\u0101l\u0101 pilnveide Meistarklas\u0113s Kan\u0101d\u0101 &#8211; Monre\u0101l\u0101 pie Lindas A\u013c\u013ces, V\u0101cij\u0101 [&hellip;]<\/p>\n","protected":false},"author":2,"featured_media":0,"parent":0,"menu_order":0,"comment_status":"closed","ping_status":"closed","template":"","meta":{"footnotes":""},"class_list":["post-9875","page","type-page","status-publish","czr-hentry"],"_links":{"self":[{"href":"http:\/\/akcmv.gov.lv\/index.php?rest_route=\/wp\/v2\/pages\/9875","targetHints":{"allow":["GET"]}}],"collection":[{"href":"http:\/\/akcmv.gov.lv\/index.php?rest_route=\/wp\/v2\/pages"}],"about":[{"href":"http:\/\/akcmv.gov.lv\/index.php?rest_route=\/wp\/v2\/types\/page"}],"author":[{"embeddable":true,"href":"http:\/\/akcmv.gov.lv\/index.php?rest_route=\/wp\/v2\/users\/2"}],"replies":[{"embeddable":true,"href":"http:\/\/akcmv.gov.lv\/index.php?rest_route=%2Fwp%2Fv2%2Fcomments&post=9875"}],"version-history":[{"count":7,"href":"http:\/\/akcmv.gov.lv\/index.php?rest_route=\/wp\/v2\/pages\/9875\/revisions"}],"predecessor-version":[{"id":15564,"href":"http:\/\/akcmv.gov.lv\/index.php?rest_route=\/wp\/v2\/pages\/9875\/revisions\/15564"}],"wp:attachment":[{"href":"http:\/\/akcmv.gov.lv\/index.php?rest_route=%2Fwp%2Fv2%2Fmedia&parent=9875"}],"curies":[{"name":"wp","href":"https:\/\/api.w.org\/{rel}","templated":true}]}}