{"id":11,"date":"2014-10-21T11:12:33","date_gmt":"2014-10-21T08:12:33","guid":{"rendered":"http:\/\/pilsvesture.cesis.lv\/muz\/?page_id=11"},"modified":"2026-04-27T13:13:51","modified_gmt":"2026-04-27T10:13:51","slug":"uznemsana","status":"publish","type":"page","link":"https:\/\/akcmv.gov.lv\/?page_id=11","title":{"rendered":"Reflektantiem (Uz\u0146em\u0161ana)"},"content":{"rendered":"<div><\/div>\n<div>\n\n\t\t<style type=\"text\/css\">\n\t\t\t#gallery-1 {\n\t\t\t\tmargin: auto;\n\t\t\t}\n\t\t\t#gallery-1 .gallery-item {\n\t\t\t\tfloat: left;\n\t\t\t\tmargin-top: 10px;\n\t\t\t\ttext-align: center;\n\t\t\t\twidth: 100%;\n\t\t\t}\n\t\t\t#gallery-1 img {\n\t\t\t\tborder: 2px solid #cfcfcf;\n\t\t\t}\n\t\t\t#gallery-1 .gallery-caption {\n\t\t\t\tmargin-left: 0;\n\t\t\t}\n\t\t\t\/* see gallery_shortcode() in wp-includes\/media.php *\/\n\t\t<\/style>\n\t\t<div id='gallery-1' class='gallery galleryid-11 gallery-columns-1 gallery-size-full'><dl class='gallery-item'>\n\t\t\t<dt class='gallery-icon portrait'>\n\t\t\t\t<a class=\"grouped_elements\" rel=\"tc-fancybox-group\" href=\"https:\/\/akcmv.gov.lv\/wp-content\/uploads\/2026\/04\/AKCMV_uznemsanas_info_26_27_web-scaled.jpg\" title=\"\"><img loading=\"lazy\" decoding=\"async\" width=\"1810\" height=\"2560\" src=\"https:\/\/akcmv.gov.lv\/wp-content\/uploads\/2026\/04\/AKCMV_uznemsanas_info_26_27_web-scaled.jpg\" class=\"attachment-full size-full\" alt=\"\" srcset=\"https:\/\/akcmv.gov.lv\/wp-content\/uploads\/2026\/04\/AKCMV_uznemsanas_info_26_27_web-scaled.jpg 1810w, https:\/\/akcmv.gov.lv\/wp-content\/uploads\/2026\/04\/AKCMV_uznemsanas_info_26_27_web-212x300.jpg 212w, https:\/\/akcmv.gov.lv\/wp-content\/uploads\/2026\/04\/AKCMV_uznemsanas_info_26_27_web-724x1024.jpg 724w, https:\/\/akcmv.gov.lv\/wp-content\/uploads\/2026\/04\/AKCMV_uznemsanas_info_26_27_web-768x1086.jpg 768w, https:\/\/akcmv.gov.lv\/wp-content\/uploads\/2026\/04\/AKCMV_uznemsanas_info_26_27_web-1086x1536.jpg 1086w, https:\/\/akcmv.gov.lv\/wp-content\/uploads\/2026\/04\/AKCMV_uznemsanas_info_26_27_web-1448x2048.jpg 1448w\" sizes=\"auto, (max-width: 1810px) 100vw, 1810px\" \/><\/a>\n\t\t\t<\/dt><\/dl><br style=\"clear: both\" \/>\n\t\t<\/div>\n\n<\/div>\n<div style=\"text-align: center;\">\u00a0Alfr\u0113da Kalni\u0146a C\u0113su M\u016bzikas vidusskola<\/div>\n<div style=\"text-align: center;\"><strong>UZ\u0145EM AUDZ\u0112K\u0145US<\/strong><br \/>\n<strong>2026.\/2027. m\u0101c\u012bbu gad\u0101<\/strong><\/div>\n<div>\n<p>Iepaz\u012bsties ar:<\/p>\n<ul>\n<li style=\"list-style-type: none;\">\n<ul>\n<li>visp\u0101r\u012bgu inform\u0101ciju par <a href=\"http:\/\/akcmv.gov.lv\/wp-content\/uploads\/2025\/05\/AKCMV-informacija.pdf\">skolu<\/a><\/li>\n<li>pied\u0101v\u0101taj\u0101m <a href=\"https:\/\/akcmv.gov.lv\/?page_id=9\">izgl\u012bt\u012bbas programm\u0101m<\/a><\/li>\n<li><a href=\"http:\/\/akcmv.gov.lv\/wp-content\/uploads\/2026\/01\/Alfreda-Kalnina-Cesu-Muzikas-vidusskolas-iestajeksamenu-prasibas-2026.2027.macibu-gadam.pdf\">iest\u0101jeks\u0101menu pras\u012bb\u0101m<\/a><\/li>\n<li><a href=\"http:\/\/akcmv.gov.lv\/wp-content\/uploads\/2026\/01\/Uznemsanas-noteikumi-Alfreda-Kalnina-Cesu-Muzikas-vidusskola-2026.gada_.pdf\">uz\u0146em\u0161anas noteikumiem<\/a><\/li>\n<\/ul>\n<\/li>\n<\/ul>\n<hr \/>\n<p><strong>ATV\u0112RTO DURVJU DIENA<\/strong><\/p>\n<h3><span style=\"color: #ff6600;\"><strong>2026. gada 21. febru\u0101r\u012b plkst. 11.00<\/strong><\/span><\/h3>\n<hr \/>\n<p><strong>KONSULT\u0100CIJAS<\/strong><\/p>\n<p>Pirms iest\u0101jp\u0101rbaud\u012bjumiem aicin\u0101m apmekl\u0113t kl\u0101tienes konsult\u0101cijas:<\/p>\n<h3><span style=\"color: #ff6600;\"><strong>2026. gada 21. febru\u0101r\u012b <\/strong><\/span><\/h3>\n<p><strong>no plkst. 10.00 l\u012bdz 10.50 individu\u0101l\u0101s konsult\u0101cijas specialit\u0101t\u0113<br \/>\nno plkst. 12.30 l\u012bdz 13.30 m\u016bzikas teor\u0113tisko priek\u0161metu konsult\u0101cijas<\/strong><\/p>\n<h3><span style=\"color: #ff6600;\"><strong>2026. gada 14. mart\u0101<\/strong><\/span><\/h3>\n<p><strong>no plkst. 10.00 l\u012bdz 12.00 individu\u0101l\u0101s konsult\u0101cijas specialit\u0101t\u0113<br \/>\nno plkst. 12.00 l\u012bdz 13.00 m\u016bzikas teor\u0113tisko priek\u0161metu konsult\u0101cijas<\/strong><\/p>\n<h3><span style=\"color: #ff6600;\"><strong>2026. gada 25. apr\u012bl\u012b<\/strong><\/span><\/h3>\n<p><strong>no plkst. 11.00 l\u012bdz 12.30 individu\u0101l\u0101s konsult\u0101cijas specialit\u0101t\u0113<br \/>\nno plkst. 12.30 l\u012bdz 13.30 m\u016bzikas teor\u0113tisko priek\u0161metu konsult\u0101cijas<\/strong><\/p>\n<h3><span style=\"color: #ff6600;\"><strong>2026. gada 23. maij\u0101<\/strong><\/span><\/h3>\n<p><strong>no plkst. 10.00 l\u012bdz 12.00 individu\u0101l\u0101s konsult\u0101cijas specialit\u0101t\u0113<br \/>\nno plkst. 12.00 l\u012bdz 13.00 m\u016bzikas teor\u0113tisko priek\u0161metu konsult\u0101cijas<\/strong><\/p>\n<p>Lai pieteiktos individu\u0101laj\u0101m konsult\u0101cij\u0101m specialit\u0101t\u0113, l\u016bgums sazin\u0101ties ar izv\u0113l\u0113t\u0101s specialit\u0101tes izgl\u012bt\u012bbas programmas vad\u012bt\u0101ju pa t\u0101lruni. Izgl\u012bt\u012bbas programmas vad\u012bt\u0101ju kontaktinform\u0101cija atrodama <a href=\"https:\/\/akcmv.gov.lv\/?page_id=59\">\u0161eit.<\/a><\/p>\n<hr \/>\n<p><strong>IEST\u0100JP\u0100RBAUD\u012aJUMI<\/strong><\/p>\n<p>Iest\u0101jp\u0101rbaud\u012bjumi Alfr\u0113da Kalni\u0146a C\u0113su M\u016bzikas vidusskol\u0101, <strong>Raunas iel\u0101 12-2, C\u0113s\u012bs, <\/strong>notiks:<\/p>\n<h3><span style=\"color: #ff6600;\"><strong>2026. gada 25. apr\u012bl\u012b plkst. 10.00 <\/strong><\/span><\/h3>\n<p>(Oblig\u0101ta pieteik\u0161an\u0101s iest\u0101jp\u0101rbaud\u012bjumiem l\u012bdz 2026. gada 23. apr\u012b\u013ca plkst. 17.00 sait\u0113 <a href=\"http:\/\/ej.uz\/AKCMV2026\">ej.uz\/AKCMV2026<\/a>)<\/p>\n<h3><span style=\"color: #ff6600;\"><strong>2026. gada 20. j\u016bnij\u0101 plkst. 10.00 <\/strong><\/span><\/h3>\n<p>(Oblig\u0101ta pieteik\u0161an\u0101s iest\u0101jp\u0101rbaud\u012bjumiem l\u012bdz 2026. gada 17. j\u016bnija plkst. 17.00 sait\u0113 <a href=\"http:\/\/ej.uz\/AKCMV2026\">ej.uz\/AKCMV2026<\/a>)<\/p>\n<p>&nbsp;<\/p>\n<hr \/>\n<\/div>\n<div>\n<p><a href=\"http:\/\/akcmv.gov.lv\/wp-content\/uploads\/2026\/04\/Iesniegums-_uznemsana1.k._nepilngadigais.docx\">Iesnieguma veidlapa<\/a><\/p>\n<p>&nbsp;<\/p>\n<\/div>\n","protected":false},"excerpt":{"rendered":"<p>\u00a0Alfr\u0113da Kalni\u0146a C\u0113su M\u016bzikas vidusskola UZ\u0145EM AUDZ\u0112K\u0145US 2026.\/2027. m\u0101c\u012bbu gad\u0101 Iepaz\u012bsties ar: visp\u0101r\u012bgu inform\u0101ciju par skolu pied\u0101v\u0101taj\u0101m izgl\u012bt\u012bbas programm\u0101m iest\u0101jeks\u0101menu pras\u012bb\u0101m uz\u0146em\u0161anas noteikumiem ATV\u0112RTO DURVJU DIENA 2026. gada 21. febru\u0101r\u012b plkst. 11.00 KONSULT\u0100CIJAS Pirms iest\u0101jp\u0101rbaud\u012bjumiem aicin\u0101m apmekl\u0113t kl\u0101tienes konsult\u0101cijas: 2026. gada 21. febru\u0101r\u012b no plkst. 10.00 l\u012bdz 10.50 individu\u0101l\u0101s konsult\u0101cijas specialit\u0101t\u0113 no plkst. 12.30 l\u012bdz [&hellip;]<\/p>\n","protected":false},"author":1,"featured_media":0,"parent":4,"menu_order":4,"comment_status":"closed","ping_status":"closed","template":"","meta":{"footnotes":""},"class_list":["post-11","page","type-page","status-publish","czr-hentry"],"_links":{"self":[{"href":"https:\/\/akcmv.gov.lv\/index.php?rest_route=\/wp\/v2\/pages\/11","targetHints":{"allow":["GET"]}}],"collection":[{"href":"https:\/\/akcmv.gov.lv\/index.php?rest_route=\/wp\/v2\/pages"}],"about":[{"href":"https:\/\/akcmv.gov.lv\/index.php?rest_route=\/wp\/v2\/types\/page"}],"author":[{"embeddable":true,"href":"https:\/\/akcmv.gov.lv\/index.php?rest_route=\/wp\/v2\/users\/1"}],"replies":[{"embeddable":true,"href":"https:\/\/akcmv.gov.lv\/index.php?rest_route=%2Fwp%2Fv2%2Fcomments&post=11"}],"version-history":[{"count":163,"href":"https:\/\/akcmv.gov.lv\/index.php?rest_route=\/wp\/v2\/pages\/11\/revisions"}],"predecessor-version":[{"id":17338,"href":"https:\/\/akcmv.gov.lv\/index.php?rest_route=\/wp\/v2\/pages\/11\/revisions\/17338"}],"up":[{"embeddable":true,"href":"https:\/\/akcmv.gov.lv\/index.php?rest_route=\/wp\/v2\/pages\/4"}],"wp:attachment":[{"href":"https:\/\/akcmv.gov.lv\/index.php?rest_route=%2Fwp%2Fv2%2Fmedia&parent=11"}],"curies":[{"name":"wp","href":"https:\/\/api.w.org\/{rel}","templated":true}]}}