{"id":11293,"date":"2023-08-29T23:29:57","date_gmt":"2023-08-29T20:29:57","guid":{"rendered":"https:\/\/akcmv.gov.lv\/?page_id=11293"},"modified":"2023-09-08T12:08:10","modified_gmt":"2023-09-08T09:08:10","slug":"pieklustamibas-pazinojums","status":"publish","type":"page","link":"https:\/\/akcmv.gov.lv\/?page_id=11293","title":{"rendered":"Piek\u013c\u016bstam\u012bbas pazi\u0146ojums"},"content":{"rendered":"\n<p>\u0160is piek\u013c\u016bstam\u012bbas pazi\u0146ojums attiecas uz t\u012bmek\u013cvietni &#8211; www.akcmv.gov.lv<\/p>\n\n\n\n<p>T\u012bmek\u013cvietnei veikts vienk\u0101r\u0161otais piek\u013c\u016bstam\u012bbas izv\u0113rt\u0113jums. Izmantot\u0101 metode &#8211; VARAM sagatavot\u0101s \u201cVadl\u012bnijas iest\u0101\u017eu t\u012bmek\u013cvietn\u0113m noteikto piek\u013c\u016bstam\u012bbas pras\u012bbu iev\u0113ro\u0161anas ietekmes izv\u0113rt\u0113\u0161anai un nesam\u0113r\u012bg\u0101 sloga pamato\u0161anai\u201d.<\/p>\n\n\n\n<h5 class=\"wp-block-heading\">Neatbilst\u012bba pras\u012bb\u0101m, kas min\u0113tas MK noteikumos Nr. 445:<\/h5>\n\n\n\n<ul class=\"wp-block-list\">\n<li>Att\u0113liem, kuri m\u0101jas lap\u0101 ievietoti sen\u0101k, tr\u016bkst vai nav prec\u012bzi uztverams alternat\u012bvais teksts. Sada\u013cas tiks p\u0101rskat\u012btas un alternat\u012bvais teksts att\u0113liem pievienots.<\/li>\n\n\n\n<li>M\u0101jas lap\u0101 tiek public\u0113ti video no <em>YouTube<\/em> un ir public\u0113ts saturs bez subtitru izv\u0113les. <\/li>\n<\/ul>\n\n\n\n<p>\u0160\u012b t\u012bmek\u013cvietne p\u0113d\u0113jo reizi tika izv\u0113rt\u0113ta 29.08.2023. Izv\u0113rt\u0113\u0161anu veica G. Apinis (IT administrators).<\/p>\n\n\n\n<p>Izv\u0113rt\u0113jumu apliecino\u0161s dokuments: Piek\u013c\u016bstam\u012bbas izv\u0113rt\u0113\u0161anas <a href=\"http:\/\/akcmv.gov.lv\/wp-content\/uploads\/2023\/09\/izvertesanas-protokols.pdf\" data-type=\"link\" data-id=\"http:\/\/akcmv.gov.lv\/wp-content\/uploads\/2023\/09\/izvertesanas-protokols.pdf\">protokols<\/a> (PDF form\u0101t\u0101)<\/p>\n","protected":false},"excerpt":{"rendered":"<p>\u0160is piek\u013c\u016bstam\u012bbas pazi\u0146ojums attiecas uz t\u012bmek\u013cvietni &#8211; www.akcmv.gov.lv T\u012bmek\u013cvietnei veikts vienk\u0101r\u0161otais piek\u013c\u016bstam\u012bbas izv\u0113rt\u0113jums. Izmantot\u0101 metode &#8211; VARAM sagatavot\u0101s \u201cVadl\u012bnijas iest\u0101\u017eu t\u012bmek\u013cvietn\u0113m noteikto piek\u013c\u016bstam\u012bbas pras\u012bbu iev\u0113ro\u0161anas ietekmes izv\u0113rt\u0113\u0161anai un nesam\u0113r\u012bg\u0101 sloga pamato\u0161anai\u201d. Neatbilst\u012bba pras\u012bb\u0101m, kas min\u0113tas MK noteikumos Nr. 445: \u0160\u012b t\u012bmek\u013cvietne p\u0113d\u0113jo reizi tika izv\u0113rt\u0113ta 29.08.2023. Izv\u0113rt\u0113\u0161anu veica G. Apinis (IT administrators). Izv\u0113rt\u0113jumu apliecino\u0161s dokuments: [&hellip;]<\/p>\n","protected":false},"author":7,"featured_media":0,"parent":0,"menu_order":0,"comment_status":"closed","ping_status":"closed","template":"","meta":{"footnotes":""},"class_list":["post-11293","page","type-page","status-publish","czr-hentry"],"_links":{"self":[{"href":"https:\/\/akcmv.gov.lv\/index.php?rest_route=\/wp\/v2\/pages\/11293","targetHints":{"allow":["GET"]}}],"collection":[{"href":"https:\/\/akcmv.gov.lv\/index.php?rest_route=\/wp\/v2\/pages"}],"about":[{"href":"https:\/\/akcmv.gov.lv\/index.php?rest_route=\/wp\/v2\/types\/page"}],"author":[{"embeddable":true,"href":"https:\/\/akcmv.gov.lv\/index.php?rest_route=\/wp\/v2\/users\/7"}],"replies":[{"embeddable":true,"href":"https:\/\/akcmv.gov.lv\/index.php?rest_route=%2Fwp%2Fv2%2Fcomments&post=11293"}],"version-history":[{"count":4,"href":"https:\/\/akcmv.gov.lv\/index.php?rest_route=\/wp\/v2\/pages\/11293\/revisions"}],"predecessor-version":[{"id":11421,"href":"https:\/\/akcmv.gov.lv\/index.php?rest_route=\/wp\/v2\/pages\/11293\/revisions\/11421"}],"wp:attachment":[{"href":"https:\/\/akcmv.gov.lv\/index.php?rest_route=%2Fwp%2Fv2%2Fmedia&parent=11293"}],"curies":[{"name":"wp","href":"https:\/\/api.w.org\/{rel}","templated":true}]}}