{"id":13018,"date":"2024-04-23T21:26:24","date_gmt":"2024-04-23T18:26:24","guid":{"rendered":"https:\/\/akcmv.gov.lv\/?page_id=13018"},"modified":"2024-04-23T21:26:24","modified_gmt":"2024-04-23T18:26:24","slug":"ipasumi","status":"publish","type":"page","link":"https:\/\/akcmv.gov.lv\/?page_id=13018","title":{"rendered":"\u012apa\u0161umi"},"content":{"rendered":"\n<p><strong>Alfr\u0113da Kalni\u0146a C\u0113su M\u016bzikas vidusskola<\/strong> &#8211; C\u0113s\u012bs, Raunas iela 12-2 (3. un 4. st\u0101vs), tiek nom\u0101ta no SIA \u201cVidzemes koncertz\u0101le\u201d<\/p>\n\n\n\n<p><strong>Alfr\u0113da Kalni\u0146a C\u0113su M\u016bzikas vidusskolas strukt\u016brvien\u012bba M\u016bzikas skola<\/strong> &#8211; C\u0113s\u012bs, Liel\u0101 Kal\u0113ju iela 4, tiek nom\u0101ta no valsts akciju sabiedr\u012bbas \u201cValsts nekustamie \u012bpa\u0161umi\u201d<\/p>\n","protected":false},"excerpt":{"rendered":"<p>Alfr\u0113da Kalni\u0146a C\u0113su M\u016bzikas vidusskola &#8211; C\u0113s\u012bs, Raunas iela 12-2 (3. un 4. st\u0101vs), tiek nom\u0101ta no SIA \u201cVidzemes koncertz\u0101le\u201d Alfr\u0113da Kalni\u0146a C\u0113su M\u016bzikas vidusskolas strukt\u016brvien\u012bba M\u016bzikas skola &#8211; C\u0113s\u012bs, Liel\u0101 Kal\u0113ju iela 4, tiek nom\u0101ta no valsts akciju sabiedr\u012bbas \u201cValsts nekustamie \u012bpa\u0161umi\u201d<\/p>\n","protected":false},"author":7,"featured_media":0,"parent":0,"menu_order":0,"comment_status":"closed","ping_status":"closed","template":"","meta":{"footnotes":""},"class_list":["post-13018","page","type-page","status-publish","czr-hentry"],"_links":{"self":[{"href":"https:\/\/akcmv.gov.lv\/index.php?rest_route=\/wp\/v2\/pages\/13018","targetHints":{"allow":["GET"]}}],"collection":[{"href":"https:\/\/akcmv.gov.lv\/index.php?rest_route=\/wp\/v2\/pages"}],"about":[{"href":"https:\/\/akcmv.gov.lv\/index.php?rest_route=\/wp\/v2\/types\/page"}],"author":[{"embeddable":true,"href":"https:\/\/akcmv.gov.lv\/index.php?rest_route=\/wp\/v2\/users\/7"}],"replies":[{"embeddable":true,"href":"https:\/\/akcmv.gov.lv\/index.php?rest_route=%2Fwp%2Fv2%2Fcomments&post=13018"}],"version-history":[{"count":1,"href":"https:\/\/akcmv.gov.lv\/index.php?rest_route=\/wp\/v2\/pages\/13018\/revisions"}],"predecessor-version":[{"id":13019,"href":"https:\/\/akcmv.gov.lv\/index.php?rest_route=\/wp\/v2\/pages\/13018\/revisions\/13019"}],"wp:attachment":[{"href":"https:\/\/akcmv.gov.lv\/index.php?rest_route=%2Fwp%2Fv2%2Fmedia&parent=13018"}],"curies":[{"name":"wp","href":"https:\/\/api.w.org\/{rel}","templated":true}]}}