{"id":15082,"date":"2025-05-07T09:15:37","date_gmt":"2025-05-07T06:15:37","guid":{"rendered":"https:\/\/akcmv.gov.lv\/?page_id=15082"},"modified":"2026-02-09T12:31:49","modified_gmt":"2026-02-09T10:31:49","slug":"benita-zvigule","status":"publish","type":"page","link":"https:\/\/akcmv.gov.lv\/?page_id=15082","title":{"rendered":"Benita Zv\u012bgule"},"content":{"rendered":"\n<figure class=\"wp-block-gallery has-nested-images columns-1 is-cropped wp-block-gallery-1 is-layout-flex wp-block-gallery-is-layout-flex\">\n<figure class=\"wp-block-image size-large\"><a href=\"http:\/\/akcmv.gov.lv\/wp-content\/uploads\/2025\/04\/Muzikas-skola-434-scaled.jpg\"><img loading=\"lazy\" decoding=\"async\" width=\"1024\" height=\"683\" data-id=\"14958\" src=\"http:\/\/akcmv.gov.lv\/wp-content\/uploads\/2025\/04\/Muzikas-skola-434-1024x683.jpg\" alt=\"\" class=\"wp-image-14958\" srcset=\"https:\/\/akcmv.gov.lv\/wp-content\/uploads\/2025\/04\/Muzikas-skola-434-1024x683.jpg 1024w, https:\/\/akcmv.gov.lv\/wp-content\/uploads\/2025\/04\/Muzikas-skola-434-300x200.jpg 300w, https:\/\/akcmv.gov.lv\/wp-content\/uploads\/2025\/04\/Muzikas-skola-434-768x512.jpg 768w, https:\/\/akcmv.gov.lv\/wp-content\/uploads\/2025\/04\/Muzikas-skola-434-1536x1024.jpg 1536w, https:\/\/akcmv.gov.lv\/wp-content\/uploads\/2025\/04\/Muzikas-skola-434-2048x1365.jpg 2048w\" sizes=\"auto, (max-width: 1024px) 100vw, 1024px\" \/><\/a><\/figure>\n<\/figure>\n\n\n\n<h1 class=\"wp-block-heading has-text-align-center has-luminous-vivid-orange-color has-text-color has-link-color wp-elements-0c88263adee3eccd1efb1b69000f147f\"><strong>Benita Zv\u012bgule<\/strong><\/h1>\n\n\n\n<p class=\"has-text-align-center\"><strong>Klaviersp\u0113les skolot\u0101ja<\/strong><\/p>\n\n\n\n<hr class=\"wp-block-separator has-alpha-channel-opacity\"\/>\n\n\n\n<p class=\"has-luminous-vivid-orange-color has-text-color has-link-color wp-elements-e12e36bb3d26691a4942cd329dc805bc\"><strong>Par skolot\u0101ju:<\/strong><\/p>\n\n\n\n<p>B.Zv\u012bgule: <em>&#8220;Esmu beigusi J\u0101zepa V\u012btola LVK, RPIVA M\u016bzikas noda\u013cas ma\u0123istrant\u016bru un Latvijas Universit\u0101tes Pedago\u0123ijas un psiholo\u0123ijas instit\u016bta doktorant\u016bru.<br>Str\u0101d\u0101ju Alfr\u0113da Kalni\u0146a C\u0113su M\u016bzikas vidusskol\u0101 klavieru noda\u013c\u0101.<br>Vadu iev\u0113rojamiem komponistiem velt\u012btas koncertlekcijas.&#8221;<\/em><\/p>\n\n\n\n<p class=\"has-luminous-vivid-orange-color has-text-color has-link-color wp-elements-27b3027f11f5d6855bf9ef7d3c20e1b8\"><strong>Skolot\u0101jas v\u0113l\u0113jums audz\u0113k\u0146iem:<\/strong><\/p>\n\n\n\n<p><em>&#8220;Tas, kur\u0161 l\u012bdz sirds dzi\u013cumiem j\u016bt m\u016bziku,<br>tas, kur\u0161 str\u0101d\u0101 k\u0101 aps\u0113sts pie sava instrumenta,<br>tas, kur\u0161 kaisl\u012bgi m\u012bl m\u016bziku un intrumentu,<br>tas apg\u016bs virtuozu tehniku, prat\u012bs atkl\u0101t<br>ska\u0146darba t\u0113lu un b\u016bs izpild\u012bt\u0101js.&#8221;<\/em><br>H.Neihauzs<\/p>\n\n\n\n<p><\/p>\n","protected":false},"excerpt":{"rendered":"<p>Benita Zv\u012bgule Klaviersp\u0113les skolot\u0101ja Par skolot\u0101ju: B.Zv\u012bgule: &#8220;Esmu beigusi J\u0101zepa V\u012btola LVK, RPIVA M\u016bzikas noda\u013cas ma\u0123istrant\u016bru un Latvijas Universit\u0101tes Pedago\u0123ijas un psiholo\u0123ijas instit\u016bta doktorant\u016bru.Str\u0101d\u0101ju Alfr\u0113da Kalni\u0146a C\u0113su M\u016bzikas vidusskol\u0101 klavieru noda\u013c\u0101.Vadu iev\u0113rojamiem komponistiem velt\u012btas koncertlekcijas.&#8221; Skolot\u0101jas v\u0113l\u0113jums audz\u0113k\u0146iem: &#8220;Tas, kur\u0161 l\u012bdz sirds dzi\u013cumiem j\u016bt m\u016bziku,tas, kur\u0161 str\u0101d\u0101 k\u0101 aps\u0113sts pie sava instrumenta,tas, kur\u0161 kaisl\u012bgi m\u012bl [&hellip;]<\/p>\n","protected":false},"author":2,"featured_media":0,"parent":0,"menu_order":0,"comment_status":"closed","ping_status":"closed","template":"","meta":{"footnotes":""},"class_list":["post-15082","page","type-page","status-publish","czr-hentry"],"_links":{"self":[{"href":"https:\/\/akcmv.gov.lv\/index.php?rest_route=\/wp\/v2\/pages\/15082","targetHints":{"allow":["GET"]}}],"collection":[{"href":"https:\/\/akcmv.gov.lv\/index.php?rest_route=\/wp\/v2\/pages"}],"about":[{"href":"https:\/\/akcmv.gov.lv\/index.php?rest_route=\/wp\/v2\/types\/page"}],"author":[{"embeddable":true,"href":"https:\/\/akcmv.gov.lv\/index.php?rest_route=\/wp\/v2\/users\/2"}],"replies":[{"embeddable":true,"href":"https:\/\/akcmv.gov.lv\/index.php?rest_route=%2Fwp%2Fv2%2Fcomments&post=15082"}],"version-history":[{"count":4,"href":"https:\/\/akcmv.gov.lv\/index.php?rest_route=\/wp\/v2\/pages\/15082\/revisions"}],"predecessor-version":[{"id":16709,"href":"https:\/\/akcmv.gov.lv\/index.php?rest_route=\/wp\/v2\/pages\/15082\/revisions\/16709"}],"wp:attachment":[{"href":"https:\/\/akcmv.gov.lv\/index.php?rest_route=%2Fwp%2Fv2%2Fmedia&parent=15082"}],"curies":[{"name":"wp","href":"https:\/\/api.w.org\/{rel}","templated":true}]}}