{"id":15563,"date":"2025-06-20T09:15:07","date_gmt":"2025-06-20T06:15:07","guid":{"rendered":"https:\/\/akcmv.gov.lv\/?page_id=15563"},"modified":"2025-06-20T09:15:07","modified_gmt":"2025-06-20T06:15:07","slug":"daina-birzniece","status":"publish","type":"page","link":"https:\/\/akcmv.gov.lv\/?page_id=15563","title":{"rendered":"Daina Birzniece"},"content":{"rendered":"\n<figure class=\"wp-block-gallery has-nested-images columns-default is-cropped wp-block-gallery-1 is-layout-flex wp-block-gallery-is-layout-flex\">\n<figure class=\"wp-block-image size-full\"><a href=\"https:\/\/akcmv.gov.lv\/wp-content\/uploads\/2025\/06\/Daina_Birzniece.jpg\"><img loading=\"lazy\" decoding=\"async\" width=\"1975\" height=\"1317\" data-id=\"15565\" src=\"https:\/\/akcmv.gov.lv\/wp-content\/uploads\/2025\/06\/Daina_Birzniece.jpg\" alt=\"\" class=\"wp-image-15565\" srcset=\"https:\/\/akcmv.gov.lv\/wp-content\/uploads\/2025\/06\/Daina_Birzniece.jpg 1975w, https:\/\/akcmv.gov.lv\/wp-content\/uploads\/2025\/06\/Daina_Birzniece-300x200.jpg 300w, https:\/\/akcmv.gov.lv\/wp-content\/uploads\/2025\/06\/Daina_Birzniece-1024x683.jpg 1024w, https:\/\/akcmv.gov.lv\/wp-content\/uploads\/2025\/06\/Daina_Birzniece-768x512.jpg 768w, https:\/\/akcmv.gov.lv\/wp-content\/uploads\/2025\/06\/Daina_Birzniece-1536x1024.jpg 1536w\" sizes=\"auto, (max-width: 1975px) 100vw, 1975px\" \/><\/a><\/figure>\n<\/figure>\n\n\n\n<p class=\"has-text-align-center has-luminous-vivid-orange-color has-text-color has-link-color has-large-font-size wp-elements-2dab54430e26c83faf2d5265758d9f0f\"><strong>Daina Birzniece<\/strong><\/p>\n\n\n\n<p class=\"has-text-align-center\"><strong>Vijoles sp\u0113les skolot\u0101ja<\/strong><\/p>\n\n\n\n<p>Vijolniece Daina Birzniece vijoles sp\u0113les ma\u0123istra gr\u0101du ieguvusi J\u0101zepa V\u012btola M\u016bzikas Akad\u0113mij\u0101 1986. gad\u0101 profesora Voldemara St\u016brestepa vad\u012bb\u0101.<br><br>Vi\u0146as rado\u0161ais m\u016b\u017es ir saist\u012bts ar Latvijas Nacion\u0101lo simfonisko or\u0137estri, kur\u0101 sp\u0113l\u0113jusi kop\u0161 1984. gada l\u012bdz pat 2024. gadam, ieg\u016bstot lielu muzik\u0101lo pieredzi izcil\u0101ko pasaules diri\u0123entu vad\u012bb\u0101 \u2013 piem. M. Jansona, D. Kahidzes, S. Fedosejeva, O. Rudnera, A. Rozdestvenska, A. Nelsona un daudzu citu diri\u0123entu vad\u012bb\u0101. Uz vienas skatuves ir muzic\u0113ts ar\u012b ar izciliem solistiem &#8211; L.Koganu, Sv. Rihteru, V. Tretjakovu, A. Korsakovu, E. Garan\u010du, I. Galanti, M. Rebeku, A. Anto\u0146enko un daudziem citiem pasaules slaveniem solistiem. LNSO sast\u0101v\u0101 sp\u0113l\u0113jusi Jap\u0101n\u0101, Austrij\u0101, V\u0101cij\u0101, Francij\u0101, N\u012bderland\u0113, It\u0101lij\u0101, Polij\u0101, Somij\u0101, Zviedrij\u0101, Norv\u0113\u0123ij\u0101, Sp\u0101nij\u0101, Anglij\u0101, Portug\u0101l\u0113 u. c. valst\u012bs.<br><br>2001. gad\u0101 Daina Birzniece sa\u0146\u0113ma uzaicin\u0101jumu dal\u012bbai Vispasaules Miera fonda or\u0137estr\u012b Bangkok\u0101, kur asist\u0113ja ar\u012b vijoles sp\u0113les meistarklases vad\u012bbai Mahidolas M\u016bzikas augstskol\u0101.<br><br>Paral\u0113li darbam LNSO, s\u0101kot no \u00a02001. gada l\u012bdz pat \u0161odienai akt\u012bvi muzic\u0113\u00a0 kop\u0101 ar savu dz\u012bves biedru LNSO 1. vijo\u013cu koncertmeistaru Raimondu Ozolu\u00a0 da\u017e\u0101dos kamerm\u016bzikas sast\u0101vos.\u00a0 K\u0101 LNSO st\u012bgu kvarteta 2. vijole \u00a0nesusi Latvijas v\u0101rdu pasaul\u0113,\u00a0 muzic\u0113jot \u00a0Austrijas, Islandes, Somijas, Rum\u0101nijas, N\u012bderlandes u. c. valstu v\u0113stniec\u012bbu r\u012bkotajos\u00a0 koncertos \u0101rzem\u0113s, k\u0101 ar\u012b Latvijas Valsts prezidentu G. Ulma\u0146a, V. V\u012b\u0137es Freibergas,\u00a0A. B\u0113rzi\u0146a un V. Zatlera r\u012bkotaj\u0101s\u00a0 valsts dinej\u0101s Latvij\u0101, par ko ar\u012b\u00a0 sa\u0146\u0113musi \u00a0Latvijas Valsts apbalvojumus.<br><br>Paral\u0113li darbam LNSO , akt\u012bvu pedago\u0123isko darbu Daina Birzniece aizs\u0101kusi 2014. gad\u0101 Carnikavas m\u016bzikas skol\u0101 un v\u0113l\u0101k \u0100da\u017eu Novada m\u0101kslu skol\u0101, bet kop\u0161 2024. gada pasniedz vijo\u013csp\u0113li ar\u012b A. Kalni\u0146a C\u0113su m\u016bzikas vidusskol\u0101. Vi\u0146as audz\u0113k\u0146i ir guvu\u0161i ar\u012b diplom\u0113tas vietas Latvijas, Be\u013c\u0123ijas un It\u0101lijas starptautiskajos konkursos.<\/p>\n\n\n\n<p><\/p>\n","protected":false},"excerpt":{"rendered":"<p>Daina Birzniece Vijoles sp\u0113les skolot\u0101ja Vijolniece Daina Birzniece vijoles sp\u0113les ma\u0123istra gr\u0101du ieguvusi J\u0101zepa V\u012btola M\u016bzikas Akad\u0113mij\u0101 1986. gad\u0101 profesora Voldemara St\u016brestepa vad\u012bb\u0101. Vi\u0146as rado\u0161ais m\u016b\u017es ir saist\u012bts ar Latvijas Nacion\u0101lo simfonisko or\u0137estri, kur\u0101 sp\u0113l\u0113jusi kop\u0161 1984. gada l\u012bdz pat 2024. gadam, ieg\u016bstot lielu muzik\u0101lo pieredzi izcil\u0101ko pasaules diri\u0123entu vad\u012bb\u0101 \u2013 piem. M. Jansona, D. [&hellip;]<\/p>\n","protected":false},"author":2,"featured_media":0,"parent":0,"menu_order":0,"comment_status":"closed","ping_status":"closed","template":"","meta":{"footnotes":""},"class_list":["post-15563","page","type-page","status-publish","czr-hentry"],"_links":{"self":[{"href":"https:\/\/akcmv.gov.lv\/index.php?rest_route=\/wp\/v2\/pages\/15563","targetHints":{"allow":["GET"]}}],"collection":[{"href":"https:\/\/akcmv.gov.lv\/index.php?rest_route=\/wp\/v2\/pages"}],"about":[{"href":"https:\/\/akcmv.gov.lv\/index.php?rest_route=\/wp\/v2\/types\/page"}],"author":[{"embeddable":true,"href":"https:\/\/akcmv.gov.lv\/index.php?rest_route=\/wp\/v2\/users\/2"}],"replies":[{"embeddable":true,"href":"https:\/\/akcmv.gov.lv\/index.php?rest_route=%2Fwp%2Fv2%2Fcomments&post=15563"}],"version-history":[{"count":1,"href":"https:\/\/akcmv.gov.lv\/index.php?rest_route=\/wp\/v2\/pages\/15563\/revisions"}],"predecessor-version":[{"id":15566,"href":"https:\/\/akcmv.gov.lv\/index.php?rest_route=\/wp\/v2\/pages\/15563\/revisions\/15566"}],"wp:attachment":[{"href":"https:\/\/akcmv.gov.lv\/index.php?rest_route=%2Fwp%2Fv2%2Fmedia&parent=15563"}],"curies":[{"name":"wp","href":"https:\/\/api.w.org\/{rel}","templated":true}]}}