{"id":15903,"date":"2025-10-10T13:26:59","date_gmt":"2025-10-10T10:26:59","guid":{"rendered":"https:\/\/akcmv.gov.lv\/?page_id=15903"},"modified":"2025-10-10T13:27:00","modified_gmt":"2025-10-10T10:27:00","slug":"erasmus-2025","status":"publish","type":"page","link":"https:\/\/akcmv.gov.lv\/?page_id=15903","title":{"rendered":"Erasmus+ 2025"},"content":{"rendered":"\n<h3 class=\"wp-block-heading\" id=\"block-31562d21-4842-4cad-9a8e-a90f517e71a2\"><strong>Pas\u0101kuma veids: Akredit\u0113ti mobilit\u0101tes projekti izgl\u012btojamiem un person\u0101lam profesion\u0101laj\u0101 izgl\u012bt\u012bb\u0101 un apm\u0101c\u012bb\u0101 (KA121-VET)<\/strong><\/h3>\n\n\n\n<p>Projekta numurs: 2025-1-LV01-KA121-VET-000317079<br>Projekta s\u0101kuma datums:\u00a02025. gada 1. j\u016bnijs<br>Projekta beigu datums:\u00a02026. gada 31. augusts<br>Projekta dot\u0101cijas summa: 33510,00 EUR<\/p>\n\n\n\n<p><strong>Aktivit\u0101te: Eksperta uzaicin\u0101\u0161ana<\/strong><\/p>\n\n\n\n<p><strong>Aktivit\u0101te: \u201c\u0112no\u0161ana darb\u0101\u201d<\/strong><br><strong>Aktivit\u0101te: \u012astermi\u0146a m\u0101c\u012bbu mobilit\u0101te PIA apguv\u0113jiem<\/strong><\/p>\n\n\n\n<p><\/p>\n","protected":false},"excerpt":{"rendered":"<p>Pas\u0101kuma veids: Akredit\u0113ti mobilit\u0101tes projekti izgl\u012btojamiem un person\u0101lam profesion\u0101laj\u0101 izgl\u012bt\u012bb\u0101 un apm\u0101c\u012bb\u0101 (KA121-VET) Projekta numurs: 2025-1-LV01-KA121-VET-000317079Projekta s\u0101kuma datums:\u00a02025. gada 1. j\u016bnijsProjekta beigu datums:\u00a02026. gada 31. augustsProjekta dot\u0101cijas summa: 33510,00 EUR Aktivit\u0101te: Eksperta uzaicin\u0101\u0161ana Aktivit\u0101te: \u201c\u0112no\u0161ana darb\u0101\u201dAktivit\u0101te: \u012astermi\u0146a m\u0101c\u012bbu mobilit\u0101te PIA apguv\u0113jiem<\/p>\n","protected":false},"author":2,"featured_media":0,"parent":0,"menu_order":0,"comment_status":"closed","ping_status":"closed","template":"","meta":{"footnotes":""},"class_list":["post-15903","page","type-page","status-publish","czr-hentry"],"_links":{"self":[{"href":"https:\/\/akcmv.gov.lv\/index.php?rest_route=\/wp\/v2\/pages\/15903","targetHints":{"allow":["GET"]}}],"collection":[{"href":"https:\/\/akcmv.gov.lv\/index.php?rest_route=\/wp\/v2\/pages"}],"about":[{"href":"https:\/\/akcmv.gov.lv\/index.php?rest_route=\/wp\/v2\/types\/page"}],"author":[{"embeddable":true,"href":"https:\/\/akcmv.gov.lv\/index.php?rest_route=\/wp\/v2\/users\/2"}],"replies":[{"embeddable":true,"href":"https:\/\/akcmv.gov.lv\/index.php?rest_route=%2Fwp%2Fv2%2Fcomments&post=15903"}],"version-history":[{"count":1,"href":"https:\/\/akcmv.gov.lv\/index.php?rest_route=\/wp\/v2\/pages\/15903\/revisions"}],"predecessor-version":[{"id":15904,"href":"https:\/\/akcmv.gov.lv\/index.php?rest_route=\/wp\/v2\/pages\/15903\/revisions\/15904"}],"wp:attachment":[{"href":"https:\/\/akcmv.gov.lv\/index.php?rest_route=%2Fwp%2Fv2%2Fmedia&parent=15903"}],"curies":[{"name":"wp","href":"https:\/\/api.w.org\/{rel}","templated":true}]}}