{"id":16060,"date":"2025-11-06T10:46:09","date_gmt":"2025-11-06T08:46:09","guid":{"rendered":"https:\/\/akcmv.gov.lv\/?page_id=16060"},"modified":"2025-11-06T10:46:09","modified_gmt":"2025-11-06T08:46:09","slug":"notis-ii-starptautiskajam-cellistu-konkursam-cello-cesis","status":"publish","type":"page","link":"https:\/\/akcmv.gov.lv\/?page_id=16060","title":{"rendered":"Notis II starptautiskajam \u010dellistu konkursam \u201c\u010cello C\u0113sis\u201d"},"content":{"rendered":"\n<p>No\u0161u materi\u0101li lejupl\u0101dei (Score materials for download):<\/p>\n\n\n\n<p><a href=\"http:\/\/akcmv.gov.lv\/wp-content\/uploads\/2025\/11\/Jazeps-Vitols_Skice.pdf\">J. V\u012btols. Skice<\/a> (J. V\u012btols. Esquisse)<br><a href=\"http:\/\/akcmv.gov.lv\/wp-content\/uploads\/2025\/11\/Jazeps-Medins_Romance-Nr.2.pdf\">J. Medi\u0146\u0161. Romance Nr.2<\/a> (J. Medi\u0146\u0161. Romance No.2)<br><a href=\"http:\/\/akcmv.gov.lv\/wp-content\/uploads\/2025\/11\/Jazeps-Medins_Romance-Nr.3.pdf\">J. Medi\u0146\u0161. Romance Nr.3<\/a> (J. Medi\u0146\u0161. Romance No.3)<br><a href=\"http:\/\/akcmv.gov.lv\/wp-content\/uploads\/2025\/11\/J.Medins_Arija.pdf\">J. Medi\u0146\u0161. \u0100rija<\/a> (J. Medi\u0146\u0161. Aria)<br><a href=\"http:\/\/akcmv.gov.lv\/wp-content\/uploads\/2025\/11\/J.Kepitis_Humoreska.pdf\">J. \u0136ep\u012btis. Humoreska<\/a> (J. \u0136ep\u012btis. Humoresque)<br><a href=\"http:\/\/akcmv.gov.lv\/wp-content\/uploads\/2025\/11\/J.Medins_Balade.pdf\">J. Medi\u0146\u0161. Bal\u0101de<\/a> (J. Medi\u0146\u0161. Ballad)<br><a href=\"http:\/\/akcmv.gov.lv\/wp-content\/uploads\/2025\/11\/H.Pavasars_Vela-vakara.pdf\">H. Pavasars. V\u0113l\u0101 vakar\u0101<\/a> (H. Pavasars. Late Evening)<\/p>\n\n\n\n<p><br><br><br><br><\/p>\n","protected":false},"excerpt":{"rendered":"<p>No\u0161u materi\u0101li lejupl\u0101dei (Score materials for download): J. V\u012btols. Skice (J. V\u012btols. Esquisse)J. Medi\u0146\u0161. Romance Nr.2 (J. Medi\u0146\u0161. Romance No.2)J. Medi\u0146\u0161. Romance Nr.3 (J. Medi\u0146\u0161. Romance No.3)J. Medi\u0146\u0161. \u0100rija (J. Medi\u0146\u0161. Aria)J. \u0136ep\u012btis. Humoreska (J. \u0136ep\u012btis. Humoresque)J. Medi\u0146\u0161. Bal\u0101de (J. Medi\u0146\u0161. Ballad)H. Pavasars. V\u0113l\u0101 vakar\u0101 (H. Pavasars. Late Evening)<\/p>\n","protected":false},"author":2,"featured_media":0,"parent":0,"menu_order":0,"comment_status":"closed","ping_status":"closed","template":"","meta":{"footnotes":""},"class_list":["post-16060","page","type-page","status-publish","czr-hentry"],"_links":{"self":[{"href":"https:\/\/akcmv.gov.lv\/index.php?rest_route=\/wp\/v2\/pages\/16060","targetHints":{"allow":["GET"]}}],"collection":[{"href":"https:\/\/akcmv.gov.lv\/index.php?rest_route=\/wp\/v2\/pages"}],"about":[{"href":"https:\/\/akcmv.gov.lv\/index.php?rest_route=\/wp\/v2\/types\/page"}],"author":[{"embeddable":true,"href":"https:\/\/akcmv.gov.lv\/index.php?rest_route=\/wp\/v2\/users\/2"}],"replies":[{"embeddable":true,"href":"https:\/\/akcmv.gov.lv\/index.php?rest_route=%2Fwp%2Fv2%2Fcomments&post=16060"}],"version-history":[{"count":2,"href":"https:\/\/akcmv.gov.lv\/index.php?rest_route=\/wp\/v2\/pages\/16060\/revisions"}],"predecessor-version":[{"id":16069,"href":"https:\/\/akcmv.gov.lv\/index.php?rest_route=\/wp\/v2\/pages\/16060\/revisions\/16069"}],"wp:attachment":[{"href":"https:\/\/akcmv.gov.lv\/index.php?rest_route=%2Fwp%2Fv2%2Fmedia&parent=16060"}],"curies":[{"name":"wp","href":"https:\/\/api.w.org\/{rel}","templated":true}]}}