{"id":16710,"date":"2026-02-09T12:41:38","date_gmt":"2026-02-09T10:41:38","guid":{"rendered":"https:\/\/akcmv.gov.lv\/?page_id=16710"},"modified":"2026-02-09T12:41:38","modified_gmt":"2026-02-09T10:41:38","slug":"ina-iljuconoka","status":"publish","type":"page","link":"https:\/\/akcmv.gov.lv\/?page_id=16710","title":{"rendered":"Ina I\u013cju\u010donoka"},"content":{"rendered":"\n<figure class=\"wp-block-gallery has-nested-images columns-default is-cropped wp-block-gallery-1 is-layout-flex wp-block-gallery-is-layout-flex\">\n<figure class=\"wp-block-image size-full\"><a href=\"https:\/\/akcmv.gov.lv\/wp-content\/uploads\/2026\/02\/Ina_Iljuconoka-1.jpg\"><img loading=\"lazy\" decoding=\"async\" width=\"782\" height=\"1043\" data-id=\"16711\" src=\"https:\/\/akcmv.gov.lv\/wp-content\/uploads\/2026\/02\/Ina_Iljuconoka-1.jpg\" alt=\"Ina I\u013cju\u010donoka\" class=\"wp-image-16711\" srcset=\"https:\/\/akcmv.gov.lv\/wp-content\/uploads\/2026\/02\/Ina_Iljuconoka-1.jpg 782w, https:\/\/akcmv.gov.lv\/wp-content\/uploads\/2026\/02\/Ina_Iljuconoka-1-225x300.jpg 225w, https:\/\/akcmv.gov.lv\/wp-content\/uploads\/2026\/02\/Ina_Iljuconoka-1-768x1024.jpg 768w\" sizes=\"auto, (max-width: 782px) 100vw, 782px\" \/><\/a><\/figure>\n<\/figure>\n\n\n\n<p class=\"has-text-align-center has-luminous-vivid-orange-color has-text-color has-link-color has-large-font-size wp-elements-e56ee94e1ff0511eb3fb2de31c15f256\"><strong>Ina I\u013cju\u010donoka<\/strong><\/p>\n\n\n\n<p class=\"has-text-align-center\"><strong>AKCMV absolvente, Klaviersp\u0113les skolot\u0101ja<\/strong><\/p>\n\n\n\n<hr class=\"wp-block-separator has-alpha-channel-opacity\"\/>\n\n\n\n<p class=\"has-luminous-vivid-orange-color has-text-color has-link-color wp-elements-e12e36bb3d26691a4942cd329dc805bc\"><strong>Par skolot\u0101ju:<\/strong><\/p>\n\n\n\n<p class=\"has-black-color has-text-color has-link-color wp-elements-8c7a270a3e2c30140bf04df03415559d\">Ina I\u013cju\u010donoka ir absolv\u0113jusi Alfr\u0113da Kalni\u0146a C\u0113su M\u016bzikas vidusskolu, studijas turpin\u0101tas J\u0101zepa V\u012btola Latvijas M\u016bzikas akad\u0113mij\u0101 un Latvijas Universit\u0101t\u0113.<br>Br\u012bni\u0161\u0137\u012bga pieredze g\u016bta, str\u0101d\u0101jot m\u016bzikas skol\u0101s It\u0101lij\u0101.<\/p>\n\n\n\n<p class=\"has-luminous-vivid-orange-color has-text-color has-link-color wp-elements-27b3027f11f5d6855bf9ef7d3c20e1b8\"><strong>Skolot\u0101jas v\u0113l\u0113jums audz\u0113k\u0146iem:<\/strong><\/p>\n\n\n\n<p class=\"has-black-color has-text-color has-link-color wp-elements-90310ab6e37a4329ec876460950b7ebf\">&#8220;Nov\u0113l\u0113jums visiem audz\u0113k\u0146iem &#8211; rast prieku m\u016bzik\u0101!&#8221;<\/p>\n\n\n\n<p><\/p>\n","protected":false},"excerpt":{"rendered":"<p>Ina I\u013cju\u010donoka AKCMV absolvente, Klaviersp\u0113les skolot\u0101ja Par skolot\u0101ju: Ina I\u013cju\u010donoka ir absolv\u0113jusi Alfr\u0113da Kalni\u0146a C\u0113su M\u016bzikas vidusskolu, studijas turpin\u0101tas J\u0101zepa V\u012btola Latvijas M\u016bzikas akad\u0113mij\u0101 un Latvijas Universit\u0101t\u0113.Br\u012bni\u0161\u0137\u012bga pieredze g\u016bta, str\u0101d\u0101jot m\u016bzikas skol\u0101s It\u0101lij\u0101. Skolot\u0101jas v\u0113l\u0113jums audz\u0113k\u0146iem: &#8220;Nov\u0113l\u0113jums visiem audz\u0113k\u0146iem &#8211; rast prieku m\u016bzik\u0101!&#8221;<\/p>\n","protected":false},"author":2,"featured_media":0,"parent":0,"menu_order":0,"comment_status":"closed","ping_status":"closed","template":"","meta":{"footnotes":""},"class_list":["post-16710","page","type-page","status-publish","czr-hentry"],"_links":{"self":[{"href":"https:\/\/akcmv.gov.lv\/index.php?rest_route=\/wp\/v2\/pages\/16710","targetHints":{"allow":["GET"]}}],"collection":[{"href":"https:\/\/akcmv.gov.lv\/index.php?rest_route=\/wp\/v2\/pages"}],"about":[{"href":"https:\/\/akcmv.gov.lv\/index.php?rest_route=\/wp\/v2\/types\/page"}],"author":[{"embeddable":true,"href":"https:\/\/akcmv.gov.lv\/index.php?rest_route=\/wp\/v2\/users\/2"}],"replies":[{"embeddable":true,"href":"https:\/\/akcmv.gov.lv\/index.php?rest_route=%2Fwp%2Fv2%2Fcomments&post=16710"}],"version-history":[{"count":2,"href":"https:\/\/akcmv.gov.lv\/index.php?rest_route=\/wp\/v2\/pages\/16710\/revisions"}],"predecessor-version":[{"id":16713,"href":"https:\/\/akcmv.gov.lv\/index.php?rest_route=\/wp\/v2\/pages\/16710\/revisions\/16713"}],"wp:attachment":[{"href":"https:\/\/akcmv.gov.lv\/index.php?rest_route=%2Fwp%2Fv2%2Fmedia&parent=16710"}],"curies":[{"name":"wp","href":"https:\/\/api.w.org\/{rel}","templated":true}]}}