{"id":206,"date":"2014-11-27T17:06:21","date_gmt":"2014-11-27T15:06:21","guid":{"rendered":"http:\/\/pilsvesture.cesis.lv\/muz\/?page_id=206"},"modified":"2023-08-30T08:59:58","modified_gmt":"2023-08-30T05:59:58","slug":"pedagogi","status":"publish","type":"page","link":"https:\/\/akcmv.gov.lv\/?page_id=206","title":{"rendered":"Izgl\u012bt\u012bbas programmas un pedagogi"},"content":{"rendered":"<p style=\"text-align: justify;\">Visiem pedagogiem ir Latvijas Republikas normat\u012bvajiem aktiem atbilsto\u0161a izgl\u012bt\u012bba.<br \/>\nSkolas vad\u012bba veicina skolot\u0101ju t\u0101l\u0101kizgl\u012bt\u012bbu, rosina un mekl\u0113 iesp\u0113jas pedagogu meistar\u012bbas pilnveido\u0161an\u0101:<\/p>\n<p style=\"text-align: justify;\">&#8211; skolot\u0101ji regul\u0101ri apmekl\u0113 t\u0101l\u0101kizgl\u012bt\u012bbas kursus un semin\u0101rus;<br \/>\n&#8211; skol\u0101 notiek savstarp\u0113ja pieredzes apmai\u0146a;<br \/>\n&#8211; skolot\u0101ji regul\u0101ri dal\u0101s pieredz\u0113 ar citu skolu pedagogiem, tiekoties audz\u0113k\u0146u konkursos u.c.;<\/p>\n<p style=\"text-align: justify;\">Kop\u0161 2013.gada A.Kalni\u0146a C\u0113su M\u016bzikas vidusskolas direktors ir Vigo Ra\u010devskis.<\/p>\n<p style=\"text-align: justify;\">Uzziniet vair\u0101k par m\u016bsu skolas\u00a0izgl\u012bt\u012bbas programm\u0101m un pedagogiem:<\/p>\n<table border=\"1\" cellspacing=\"1\" cellpadding=\"1\">\n<tbody>\n<tr>\n<th>\n<h4><img loading=\"lazy\" decoding=\"async\" class=\"alignnone size-medium wp-image-4779\" src=\"http:\/\/akcmv.gov.lv\/wp-content\/uploads\/2018\/09\/taustininstr-300x200.jpg\" alt=\"\" width=\"300\" height=\"200\" srcset=\"https:\/\/akcmv.gov.lv\/wp-content\/uploads\/2018\/09\/taustininstr-300x200.jpg 300w, https:\/\/akcmv.gov.lv\/wp-content\/uploads\/2018\/09\/taustininstr-768x512.jpg 768w, https:\/\/akcmv.gov.lv\/wp-content\/uploads\/2018\/09\/taustininstr-1024x683.jpg 1024w, https:\/\/akcmv.gov.lv\/wp-content\/uploads\/2018\/09\/taustininstr.jpg 1920w\" sizes=\"auto, (max-width: 300px) 100vw, 300px\" \/><\/h4>\n<h4><span style=\"color: #ff6600;\"><a href=\"http:\/\/akcmv.gov.lv\/?page_id=4507\">Izgl\u012bt\u012bbas programma &#8220;Tausti\u0146instrumentu sp\u0113le&#8221;<\/a><br \/>\n<\/span><\/h4>\n<\/th>\n<th>\n<h4><img loading=\"lazy\" decoding=\"async\" class=\"alignnone size-medium wp-image-4797\" src=\"http:\/\/akcmv.gov.lv\/wp-content\/uploads\/2018\/09\/Puteju_orkestris-300x200.jpg\" alt=\"\" width=\"300\" height=\"200\" srcset=\"https:\/\/akcmv.gov.lv\/wp-content\/uploads\/2018\/09\/Puteju_orkestris-300x200.jpg 300w, https:\/\/akcmv.gov.lv\/wp-content\/uploads\/2018\/09\/Puteju_orkestris-768x512.jpg 768w, https:\/\/akcmv.gov.lv\/wp-content\/uploads\/2018\/09\/Puteju_orkestris-1024x683.jpg 1024w\" sizes=\"auto, (max-width: 300px) 100vw, 300px\" \/><\/h4>\n<h4><a href=\"http:\/\/akcmv.gov.lv\/?page_id=4322\"><span style=\"color: #ff6600;\">Izgl\u012bt\u012bbas programma &#8220;P\u016b\u0161aminstrumentu\u00a0sp\u0113le&#8221;<\/span><\/a><\/h4>\n<\/th>\n<th>\n<h4><img loading=\"lazy\" decoding=\"async\" class=\"alignnone size-medium wp-image-4780\" src=\"http:\/\/akcmv.gov.lv\/wp-content\/uploads\/2018\/09\/stigu-300x210.jpg\" alt=\"\" width=\"300\" height=\"210\" srcset=\"https:\/\/akcmv.gov.lv\/wp-content\/uploads\/2018\/09\/stigu-300x210.jpg 300w, https:\/\/akcmv.gov.lv\/wp-content\/uploads\/2018\/09\/stigu-768x538.jpg 768w, https:\/\/akcmv.gov.lv\/wp-content\/uploads\/2018\/09\/stigu-1024x717.jpg 1024w\" sizes=\"auto, (max-width: 300px) 100vw, 300px\" \/><\/h4>\n<h4><a href=\"http:\/\/akcmv.gov.lv\/?page_id=4672\"><span style=\"color: #ff6600;\">Izgl\u012bt\u012bbas programma &#8220;St\u012bgu instrumentu sp\u0113le&#8221;<br \/>\n<\/span><\/a><\/h4>\n<\/th>\n<\/tr>\n<tr>\n<th>\n<h4><img loading=\"lazy\" decoding=\"async\" class=\"alignnone size-medium wp-image-4800\" src=\"http:\/\/akcmv.gov.lv\/wp-content\/uploads\/2018\/09\/IMG_3606-300x200.jpg\" alt=\"\" width=\"300\" height=\"200\" srcset=\"https:\/\/akcmv.gov.lv\/wp-content\/uploads\/2018\/09\/IMG_3606-300x200.jpg 300w, https:\/\/akcmv.gov.lv\/wp-content\/uploads\/2018\/09\/IMG_3606-768x512.jpg 768w, https:\/\/akcmv.gov.lv\/wp-content\/uploads\/2018\/09\/IMG_3606-1024x683.jpg 1024w\" sizes=\"auto, (max-width: 300px) 100vw, 300px\" \/><\/h4>\n<h4><a href=\"http:\/\/akcmv.gov.lv\/?page_id=4716\"><span style=\"color: #ff6600;\">Izgl\u012bt\u012bbas programma &#8220;Vok\u0101l\u0101 m\u016bzika&#8221;<\/span><\/a><\/h4>\n<\/th>\n<th>\n<h4><img loading=\"lazy\" decoding=\"async\" class=\"alignnone size-medium wp-image-4781\" src=\"http:\/\/akcmv.gov.lv\/wp-content\/uploads\/2018\/09\/kordirig-300x200.jpg\" alt=\"\" width=\"300\" height=\"200\" srcset=\"https:\/\/akcmv.gov.lv\/wp-content\/uploads\/2018\/09\/kordirig-300x200.jpg 300w, https:\/\/akcmv.gov.lv\/wp-content\/uploads\/2018\/09\/kordirig-768x512.jpg 768w, https:\/\/akcmv.gov.lv\/wp-content\/uploads\/2018\/09\/kordirig-1024x683.jpg 1024w\" sizes=\"auto, (max-width: 300px) 100vw, 300px\" \/><\/h4>\n<h4><a href=\"http:\/\/akcmv.gov.lv\/?page_id=4690\"><span style=\"color: #ff6600;\">Izgl\u012bt\u012bbas programma &#8220;Diri\u0123\u0113\u0161ana&#8221;<\/span><\/a><\/h4>\n<\/th>\n<th>\n<h4><img loading=\"lazy\" decoding=\"async\" class=\"alignnone size-medium wp-image-4786\" src=\"http:\/\/akcmv.gov.lv\/wp-content\/uploads\/2018\/09\/popjazz-300x200.jpg\" alt=\"\" width=\"300\" height=\"200\" srcset=\"https:\/\/akcmv.gov.lv\/wp-content\/uploads\/2018\/09\/popjazz-300x200.jpg 300w, https:\/\/akcmv.gov.lv\/wp-content\/uploads\/2018\/09\/popjazz-768x512.jpg 768w, https:\/\/akcmv.gov.lv\/wp-content\/uploads\/2018\/09\/popjazz-1024x683.jpg 1024w, https:\/\/akcmv.gov.lv\/wp-content\/uploads\/2018\/09\/popjazz.jpg 1920w\" sizes=\"auto, (max-width: 300px) 100vw, 300px\" \/><\/h4>\n<h4><a href=\"http:\/\/akcmv.gov.lv\/?page_id=4413\"><span style=\"color: #ff6600;\">Izgl\u012bt\u012bbas programma &#8220;M\u016bzika&#8221; (Popul\u0101r\u0101 un d\u017eeza<br \/>\nm\u016bzika)<\/span><\/a><\/h4>\n<\/th>\n<\/tr>\n<tr>\n<th>\n<h4 style=\"text-align: center;\"><span style=\"color: #ff6600;\"><img loading=\"lazy\" decoding=\"async\" class=\"alignnone wp-image-11302 size-medium\" src=\"http:\/\/akcmv.gov.lv\/wp-content\/uploads\/2023\/08\/marimba2-300x200.jpg\" alt=\"\" width=\"300\" height=\"200\" srcset=\"https:\/\/akcmv.gov.lv\/wp-content\/uploads\/2023\/08\/marimba2-300x200.jpg 300w, https:\/\/akcmv.gov.lv\/wp-content\/uploads\/2023\/08\/marimba2-1024x683.jpg 1024w, https:\/\/akcmv.gov.lv\/wp-content\/uploads\/2023\/08\/marimba2-768x512.jpg 768w, https:\/\/akcmv.gov.lv\/wp-content\/uploads\/2023\/08\/marimba2-1536x1024.jpg 1536w, https:\/\/akcmv.gov.lv\/wp-content\/uploads\/2023\/08\/marimba2-2048x1365.jpg 2048w\" sizes=\"auto, (max-width: 300px) 100vw, 300px\" \/><br \/>\n<\/span><\/h4>\n<h4><a href=\"http:\/\/akcmv.gov.lv\/?page_id=9270\"><span style=\"color: #ff6600;\">Izgl\u012bt\u012bbas programma &#8220;Sitaminstrumentu\u00a0sp\u0113le&#8221;<\/span><\/a><\/h4>\n<\/th>\n<th>\n<h4><\/h4>\n<h4><span style=\"color: #ff6600;\"><img loading=\"lazy\" decoding=\"async\" class=\"alignnone size-medium wp-image-4801\" src=\"http:\/\/akcmv.gov.lv\/wp-content\/uploads\/2018\/09\/QE4A5521-300x210.jpg\" alt=\"\" width=\"300\" height=\"210\" srcset=\"https:\/\/akcmv.gov.lv\/wp-content\/uploads\/2018\/09\/QE4A5521-300x210.jpg 300w, https:\/\/akcmv.gov.lv\/wp-content\/uploads\/2018\/09\/QE4A5521-768x538.jpg 768w, https:\/\/akcmv.gov.lv\/wp-content\/uploads\/2018\/09\/QE4A5521-1024x717.jpg 1024w\" sizes=\"auto, (max-width: 300px) 100vw, 300px\" \/><br \/>\n<a href=\"http:\/\/akcmv.gov.lv\/?page_id=4564\">M\u016bzikas teor\u0113tisko priek\u0161metu m\u0101c\u012bbu priek\u0161metu metodisk\u0101 komisija<\/a><br \/>\n<\/span><\/h4>\n<\/th>\n<th>\n<h4><img loading=\"lazy\" decoding=\"async\" class=\"alignnone wp-image-4784\" src=\"http:\/\/akcmv.gov.lv\/wp-content\/uploads\/2018\/09\/visparizgl1-1-300x200.jpg\" alt=\"\" width=\"278\" height=\"185\" srcset=\"https:\/\/akcmv.gov.lv\/wp-content\/uploads\/2018\/09\/visparizgl1-1-300x200.jpg 300w, https:\/\/akcmv.gov.lv\/wp-content\/uploads\/2018\/09\/visparizgl1-1-768x512.jpg 768w, https:\/\/akcmv.gov.lv\/wp-content\/uploads\/2018\/09\/visparizgl1-1-1024x683.jpg 1024w, https:\/\/akcmv.gov.lv\/wp-content\/uploads\/2018\/09\/visparizgl1-1.jpg 1200w\" sizes=\"auto, (max-width: 278px) 100vw, 278px\" \/><\/h4>\n<h4><a href=\"http:\/\/akcmv.gov.lv\/?page_id=4358\"><span style=\"color: #ff6600;\">Visp\u0101rizgl\u012btojo\u0161o m\u0101c\u012bbu<br \/>\npriek\u0161metu metodisk\u0101 komisija<\/span><\/a><\/h4>\n<\/th>\n<\/tr>\n<\/tbody>\n<\/table>\n","protected":false},"excerpt":{"rendered":"<p>Visiem pedagogiem ir Latvijas Republikas normat\u012bvajiem aktiem atbilsto\u0161a izgl\u012bt\u012bba. Skolas vad\u012bba veicina skolot\u0101ju t\u0101l\u0101kizgl\u012bt\u012bbu, rosina un mekl\u0113 iesp\u0113jas pedagogu meistar\u012bbas pilnveido\u0161an\u0101: &#8211; skolot\u0101ji regul\u0101ri apmekl\u0113 t\u0101l\u0101kizgl\u012bt\u012bbas kursus un semin\u0101rus; &#8211; skol\u0101 notiek savstarp\u0113ja pieredzes apmai\u0146a; &#8211; skolot\u0101ji regul\u0101ri dal\u0101s pieredz\u0113 ar citu skolu pedagogiem, tiekoties audz\u0113k\u0146u konkursos u.c.; Kop\u0161 2013.gada A.Kalni\u0146a C\u0113su M\u016bzikas vidusskolas direktors [&hellip;]<\/p>\n","protected":false},"author":1,"featured_media":0,"parent":7,"menu_order":0,"comment_status":"closed","ping_status":"closed","template":"","meta":{"footnotes":""},"class_list":["post-206","page","type-page","status-publish","czr-hentry"],"_links":{"self":[{"href":"https:\/\/akcmv.gov.lv\/index.php?rest_route=\/wp\/v2\/pages\/206","targetHints":{"allow":["GET"]}}],"collection":[{"href":"https:\/\/akcmv.gov.lv\/index.php?rest_route=\/wp\/v2\/pages"}],"about":[{"href":"https:\/\/akcmv.gov.lv\/index.php?rest_route=\/wp\/v2\/types\/page"}],"author":[{"embeddable":true,"href":"https:\/\/akcmv.gov.lv\/index.php?rest_route=\/wp\/v2\/users\/1"}],"replies":[{"embeddable":true,"href":"https:\/\/akcmv.gov.lv\/index.php?rest_route=%2Fwp%2Fv2%2Fcomments&post=206"}],"version-history":[{"count":17,"href":"https:\/\/akcmv.gov.lv\/index.php?rest_route=\/wp\/v2\/pages\/206\/revisions"}],"predecessor-version":[{"id":11303,"href":"https:\/\/akcmv.gov.lv\/index.php?rest_route=\/wp\/v2\/pages\/206\/revisions\/11303"}],"up":[{"embeddable":true,"href":"https:\/\/akcmv.gov.lv\/index.php?rest_route=\/wp\/v2\/pages\/7"}],"wp:attachment":[{"href":"https:\/\/akcmv.gov.lv\/index.php?rest_route=%2Fwp%2Fv2%2Fmedia&parent=206"}],"curies":[{"name":"wp","href":"https:\/\/api.w.org\/{rel}","templated":true}]}}