{"id":212,"date":"2014-11-27T17:09:27","date_gmt":"2014-11-27T15:09:27","guid":{"rendered":"http:\/\/pilsvesture.cesis.lv\/muz\/?page_id=212"},"modified":"2026-01-07T15:05:28","modified_gmt":"2026-01-07T13:05:28","slug":"brivlaiki","status":"publish","type":"page","link":"https:\/\/akcmv.gov.lv\/?page_id=212","title":{"rendered":"Stundu saraksts | Br\u012bvlaiki"},"content":{"rendered":"<p><strong><span style=\"color: #ff9900;\">Stundu saraksts Alfr\u0113da Kalni\u0146a C\u0113su M\u016bzikas vidusskolai &#8211; skat\u012bt <a href=\"http:\/\/akcmv.gov.lv\/wp-content\/uploads\/2026\/01\/Stundu_saraksts_2025_2026.pdf\">\u0161eit<\/a><\/span><\/strong><\/p>\n<p><strong><span style=\"color: #ff6600;\">Grupu nodarb\u012bbu stundu saraksts AKCMV C\u0113su M\u016bzikas skolai 2025.\/2026.m\u0101c.g. II semestrim &#8211; skat\u012bt <a href=\"http:\/\/akcmv.gov.lv\/wp-content\/uploads\/2026\/01\/AKCMV_MS_Stundas_2025_26_II_sem.pdf\">\u0161eit<\/a><br \/>\n<\/span><\/strong><\/p>\n<hr \/>\n<p><span style=\"color: #ff9900;\"><strong>M\u0101c\u012bbu grafiks 2025.\/2026. m\u0101c\u012bbu gad\u0101<\/strong><\/span><\/p>\n<p><strong>Profesion\u0101l\u0101s ievirzes izgl\u012bt\u012bbas programm\u0101s:<\/strong><\/p>\n<p>M\u0101c\u012bbu gads s\u0101ksies 2025.gada 1. septembr\u012b un beigsies 2026. gada 29. maij\u0101.<\/p>\n<p>M\u0101c\u012bbu gada laik\u0101 noteikt\u0101s br\u012bvdienas:<\/p>\n<ul>\n<li><strong>rudens br\u012bvdienas<\/strong> no 2025. gada 20. oktobra l\u012bdz 24. oktobrim;<\/li>\n<li><strong>ziemas br\u012bvdienas<\/strong> no 2025. gada 22. decembra l\u012bdz 2026. gada 2. janv\u0101rim;<\/li>\n<li><strong>pavasara br\u012bvdienas<\/strong> no 2026. gada 9. marta l\u012bdz 13. martam.<\/li>\n<\/ul>\n<p><strong>Profesion\u0101l\u0101s vid\u0113j\u0101s izgl\u012bt\u012bbas programm\u0101s:<\/strong><\/p>\n<p>M\u0101c\u012bbu gads s\u0101ksies 2025.gada 1. septembr\u012b, bet beigsies 2026. gada 27.j\u016bnij\u0101.<\/p>\n<p>M\u0101c\u012bbu gada laik\u0101 ir noteikts viens br\u012bvlaiks<strong> &#8211; ziemas br\u012bvlaiks <\/strong>no 2025. gada 22. decembra l\u012bdz 2026. gada 2. janv\u0101rim.<\/p>\n","protected":false},"excerpt":{"rendered":"<p>Stundu saraksts Alfr\u0113da Kalni\u0146a C\u0113su M\u016bzikas vidusskolai &#8211; skat\u012bt \u0161eit Grupu nodarb\u012bbu stundu saraksts AKCMV C\u0113su M\u016bzikas skolai 2025.\/2026.m\u0101c.g. II semestrim &#8211; skat\u012bt \u0161eit M\u0101c\u012bbu grafiks 2025.\/2026. m\u0101c\u012bbu gad\u0101 Profesion\u0101l\u0101s ievirzes izgl\u012bt\u012bbas programm\u0101s: M\u0101c\u012bbu gads s\u0101ksies 2025.gada 1. septembr\u012b un beigsies 2026. gada 29. maij\u0101. M\u0101c\u012bbu gada laik\u0101 noteikt\u0101s br\u012bvdienas: rudens br\u012bvdienas no 2025. gada [&hellip;]<\/p>\n","protected":false},"author":1,"featured_media":0,"parent":4,"menu_order":0,"comment_status":"closed","ping_status":"closed","template":"","meta":{"footnotes":""},"class_list":["post-212","page","type-page","status-publish","czr-hentry"],"_links":{"self":[{"href":"https:\/\/akcmv.gov.lv\/index.php?rest_route=\/wp\/v2\/pages\/212","targetHints":{"allow":["GET"]}}],"collection":[{"href":"https:\/\/akcmv.gov.lv\/index.php?rest_route=\/wp\/v2\/pages"}],"about":[{"href":"https:\/\/akcmv.gov.lv\/index.php?rest_route=\/wp\/v2\/types\/page"}],"author":[{"embeddable":true,"href":"https:\/\/akcmv.gov.lv\/index.php?rest_route=\/wp\/v2\/users\/1"}],"replies":[{"embeddable":true,"href":"https:\/\/akcmv.gov.lv\/index.php?rest_route=%2Fwp%2Fv2%2Fcomments&post=212"}],"version-history":[{"count":35,"href":"https:\/\/akcmv.gov.lv\/index.php?rest_route=\/wp\/v2\/pages\/212\/revisions"}],"predecessor-version":[{"id":16550,"href":"https:\/\/akcmv.gov.lv\/index.php?rest_route=\/wp\/v2\/pages\/212\/revisions\/16550"}],"up":[{"embeddable":true,"href":"https:\/\/akcmv.gov.lv\/index.php?rest_route=\/wp\/v2\/pages\/4"}],"wp:attachment":[{"href":"https:\/\/akcmv.gov.lv\/index.php?rest_route=%2Fwp%2Fv2%2Fmedia&parent=212"}],"curies":[{"name":"wp","href":"https:\/\/api.w.org\/{rel}","templated":true}]}}