{"id":22,"date":"2014-10-21T11:14:53","date_gmt":"2014-10-21T08:14:53","guid":{"rendered":"http:\/\/pilsvesture.cesis.lv\/muz\/?page_id=22"},"modified":"2018-05-24T11:20:20","modified_gmt":"2018-05-24T08:20:20","slug":"tradicijas","status":"publish","type":"page","link":"https:\/\/akcmv.gov.lv\/?page_id=22","title":{"rendered":"Trad\u012bcijas"},"content":{"rendered":"<p>Skol\u0101 jau daudzu gadu garum\u0101 ir izveidoju\u0161\u0101s stabilas pas\u0101kumu trad\u012bcijas.<\/p>\n<h4><span style=\"color: #ff6600;\"><strong>Skolas pedagogu koncerts Zin\u012bbu dien\u0101<\/strong><\/span><\/h4>\n\n\t\t<style type=\"text\/css\">\n\t\t\t#gallery-1 {\n\t\t\t\tmargin: auto;\n\t\t\t}\n\t\t\t#gallery-1 .gallery-item {\n\t\t\t\tfloat: left;\n\t\t\t\tmargin-top: 10px;\n\t\t\t\ttext-align: center;\n\t\t\t\twidth: 33%;\n\t\t\t}\n\t\t\t#gallery-1 img {\n\t\t\t\tborder: 2px solid #cfcfcf;\n\t\t\t}\n\t\t\t#gallery-1 .gallery-caption {\n\t\t\t\tmargin-left: 0;\n\t\t\t}\n\t\t\t\/* see gallery_shortcode() in wp-includes\/media.php *\/\n\t\t<\/style>\n\t\t<div id='gallery-1' class='gallery galleryid-22 gallery-columns-3 gallery-size-medium'><dl class='gallery-item'>\n\t\t\t<dt class='gallery-icon landscape'>\n\t\t\t\t<a class=\"grouped_elements\" rel=\"tc-fancybox-group\" href=\"https:\/\/akcmv.gov.lv\/wp-content\/uploads\/2018\/05\/koncerts4.jpg\" title=\"\"><img loading=\"lazy\" decoding=\"async\" width=\"300\" height=\"200\" src=\"https:\/\/akcmv.gov.lv\/wp-content\/uploads\/2018\/05\/koncerts4-300x200.jpg\" class=\"attachment-medium size-medium\" alt=\"\" srcset=\"https:\/\/akcmv.gov.lv\/wp-content\/uploads\/2018\/05\/koncerts4-300x200.jpg 300w, https:\/\/akcmv.gov.lv\/wp-content\/uploads\/2018\/05\/koncerts4-768x512.jpg 768w, https:\/\/akcmv.gov.lv\/wp-content\/uploads\/2018\/05\/koncerts4-1024x683.jpg 1024w\" sizes=\"auto, (max-width: 300px) 100vw, 300px\" \/><\/a>\n\t\t\t<\/dt><\/dl><dl class='gallery-item'>\n\t\t\t<dt class='gallery-icon landscape'>\n\t\t\t\t<a class=\"grouped_elements\" rel=\"tc-fancybox-group\" href=\"https:\/\/akcmv.gov.lv\/wp-content\/uploads\/2018\/05\/koncerts3.jpg\" title=\"\"><img loading=\"lazy\" decoding=\"async\" width=\"300\" height=\"200\" src=\"https:\/\/akcmv.gov.lv\/wp-content\/uploads\/2018\/05\/koncerts3-300x200.jpg\" class=\"attachment-medium size-medium\" alt=\"\" srcset=\"https:\/\/akcmv.gov.lv\/wp-content\/uploads\/2018\/05\/koncerts3-300x200.jpg 300w, https:\/\/akcmv.gov.lv\/wp-content\/uploads\/2018\/05\/koncerts3-768x512.jpg 768w, https:\/\/akcmv.gov.lv\/wp-content\/uploads\/2018\/05\/koncerts3-1024x683.jpg 1024w\" sizes=\"auto, (max-width: 300px) 100vw, 300px\" \/><\/a>\n\t\t\t<\/dt><\/dl><dl class='gallery-item'>\n\t\t\t<dt class='gallery-icon landscape'>\n\t\t\t\t<a class=\"grouped_elements\" rel=\"tc-fancybox-group\" href=\"https:\/\/akcmv.gov.lv\/wp-content\/uploads\/2018\/05\/koncerts2.jpg\" title=\"\"><img loading=\"lazy\" decoding=\"async\" width=\"300\" height=\"200\" src=\"https:\/\/akcmv.gov.lv\/wp-content\/uploads\/2018\/05\/koncerts2-300x200.jpg\" class=\"attachment-medium size-medium\" alt=\"\" srcset=\"https:\/\/akcmv.gov.lv\/wp-content\/uploads\/2018\/05\/koncerts2-300x200.jpg 300w, https:\/\/akcmv.gov.lv\/wp-content\/uploads\/2018\/05\/koncerts2-768x512.jpg 768w, https:\/\/akcmv.gov.lv\/wp-content\/uploads\/2018\/05\/koncerts2-1024x683.jpg 1024w\" sizes=\"auto, (max-width: 300px) 100vw, 300px\" \/><\/a>\n\t\t\t<\/dt><\/dl><br style=\"clear: both\" \/>\n\t\t<\/div>\n\n<hr \/>\n<h4><span style=\"color: #ff6600;\"><strong>Koncerts &#8220;Vidzemes Talanti&#8221;<\/strong><\/span><\/h4>\n\n\t\t<style type=\"text\/css\">\n\t\t\t#gallery-2 {\n\t\t\t\tmargin: auto;\n\t\t\t}\n\t\t\t#gallery-2 .gallery-item {\n\t\t\t\tfloat: left;\n\t\t\t\tmargin-top: 10px;\n\t\t\t\ttext-align: center;\n\t\t\t\twidth: 33%;\n\t\t\t}\n\t\t\t#gallery-2 img {\n\t\t\t\tborder: 2px solid #cfcfcf;\n\t\t\t}\n\t\t\t#gallery-2 .gallery-caption {\n\t\t\t\tmargin-left: 0;\n\t\t\t}\n\t\t\t\/* see gallery_shortcode() in wp-includes\/media.php *\/\n\t\t<\/style>\n\t\t<div id='gallery-2' class='gallery galleryid-22 gallery-columns-3 gallery-size-medium'><dl class='gallery-item'>\n\t\t\t<dt class='gallery-icon landscape'>\n\t\t\t\t<a class=\"grouped_elements\" rel=\"tc-fancybox-group\" href=\"https:\/\/akcmv.gov.lv\/wp-content\/uploads\/2014\/10\/VT1.jpg\" title=\"\"><img loading=\"lazy\" decoding=\"async\" width=\"300\" height=\"200\" src=\"https:\/\/akcmv.gov.lv\/wp-content\/uploads\/2014\/10\/VT1-300x200.jpg\" class=\"attachment-medium size-medium\" alt=\"\" srcset=\"https:\/\/akcmv.gov.lv\/wp-content\/uploads\/2014\/10\/VT1-300x200.jpg 300w, https:\/\/akcmv.gov.lv\/wp-content\/uploads\/2014\/10\/VT1-768x512.jpg 768w, https:\/\/akcmv.gov.lv\/wp-content\/uploads\/2014\/10\/VT1-1024x683.jpg 1024w\" sizes=\"auto, (max-width: 300px) 100vw, 300px\" \/><\/a>\n\t\t\t<\/dt><\/dl><dl class='gallery-item'>\n\t\t\t<dt class='gallery-icon landscape'>\n\t\t\t\t<a class=\"grouped_elements\" rel=\"tc-fancybox-group\" href=\"https:\/\/akcmv.gov.lv\/wp-content\/uploads\/2014\/10\/VT2.jpg\" title=\"\"><img loading=\"lazy\" decoding=\"async\" width=\"300\" height=\"200\" src=\"https:\/\/akcmv.gov.lv\/wp-content\/uploads\/2014\/10\/VT2-300x200.jpg\" class=\"attachment-medium size-medium\" alt=\"\" srcset=\"https:\/\/akcmv.gov.lv\/wp-content\/uploads\/2014\/10\/VT2-300x200.jpg 300w, https:\/\/akcmv.gov.lv\/wp-content\/uploads\/2014\/10\/VT2-768x512.jpg 768w, https:\/\/akcmv.gov.lv\/wp-content\/uploads\/2014\/10\/VT2-1024x683.jpg 1024w\" sizes=\"auto, (max-width: 300px) 100vw, 300px\" \/><\/a>\n\t\t\t<\/dt><\/dl><dl class='gallery-item'>\n\t\t\t<dt class='gallery-icon landscape'>\n\t\t\t\t<a class=\"grouped_elements\" rel=\"tc-fancybox-group\" href=\"https:\/\/akcmv.gov.lv\/wp-content\/uploads\/2014\/10\/VT3.jpg\" title=\"\"><img loading=\"lazy\" decoding=\"async\" width=\"300\" height=\"200\" src=\"https:\/\/akcmv.gov.lv\/wp-content\/uploads\/2014\/10\/VT3-300x200.jpg\" class=\"attachment-medium size-medium\" alt=\"\" srcset=\"https:\/\/akcmv.gov.lv\/wp-content\/uploads\/2014\/10\/VT3-300x200.jpg 300w, https:\/\/akcmv.gov.lv\/wp-content\/uploads\/2014\/10\/VT3-768x512.jpg 768w, https:\/\/akcmv.gov.lv\/wp-content\/uploads\/2014\/10\/VT3-1024x683.jpg 1024w\" sizes=\"auto, (max-width: 300px) 100vw, 300px\" \/><\/a>\n\t\t\t<\/dt><\/dl><br style=\"clear: both\" \/>\n\t\t<\/div>\n\n<hr \/>\n<h4><span style=\"color: #ff6600;\"><strong>Mazo vok\u0101listu konkurss &#8220;C\u0113su C\u0101lis&#8221;<\/strong><\/span><\/h4>\n\n\t\t<style type=\"text\/css\">\n\t\t\t#gallery-3 {\n\t\t\t\tmargin: auto;\n\t\t\t}\n\t\t\t#gallery-3 .gallery-item {\n\t\t\t\tfloat: left;\n\t\t\t\tmargin-top: 10px;\n\t\t\t\ttext-align: center;\n\t\t\t\twidth: 33%;\n\t\t\t}\n\t\t\t#gallery-3 img {\n\t\t\t\tborder: 2px solid #cfcfcf;\n\t\t\t}\n\t\t\t#gallery-3 .gallery-caption {\n\t\t\t\tmargin-left: 0;\n\t\t\t}\n\t\t\t\/* see gallery_shortcode() in wp-includes\/media.php *\/\n\t\t<\/style>\n\t\t<div id='gallery-3' class='gallery galleryid-22 gallery-columns-3 gallery-size-medium'><dl class='gallery-item'>\n\t\t\t<dt class='gallery-icon landscape'>\n\t\t\t\t<a class=\"grouped_elements\" rel=\"tc-fancybox-group\" href=\"https:\/\/akcmv.gov.lv\/wp-content\/uploads\/2014\/10\/Calis2018-5.jpg\" title=\"\"><img loading=\"lazy\" decoding=\"async\" width=\"300\" height=\"200\" src=\"https:\/\/akcmv.gov.lv\/wp-content\/uploads\/2014\/10\/Calis2018-5-300x200.jpg\" class=\"attachment-medium size-medium\" alt=\"\" srcset=\"https:\/\/akcmv.gov.lv\/wp-content\/uploads\/2014\/10\/Calis2018-5-300x200.jpg 300w, https:\/\/akcmv.gov.lv\/wp-content\/uploads\/2014\/10\/Calis2018-5-768x513.jpg 768w, https:\/\/akcmv.gov.lv\/wp-content\/uploads\/2014\/10\/Calis2018-5-1024x684.jpg 1024w\" sizes=\"auto, (max-width: 300px) 100vw, 300px\" \/><\/a>\n\t\t\t<\/dt><\/dl><dl class='gallery-item'>\n\t\t\t<dt class='gallery-icon landscape'>\n\t\t\t\t<a class=\"grouped_elements\" rel=\"tc-fancybox-group\" href=\"https:\/\/akcmv.gov.lv\/wp-content\/uploads\/2014\/10\/Calis2018-183.jpg\" title=\"\"><img loading=\"lazy\" decoding=\"async\" width=\"300\" height=\"200\" src=\"https:\/\/akcmv.gov.lv\/wp-content\/uploads\/2014\/10\/Calis2018-183-300x200.jpg\" class=\"attachment-medium size-medium\" alt=\"\" srcset=\"https:\/\/akcmv.gov.lv\/wp-content\/uploads\/2014\/10\/Calis2018-183-300x200.jpg 300w, https:\/\/akcmv.gov.lv\/wp-content\/uploads\/2014\/10\/Calis2018-183-768x513.jpg 768w, https:\/\/akcmv.gov.lv\/wp-content\/uploads\/2014\/10\/Calis2018-183-1024x684.jpg 1024w\" sizes=\"auto, (max-width: 300px) 100vw, 300px\" \/><\/a>\n\t\t\t<\/dt><\/dl><dl class='gallery-item'>\n\t\t\t<dt class='gallery-icon landscape'>\n\t\t\t\t<a class=\"grouped_elements\" rel=\"tc-fancybox-group\" href=\"https:\/\/akcmv.gov.lv\/wp-content\/uploads\/2014\/10\/Calis2018-341.jpg\" title=\"\"><img loading=\"lazy\" decoding=\"async\" width=\"300\" height=\"200\" src=\"https:\/\/akcmv.gov.lv\/wp-content\/uploads\/2014\/10\/Calis2018-341-300x200.jpg\" class=\"attachment-medium size-medium\" alt=\"\" srcset=\"https:\/\/akcmv.gov.lv\/wp-content\/uploads\/2014\/10\/Calis2018-341-300x200.jpg 300w, https:\/\/akcmv.gov.lv\/wp-content\/uploads\/2014\/10\/Calis2018-341-768x513.jpg 768w, https:\/\/akcmv.gov.lv\/wp-content\/uploads\/2014\/10\/Calis2018-341-1024x684.jpg 1024w\" sizes=\"auto, (max-width: 300px) 100vw, 300px\" \/><\/a>\n\t\t\t<\/dt><\/dl><br style=\"clear: both\" \/>\n\t\t<\/div>\n\n<hr \/>\n<h4><span style=\"color: #ff6600;\"><strong>Pateic\u012bbas diena<\/strong><\/span><\/h4>\n\n\t\t<style type=\"text\/css\">\n\t\t\t#gallery-4 {\n\t\t\t\tmargin: auto;\n\t\t\t}\n\t\t\t#gallery-4 .gallery-item {\n\t\t\t\tfloat: left;\n\t\t\t\tmargin-top: 10px;\n\t\t\t\ttext-align: center;\n\t\t\t\twidth: 33%;\n\t\t\t}\n\t\t\t#gallery-4 img {\n\t\t\t\tborder: 2px solid #cfcfcf;\n\t\t\t}\n\t\t\t#gallery-4 .gallery-caption {\n\t\t\t\tmargin-left: 0;\n\t\t\t}\n\t\t\t\/* see gallery_shortcode() in wp-includes\/media.php *\/\n\t\t<\/style>\n\t\t<div id='gallery-4' class='gallery galleryid-22 gallery-columns-3 gallery-size-medium'><dl class='gallery-item'>\n\t\t\t<dt class='gallery-icon landscape'>\n\t\t\t\t<a class=\"grouped_elements\" rel=\"tc-fancybox-group\" href=\"https:\/\/akcmv.gov.lv\/wp-content\/uploads\/2014\/10\/Patecibas3.jpg\" title=\"\"><img loading=\"lazy\" decoding=\"async\" width=\"300\" height=\"200\" src=\"https:\/\/akcmv.gov.lv\/wp-content\/uploads\/2014\/10\/Patecibas3-300x200.jpg\" class=\"attachment-medium size-medium\" alt=\"\" srcset=\"https:\/\/akcmv.gov.lv\/wp-content\/uploads\/2014\/10\/Patecibas3-300x200.jpg 300w, https:\/\/akcmv.gov.lv\/wp-content\/uploads\/2014\/10\/Patecibas3-768x512.jpg 768w, https:\/\/akcmv.gov.lv\/wp-content\/uploads\/2014\/10\/Patecibas3-1024x683.jpg 1024w\" sizes=\"auto, (max-width: 300px) 100vw, 300px\" \/><\/a>\n\t\t\t<\/dt><\/dl><dl class='gallery-item'>\n\t\t\t<dt class='gallery-icon landscape'>\n\t\t\t\t<a class=\"grouped_elements\" rel=\"tc-fancybox-group\" href=\"https:\/\/akcmv.gov.lv\/wp-content\/uploads\/2014\/10\/Pateicibas2.jpg\" title=\"\"><img loading=\"lazy\" decoding=\"async\" width=\"300\" height=\"200\" src=\"https:\/\/akcmv.gov.lv\/wp-content\/uploads\/2014\/10\/Pateicibas2-300x200.jpg\" class=\"attachment-medium size-medium\" alt=\"\" srcset=\"https:\/\/akcmv.gov.lv\/wp-content\/uploads\/2014\/10\/Pateicibas2-300x200.jpg 300w, https:\/\/akcmv.gov.lv\/wp-content\/uploads\/2014\/10\/Pateicibas2-768x512.jpg 768w, https:\/\/akcmv.gov.lv\/wp-content\/uploads\/2014\/10\/Pateicibas2-1024x683.jpg 1024w\" sizes=\"auto, (max-width: 300px) 100vw, 300px\" \/><\/a>\n\t\t\t<\/dt><\/dl><dl class='gallery-item'>\n\t\t\t<dt class='gallery-icon landscape'>\n\t\t\t\t<a class=\"grouped_elements\" rel=\"tc-fancybox-group\" href=\"https:\/\/akcmv.gov.lv\/wp-content\/uploads\/2014\/10\/Pateicibas4.jpg\" title=\"\"><img loading=\"lazy\" decoding=\"async\" width=\"300\" height=\"200\" src=\"https:\/\/akcmv.gov.lv\/wp-content\/uploads\/2014\/10\/Pateicibas4-300x200.jpg\" class=\"attachment-medium size-medium\" alt=\"\" srcset=\"https:\/\/akcmv.gov.lv\/wp-content\/uploads\/2014\/10\/Pateicibas4-300x200.jpg 300w, https:\/\/akcmv.gov.lv\/wp-content\/uploads\/2014\/10\/Pateicibas4-768x512.jpg 768w, https:\/\/akcmv.gov.lv\/wp-content\/uploads\/2014\/10\/Pateicibas4-1024x683.jpg 1024w\" sizes=\"auto, (max-width: 300px) 100vw, 300px\" \/><\/a>\n\t\t\t<\/dt><\/dl><br style=\"clear: both\" \/>\n\t\t<\/div>\n\n<hr \/>\n<h4><span style=\"color: #ff6600;\"><strong>\u017detonu vakars<\/strong><\/span><\/h4>\n\n\t\t<style type=\"text\/css\">\n\t\t\t#gallery-5 {\n\t\t\t\tmargin: auto;\n\t\t\t}\n\t\t\t#gallery-5 .gallery-item {\n\t\t\t\tfloat: left;\n\t\t\t\tmargin-top: 10px;\n\t\t\t\ttext-align: center;\n\t\t\t\twidth: 33%;\n\t\t\t}\n\t\t\t#gallery-5 img {\n\t\t\t\tborder: 2px solid #cfcfcf;\n\t\t\t}\n\t\t\t#gallery-5 .gallery-caption {\n\t\t\t\tmargin-left: 0;\n\t\t\t}\n\t\t\t\/* see gallery_shortcode() in wp-includes\/media.php *\/\n\t\t<\/style>\n\t\t<div id='gallery-5' class='gallery galleryid-22 gallery-columns-3 gallery-size-medium'><dl class='gallery-item'>\n\t\t\t<dt class='gallery-icon landscape'>\n\t\t\t\t<a class=\"grouped_elements\" rel=\"tc-fancybox-group\" href=\"https:\/\/akcmv.gov.lv\/wp-content\/uploads\/2014\/10\/Zetonvakars1.jpg\" title=\"\"><img loading=\"lazy\" decoding=\"async\" width=\"300\" height=\"200\" src=\"https:\/\/akcmv.gov.lv\/wp-content\/uploads\/2014\/10\/Zetonvakars1-300x200.jpg\" class=\"attachment-medium size-medium\" alt=\"\" srcset=\"https:\/\/akcmv.gov.lv\/wp-content\/uploads\/2014\/10\/Zetonvakars1-300x200.jpg 300w, https:\/\/akcmv.gov.lv\/wp-content\/uploads\/2014\/10\/Zetonvakars1-768x512.jpg 768w, https:\/\/akcmv.gov.lv\/wp-content\/uploads\/2014\/10\/Zetonvakars1-1024x683.jpg 1024w\" sizes=\"auto, (max-width: 300px) 100vw, 300px\" \/><\/a>\n\t\t\t<\/dt><\/dl><dl class='gallery-item'>\n\t\t\t<dt class='gallery-icon landscape'>\n\t\t\t\t<a class=\"grouped_elements\" rel=\"tc-fancybox-group\" href=\"https:\/\/akcmv.gov.lv\/wp-content\/uploads\/2014\/10\/Zetonvakars2.jpg\" title=\"\"><img loading=\"lazy\" decoding=\"async\" width=\"300\" height=\"200\" src=\"https:\/\/akcmv.gov.lv\/wp-content\/uploads\/2014\/10\/Zetonvakars2-300x200.jpg\" class=\"attachment-medium size-medium\" alt=\"\" srcset=\"https:\/\/akcmv.gov.lv\/wp-content\/uploads\/2014\/10\/Zetonvakars2-300x200.jpg 300w, https:\/\/akcmv.gov.lv\/wp-content\/uploads\/2014\/10\/Zetonvakars2-768x512.jpg 768w, https:\/\/akcmv.gov.lv\/wp-content\/uploads\/2014\/10\/Zetonvakars2-1024x683.jpg 1024w\" sizes=\"auto, (max-width: 300px) 100vw, 300px\" \/><\/a>\n\t\t\t<\/dt><\/dl><dl class='gallery-item'>\n\t\t\t<dt class='gallery-icon landscape'>\n\t\t\t\t<a class=\"grouped_elements\" rel=\"tc-fancybox-group\" href=\"https:\/\/akcmv.gov.lv\/wp-content\/uploads\/2014\/10\/Zetonvakars3.jpg\" title=\"\"><img loading=\"lazy\" decoding=\"async\" width=\"300\" height=\"200\" src=\"https:\/\/akcmv.gov.lv\/wp-content\/uploads\/2014\/10\/Zetonvakars3-300x200.jpg\" class=\"attachment-medium size-medium\" alt=\"\" srcset=\"https:\/\/akcmv.gov.lv\/wp-content\/uploads\/2014\/10\/Zetonvakars3-300x200.jpg 300w, https:\/\/akcmv.gov.lv\/wp-content\/uploads\/2014\/10\/Zetonvakars3-768x512.jpg 768w, https:\/\/akcmv.gov.lv\/wp-content\/uploads\/2014\/10\/Zetonvakars3-1024x683.jpg 1024w\" sizes=\"auto, (max-width: 300px) 100vw, 300px\" \/><\/a>\n\t\t\t<\/dt><\/dl><br style=\"clear: both\" \/>\n\t\t<\/div>\n\n<hr \/>\n<h4><span style=\"color: #ff6600;\"><strong>Izlaidums<\/strong><\/span><\/h4>\n\n\t\t<style type=\"text\/css\">\n\t\t\t#gallery-6 {\n\t\t\t\tmargin: auto;\n\t\t\t}\n\t\t\t#gallery-6 .gallery-item {\n\t\t\t\tfloat: left;\n\t\t\t\tmargin-top: 10px;\n\t\t\t\ttext-align: center;\n\t\t\t\twidth: 33%;\n\t\t\t}\n\t\t\t#gallery-6 img {\n\t\t\t\tborder: 2px solid #cfcfcf;\n\t\t\t}\n\t\t\t#gallery-6 .gallery-caption {\n\t\t\t\tmargin-left: 0;\n\t\t\t}\n\t\t\t\/* see gallery_shortcode() in wp-includes\/media.php *\/\n\t\t<\/style>\n\t\t<div id='gallery-6' class='gallery galleryid-22 gallery-columns-3 gallery-size-medium'><dl class='gallery-item'>\n\t\t\t<dt class='gallery-icon landscape'>\n\t\t\t\t<a class=\"grouped_elements\" rel=\"tc-fancybox-group\" href=\"https:\/\/akcmv.gov.lv\/wp-content\/uploads\/2014\/10\/Izlaidums_1.jpg\" title=\"\"><img loading=\"lazy\" decoding=\"async\" width=\"300\" height=\"200\" src=\"https:\/\/akcmv.gov.lv\/wp-content\/uploads\/2014\/10\/Izlaidums_1-300x200.jpg\" class=\"attachment-medium size-medium\" alt=\"\" srcset=\"https:\/\/akcmv.gov.lv\/wp-content\/uploads\/2014\/10\/Izlaidums_1-300x200.jpg 300w, https:\/\/akcmv.gov.lv\/wp-content\/uploads\/2014\/10\/Izlaidums_1-768x512.jpg 768w, https:\/\/akcmv.gov.lv\/wp-content\/uploads\/2014\/10\/Izlaidums_1-1024x683.jpg 1024w\" sizes=\"auto, (max-width: 300px) 100vw, 300px\" \/><\/a>\n\t\t\t<\/dt><\/dl><dl class='gallery-item'>\n\t\t\t<dt class='gallery-icon landscape'>\n\t\t\t\t<a class=\"grouped_elements\" rel=\"tc-fancybox-group\" href=\"https:\/\/akcmv.gov.lv\/wp-content\/uploads\/2014\/10\/Izlaidums_2.jpg\" title=\"\"><img loading=\"lazy\" decoding=\"async\" width=\"300\" height=\"200\" src=\"https:\/\/akcmv.gov.lv\/wp-content\/uploads\/2014\/10\/Izlaidums_2-300x200.jpg\" class=\"attachment-medium size-medium\" alt=\"\" srcset=\"https:\/\/akcmv.gov.lv\/wp-content\/uploads\/2014\/10\/Izlaidums_2-300x200.jpg 300w, https:\/\/akcmv.gov.lv\/wp-content\/uploads\/2014\/10\/Izlaidums_2-768x512.jpg 768w, https:\/\/akcmv.gov.lv\/wp-content\/uploads\/2014\/10\/Izlaidums_2-1024x683.jpg 1024w\" sizes=\"auto, (max-width: 300px) 100vw, 300px\" \/><\/a>\n\t\t\t<\/dt><\/dl><dl class='gallery-item'>\n\t\t\t<dt class='gallery-icon landscape'>\n\t\t\t\t<a class=\"grouped_elements\" rel=\"tc-fancybox-group\" href=\"https:\/\/akcmv.gov.lv\/wp-content\/uploads\/2014\/10\/Izlaidums_3.jpg\" title=\"\"><img loading=\"lazy\" decoding=\"async\" width=\"300\" height=\"200\" src=\"https:\/\/akcmv.gov.lv\/wp-content\/uploads\/2014\/10\/Izlaidums_3-300x200.jpg\" class=\"attachment-medium size-medium\" alt=\"\" srcset=\"https:\/\/akcmv.gov.lv\/wp-content\/uploads\/2014\/10\/Izlaidums_3-300x200.jpg 300w, https:\/\/akcmv.gov.lv\/wp-content\/uploads\/2014\/10\/Izlaidums_3-768x512.jpg 768w, https:\/\/akcmv.gov.lv\/wp-content\/uploads\/2014\/10\/Izlaidums_3-1024x683.jpg 1024w\" sizes=\"auto, (max-width: 300px) 100vw, 300px\" \/><\/a>\n\t\t\t<\/dt><\/dl><br style=\"clear: both\" \/>\n\t\t<\/div>\n\n<p>&nbsp;<\/p>\n","protected":false},"excerpt":{"rendered":"<p>Skol\u0101 jau daudzu gadu garum\u0101 ir izveidoju\u0161\u0101s stabilas pas\u0101kumu trad\u012bcijas. Skolas pedagogu koncerts Zin\u012bbu dien\u0101 Koncerts &#8220;Vidzemes Talanti&#8221; Mazo vok\u0101listu konkurss &#8220;C\u0113su C\u0101lis&#8221; Pateic\u012bbas diena \u017detonu vakars Izlaidums &nbsp;<\/p>\n","protected":false},"author":1,"featured_media":0,"parent":7,"menu_order":0,"comment_status":"closed","ping_status":"closed","template":"","meta":{"footnotes":""},"class_list":["post-22","page","type-page","status-publish","czr-hentry"],"_links":{"self":[{"href":"https:\/\/akcmv.gov.lv\/index.php?rest_route=\/wp\/v2\/pages\/22","targetHints":{"allow":["GET"]}}],"collection":[{"href":"https:\/\/akcmv.gov.lv\/index.php?rest_route=\/wp\/v2\/pages"}],"about":[{"href":"https:\/\/akcmv.gov.lv\/index.php?rest_route=\/wp\/v2\/types\/page"}],"author":[{"embeddable":true,"href":"https:\/\/akcmv.gov.lv\/index.php?rest_route=\/wp\/v2\/users\/1"}],"replies":[{"embeddable":true,"href":"https:\/\/akcmv.gov.lv\/index.php?rest_route=%2Fwp%2Fv2%2Fcomments&post=22"}],"version-history":[{"count":14,"href":"https:\/\/akcmv.gov.lv\/index.php?rest_route=\/wp\/v2\/pages\/22\/revisions"}],"predecessor-version":[{"id":4111,"href":"https:\/\/akcmv.gov.lv\/index.php?rest_route=\/wp\/v2\/pages\/22\/revisions\/4111"}],"up":[{"embeddable":true,"href":"https:\/\/akcmv.gov.lv\/index.php?rest_route=\/wp\/v2\/pages\/7"}],"wp:attachment":[{"href":"https:\/\/akcmv.gov.lv\/index.php?rest_route=%2Fwp%2Fv2%2Fmedia&parent=22"}],"curies":[{"name":"wp","href":"https:\/\/api.w.org\/{rel}","templated":true}]}}