{"id":30,"date":"2014-10-21T11:16:19","date_gmt":"2014-10-21T08:16:19","guid":{"rendered":"http:\/\/pilsvesture.cesis.lv\/muz\/?page_id=30"},"modified":"2026-03-11T09:09:55","modified_gmt":"2026-03-11T07:09:55","slug":"veiksmes-stasti","status":"publish","type":"page","link":"https:\/\/akcmv.gov.lv\/?page_id=30","title":{"rendered":"Veiksmes st\u0101sti"},"content":{"rendered":"<p><iframe loading=\"lazy\" title=\"AKCMV Absolventu st\u0101sti\" width=\"1170\" height=\"658\" src=\"https:\/\/www.youtube.com\/embed\/BZoBsuJMByw?feature=oembed\" frameborder=\"0\" allow=\"accelerometer; autoplay; clipboard-write; encrypted-media; gyroscope; picture-in-picture; web-share\" referrerpolicy=\"strict-origin-when-cross-origin\" allowfullscreen><\/iframe><\/p>\n<p><iframe loading=\"lazy\" title=\"AKCMV Absolventu st\u0101sti\" width=\"1170\" height=\"658\" src=\"https:\/\/www.youtube.com\/embed\/8-HOe8aRAH4?feature=oembed\" frameborder=\"0\" allow=\"accelerometer; autoplay; clipboard-write; encrypted-media; gyroscope; picture-in-picture; web-share\" referrerpolicy=\"strict-origin-when-cross-origin\" allowfullscreen><\/iframe><\/p>\n<p><iframe loading=\"lazy\" title=\"AKCMV Absolventu st\u0101sti\" width=\"1170\" height=\"658\" src=\"https:\/\/www.youtube.com\/embed\/g29aR-U8xIs?feature=oembed\" frameborder=\"0\" allow=\"accelerometer; autoplay; clipboard-write; encrypted-media; gyroscope; picture-in-picture; web-share\" referrerpolicy=\"strict-origin-when-cross-origin\" allowfullscreen><\/iframe><\/p>\n<p><iframe loading=\"lazy\" title=\"AKCMV Absolventu st\u0101sti\" width=\"1170\" height=\"658\" src=\"https:\/\/www.youtube.com\/embed\/vR7TMx3WA5M?feature=oembed\" frameborder=\"0\" allow=\"accelerometer; autoplay; clipboard-write; encrypted-media; gyroscope; picture-in-picture; web-share\" referrerpolicy=\"strict-origin-when-cross-origin\" allowfullscreen><\/iframe><\/p>\n<p><a href=\"http:\/\/akcmv.gov.lv\/wp-content\/uploads\/2014\/10\/alise.jpg\"><img loading=\"lazy\" decoding=\"async\" class=\"alignnone wp-image-1356 size-medium\" src=\"http:\/\/akcmv.gov.lv\/wp-content\/uploads\/2014\/10\/alise-300x210.jpg\" alt=\"Alise Mironova\" width=\"300\" height=\"210\" srcset=\"https:\/\/akcmv.gov.lv\/wp-content\/uploads\/2014\/10\/alise-300x210.jpg 300w, https:\/\/akcmv.gov.lv\/wp-content\/uploads\/2014\/10\/alise-1024x717.jpg 1024w\" sizes=\"auto, (max-width: 300px) 100vw, 300px\" \/><\/a> <a href=\"http:\/\/akcmv.gov.lv\/wp-content\/uploads\/2014\/10\/paula.jpg\"><img loading=\"lazy\" decoding=\"async\" class=\"alignnone wp-image-1357 size-medium\" src=\"http:\/\/akcmv.gov.lv\/wp-content\/uploads\/2014\/10\/paula-300x210.jpg\" alt=\"Paula \u0100boli\u0146a\" width=\"300\" height=\"210\" srcset=\"https:\/\/akcmv.gov.lv\/wp-content\/uploads\/2014\/10\/paula-300x210.jpg 300w, https:\/\/akcmv.gov.lv\/wp-content\/uploads\/2014\/10\/paula-1024x717.jpg 1024w\" sizes=\"auto, (max-width: 300px) 100vw, 300px\" \/><\/a><\/p>\n<p><strong>Paula \u0100boli\u0146a un Alise Mironova (2019. gada absolventes, Deja) par skolas audz\u0113k\u0146u dal\u012bbu studentu m\u016bzikas festiv\u0101l\u0101, Somij\u0101<\/strong><\/p>\n<p style=\"text-align: justify;\">Zieme\u013cu Ministru padomes projekta Nordplus Junior ietvaros, no\u00a022. l\u012bdz 27. febru\u0101rim, m\u0113s, Alfr\u0113da Kalni\u0146a C\u0113su m\u016bzikas vidusskolas audz\u0113k\u0146i, dev\u0101mies uz Somiju, Kuopio, lai piedal\u012btos studentu m\u016bzikas festiv\u0101l\u0101 Talvikamari-festivali 2016. Uz festiv\u0101lu dev\u0101s audz\u0113k\u0146i no P\u016b\u0161amo instrumentu noda\u013cas, Popul\u0101r\u0101s un d\u017eeza m\u016bzikas\u00a0noda\u013cas, Kokles sp\u0113les klases audz\u0113knes,\u00a0audz\u0113k\u0146i un skolot\u0101ji no St\u012bgu instrumentu noda\u013cas un m\u0113s, Dejas noda\u013cas meitenes. Brauciena laik\u0101 skol\u0113niem bija iesp\u0113ja tuv\u0101k iepaz\u012bt Kuopio konservatoriju, uzzin\u0101t, k\u0101 noris m\u0101c\u012bbu stundas un apskat\u012bt klases. P\u016b\u0161amo instrumentu audz\u0113k\u0146i izbaud\u012bja liel\u0101s Suri Puhalu koncertz\u0101les skatuves varen\u012bbu: festiv\u0101la ietvaros tika izveidots kopor\u0137estris, kur\u0101 sp\u0113l\u0113ja audz\u0113k\u0146i no da\u017e\u0101d\u0101m valst\u012bm. K\u0101 teica pa\u0161i audz\u0113k\u0146i: neaprakst\u0101mi labi! Uz\u0146em\u0161ana bija sirsn\u012bga, cilv\u0113ki laipni un smaid\u012bgi, k\u0101 ar\u012b atsauc\u012bgi. Tre\u0161\u0101s dienas vakar\u0101 bija j\u0101sniedz koncerts, kur\u0101 m\u016bzi\u0137i izpild\u012bja Latvijas slaven\u0101ko komponistu \u2013 Alfr\u0113da Kalni\u0146a, Alvila Altma\u0146a, Valta P\u016bces, Zigm\u0101ra Liepi\u0146a u.c. komponistu ska\u0146darbus un apdares, k\u0101 ar\u012b m\u016bsu skolas skolot\u0101ja un komponista Andra Rieksti\u0146a kompoz\u012bcijas. Sp\u0113l\u0113ja gan folk or\u0137estris, gan st\u012bgu un saksafonu kvartets, kameransamb\u013ci un d\u017eeza ansamblis, k\u0101 ar\u012b b\u016b\u0161amo instrumentu ansamblis. Koncertu vad\u012bj\u0101m m\u0113s &#8211; Paula un Alise, kuras, pedagogu vad\u012bb\u0101, bija ar\u012b sagatavoju\u0161as deju, lai par\u0101d\u012btu, k\u0101da izskat\u0101s latvie\u0161u tautas deja un tautas t\u0113rpi. Ned\u0113lu nosl\u0113dz\u0101m Somijas galvaspils\u0113t\u0101 &#8211; Helsinkos. Apmekl\u0113j\u0101m gan Sibeliusa Akad\u0113miju, kur uzzin\u0101j\u0101m par stipendiju un t\u0101l\u0101kizgl\u012bt\u012bbas iesp\u0113j\u0101m, viesoj\u0101mies ar\u012b Somijas Nacion\u0101l\u0101s Operas aizskatuv\u0113, redz\u0113j\u0101m Operas darbu no &#8220;iek\u0161puses&#8221;. \u00a0Gan pedagogi, gan skolnieki ir priec\u012bgi par \u0161o doto iesp\u0113ju, k\u0101 ar\u012b par pieredzi, ko uzkr\u0101ja visas ned\u0113\u013cas garum\u0101.<\/p>\n<p><a href=\"http:\/\/akcmv.gov.lv\/wp-content\/uploads\/2014\/10\/martins_smiltins1.jpg\"><img loading=\"lazy\" decoding=\"async\" class=\"alignnone wp-image-1318 size-medium\" src=\"http:\/\/akcmv.gov.lv\/wp-content\/uploads\/2014\/10\/martins_smiltins1-300x200.jpg\" alt=\"M\u0101rti\u0146\u0161 Smilti\u0146\u0161\" width=\"300\" height=\"200\" srcset=\"https:\/\/akcmv.gov.lv\/wp-content\/uploads\/2014\/10\/martins_smiltins1-300x200.jpg 300w, https:\/\/akcmv.gov.lv\/wp-content\/uploads\/2014\/10\/martins_smiltins1-1024x683.jpg 1024w\" sizes=\"auto, (max-width: 300px) 100vw, 300px\" \/><\/a><\/p>\n<p><strong>M\u0101rti\u0146\u0161 Smilti\u0146\u0161 (2018. gada absolvents) par muzic\u0113\u0161anu Latvijas Jaunatnes p\u016bt\u0113ju or\u0137estra sast\u0101v\u0101<\/strong><\/p>\n<p style=\"text-align: justify;\">Latvijas Jaunatnes p\u016bt\u0113ju or\u0137estr\u012b (LJPO) es sp\u0113l\u0113ju jau \u010detrus gadus. \u0160aj\u0101 projekt\u0101 esmu guvis \u013coti labu pieredzi un \u00a0\u013coti labas atmi\u0146as. 2015.gad\u0101 projekts risin\u0101j\u0101s\u00a0no \u00a021. j\u016blija l\u012bdz 1. augustam.\u00a0Pag\u0101ju\u0161\u0101s vasaras nometne\u00a0bija\u00a0\u012bpa\u0161a ar to, ka piedal\u012bj\u0101mies \u013coti nopietn\u0101 konkurs\u0101 Austrij\u0101. \u0160aj\u0101 konkurs\u0101 piedal\u012bj\u0101s or\u0137estri no visas pasaules.\u00a0N\u0101ko\u0161aj\u0101 dien\u0101 p\u0113c konkursa sniedz\u0101m koncertu V\u012bnes Filharmonij\u0101. Koncert\u0101 piedal\u012bj\u0101s iepriek\u0161\u0113j\u0101s dienas konkursa dal\u012bbnieki. Mums \u0161is koncerts bija \u013coti noz\u012bm\u012bgs, jo uz \u0161\u012bs pasaulslaven\u0101s skatuves k\u0101p\u0101m k\u0101 pirmais kolekt\u012bvs no Latvijas. Viens no darbiem, kuru atska\u0146oj\u0101m uz liel\u0101s skatuves bija divas da\u013cas no sv\u012btas (Matlots, \u017d\u012bga), kurai komponists, k\u0101 ar\u012b m\u016bsu skolas pedagogs, ir\u00a0Andris Rieksti\u0146\u0161.<\/p>\n<p style=\"text-align: justify;\">Lai piedal\u012btos LJPO ir\u00a0nepiecie\u0161ams ieguld\u012bt lielu darbu or\u0137estrim kop\u0101\u00a0un ar\u012b individu\u0101li, jo koncertprogramma ir gana sare\u017e\u0123\u012bta. Paldies maniem skolot\u0101jiem par atbalstu! M\u0113\u0123in\u0101jumi, kuri or\u0137estr\u012b m\u0113dz ieilgt l\u012bdz pat 7 stund\u0101m, ne\u0161\u0137iet tik gari, jo tie tiek pavad\u012bti ar \u00a0aizraujo\u0161iem cilv\u0113kiem no visas Latvijas. Ar\u012b programm\u0101, kuru sagatavojam, ir \u013coti daudzveid\u012bga &#8211; no klasisk\u0101s m\u016bzikas l\u012bdz, piem\u0113ram, Village people &#8211;\u00a0&#8221;YMCA&#8221; u.c. Sagatavot\u0101 oncertprogramma \u00a0ir tik pla\u0161a, jo brauciena ietvaros mekl\u0113jam iesp\u0113jas uzst\u0101ties da\u017e\u0101d\u0101s viet\u0101s. Pag\u0101ju\u0161aj\u0101 gad\u0101 sp\u0113l\u0113j\u0101m Polijas s\u0101ls raktuv\u0113s 300m dzi\u013cum\u0101 zem zemes. Piedz\u012bvojumu netr\u016bkst! \u0160is projekts risin\u0101s katru gadu un \u0161ogad es\u00a0atkal sp\u0113l\u0113\u0161u \u0161aj\u0101 projekt\u0101. LJPO 2016 skan\u0113s Ung\u0101rij\u0101!<\/p>\n<p><a href=\"http:\/\/akcmv.gov.lv\/wp-content\/uploads\/2014\/10\/audris.jpg\"><img loading=\"lazy\" decoding=\"async\" class=\"alignnone wp-image-1319 size-medium\" src=\"http:\/\/akcmv.gov.lv\/wp-content\/uploads\/2014\/10\/audris-300x200.jpg\" alt=\"Audris Balodis\" width=\"300\" height=\"200\" srcset=\"https:\/\/akcmv.gov.lv\/wp-content\/uploads\/2014\/10\/audris-300x200.jpg 300w, https:\/\/akcmv.gov.lv\/wp-content\/uploads\/2014\/10\/audris-1024x683.jpg 1024w\" sizes=\"auto, (max-width: 300px) 100vw, 300px\" \/><\/a><\/p>\n<p><strong>Audris Balodis (2018. gada absolvents) par pieredzi un piedz\u012bvoto Eiropas jaunie\u0161u popa un d\u017eeza or\u0137estr\u012b<\/strong><\/p>\n<p style=\"text-align: justify;\">2015. gada vasar\u0101 biju Austrij\u0101, Andorf\u0101 uz EJPO(Eiropas jaunie\u0161u popa un d\u017eeza\u00a0 or\u0137estris) nometni., kas norisin\u0101j\u0101s no 22. l\u012bdz 28. j\u016blijam. Nometn\u0113 \u00a0iepazinos ar jaunie\u0161iem no It\u0101lijas, V\u0101cijas, Austrijas, Sp\u0101nijas un Portug\u0101les. Nometnes laik\u0101 tika izveidots or\u0137estris, kur\u0161 gatavoja \u012bpa\u0161u repertu\u0101ru &#8211; sp\u0113l\u0113j\u0101m m\u016bziku no popul\u0101r\u0101m film\u0101m &#8220;Gladiators&#8221;, &#8220;Maska&#8221;, u.c. \u00a0Nometnes nosl\u0113gum\u0101 notika 3 koncerti, da\u017e\u0101d\u0101s Austrijas pils\u0113t\u0101s. Braucieni uz koncertiem deva iesp\u0113ju apskat\u012bt Austrijas skaisto dabu un kalnus. Starp m\u0113\u0123in\u0101jumiem un koncertiem bija iesp\u0113jas doties ekskursij\u0101s, m\u0113s \u0161o iesp\u0113ju izmantoj\u0101m un apmekl\u0113j\u0101m Zalcburgu, tuv\u0101k\u0101s un iev\u0113rojam\u0101k\u0101s pils\u0113tas, k\u0101 ar\u012b uzbrauc\u0101m augstu kalnos. Bija iesp\u0113ja ar\u012b aizbraukt uz Austrijas galvaspils\u0113tu V\u012bni, ta\u010du tam mums nepietika laika, ceru, ka \u0161ovasar to izdosies realiz\u0113t. M\u0113s bij\u0101m pirmie Latvijas p\u0101rst\u0101vji, kas jebkad piedal\u012bju\u0161ies \u0161aj\u0101 nometn\u0113 un Latviju p\u0101rst\u0101v\u0113j\u0101m godam, dzird\u0113j\u0101m daudz labu v\u0101rdu par savu sniegumu. Nometn\u0113 bija pieejamas ar\u012b sportisk\u0101s aktivit\u0101tes &#8211; volejbols, futbols, peld\u0113\u0161ana. \u00a0Man \u0161\u012b nometne \u013coti patika, bija lieliski\u00a0sp\u0113l\u0113t labu m\u016bziku lab\u0101 or\u0137estr\u012b, iem\u0101c\u012bties daudz ko jaunu, satikt jaunus cilv\u0113kus un labi pavad\u012bt laiku. Paldies skolai par doto iesp\u0113ju piedal\u012bties EJPO!<\/p>\n","protected":false},"excerpt":{"rendered":"<p>Paula \u0100boli\u0146a un Alise Mironova (2019. gada absolventes, Deja) par skolas audz\u0113k\u0146u dal\u012bbu studentu m\u016bzikas festiv\u0101l\u0101, Somij\u0101 Zieme\u013cu Ministru padomes projekta Nordplus Junior ietvaros, no\u00a022. l\u012bdz 27. febru\u0101rim, m\u0113s, Alfr\u0113da Kalni\u0146a C\u0113su m\u016bzikas vidusskolas audz\u0113k\u0146i, dev\u0101mies uz Somiju, Kuopio, lai piedal\u012btos studentu m\u016bzikas festiv\u0101l\u0101 Talvikamari-festivali 2016. Uz festiv\u0101lu dev\u0101s audz\u0113k\u0146i no P\u016b\u0161amo instrumentu noda\u013cas, Popul\u0101r\u0101s [&hellip;]<\/p>\n","protected":false},"author":1,"featured_media":0,"parent":7,"menu_order":0,"comment_status":"closed","ping_status":"closed","template":"","meta":{"footnotes":""},"class_list":["post-30","page","type-page","status-publish","czr-hentry"],"_links":{"self":[{"href":"https:\/\/akcmv.gov.lv\/index.php?rest_route=\/wp\/v2\/pages\/30","targetHints":{"allow":["GET"]}}],"collection":[{"href":"https:\/\/akcmv.gov.lv\/index.php?rest_route=\/wp\/v2\/pages"}],"about":[{"href":"https:\/\/akcmv.gov.lv\/index.php?rest_route=\/wp\/v2\/types\/page"}],"author":[{"embeddable":true,"href":"https:\/\/akcmv.gov.lv\/index.php?rest_route=\/wp\/v2\/users\/1"}],"replies":[{"embeddable":true,"href":"https:\/\/akcmv.gov.lv\/index.php?rest_route=%2Fwp%2Fv2%2Fcomments&post=30"}],"version-history":[{"count":13,"href":"https:\/\/akcmv.gov.lv\/index.php?rest_route=\/wp\/v2\/pages\/30\/revisions"}],"predecessor-version":[{"id":16946,"href":"https:\/\/akcmv.gov.lv\/index.php?rest_route=\/wp\/v2\/pages\/30\/revisions\/16946"}],"up":[{"embeddable":true,"href":"https:\/\/akcmv.gov.lv\/index.php?rest_route=\/wp\/v2\/pages\/7"}],"wp:attachment":[{"href":"https:\/\/akcmv.gov.lv\/index.php?rest_route=%2Fwp%2Fv2%2Fmedia&parent=30"}],"curies":[{"name":"wp","href":"https:\/\/api.w.org\/{rel}","templated":true}]}}