{"id":4,"date":"2014-10-21T11:10:45","date_gmt":"2014-10-21T08:10:45","guid":{"rendered":"http:\/\/pilsvesture.cesis.lv\/muz\/?page_id=4"},"modified":"2025-09-08T12:15:27","modified_gmt":"2025-09-08T09:15:27","slug":"izglitiba","status":"publish","type":"page","link":"https:\/\/akcmv.gov.lv\/?page_id=4","title":{"rendered":"Izgl\u012bt\u012bba"},"content":{"rendered":"<div style=\"text-align: justify;\">Alfr\u0113da Kalni\u0146a C\u0113su M\u016bzikas vidusskola realiz\u0113 profesion\u0101l\u0101s ievirzes izgl\u012bt\u012bbas programmas, profesion\u0101l\u0101s vid\u0113j\u0101s izgl\u012bt\u012bbas programmas, k\u0101 ar\u012b profesion\u0101l\u0101s ievirzes vid\u0113j\u0101s izgl\u012bt\u012bbas programmas.\u00a0Skola \u012bsteno \u0161\u0101das izgl\u012bt\u012bbas programmas:<\/div>\n<div style=\"text-align: justify;\"><\/div>\n<div style=\"text-align: justify;\"><strong>Izgl\u012bt\u012bbas programma &#8220;Tausti\u0146instrumentu sp\u0113le&#8221;<\/strong> (klavieres, akordeons)<\/div>\n<div style=\"text-align: justify;\"><span style=\"color: #ff6600; font-weight: inherit;\">Programmas vad\u012bt\u0101ja <\/span><strong style=\"color: #ff6600;\">Guna R\u0101cene<\/strong><\/div>\n<div style=\"text-align: justify;\"><\/div>\n<div style=\"text-align: justify;\"><strong>Izgl\u012bt\u012bbas programma &#8220;St\u012bgu instrumentu sp\u0113le&#8221;<\/strong> (vijole, \u010dells, alts, kokle, \u0123it\u0101ra)<\/div>\n<div style=\"text-align: justify;\"><span style=\"color: #ff6600; font-weight: inherit;\">Programmas vad\u012bt\u0101ja\u00a0<\/span><strong style=\"color: #ff6600;\">Inese Nelsone<\/strong><\/div>\n<div style=\"text-align: justify;\">\n<p><strong>Izgl\u012bt\u012bbas programma &#8220;P\u016b\u0161aminstrumentu sp\u0113le&#8221;<\/strong> (flauta, fagots, klarnete, me\u017erags, saksofons, trompete, eifonijs, trombons, tuba)<br \/>\n<span style=\"color: #ff6600;\">Programmas vad\u012bt\u0101ja\u00a0<\/span><strong><span style=\"color: #ff6600;\">Elita Ezermale<\/span><\/strong><\/p>\n<p><strong>Izgl\u012bt\u012bbas programma &#8220;Sitaminstrumentu sp\u0113le&#8221;<\/strong><br \/>\n<span style=\"color: #ff6600;\">Programmas vad\u012bt\u0101js <strong>Vigo Ra\u010devskis<\/strong><\/span><\/p>\n<p><strong>Izgl\u012bt\u012bbas programma &#8220;Vok\u0101l\u0101 m\u016bzika&#8221;<\/strong><br \/>\n<span style=\"color: #ff6600;\">Programmas vad\u012bt\u0101ja\u00a0<strong>Dace Balode<\/strong><\/span><\/p>\n<p><strong>Izgl\u012bt\u012bbas programma &#8220;Diri\u0123\u0113\u0161ana&#8221;<\/strong><br \/>\n<span style=\"color: #ff6600;\">Programmas vad\u012bt\u0101js\u00a0<strong>Patriks K\u0101rlis Stepe<\/strong><\/span><\/p>\n<p><strong>Izgl\u012bt\u012bbas programma &#8220;M\u016bzika&#8221; (Popul\u0101r\u0101 un d\u017eeza m\u016bzika)<\/strong><br \/>\n<span style=\"color: #ff6600;\">Programmas vad\u012bt\u0101js <strong>Toms Mik\u0101ls<\/strong><\/span><\/p>\n<div class=\"row-fluid izgl-nod\"><\/div>\n<div class=\"row-fluid izgl-nod\"><\/div>\n<div class=\"row-fluid izgl-nod\"><\/div>\n<\/div>\n","protected":false},"excerpt":{"rendered":"<p>Alfr\u0113da Kalni\u0146a C\u0113su M\u016bzikas vidusskola realiz\u0113 profesion\u0101l\u0101s ievirzes izgl\u012bt\u012bbas programmas, profesion\u0101l\u0101s vid\u0113j\u0101s izgl\u012bt\u012bbas programmas, k\u0101 ar\u012b profesion\u0101l\u0101s ievirzes vid\u0113j\u0101s izgl\u012bt\u012bbas programmas.\u00a0Skola \u012bsteno \u0161\u0101das izgl\u012bt\u012bbas programmas: Izgl\u012bt\u012bbas programma &#8220;Tausti\u0146instrumentu sp\u0113le&#8221; (klavieres, akordeons) Programmas vad\u012bt\u0101ja Guna R\u0101cene Izgl\u012bt\u012bbas programma &#8220;St\u012bgu instrumentu sp\u0113le&#8221; (vijole, \u010dells, alts, kokle, \u0123it\u0101ra) Programmas vad\u012bt\u0101ja\u00a0Inese Nelsone Izgl\u012bt\u012bbas programma &#8220;P\u016b\u0161aminstrumentu sp\u0113le&#8221; (flauta, fagots, klarnete, [&hellip;]<\/p>\n","protected":false},"author":1,"featured_media":0,"parent":0,"menu_order":1,"comment_status":"closed","ping_status":"closed","template":"","meta":{"footnotes":""},"class_list":["post-4","page","type-page","status-publish","czr-hentry"],"_links":{"self":[{"href":"https:\/\/akcmv.gov.lv\/index.php?rest_route=\/wp\/v2\/pages\/4","targetHints":{"allow":["GET"]}}],"collection":[{"href":"https:\/\/akcmv.gov.lv\/index.php?rest_route=\/wp\/v2\/pages"}],"about":[{"href":"https:\/\/akcmv.gov.lv\/index.php?rest_route=\/wp\/v2\/types\/page"}],"author":[{"embeddable":true,"href":"https:\/\/akcmv.gov.lv\/index.php?rest_route=\/wp\/v2\/users\/1"}],"replies":[{"embeddable":true,"href":"https:\/\/akcmv.gov.lv\/index.php?rest_route=%2Fwp%2Fv2%2Fcomments&post=4"}],"version-history":[{"count":47,"href":"https:\/\/akcmv.gov.lv\/index.php?rest_route=\/wp\/v2\/pages\/4\/revisions"}],"predecessor-version":[{"id":15792,"href":"https:\/\/akcmv.gov.lv\/index.php?rest_route=\/wp\/v2\/pages\/4\/revisions\/15792"}],"wp:attachment":[{"href":"https:\/\/akcmv.gov.lv\/index.php?rest_route=%2Fwp%2Fv2%2Fmedia&parent=4"}],"curies":[{"name":"wp","href":"https:\/\/api.w.org\/{rel}","templated":true}]}}