{"id":42,"date":"2014-10-21T11:18:28","date_gmt":"2014-10-21T08:18:28","guid":{"rendered":"http:\/\/pilsvesture.cesis.lv\/muz\/?page_id=42"},"modified":"2026-04-16T12:41:00","modified_gmt":"2026-04-16T09:41:00","slug":"konkursi-un-seminari","status":"publish","type":"page","link":"https:\/\/akcmv.gov.lv\/?page_id=42","title":{"rendered":"Konkursi un semin\u0101ri"},"content":{"rendered":"<h3 style=\"text-align: center;\"><span style=\"color: #ff6600;\"><strong>Alfr\u0113da Kalni\u0146a C\u0113su M\u016bzikas vidusskolas metodiskie pas\u0101kumi re\u0123iona m\u016bzikas skol\u0101m<\/strong><\/span><\/h3>\n<h3 style=\"text-align: center;\"><span style=\"color: #ff6600;\"><strong>2025.\/2026. m\u0101c\u012bbu gad\u0101<\/strong><\/span><\/h3>\n<table border=\"1\" cellspacing=\"1\" cellpadding=\"1\">\n<tbody>\n<tr>\n<th>\n<h4><span style=\"color: #ff6600;\">Datums<\/span><\/h4>\n<\/th>\n<th>\n<h4><span style=\"color: #ff6600;\">Notikums<\/span><\/h4>\n<\/th>\n<th>\n<h4><span style=\"color: #ff6600;\">Piez\u012bmes<\/span><\/h4>\n<\/th>\n<\/tr>\n<tr>\n<th rowspan=\"2\">24.08.2025.<\/th>\n<th rowspan=\"2\"><span style=\"color: #ff6600;\">Koncerts &#8220;Vidzemes Talanti 2025&#8221;<\/span><\/th>\n<th><a href=\"http:\/\/akcmv.gov.lv\/wp-content\/uploads\/2025\/05\/VT_uzaicinajums_2025_AKCMV.pdf\">Uzaicin\u0101jums<\/a><\/th>\n<\/tr>\n<tr>\n<th><a href=\"https:\/\/ej.uz\/VT2025\">Pieteikuma anketa<\/a><\/th>\n<\/tr>\n<tr>\n<th rowspan=\"1\">10.10-11.10.2025.<\/th>\n<th rowspan=\"1\"><span style=\"color: #ff6600;\">Meistarklases ar \u0113r\u0123e\u013cu sp\u0113les profesoru And\u017eeju \u0160adeiko<\/span><\/th>\n<th><a href=\"http:\/\/akcmv.gov.lv\/wp-content\/uploads\/2025\/09\/A_Sadeiko_meistarklases.pdf\">Inform\u0101cija<\/a><\/th>\n<\/tr>\n<tr>\n<th rowspan=\"2\">23.10.2025.<\/th>\n<th rowspan=\"2\">\n<p><span style=\"color: #ff6600;\">Pedagogu profesion\u0101l\u0101s kompetences pilnveides kursi<\/span><br \/><span style=\"color: #ff6600;\">\u201cSkolas vide un pedago\u0123iskais atbalsts katram audz\u0113knim\u201d<\/span><\/p>\n<\/th>\n<th><a href=\"http:\/\/akcmv.gov.lv\/wp-content\/uploads\/2025\/09\/Ped.prof_.pilnv_Skeranska_23.okt_.pdf\">Inform\u0101cija<\/a><\/th>\n<\/tr>\n<tr>\n<th><a href=\"https:\/\/ej.uz\/ieklauj\">Pieteikuma anketa<\/a><\/th>\n<\/tr>\n<tr>\n<th rowspan=\"1\">30.10.2025.<\/th>\n<th rowspan=\"1\"><span style=\"color: #ff6600;\">Vidzemes re\u0123iona m\u016bzikas profesion\u0101l\u0101s ievirzes solfed\u017eo m\u0101c\u012bbu priek\u0161meta pedagogu semin\u0101rs<\/span><\/th>\n<th><a href=\"http:\/\/akcmv.gov.lv\/wp-content\/uploads\/2025\/10\/Seminars-solfedzo_30.okt_AKCMV.pdf\">Inform\u0101cija<\/a><\/th>\n<\/tr>\n<tr>\n<th rowspan=\"1\">09.11.2025.<\/th>\n<th rowspan=\"1\"><span style=\"color: #ff6600;\">Vidzemes re\u0123iona jauno saksofonistu un pedagogu kopkoncerts. O.Petrauska meistarklases un koncerts.<\/span><\/th>\n<th>\u00a0<\/th>\n<\/tr>\n<tr>\n<th rowspan=\"2\">26.11.2025.<\/th>\n<th rowspan=\"2\"><span style=\"color: #ff6600;\">Vidzemes m\u016bzikas skolu P\u016b\u0161aminstrumentu sp\u0113les audz\u0113k\u0146u konkurss \u201cWendenWind\u201d<\/span><\/th>\n<th><a href=\"http:\/\/akcmv.gov.lv\/wp-content\/uploads\/2025\/08\/WendenWind.pdf\">Nolikums<\/a><\/th>\n<\/tr>\n<tr>\n<th>\n<p><a href=\"http:\/\/akcmv.gov.lv\/wp-content\/uploads\/2025\/10\/WendenWind_pieteikums_labots.xlsx\">Pieteikuma anketa<\/a><br \/><a href=\"http:\/\/akcmv.gov.lv\/wp-content\/uploads\/2025\/12\/WendenWind_rezultati-1.pdf\">Rezult\u0101ti<\/a><\/p>\n<\/th>\n<\/tr>\n<tr>\n<th rowspan=\"1\">28.01.2026.<\/th>\n<th rowspan=\"1\"><span style=\"color: #ff6600;\">Valsts konkurss tausti\u0146instrumentu sp\u0113l\u0113 klaviersp\u0113l\u0113<\/span><\/th>\n<th><a href=\"http:\/\/akcmv.gov.lv\/wp-content\/uploads\/2026\/01\/Valsts-konkurss-Klavierspele_Rezultati-I-grupa.pdf\">Rezult\u0101ti I grupa<\/a><br \/><a href=\"http:\/\/akcmv.gov.lv\/wp-content\/uploads\/2026\/01\/Valsts-konkurss-Klavierspele_Rezultati-II-grupa.pdf\">Rezult\u0101ti II grupa<\/a><br \/><a href=\"http:\/\/akcmv.gov.lv\/wp-content\/uploads\/2026\/01\/Valsts-konkurss-Klavierspele_Rezultati-III-grupa.pdf\">Rezult\u0101ti III grupa<\/a><\/th>\n<\/tr>\n<tr>\n<th rowspan=\"2\">09.02.2026.<\/th>\n<th rowspan=\"2\"><span style=\"color: #ff6600;\">Solo dzied\u0101\u0161anas konkurss &#8220;Vidzemes c\u012brul\u012b\u0161i&#8221;<\/span><\/th>\n<th><a href=\"http:\/\/akcmv.gov.lv\/wp-content\/uploads\/2025\/09\/Vidzemes_cirulisi_2025.pdf\">Nolikums<\/a><\/th>\n<\/tr>\n<tr>\n<th><a href=\"http:\/\/ej.uz\/Cirulisi2026\">Pieteikuma anketa<\/a><\/th>\n<\/tr>\n<tr>\n<th rowspan=\"2\">25.02.2026.<\/th>\n<th rowspan=\"2\"><span style=\"color: #ff6600;\">Starptautiskais popul\u0101r\u0101s un d\u017eeza m\u016bzikas dzied\u0101t\u0101ju konkurss<\/span><br \/><span style=\"color: #ff6600;\">\u201cDZIESMU PUTENIS\u201d<\/span><\/th>\n<th><a href=\"http:\/\/akcmv.gov.lv\/wp-content\/uploads\/2025\/09\/Dziesmu-putenis_nolikums.pdf\">Nolikums<\/a><\/th>\n<\/tr>\n<tr>\n<th><a href=\"http:\/\/akcmv.gov.lv\/wp-content\/uploads\/2025\/09\/Dziesmu-putenis_pieteikums.xlsx\">Pieteikuma anketa<\/a><br \/><a href=\"http:\/\/akcmv.gov.lv\/wp-content\/uploads\/2026\/02\/Dziesmu_putenis_protokols.pdf\">Rezult\u0101ti<\/a><\/th>\n<\/tr>\n<tr>\n<th rowspan=\"2\">25.02.2026.<\/th>\n<th rowspan=\"2\">\n<p><span style=\"color: #ff6600;\">International Competition of Jazz and Popular Music Singers<\/span><br \/><span style=\"color: #ff6600;\">\u201cDZIESMU PUTENIS\u201d<\/span><\/p>\n<\/th>\n<th><a href=\"http:\/\/akcmv.gov.lv\/wp-content\/uploads\/2025\/09\/Dziesmu_Putenis_ENG.pdf\">Regulation<\/a><\/th>\n<\/tr>\n<tr>\n<th><a href=\"http:\/\/akcmv.gov.lv\/wp-content\/uploads\/2025\/09\/Dziesmu-putenis_application_form-1.xlsx\">Application form<\/a><br \/><a href=\"http:\/\/akcmv.gov.lv\/wp-content\/uploads\/2026\/02\/Dziesmu_putenis_protokols.pdf\">Results<\/a><\/th>\n<\/tr>\n<tr>\n<th rowspan=\"1\">12.04.2026.<\/th>\n<th rowspan=\"1\"><span style=\"color: #ff6600;\">Pedagogu profesion\u0101l\u0101 pilnveide \u201cPedago\u0123isk\u0101s metodes darb\u0101 kokl\u0113t\u0101ju ansambli\u201d<\/span><br \/><span style=\"color: #ff6600;\">Valmier\u0101, Valmieras KC<\/span><\/th>\n<th><a href=\"http:\/\/akcmv.gov.lv\/wp-content\/uploads\/2026\/03\/Prof.pilnveide_Kokles-_12.aprilis.pdf\">Inform\u0101cija<\/a><\/th>\n<\/tr>\n<tr>\n<th rowspan=\"2\">\n<p>13.04.2026.<\/p>\n<\/th>\n<th rowspan=\"2\"><span style=\"color: #ff6600;\">Pedagogu profesion\u0101l\u0101 pilnveide M\u016bzikas profesion\u0101l\u0101s ievirzes un vid\u0113j\u0101s izgl\u012bt\u012bbas profesion\u0101lo un m\u016bzikas teor\u0113tisko priek\u0161metu pedagogiem &#8220;M\u0101kslu sasp\u0113le: no Ravela kr\u0101sain\u0101s ska\u0146u pasaules l\u012bdz m\u016bzikas dziedino\u0161ajam piesk\u0101rienam&#8221;.<\/span><\/th>\n<th><a href=\"http:\/\/akcmv.gov.lv\/wp-content\/uploads\/2026\/03\/Teorijas-diena_13.aprilis.pdf\">Inform\u0101cija<\/a><\/th>\n<\/tr>\n<tr>\n<th><a href=\"https:\/\/ej.uz\/muzteor_13apr\">Pieteikuma anketa<\/a><\/th>\n<\/tr>\n<tr>\n<th rowspan=\"1\">14.04.2026.<\/th>\n<th rowspan=\"1\"><span style=\"color: #ff6600;\">Pianistu diena <\/span><br \/><span style=\"color: #ff6600;\">Vidzemes re\u0123iona M\u016bzikas skolu audz\u0113k\u0146u koncerts. Vestarda \u0160imkus meistarklases klaviersp\u0113l\u0113.<\/span><\/th>\n<th><a href=\"http:\/\/akcmv.gov.lv\/wp-content\/uploads\/2026\/03\/Pianistu-diena_14.aprilis.pdf\">Inform\u0101cija<\/a><br \/><a href=\"https:\/\/ej.uz\/pianistudiena2026\">Pedagogu pieteikuma anketa<\/a><\/th>\n<\/tr>\n<tr>\n<th rowspan=\"1\">28.04.2026.<\/th>\n<th rowspan=\"1\"><span style=\"color: #ff6600;\">P\u016b\u0161aminstrumentu sp\u0113les diena Siguld\u0101<\/span><br \/><span style=\"color: #ff6600;\">Vidzemes re\u0123iona M\u016bzikas skolu p\u016b\u0161aminstrumentu sp\u0113les audz\u0113k\u0146u un pedagogu kopkoncerts. Metodisk\u0101 diena.<\/span><\/th>\n<th><a href=\"http:\/\/akcmv.gov.lv\/wp-content\/uploads\/2026\/04\/28.aprilis_-Ped.prof_.pilnveide_-Apraksts-002.pdf\">Inform\u0101cija<\/a><\/th>\n<\/tr>\n<tr>\n<th rowspan=\"2\">\n<p>23.05.2026.<\/p>\n<\/th>\n<th rowspan=\"2\"><span style=\"color: #ff6600;\">Mazo vok\u0101listu konkurss &#8220;C\u0113su novada C\u0101lis &#8211; 2026&#8221;<\/span><\/th>\n<th><a href=\"http:\/\/akcmv.gov.lv\/wp-content\/uploads\/2026\/03\/Nolikums_Cesu_novada_Calis_2026.pdf\">Nolikums<\/a><\/th>\n<\/tr>\n<tr>\n<th><a href=\"https:\/\/ej.uz\/cc2026\">Pieteikuma anketa<\/a><\/th>\n<\/tr>\n<tr>\n<th rowspan=\"3\">10.-11.09.2026.<\/th>\n<th rowspan=\"3\"><span style=\"color: #ff6600;\">II starptautiskais \u010dellistu konkurss &#8220;\u010cello C\u0113sis&#8221;<\/span><\/th>\n<th><a href=\"http:\/\/akcmv.gov.lv\/wp-content\/uploads\/2025\/11\/KonkurssCello-Cesis_2026_Nolikums_web.pdf\">Nolikums<\/a><\/th>\n<\/tr>\n<tr>\n<th><a href=\"http:\/\/akcmv.gov.lv\/wp-content\/uploads\/2025\/11\/Pieteikuma_anketa_Cello_Cesis_2026.docx\">Pieteikuma anketa<\/a><\/th>\n<\/tr>\n<tr>\n<th><a href=\"https:\/\/akcmv.gov.lv\/?page_id=16060\">Ska\u0146darbu notis<\/a><\/th>\n<\/tr>\n<tr>\n<th rowspan=\"3\">10.-11.09.2026.<\/th>\n<th rowspan=\"3\"><span style=\"color: #ff6600;\">II International competition of Cellists &#8220;\u010cello C\u0113sis&#8221;<\/span><\/th>\n<th><a href=\"http:\/\/akcmv.gov.lv\/wp-content\/uploads\/2025\/11\/Rules_of_International_competition_of_Cellists_Cello_Cesis_web.pdf\">Rules of competition<\/a><\/th>\n<\/tr>\n<tr>\n<th><a href=\"http:\/\/akcmv.gov.lv\/wp-content\/uploads\/2025\/11\/Application_form_Cello_Cesis_2026_eng.docx\">Application form<\/a><\/th>\n<\/tr>\n<tr>\n<th><a href=\"https:\/\/akcmv.gov.lv\/?page_id=16060\">Scores for compositions<\/a><\/th>\n<\/tr>\n<tr>\n<th rowspan=\"3\">12.11.2026.<\/th>\n<th rowspan=\"3\"><span style=\"color: #ff6600;\">XII Starptautiskais Alfr\u0113da Kalni\u0146a Jauno pianistu konkurss<\/span><\/th>\n<th><a href=\"http:\/\/akcmv.gov.lv\/wp-content\/uploads\/2026\/04\/XII-Starptautiska-Alfreda-Kalnina-Jauno-pianistu-konkursa_nolikums_-web.pdf\">Nolikums<\/a><\/th>\n<\/tr>\n<tr>\n<th><a href=\"http:\/\/ej.uz\/akjp2026\">Pieteikuma anketa<\/a><\/th>\n<\/tr>\n<tr>\n<th><a href=\"http:\/\/www.akcmv.gov.lv\/?page_id=17098\">Ska\u0146darbu notis<\/a><\/th>\n<\/tr>\n<tr>\n<th rowspan=\"3\">12.11.2026.<\/th>\n<th rowspan=\"3\"><span style=\"color: #ff6600;\">XII Alfreds Kalnins\u2019 International Competition of Young Pianists<\/span><\/th>\n<th><a href=\"http:\/\/akcmv.gov.lv\/wp-content\/uploads\/2026\/04\/XII-Alfreds-Kalnins-International-Competition-of-Young-Pianists_Rules_-ENG.pdf\">Rules of competition<\/a><\/th>\n<\/tr>\n<tr>\n<th><a href=\"http:\/\/ej.uz\/pianists2026\">Application form<\/a><\/th>\n<\/tr>\n<tr>\n<th><a href=\"http:\/\/www.akcmv.gov.lv\/?page_id=17098\">Scores for compositions<\/a><\/th>\n<\/tr>\n<\/tbody>\n<\/table>\n<h4 style=\"text-align: left;\"><a href=\"http:\/\/akcmv.gov.lv\/?page_id=2874\"><span style=\"color: #ff6600;\"><strong>Nolikumu arh\u012bvs<\/strong><\/span><\/a><\/h4>\n\n\n<p><\/p>\n","protected":false},"excerpt":{"rendered":"<p>Alfr\u0113da Kalni\u0146a C\u0113su M\u016bzikas vidusskolas metodiskie pas\u0101kumi re\u0123iona m\u016bzikas skol\u0101m 2025.\/2026. m\u0101c\u012bbu gad\u0101 Datums Notikums Piez\u012bmes 24.08.2025. Koncerts &#8220;Vidzemes Talanti 2025&#8221; Uzaicin\u0101jums Pieteikuma anketa 10.10-11.10.2025. Meistarklases ar \u0113r\u0123e\u013cu sp\u0113les profesoru And\u017eeju \u0160adeiko Inform\u0101cija 23.10.2025. Pedagogu profesion\u0101l\u0101s kompetences pilnveides kursi\u201cSkolas vide un pedago\u0123iskais atbalsts katram audz\u0113knim\u201d Inform\u0101cija Pieteikuma anketa 30.10.2025. Vidzemes re\u0123iona m\u016bzikas profesion\u0101l\u0101s ievirzes solfed\u017eo [&hellip;]<\/p>\n","protected":false},"author":1,"featured_media":0,"parent":40,"menu_order":0,"comment_status":"closed","ping_status":"closed","template":"","meta":{"footnotes":""},"class_list":["post-42","page","type-page","status-publish","czr-hentry"],"_links":{"self":[{"href":"https:\/\/akcmv.gov.lv\/index.php?rest_route=\/wp\/v2\/pages\/42","targetHints":{"allow":["GET"]}}],"collection":[{"href":"https:\/\/akcmv.gov.lv\/index.php?rest_route=\/wp\/v2\/pages"}],"about":[{"href":"https:\/\/akcmv.gov.lv\/index.php?rest_route=\/wp\/v2\/types\/page"}],"author":[{"embeddable":true,"href":"https:\/\/akcmv.gov.lv\/index.php?rest_route=\/wp\/v2\/users\/1"}],"replies":[{"embeddable":true,"href":"https:\/\/akcmv.gov.lv\/index.php?rest_route=%2Fwp%2Fv2%2Fcomments&post=42"}],"version-history":[{"count":238,"href":"https:\/\/akcmv.gov.lv\/index.php?rest_route=\/wp\/v2\/pages\/42\/revisions"}],"predecessor-version":[{"id":17236,"href":"https:\/\/akcmv.gov.lv\/index.php?rest_route=\/wp\/v2\/pages\/42\/revisions\/17236"}],"up":[{"embeddable":true,"href":"https:\/\/akcmv.gov.lv\/index.php?rest_route=\/wp\/v2\/pages\/40"}],"wp:attachment":[{"href":"https:\/\/akcmv.gov.lv\/index.php?rest_route=%2Fwp%2Fv2%2Fmedia&parent=42"}],"curies":[{"name":"wp","href":"https:\/\/api.w.org\/{rel}","templated":true}]}}